{"id":6122,"date":"2019-07-19T12:43:05","date_gmt":"2019-07-19T10:43:05","guid":{"rendered":"http:\/\/54.37.143.251\/?post_type=product&#038;p=6122"},"modified":"2026-04-14T20:51:00","modified_gmt":"2026-04-14T18:51:00","slug":"koncowki-orthoclean","status":"publish","type":"product","link":"https:\/\/smilesonic.com\/pl\/produkt\/koncowki-orthoclean\/","title":{"rendered":"Ko\u0144c\u00f3wki Smilesonic OrthoClean 2 szt. ortodontyczne \u2013 UP \/ EX \/ GO"},"content":{"rendered":"<p>Ko\u0144c\u00f3wki ortodontyczne do szczoteczki Smilesonic OrthoClean stanowi\u0105 idealne rozwi\u0105zanie dla wszystkich u\u017cytkownik\u00f3w aparat\u00f3w ortodontycznych, most\u00f3w, implant\u00f3w, oraz innych wype\u0142nie\u0144 protetycznych. Dzi\u0119ki temu, \u017ce potrafi\u0105 oczyszcza\u0107 miejsca trudno dost\u0119pne, \u015bwietnie sprawdz\u0105 si\u0119 te\u017c u os\u00f3b, kt\u00f3re nie przepadaj\u0105 za nitkowaniem. Za spraw\u0105 swojego specjalnie skonstruowanego w\u0142osia potrafi\u0105 usuwa\u0107 bakterie z najbardziej problematycznych miejsc w jamie ustnej w spos\u00f3b skuteczny i bezinwazyjny.<\/p>\n<p><strong>Jeszcze wy\u017csza precyzja<\/strong><\/p>\n<p>Specjalnie skonstruowane w\u0142osie DuPont pozwala ko\u0144c\u00f3wkom ortodontycznym Smilesonic OrthoClean na pozbycie si\u0119 osadu nawet z miejsc, do kt\u00f3rych do tej pory by\u0142a w stanie dotrze\u0107 wy\u0142\u0105cznie ni\u0107 dentystyczna b\u0105d\u017a irygator. Dzi\u0119ki d\u0142u\u017cszemu ni\u017c tradycyjnie w\u0142osiu, g\u0142\u00f3wka czyszcz\u0105ca skutecznie radzi sobie z eliminowaniem nagromadze\u0144 wyst\u0119puj\u0105cych na elementach aparat\u00f3w ortodontycznych, most\u00f3w i protez, nie naruszaj\u0105c przy tym ich konstrukcji. OrthoClean to ko\u0144c\u00f3wka za spraw\u0105 swojej precyzji zapewniaj\u0105ca nam pe\u0142en komfort szczotkowania.<\/p>\n<p><strong>Ko\u0144c\u00f3wka kontroluje sw\u00f3j termin przydatno\u015bci za ciebie<\/strong><\/p>\n<p>Przestrzeganie trzymiesi\u0119cznego terminu wymiany ko\u0144c\u00f3wek jest dla ciebie m\u0119cz\u0105ce? Teraz mo\u017cesz o tym zapomnie\u0107! Ortodontyczna g\u0142\u00f3wka czyszcz\u0105ca Smilesonic OrthoClean zosta\u0142a wyposa\u017cona we wska\u017anik zu\u017cycia w\u0142osia. Jego dzia\u0142anie jest bardzo proste: w\u0142\u00f3kna ko\u0144c\u00f3wki zmieniaj\u0105 kolor wraz ze swoim stopniowym wyeksploatowaniem, co daje nam jasny sygna\u0142, \u017ce nadchodzi pora ich wymiany. Pami\u0119tajmy jednak, \u017ce je\u015bli w\u0142osie naszej g\u0142\u00f3wki czyszcz\u0105cej uleg\u0142o deformacji b\u0105d\u017a jakiemukolwiek innemu uszkodzeniu, nale\u017cy bezwzgl\u0119dnie wymieni\u0107 je wcze\u015bniej. To samo trzeba zrobi\u0107 tu\u017c po przebyciu choroby typu grypy czy przezi\u0119bienia.<\/p>\n<p><strong>Z \u0142atwo\u015bci\u0105 rozr\u00f3\u017cnij swoj\u0105 ko\u0144c\u00f3wk\u0119 od innych<\/strong><\/p>\n<p>Ka\u017cda ortodontyczna ko\u0144c\u00f3wka do szczoteczki sonicznej Smilesonic OrthoClean zosta\u0142a oznaczona specjalnym symbolem (w postaci k\u00f3\u0142ka b\u0105d\u017a tr\u00f3jk\u0105ta), kt\u00f3ry pozwala na \u0142atwe odr\u00f3\u017cnienie jej od innych tego typu produkt\u00f3w. Takie rozwi\u0105zanie u\u0142atwia korzystanie z jednej szczoteczki sonicznej Smilesonic przez kilka os\u00f3b.<\/p>\n<p><strong>Specyfikacja:<\/strong><\/p>\n<ul>\n<li>Do modeli: Smilesonic UP, Smilesonic EX, Smilesonic GO<\/li>\n<li>Przeznaczenie: Ko\u0144c\u00f3wka ortodontyczna. Czyszczenie przestrzeni mi\u0119dzyz\u0119bowych oraz okolic aparat\u00f3w, mostk\u00f3w lub koron.<\/li>\n<li>Ilo\u015b\u0107 g\u0142\u00f3wek w zestawie: 2 sztuki<\/li>\n<\/ul>\n<p><strong><u>Ko\u0144c\u00f3wki przeznaczone wy\u0142\u0105cznie do modeli Smilesonic UP, Smilesonic EX oraz Smilesonic GO. Nie pasuj\u0105 do szczoteczki Smilesonic PerfectClean.<\/u><\/strong><\/p>\n","protected":false},"excerpt":{"rendered":"<p>Ortodontyczne ko\u0144c\u00f3wki do szczoteczki sonicznej Smilesonic OrthoClean charakteryzuje wyd\u0142u\u017cone, \u015brednio twarde w\u0142osie, pozwalaj\u0105ce na kompleksowe oczyszczenie aparat\u00f3w ortodontycznych, most\u00f3w, protez, a tak\u017ce wszystkich trudno dost\u0119pnych miejsc w jamie ustnej. Dzi\u0119ki nim b\u0119dziesz w stanie oczy\u015bci\u0107 miejsca pozostaj\u0105ce poza zasi\u0119giem szczoteczek tradycyjnych. G\u0142\u00f3wki czyszcz\u0105ce Smilesonic OrthoClean zosta\u0142y wyposa\u017cone we wska\u017anik zu\u017cycia w\u0142osia, dzi\u0119ki czemu zawsze wiemy, kiedy nadchodzi pora ich wymiany. Pasuj\u0105 do modeli szczoteczek sonicznych Smilesonic UP, Smilesonic EX oraz Smilesonic GO.<\/p>\n","protected":false},"featured_media":13986,"comment_status":"open","ping_status":"closed","template":"","meta":{"_acf_changed":false},"product_brand":[],"product_cat":[57],"product_tag":[85],"class_list":{"0":"post-6122","1":"product","2":"type-product","3":"status-publish","4":"has-post-thumbnail","6":"product_cat-koncowki-do-szczoteczek-sonicznych","7":"product_tag-smilesonic","9":"first","10":"instock","11":"shipping-taxable","12":"purchasable","13":"product-type-variable","14":"has-default-attributes"},"acf":[],"_links":{"self":[{"href":"https:\/\/smilesonic.com\/pl\/wp-json\/wp\/v2\/product\/6122","targetHints":{"allow":["GET"]}}],"collection":[{"href":"https:\/\/smilesonic.com\/pl\/wp-json\/wp\/v2\/product"}],"about":[{"href":"https:\/\/smilesonic.com\/pl\/wp-json\/wp\/v2\/types\/product"}],"replies":[{"embeddable":true,"href":"https:\/\/smilesonic.com\/pl\/wp-json\/wp\/v2\/comments?post=6122"}],"wp:featuredmedia":[{"embeddable":true,"href":"https:\/\/smilesonic.com\/pl\/wp-json\/wp\/v2\/media\/13986"}],"wp:attachment":[{"href":"https:\/\/smilesonic.com\/pl\/wp-json\/wp\/v2\/media?parent=6122"}],"wp:term":[{"taxonomy":"product_brand","embeddable":true,"href":"https:\/\/smilesonic.com\/pl\/wp-json\/wp\/v2\/product_brand?post=6122"},{"taxonomy":"product_cat","embeddable":true,"href":"https:\/\/smilesonic.com\/pl\/wp-json\/wp\/v2\/product_cat?post=6122"},{"taxonomy":"product_tag","embeddable":true,"href":"https:\/\/smilesonic.com\/pl\/wp-json\/wp\/v2\/product_tag?post=6122"}],"curies":[{"name":"wp","href":"https:\/\/api.w.org\/{rel}","templated":true}]}}