{"id":6119,"date":"2019-07-19T12:38:16","date_gmt":"2019-07-19T10:38:16","guid":{"rendered":"http:\/\/54.37.143.251\/?post_type=product&#038;p=6119"},"modified":"2026-04-26T18:26:28","modified_gmt":"2026-04-26T16:26:28","slug":"koncowki-sensitouch","status":"publish","type":"product","link":"https:\/\/smilesonic.com\/pl\/produkt\/koncowki-sensitouch\/","title":{"rendered":"Ko\u0144c\u00f3wki Smilesonic SensiTouch 2 szt. do wra\u017cliwych z\u0119b\u00f3w \u2013 UP \/ EX \/ GO"},"content":{"rendered":"<p>Uporczywy b\u00f3l pojawiaj\u0105cy si\u0119 w trakcie szczotkowania sprawia, \u017ce nie masz ochoty si\u0119ga\u0107 po szczoteczk\u0119? Teraz mo\u017cesz zapomnie\u0107 o wszystkich przykrych dolegliwo\u015bciach! Ko\u0144c\u00f3wka do szczoteczki do wra\u017cliwych z\u0119b\u00f3w Smilesonic SensiTouch zapewnia oczyszczanie jamy ustnej zar\u00f3wno efektywne, jak i wolne od dodatkowych podra\u017cnie\u0144. Mo\u017cemy j\u0105 dopasowa\u0107 do modeli szczoteczek sonicznych Smilesonic UP, Smilesonic EX oraz Smilesonic GO.<\/p>\n<p><strong>Skuteczna walka z nadwra\u017cliwo\u015bci\u0105 i bakteriami<\/strong><\/p>\n<p>Delikatne, wysokiej jako\u015bci w\u0142\u00f3kna DuPont, w kt\u00f3re zosta\u0142y wyposa\u017cone ko\u0144c\u00f3wki do wra\u017cliwych z\u0119b\u00f3w Smilesonic SensiTouch pozwalaj\u0105 oczy\u015bci\u0107 wszystkie zakamarki z\u0119b\u00f3w, nie wywo\u0142uj\u0105c ich podra\u017cnie\u0144. Nieistotne, czy w naszym wypadku nadwra\u017cliwo\u015b\u0107 jest spowodowana p\u0119kni\u0119ciami na szkliwie czy te\u017c ods\u0142oni\u0119tymi szyjkami z\u0119bowymi, ko\u0144c\u00f3wka zapewni nam pe\u0142en komfort szczotkowania, gwarantuj\u0105c, \u017ce wkr\u00f3tce zapomnimy o n\u0119kaj\u0105cych nas dolegliwo\u015bciach. Za jej spraw\u0105 skutecznie wyeliminujemy z jamy ustnej bakterie, osad, i inne codzienne naloty.<\/p>\n<p><strong>Wska\u017anik zu\u017cycia w\u0142osia<\/strong><\/p>\n<p>Ko\u0144c\u00f3wka do z\u0119b\u00f3w wra\u017cliwych Smilesonic SensiTouch posiada tak zwany wska\u017anik zu\u017cycia w\u0142osia. Jego dzia\u0142anie jest bardzo proste: w\u0142\u00f3kna g\u0142\u00f3wki czyszcz\u0105cej zmieniaj\u0105 sw\u00f3j kolor analogicznie do stopnia wyeksploatowania, co sugeruje nam, \u017ce nadchodzi czas ich wymiany. Zazwyczaj okres \u201e\u017cywotno\u015bci\u201d ko\u0144c\u00f3wek na nadwra\u017cliwo\u015bci wynosi mniej wi\u0119cej trzy miesi\u0105ce, jednak nale\u017cy pami\u0119ta\u0107, by wymienia\u0107 je bezwzgl\u0119dnie gdy tylko zauwa\u017cymy ich deformacj\u0119. Zamiany g\u0142\u00f3wek czyszcz\u0105cych na nowe dokonywa\u0107 trzeba tak\u017ce tu\u017c po przebytych chorobach takich jak przezi\u0119bienie czy grypa.<\/p>\n<p><strong>\u0141atwo\u015b\u0107 w rozr\u00f3\u017cnianiu ko\u0144c\u00f3wek<\/strong><\/p>\n<p>Ko\u0144c\u00f3wki na nadwra\u017cliwo\u015bci z\u0119b\u00f3w do szczoteczki sonicznej Smilesonic SensiTouch zosta\u0142y oznaczone specjalnymi symbolami (w postaci k\u00f3\u0142ka b\u0105d\u017a tr\u00f3jk\u0105ta), kt\u00f3re pozwalaj\u0105 nam je od siebie rozr\u00f3\u017cni\u0107. Dzi\u0119ki temu z jednej szczoteczki sonicznej Smilesonic mo\u017ce korzysta\u0107 nawet kilka os\u00f3b.<\/p>\n<p><strong>Specyfikacja:<\/strong><\/p>\n<ul>\n<li>Do modeli: Smilesonic UP, Smilesonic EX, Smilesonic GO<\/li>\n<li>Przeznaczenie: Ko\u0144c\u00f3wka na nadwra\u017cliwo\u015b\u0107 z\u0119b\u00f3w. Mycie wra\u017cliwych z\u0119b\u00f3w oraz dzi\u0105se\u0142. Codzienna piel\u0119gnacja delikatnych miejsc.<\/li>\n<li>Ilo\u015b\u0107 g\u0142\u00f3wek w zestawie: 2 sztuki<\/li>\n<\/ul>\n<p><u>Ko\u0144c\u00f3wki na nadwra\u017cliwo\u015bci z\u0119b\u00f3w do szczoteczki sonicznej Smilesonic SensiTouch przeznaczone wy\u0142\u0105cznie do modeli Smilesonic UP, Smilesonic EX oraz Smilesonic GO. Nie pasuj\u0105 do szczoteczki Smilesonic PerfectClean.<\/u><\/p>\n","protected":false},"excerpt":{"rendered":"<p>Ko\u0144c\u00f3wki do wra\u017cliwych z\u0119b\u00f3w Smilesonic SensiTouch charakteryzuj\u0105 si\u0119 wyj\u0105tkowo delikatnymi, mi\u0119kkimi w\u0142\u00f3knami, kt\u00f3re znakomicie sprawdzaj\u0105 si\u0119 w usuwaniu bakterii zw\u0142aszcza w przypadku os\u00f3b, kt\u00f3re cierpi\u0105 na nadwra\u017cliwo\u015bci z\u0119b\u00f3w. Ich bezinwazyjno\u015b\u0107 z pewno\u015bci\u0105 przypadnie do gustu tak\u017ce u\u017cytkownikom, kt\u00f3rzy dopiero rozpoczynaj\u0105 przygod\u0119 z urz\u0105dzeniami sonicznymi. Ko\u0144c\u00f3wki SensiTouch zosta\u0142y wyposa\u017cone w specjalny system zmieniaj\u0105cy ich kolor analogicznie do stopnia zu\u017cycia w\u0142osia, dzi\u0119ki czemu zawsze wiemy, kiedy nadchodzi pora wymiany g\u0142\u00f3wki czyszcz\u0105cej na now\u0105.<\/p>\n","protected":false},"featured_media":14010,"comment_status":"open","ping_status":"closed","template":"","meta":{"_acf_changed":false},"product_brand":[],"product_cat":[57],"product_tag":[85],"class_list":{"0":"post-6119","1":"product","2":"type-product","3":"status-publish","4":"has-post-thumbnail","6":"product_cat-koncowki-do-szczoteczek-sonicznych","7":"product_tag-smilesonic","9":"first","10":"instock","11":"shipping-taxable","12":"purchasable","13":"product-type-variable","14":"has-default-attributes"},"acf":[],"_links":{"self":[{"href":"https:\/\/smilesonic.com\/pl\/wp-json\/wp\/v2\/product\/6119","targetHints":{"allow":["GET"]}}],"collection":[{"href":"https:\/\/smilesonic.com\/pl\/wp-json\/wp\/v2\/product"}],"about":[{"href":"https:\/\/smilesonic.com\/pl\/wp-json\/wp\/v2\/types\/product"}],"replies":[{"embeddable":true,"href":"https:\/\/smilesonic.com\/pl\/wp-json\/wp\/v2\/comments?post=6119"}],"wp:featuredmedia":[{"embeddable":true,"href":"https:\/\/smilesonic.com\/pl\/wp-json\/wp\/v2\/media\/14010"}],"wp:attachment":[{"href":"https:\/\/smilesonic.com\/pl\/wp-json\/wp\/v2\/media?parent=6119"}],"wp:term":[{"taxonomy":"product_brand","embeddable":true,"href":"https:\/\/smilesonic.com\/pl\/wp-json\/wp\/v2\/product_brand?post=6119"},{"taxonomy":"product_cat","embeddable":true,"href":"https:\/\/smilesonic.com\/pl\/wp-json\/wp\/v2\/product_cat?post=6119"},{"taxonomy":"product_tag","embeddable":true,"href":"https:\/\/smilesonic.com\/pl\/wp-json\/wp\/v2\/product_tag?post=6119"}],"curies":[{"name":"wp","href":"https:\/\/api.w.org\/{rel}","templated":true}]}}