{"id":6116,"date":"2019-07-19T12:34:21","date_gmt":"2019-07-19T10:34:21","guid":{"rendered":"http:\/\/54.37.143.251\/?post_type=product&#038;p=6116"},"modified":"2026-05-01T18:21:35","modified_gmt":"2026-05-01T16:21:35","slug":"koncowki-shinywhite","status":"publish","type":"product","link":"https:\/\/smilesonic.com\/pl\/produkt\/koncowki-shinywhite\/","title":{"rendered":"Ko\u0144c\u00f3wki Smilesonic ShinyWhite 2 szt. wybielaj\u0105ce \u2013 UP \/ EX \/ GO"},"content":{"rendered":"<p>Ko\u0144c\u00f3wka wybielaj\u0105ca do szczoteczki sonicznej Smilesonic ShinyWhite stanowi doskona\u0142e rozwi\u0105zanie dla wszystkich, kt\u00f3rzy marz\u0105 o \u015bnie\u017cnobia\u0142ym u\u015bmiechu rodem z Hollywood. Dzi\u0119ki swoim specjalnym w\u0142\u00f3knom wspaniale radzi sobie ona z usuwaniem osad\u00f3w nagromadzonych na powierzchni szkliwa, przywracaj\u0105c tym samym z\u0119bom naturaln\u0105 biel.<\/p>\n<p><strong>Skuteczne wybielanie z\u0119b\u00f3w w domu!<\/strong><\/p>\n<p>ShinyWhite to ko\u0144c\u00f3wka do wybielania z\u0119b\u00f3w, kt\u00f3ra najlepiej sprawuje si\u0119 w po\u0142\u0105czeniu z trybem White szczoteczki sonicznej Smilesonic. Jej twarde, g\u0119ste w\u0142osie DuPont znakomicie eliminuje bakterie maj\u0105ce niekorzystny wp\u0142yw na barw\u0119 naszych z\u0119b\u00f3w. Widoczne efekty oczyszczania jamy ustnej przy pomocy ko\u0144c\u00f3wki ShinyWhite powinny si\u0119 pojawi\u0107 ju\u017c po kilku dniach!<\/p>\n<p><strong>Automatyczny system kontroli jako\u015bci w\u0142osia<\/strong><\/p>\n<p>W dzisiejszym zabieganym \u015bwiecie ka\u017cdy z nas stara si\u0119 zdj\u0105\u0107 z siebie jak najwi\u0119cej obowi\u0105zk\u00f3w. Ko\u0144c\u00f3wka wybielaj\u0105ca Smilesonic ShinyWhite nam w tym pomo\u017ce! Produkt samodzielnie kontroluje sw\u00f3j termin przydatno\u015bci dzi\u0119ki zainstalowanemu wska\u017anikowi zu\u017cycia w\u0142osia. Za jego spraw\u0105 w\u0142osie g\u0142\u00f3wki czyszcz\u0105cej wraz ze swoim coraz wi\u0119kszym wyeksploatowaniem stopniowo blednie. W efekcie nie musimy ju\u017c przestrzega\u0107 trzymiesi\u0119cznego terminu wymiany ko\u0144c\u00f3wek, gdy\u017c robi\u0105 to one za nas! Nie zapominajmy jednak przy tym, by zawsze zamienia\u0107 g\u0142\u00f3wk\u0119 czyszcz\u0105c\u0105 na now\u0105 w przypadku, gdy jej w\u0142\u00f3kna zosta\u0142y powyginane b\u0105d\u017a te\u017c gdy przebyli\u015bmy chorob\u0119 typu grypy.<\/p>\n<p><strong>\u0141atwe rozr\u00f3\u017cnianie ko\u0144c\u00f3wek<\/strong><\/p>\n<p>Ko\u0144c\u00f3wki do szczoteczki sonicznej do wybielania z\u0119b\u00f3w Smilesonic ShinyWhite zosta\u0142y oznaczone przy pomocy specjalnych symboli (jedna za pomoc\u0105 k\u00f3\u0142ka, druga tr\u00f3jk\u0105ta), aby\u015bmy nigdy nie mieli k\u0142opotu z ich rozr\u00f3\u017cnieniem. Pomaga to w u\u017cytkowaniu jednej szczoteczki Smilesonic przez wiele os\u00f3b.<\/p>\n<p><strong>Specyfikacja:<\/strong><\/p>\n<ul>\n<li>Do modeli: Smilesonic UP, Smilesonic EX, Smilesonic GO<\/li>\n<li>Przeznaczenie: Ko\u0144c\u00f3wka wybielaj\u0105ca. Wybielanie z\u0119b\u00f3w oraz codzienne mycie.<\/li>\n<li>Ilo\u015b\u0107 g\u0142\u00f3wek w zestawie: 2<\/li>\n<\/ul>\n<p><u>Ko\u0144c\u00f3wki wybielaj\u0105ce ShinyWhite przeznaczone wy\u0142\u0105cznie do modeli Smilesonic UP, Smilesonic EX oraz Smilesonic GO. Nie pasuj\u0105 do szczoteczki Smilesonic PerfectClean.<\/u><\/p>\n","protected":false},"excerpt":{"rendered":"<p>Ko\u0144c\u00f3wki wybielaj\u0105ce Smilesonic ShinyWhite posiadaj\u0105 g\u0119ste, twarde w\u0142osie stworzone z my\u015bl\u0105 o usuwaniu najbardziej uporczywych przebarwie\u0144 na szkliwie. Dzi\u0119ki nim poradzisz sobie z osadem powsta\u0142ym na skutek picia kawy, herbaty czy czerwonego wina. Ko\u0144c\u00f3wki zosta\u0142y wyposa\u017cone w specjalny wska\u017anik zu\u017cycia w\u0142osia, kt\u00f3ry obwieszcza nam, kiedy nadchodzi pora ich wymiany. G\u0142\u00f3wki wymienne do wybielania Smilesonic ShinyWhite pasuj\u0105 do szczoteczek sonicznych Smilesonic UP, Smilesonic EX oraz Smilesonic GO.<\/p>\n","protected":false},"featured_media":14034,"comment_status":"open","ping_status":"closed","template":"","meta":{"_acf_changed":false},"product_brand":[],"product_cat":[57],"product_tag":[85],"class_list":{"0":"post-6116","1":"product","2":"type-product","3":"status-publish","4":"has-post-thumbnail","6":"product_cat-koncowki-do-szczoteczek-sonicznych","7":"product_tag-smilesonic","9":"first","10":"instock","11":"shipping-taxable","12":"purchasable","13":"product-type-variable","14":"has-default-attributes"},"acf":[],"_links":{"self":[{"href":"https:\/\/smilesonic.com\/pl\/wp-json\/wp\/v2\/product\/6116","targetHints":{"allow":["GET"]}}],"collection":[{"href":"https:\/\/smilesonic.com\/pl\/wp-json\/wp\/v2\/product"}],"about":[{"href":"https:\/\/smilesonic.com\/pl\/wp-json\/wp\/v2\/types\/product"}],"replies":[{"embeddable":true,"href":"https:\/\/smilesonic.com\/pl\/wp-json\/wp\/v2\/comments?post=6116"}],"wp:featuredmedia":[{"embeddable":true,"href":"https:\/\/smilesonic.com\/pl\/wp-json\/wp\/v2\/media\/14034"}],"wp:attachment":[{"href":"https:\/\/smilesonic.com\/pl\/wp-json\/wp\/v2\/media?parent=6116"}],"wp:term":[{"taxonomy":"product_brand","embeddable":true,"href":"https:\/\/smilesonic.com\/pl\/wp-json\/wp\/v2\/product_brand?post=6116"},{"taxonomy":"product_cat","embeddable":true,"href":"https:\/\/smilesonic.com\/pl\/wp-json\/wp\/v2\/product_cat?post=6116"},{"taxonomy":"product_tag","embeddable":true,"href":"https:\/\/smilesonic.com\/pl\/wp-json\/wp\/v2\/product_tag?post=6116"}],"curies":[{"name":"wp","href":"https:\/\/api.w.org\/{rel}","templated":true}]}}