{"id":6112,"date":"2019-07-19T12:28:02","date_gmt":"2019-07-19T10:28:02","guid":{"rendered":"http:\/\/54.37.143.251\/?post_type=product&#038;p=6112"},"modified":"2026-04-09T15:35:00","modified_gmt":"2026-04-09T13:35:00","slug":"koncowki-dailycare","status":"publish","type":"product","link":"https:\/\/smilesonic.com\/pl\/produkt\/koncowki-dailycare\/","title":{"rendered":"Ko\u0144c\u00f3wki Smilesonic DailyCare 2 szt. \u2013 standardowe do szczoteczki UP \/ EX \/ GO"},"content":{"rendered":"<p>Standardowa ko\u0144c\u00f3wka wymienna do szczoteczki Smilesonic DailyCare idealnie sprawdza si\u0119 w codziennej piel\u0119gnacji jamy ustnej. Zaleca si\u0119, by przy jej u\u017cyciu szczotkowa\u0107 z\u0119by przynajmniej dwa razy dziennie, a najlepiej po ka\u017cdym posi\u0142ku. DailyCare to g\u0142\u00f3wka czyszcz\u0105ca wykonana z wysokiej jako\u015bci materia\u0142\u00f3w, kt\u00f3ra eliminuje niepo\u017c\u0105dane drobnoustroje w spos\u00f3b bezinwazyjny dla szkliwa.<\/p>\n<p><strong>Jeszcze wy\u017csze standardy czyszczenia<\/strong><\/p>\n<p>Zaleca si\u0119, by u\u017cywa\u0107 ko\u0144c\u00f3wki DailyCare wraz z trybem Clean szczoteczki Smilesonic, gdy\u017c wtedy dzia\u0142a ona najskuteczniej. Produkt \u015bwietnie spisuje si\u0119 nie tylko w trakcie codziennej, standardowej piel\u0119gnacji jamy ustnej, ale za spraw\u0105 wysokiej jako\u015bci w\u0142osia DuPont bardzo dobrze sprawdza si\u0119 tak\u017ce u os\u00f3b korzystaj\u0105cych z delikatnego trybu mycia z\u0119b\u00f3w, a maj\u0105cych zdrowe i nieobci\u0105\u017cone nadwra\u017cliwo\u015bci\u0105 z\u0119by. Specjali\u015bci potwierdzaj\u0105, \u017ce u\u017cywanie w codziennej piel\u0119gnacji jamy ustnej ko\u0144c\u00f3wki DailyCare zapewnia znacznie lepsze efekty czyszcz\u0105ce ni\u017c korzystanie ze szczoteczki manualnej.<\/p>\n<p><strong>Wska\u017anik zu\u017cycia w\u0142osia<\/strong><\/p>\n<p>Ci\u0105g\u0142e kontrolowanie trzymiesi\u0119cznego terminu wymiany g\u0142\u00f3wki czyszcz\u0105cej na now\u0105 bywa dla niekt\u00f3rych uci\u0105\u017cliwe. Teraz ten problem znika, poniewa\u017c standardowa ko\u0144c\u00f3wka Smilesonic DailyCare zosta\u0142a wyposa\u017cona w specjaln\u0105 technologi\u0119, kt\u00f3ra zmienia jej kolor wraz ze stopniowym zu\u017cyciem. Gdy w\u0142\u00f3kna blakn\u0105, otrzymujemy jasny sygna\u0142, \u017ce nadesz\u0142a pora wymiany g\u0142\u00f3wki. Pami\u0119tajmy jednak, by bezwzgl\u0119dnie wymienia\u0107 ko\u0144c\u00f3wki w momencie, gdy zauwa\u017cymy ich deformacj\u0119 oraz tu\u017c po przebyciu chor\u00f3b typu przezi\u0119bienie i grypa.<\/p>\n<p><strong>Specjalne oznaczenia, pozwalaj\u0105ce odr\u00f3\u017cni\u0107 swoj\u0105 ko\u0144c\u00f3wk\u0119 od innych<\/strong><\/p>\n<p>Ka\u017cda z ko\u0144c\u00f3wek standardowych Smilesonic DailyCare zosta\u0142a w specjalny spos\u00f3b oznaczona (k\u00f3\u0142kiem lub tr\u00f3jk\u0105tem), aby nie by\u0142o mo\u017cliwo\u015bci pomylenia jej z inn\u0105. Takie rozwi\u0105zanie u\u0142atwia korzystanie z jednej szczoteczki sonicznej Smilesonic kilku osobom.<\/p>\n<p><strong>Specyfikacja:<\/strong><\/p>\n<ul>\n<li>Do modeli: Smilesonic UP, Smilesonic EX, Smilesonic GO<\/li>\n<li>Przeznaczenie: Ko\u0144c\u00f3wka standardowa. Codzienne \u2013 standardowe mycie z\u0119b\u00f3w<\/li>\n<li>Ilo\u015b\u0107 g\u0142\u00f3wek w zestawie: 2<\/li>\n<\/ul>\n<p><u>Ko\u0144c\u00f3wki przeznaczone wy\u0142\u0105cznie do modeli Smilesonic UP, Smilesonic EX oraz Smilesonic GO. Nie pasuj\u0105 do szczoteczki Smilesonic PerfectClean.<\/u><\/p>\n","protected":false},"excerpt":{"rendered":"<p>Standardowe ko\u0144c\u00f3wki wymienne do szczoteczki sonicznej Smilesonic DailyCare posiadaj\u0105 w\u0142osie o \u015bredniej twardo\u015bci i s\u0105 dedykowane do szczoteczek sonicznych Smilesonic UP, Smilesonic EX oraz Smilesonic GO. Gwarantuj\u0105 skuteczn\u0105 ochron\u0119 przed bakteriami, kt\u00f3re ka\u017cdego dnia atakuj\u0105 nasz\u0105 jam\u0119 ustn\u0105. Zosta\u0142y wyposa\u017cone w specjalny wska\u017anik zu\u017cycia w\u0142osia, dzi\u0119ki czemu zawsze mamy \u015bwiadomo\u015b\u0107, kiedy nadchodzi czas wymiany g\u0142\u00f3wki czyszcz\u0105cej na now\u0105.<\/p>\n","protected":false},"featured_media":13959,"comment_status":"open","ping_status":"closed","template":"","meta":{"_acf_changed":false},"product_brand":[],"product_cat":[57],"product_tag":[85],"class_list":{"0":"post-6112","1":"product","2":"type-product","3":"status-publish","4":"has-post-thumbnail","6":"product_cat-koncowki-do-szczoteczek-sonicznych","7":"product_tag-smilesonic","9":"first","10":"instock","11":"shipping-taxable","12":"purchasable","13":"product-type-variable","14":"has-default-attributes"},"acf":[],"_links":{"self":[{"href":"https:\/\/smilesonic.com\/pl\/wp-json\/wp\/v2\/product\/6112","targetHints":{"allow":["GET"]}}],"collection":[{"href":"https:\/\/smilesonic.com\/pl\/wp-json\/wp\/v2\/product"}],"about":[{"href":"https:\/\/smilesonic.com\/pl\/wp-json\/wp\/v2\/types\/product"}],"replies":[{"embeddable":true,"href":"https:\/\/smilesonic.com\/pl\/wp-json\/wp\/v2\/comments?post=6112"}],"wp:featuredmedia":[{"embeddable":true,"href":"https:\/\/smilesonic.com\/pl\/wp-json\/wp\/v2\/media\/13959"}],"wp:attachment":[{"href":"https:\/\/smilesonic.com\/pl\/wp-json\/wp\/v2\/media?parent=6112"}],"wp:term":[{"taxonomy":"product_brand","embeddable":true,"href":"https:\/\/smilesonic.com\/pl\/wp-json\/wp\/v2\/product_brand?post=6112"},{"taxonomy":"product_cat","embeddable":true,"href":"https:\/\/smilesonic.com\/pl\/wp-json\/wp\/v2\/product_cat?post=6112"},{"taxonomy":"product_tag","embeddable":true,"href":"https:\/\/smilesonic.com\/pl\/wp-json\/wp\/v2\/product_tag?post=6112"}],"curies":[{"name":"wp","href":"https:\/\/api.w.org\/{rel}","templated":true}]}}