{"id":6108,"date":"2019-07-19T12:03:13","date_gmt":"2019-07-19T10:03:13","guid":{"rendered":"http:\/\/54.37.143.251\/?post_type=product&#038;p=6108"},"modified":"2026-03-12T17:55:21","modified_gmt":"2026-03-12T16:55:21","slug":"smilesonic-go","status":"publish","type":"product","link":"https:\/\/smilesonic.com\/pl\/produkt\/smilesonic-go\/","title":{"rendered":"Szczoteczka soniczna Smilesonic GO"},"content":{"rendered":"[vc_row type=&#8221;full_width_content&#8221; full_screen_row_position=&#8221;middle&#8221; column_margin=&#8221;default&#8221; equal_height=&#8221;yes&#8221; content_placement=&#8221;middle&#8221; column_direction=&#8221;default&#8221; column_direction_tablet=&#8221;default&#8221; column_direction_phone=&#8221;default&#8221; scene_position=&#8221;center&#8221; text_color=&#8221;dark&#8221; text_align=&#8221;left&#8221; row_border_radius=&#8221;none&#8221; row_border_radius_applies=&#8221;bg&#8221; overflow=&#8221;visible&#8221; overlay_strength=&#8221;0.3&#8243; gradient_direction=&#8221;left_to_right&#8221; shape_divider_position=&#8221;bottom&#8221; bg_image_animation=&#8221;none&#8221; shape_type=&#8221;&#8221;][vc_column column_padding=&#8221;no-extra-padding&#8221; column_padding_tablet=&#8221;inherit&#8221; column_padding_phone=&#8221;inherit&#8221; column_padding_position=&#8221;left-right&#8221; column_element_direction_desktop=&#8221;default&#8221; column_element_spacing=&#8221;default&#8221; desktop_text_alignment=&#8221;default&#8221; tablet_text_alignment=&#8221;default&#8221; phone_text_alignment=&#8221;default&#8221; background_color_opacity=&#8221;1&#8243; background_hover_color_opacity=&#8221;1&#8243; column_backdrop_filter=&#8221;none&#8221; column_shadow=&#8221;none&#8221; column_border_radius=&#8221;none&#8221; column_link_target=&#8221;_self&#8221; column_position=&#8221;default&#8221; gradient_direction=&#8221;left_to_right&#8221; overlay_strength=&#8221;0.3&#8243; width=&#8221;1\/2&#8243; tablet_width_inherit=&#8221;default&#8221; animation_type=&#8221;default&#8221; bg_image_animation=&#8221;none&#8221; border_type=&#8221;simple&#8221; column_border_width=&#8221;none&#8221; column_border_style=&#8221;solid&#8221;][image_with_animation image_url=&#8221;14566&#8243; image_size=&#8221;full&#8221; animation_type=&#8221;entrance&#8221; animation=&#8221;Fade In&#8221; animation_easing=&#8221;default&#8221; animation_movement_type=&#8221;transform_y&#8221; hover_animation=&#8221;none&#8221; alignment=&#8221;&#8221; border_radius=&#8221;none&#8221; box_shadow=&#8221;none&#8221; image_loading=&#8221;default&#8221; max_width=&#8221;100%&#8221; max_width_mobile=&#8221;default&#8221;][\/vc_column][vc_column column_padding=&#8221;padding-5-percent&#8221; column_padding_tablet=&#8221;inherit&#8221; column_padding_phone=&#8221;inherit&#8221; column_padding_position=&#8221;left-right&#8221; top_margin_tablet=&#8221;45&#8243; bottom_margin_tablet=&#8221;45&#8243; top_margin_phone=&#8221;30&#8243; bottom_margin_phone=&#8221;30&#8243; column_element_direction_desktop=&#8221;default&#8221; column_element_spacing=&#8221;default&#8221; desktop_text_alignment=&#8221;default&#8221; tablet_text_alignment=&#8221;default&#8221; phone_text_alignment=&#8221;default&#8221; background_color_opacity=&#8221;1&#8243; background_hover_color_opacity=&#8221;1&#8243; column_backdrop_filter=&#8221;none&#8221; column_shadow=&#8221;none&#8221; column_border_radius=&#8221;none&#8221; column_link_target=&#8221;_self&#8221; column_position=&#8221;default&#8221; gradient_direction=&#8221;left_to_right&#8221; overlay_strength=&#8221;0.3&#8243; width=&#8221;1\/2&#8243; tablet_width_inherit=&#8221;default&#8221; animation_type=&#8221;default&#8221; bg_image_animation=&#8221;none&#8221; border_type=&#8221;simple&#8221; column_border_width=&#8221;none&#8221; column_border_style=&#8221;solid&#8221;][vc_custom_heading text=&#8221;Trzy tryby pracy do wyboru&#8221; google_fonts=&#8221;font_family:Open%20Sans%3A300%2C300italic%2Cregular%2Citalic%2C600%2C600italic%2C700%2C700italic%2C800%2C800italic|font_style:700%20bold%20regular%3A700%3Anormal&#8221; css=&#8221;.vc_custom_1613472617667{padding-bottom: 20px !important;}&#8221;][vc_column_text]\n<ul>\n<li>Clean (czyszcz\u0105cy) \u2013 podstawowy tryb pracy odpowiadaj\u0105cy za usuwanie bakterii codziennie gromadz\u0105cych si\u0119 w jamie ustnej, a tak\u017ce minimalizuj\u0105cy ryzyko wykszta\u0142cenia si\u0119 kamienia naz\u0119bnego. Szczoteczka soniczna Smilesonic GO pracuje w nim z pr\u0119dko\u015bci\u0105 82.000 ruch\u00f3w na minut\u0119.<\/li>\n<li>White (wybielaj\u0105cy) \u2013 tryb przeznaczony dla os\u00f3b, kt\u00f3re marz\u0105 o \u015bnie\u017cnobia\u0142ym, hollywoodzkim u\u015bmiechu. Dzi\u0119ki specjalnie zastosowanej technologii pozwala na skuteczne pozbycie si\u0119 osad\u00f3w odpowiedzialnych za wyst\u0119powanie przebarwie\u0144. Szczoteczka porusza si\u0119 w nim z maksymaln\u0105 pr\u0119dko\u015bci\u0105 96.000 ruch\u00f3w na minut\u0119.<\/li>\n<li>Sensitive (delikatne mycie) \u2013 tryb przeznaczony dla os\u00f3b, kt\u00f3re zmagaj\u0105 si\u0119 z nadwra\u017cliwo\u015bciami b\u0105d\u017a dopiero rozpoczynaj\u0105 przygod\u0119 ze szczoteczkami sonicznymi. Delikatnie, ale jednocze\u015bnie skutecznie usuwa z jamy ustnej drobnoustroje. Praca szczoteczki odbywa si\u0119 w nim z pr\u0119dko\u015bci\u0105 62.000 ruch\u00f3w na minut\u0119.<\/li>\n<\/ul>\n[\/vc_column_text][\/vc_column][\/vc_row][vc_row type=&#8221;full_width_content&#8221; full_screen_row_position=&#8221;middle&#8221; column_margin=&#8221;default&#8221; equal_height=&#8221;yes&#8221; content_placement=&#8221;middle&#8221; column_direction=&#8221;default&#8221; column_direction_tablet=&#8221;default&#8221; column_direction_phone=&#8221;default&#8221; scene_position=&#8221;center&#8221; text_color=&#8221;dark&#8221; text_align=&#8221;left&#8221; row_border_radius=&#8221;none&#8221; row_border_radius_applies=&#8221;bg&#8221; overflow=&#8221;visible&#8221; overlay_strength=&#8221;0.3&#8243; gradient_direction=&#8221;left_to_right&#8221; shape_divider_position=&#8221;bottom&#8221; bg_image_animation=&#8221;none&#8221; shape_type=&#8221;&#8221;][vc_column column_padding=&#8221;padding-5-percent&#8221; column_padding_tablet=&#8221;inherit&#8221; column_padding_phone=&#8221;inherit&#8221; column_padding_position=&#8221;left-right&#8221; bottom_margin_tablet=&#8221;45&#8243; bottom_margin_phone=&#8221;30&#8243; column_element_direction_desktop=&#8221;default&#8221; column_element_spacing=&#8221;default&#8221; desktop_text_alignment=&#8221;default&#8221; tablet_text_alignment=&#8221;default&#8221; phone_text_alignment=&#8221;default&#8221; background_color_opacity=&#8221;1&#8243; background_hover_color_opacity=&#8221;1&#8243; column_backdrop_filter=&#8221;none&#8221; column_shadow=&#8221;none&#8221; column_border_radius=&#8221;none&#8221; column_link_target=&#8221;_self&#8221; column_position=&#8221;default&#8221; gradient_direction=&#8221;left_to_right&#8221; overlay_strength=&#8221;0.3&#8243; width=&#8221;1\/2&#8243; tablet_width_inherit=&#8221;default&#8221; animation_type=&#8221;default&#8221; bg_image_animation=&#8221;none&#8221; border_type=&#8221;simple&#8221; column_border_width=&#8221;none&#8221; column_border_style=&#8221;solid&#8221;][vc_custom_heading text=&#8221;Dwie ko\u0144c\u00f3wki w zestawie i szeroki wyb\u00f3r g\u0142\u00f3wek innego typu&#8221; google_fonts=&#8221;font_family:Open%20Sans%3A300%2C300italic%2Cregular%2Citalic%2C600%2C600italic%2C700%2C700italic%2C800%2C800italic|font_style:700%20bold%20regular%3A700%3Anormal&#8221; css=&#8221;.vc_custom_1613472632738{padding-bottom: 20px !important;}&#8221;][vc_column_text]W zestawie ze szczoteczk\u0105 soniczn\u0105 Smilesonic GO znajdziemy dwie podstawowe g\u0142\u00f3wki czyszcz\u0105ce typu DailyCare. Generalnie szczoteczka jest jednak w stanie pracowa\u0107 z czterema r\u00f3\u017cnymi ko\u0144c\u00f3wkami. S\u0105 to:<\/p>\n<ul>\n<li>DailyCare \u2013 podstawowa g\u0142\u00f3wka czyszcz\u0105ca odpowiadaj\u0105ca za codzienne usuwanie z powierzchni szkliwa bakterii. Dzi\u0119ki niej wyeliminujemy drobnoustroje, a tak\u017ce zapewnimy sobie \u015bwie\u017cy oddech.<\/li>\n<li>ShinyWhite \u2013 g\u0142\u00f3wka czyszcz\u0105ca o w\u0142a\u015bciwo\u015bciach wybielaj\u0105cych. Dzi\u0119ki specjalnie wyprofilowanemu w\u0142osiu skutecznie radzi sobie z osadami, kt\u00f3re niekorzystnie przebarwiaj\u0105 z\u0119by.<\/li>\n<li>SensiTouch \u2013 ko\u0144c\u00f3wka dedykowana osobom posiadaj\u0105cym problem z nadwra\u017cliwo\u015bci\u0105. Jej delikatne w\u0142osie dzia\u0142a w spos\u00f3b bezinwazyjny, nie wywo\u0142uj\u0105c dodatkowych podra\u017cnie\u0144.<\/li>\n<li>OrthoClean \u2013 ko\u0144c\u00f3wka powsta\u0142a z my\u015bl\u0105 o u\u017cytkownikach aparat\u00f3w ortodontycznych, most\u00f3w oraz koron.<\/li>\n<li style=\"list-style-type: none;\"><\/li>\n<\/ul>\n[\/vc_column_text][\/vc_column][vc_column column_padding=&#8221;no-extra-padding&#8221; column_padding_tablet=&#8221;inherit&#8221; column_padding_phone=&#8221;inherit&#8221; column_padding_position=&#8221;left-right&#8221; column_element_direction_desktop=&#8221;default&#8221; column_element_spacing=&#8221;default&#8221; desktop_text_alignment=&#8221;default&#8221; tablet_text_alignment=&#8221;default&#8221; phone_text_alignment=&#8221;default&#8221; background_color_opacity=&#8221;1&#8243; background_hover_color_opacity=&#8221;1&#8243; column_backdrop_filter=&#8221;none&#8221; column_shadow=&#8221;none&#8221; column_border_radius=&#8221;none&#8221; column_link_target=&#8221;_self&#8221; column_position=&#8221;default&#8221; gradient_direction=&#8221;left_to_right&#8221; overlay_strength=&#8221;0.3&#8243; width=&#8221;1\/2&#8243; tablet_width_inherit=&#8221;default&#8221; animation_type=&#8221;default&#8221; bg_image_animation=&#8221;none&#8221; border_type=&#8221;simple&#8221; column_border_width=&#8221;none&#8221; column_border_style=&#8221;solid&#8221;][image_with_animation image_url=&#8221;14581&#8243; image_size=&#8221;full&#8221; animation_type=&#8221;entrance&#8221; animation=&#8221;Fade In&#8221; animation_easing=&#8221;default&#8221; animation_movement_type=&#8221;transform_y&#8221; hover_animation=&#8221;none&#8221; alignment=&#8221;&#8221; border_radius=&#8221;none&#8221; box_shadow=&#8221;none&#8221; image_loading=&#8221;default&#8221; max_width=&#8221;100%&#8221; max_width_mobile=&#8221;default&#8221;][\/vc_column][\/vc_row][vc_row type=&#8221;full_width_content&#8221; full_screen_row_position=&#8221;middle&#8221; column_margin=&#8221;default&#8221; equal_height=&#8221;yes&#8221; content_placement=&#8221;middle&#8221; column_direction=&#8221;default&#8221; column_direction_tablet=&#8221;default&#8221; column_direction_phone=&#8221;default&#8221; scene_position=&#8221;center&#8221; text_color=&#8221;dark&#8221; text_align=&#8221;left&#8221; row_border_radius=&#8221;none&#8221; row_border_radius_applies=&#8221;bg&#8221; overflow=&#8221;visible&#8221; overlay_strength=&#8221;0.3&#8243; gradient_direction=&#8221;left_to_right&#8221; shape_divider_position=&#8221;bottom&#8221; bg_image_animation=&#8221;none&#8221; shape_type=&#8221;&#8221;][vc_column column_padding=&#8221;no-extra-padding&#8221; column_padding_tablet=&#8221;inherit&#8221; column_padding_phone=&#8221;inherit&#8221; column_padding_position=&#8221;left-right&#8221; column_element_direction_desktop=&#8221;default&#8221; column_element_spacing=&#8221;default&#8221; desktop_text_alignment=&#8221;default&#8221; tablet_text_alignment=&#8221;default&#8221; phone_text_alignment=&#8221;default&#8221; background_color_opacity=&#8221;1&#8243; background_hover_color_opacity=&#8221;1&#8243; column_backdrop_filter=&#8221;none&#8221; column_shadow=&#8221;none&#8221; column_border_radius=&#8221;none&#8221; column_link_target=&#8221;_self&#8221; column_position=&#8221;default&#8221; gradient_direction=&#8221;left_to_right&#8221; overlay_strength=&#8221;0.3&#8243; width=&#8221;1\/2&#8243; tablet_width_inherit=&#8221;default&#8221; animation_type=&#8221;default&#8221; bg_image_animation=&#8221;none&#8221; border_type=&#8221;simple&#8221; column_border_width=&#8221;none&#8221; column_border_style=&#8221;solid&#8221;][image_with_animation image_url=&#8221;14575&#8243; image_size=&#8221;full&#8221; animation_type=&#8221;entrance&#8221; animation=&#8221;Fade In&#8221; animation_easing=&#8221;default&#8221; animation_movement_type=&#8221;transform_y&#8221; hover_animation=&#8221;none&#8221; alignment=&#8221;&#8221; border_radius=&#8221;none&#8221; box_shadow=&#8221;none&#8221; image_loading=&#8221;default&#8221; max_width=&#8221;100%&#8221; max_width_mobile=&#8221;default&#8221;][\/vc_column][vc_column column_padding=&#8221;padding-5-percent&#8221; column_padding_tablet=&#8221;inherit&#8221; column_padding_phone=&#8221;inherit&#8221; column_padding_position=&#8221;left-right&#8221; top_margin_tablet=&#8221;45&#8243; top_margin_phone=&#8221;30&#8243; column_element_direction_desktop=&#8221;default&#8221; column_element_spacing=&#8221;default&#8221; desktop_text_alignment=&#8221;default&#8221; tablet_text_alignment=&#8221;default&#8221; phone_text_alignment=&#8221;default&#8221; background_color_opacity=&#8221;1&#8243; background_hover_color_opacity=&#8221;1&#8243; column_backdrop_filter=&#8221;none&#8221; column_shadow=&#8221;none&#8221; column_border_radius=&#8221;none&#8221; column_link_target=&#8221;_self&#8221; column_position=&#8221;default&#8221; gradient_direction=&#8221;left_to_right&#8221; overlay_strength=&#8221;0.3&#8243; width=&#8221;1\/2&#8243; tablet_width_inherit=&#8221;default&#8221; animation_type=&#8221;default&#8221; bg_image_animation=&#8221;none&#8221; border_type=&#8221;simple&#8221; column_border_width=&#8221;none&#8221; column_border_style=&#8221;solid&#8221;][vc_custom_heading text=&#8221;Dwa czasomierze usprawniaj\u0105ce codzienn\u0105 higien\u0119 jamy ustnej&#8221; google_fonts=&#8221;font_family:Open%20Sans%3A300%2C300italic%2Cregular%2Citalic%2C600%2C600italic%2C700%2C700italic%2C800%2C800italic|font_style:700%20bold%20regular%3A700%3Anormal&#8221; css=&#8221;.vc_custom_1613473116608{padding-bottom: 20px !important;}&#8221;][vc_column_text]Szczoteczka soniczna Smilesonic GO zosta\u0142a wyposa\u017cona te\u017c w dwa czasomierze, dzi\u0119ki kt\u00f3rym codzienna higiena jamy ustnej staje si\u0119 \u0142atwa i komfortowa.<\/p>\n<p>Pierwszy z nich jest odpowiedzialny za odmierzanie zalecanego przez stomatolog\u00f3w, dwuminutowego czasu szczotkowania (po tym okresie urz\u0105dzenia automatycznie si\u0119 wy\u0142\u0105cza).<\/p>\n<p>Drugi to trzydziestosekundowy interwa\u0142, kt\u00f3ry co p\u00f3\u0142 minuty obwieszcza nam konieczno\u015b\u0107 zmiany oczyszczanego obszaru jamy ustnej. Takie rozwi\u0105zania sprawiaj\u0105, \u017ce znacznie zmniejszamy ryzyko nie doczyszczenia z\u0119b\u00f3w w spos\u00f3b kompleksowy.[\/vc_column_text][\/vc_column][\/vc_row][vc_row type=&#8221;full_width_content&#8221; full_screen_row_position=&#8221;middle&#8221; column_margin=&#8221;default&#8221; equal_height=&#8221;yes&#8221; content_placement=&#8221;middle&#8221; column_direction=&#8221;default&#8221; column_direction_tablet=&#8221;default&#8221; column_direction_phone=&#8221;default&#8221; scene_position=&#8221;center&#8221; text_color=&#8221;dark&#8221; text_align=&#8221;left&#8221; row_border_radius=&#8221;none&#8221; row_border_radius_applies=&#8221;bg&#8221; overflow=&#8221;visible&#8221; overlay_strength=&#8221;0.3&#8243; gradient_direction=&#8221;left_to_right&#8221; shape_divider_position=&#8221;bottom&#8221; bg_image_animation=&#8221;none&#8221; shape_type=&#8221;&#8221;][vc_column column_padding=&#8221;padding-5-percent&#8221; column_padding_tablet=&#8221;inherit&#8221; column_padding_phone=&#8221;inherit&#8221; column_padding_position=&#8221;left-right&#8221; top_margin_tablet=&#8221;45&#8243; bottom_margin_tablet=&#8221;45&#8243; top_margin_phone=&#8221;45&#8243; bottom_margin_phone=&#8221;30&#8243; column_element_direction_desktop=&#8221;default&#8221; column_element_spacing=&#8221;default&#8221; desktop_text_alignment=&#8221;default&#8221; tablet_text_alignment=&#8221;default&#8221; phone_text_alignment=&#8221;default&#8221; background_color_opacity=&#8221;1&#8243; background_hover_color_opacity=&#8221;1&#8243; column_backdrop_filter=&#8221;none&#8221; column_shadow=&#8221;none&#8221; column_border_radius=&#8221;none&#8221; column_link_target=&#8221;_self&#8221; column_position=&#8221;default&#8221; gradient_direction=&#8221;left_to_right&#8221; overlay_strength=&#8221;0.3&#8243; width=&#8221;1\/2&#8243; tablet_width_inherit=&#8221;default&#8221; animation_type=&#8221;default&#8221; bg_image_animation=&#8221;none&#8221; border_type=&#8221;simple&#8221; column_border_width=&#8221;none&#8221; column_border_style=&#8221;solid&#8221;][vc_custom_heading text=&#8221;Wytrzyma\u0142a, pozwalaj\u0105ca nawet na dwa miesi\u0105ce pracy bateria&#8221; google_fonts=&#8221;font_family:Open%20Sans%3A300%2C300italic%2Cregular%2Citalic%2C600%2C600italic%2C700%2C700italic%2C800%2C800italic|font_style:700%20bold%20regular%3A700%3Anormal&#8221; css=&#8221;.vc_custom_1613473779525{padding-bottom: 20px !important;}&#8221;][vc_column_text text_direction=&#8221;default&#8221;]Urz\u0105dzenie posiada litow\u0105 bateri\u0119 o pojemno\u015bci 600 mAh, a w delikatnym trybie Sensitive jest w stanie pracowa\u0107 nawet przez dwa miesi\u0105ce bez konieczno\u015bci \u0142adowania! Zasilanie szczoteczki sonicznej Smilesonic GO trwa od 9 do 16 godzin. O konieczno\u015bci pod\u0142\u0105czenia urz\u0105dzenia do gniazdka informuje nas specjalna migaj\u0105ca lampka.<\/p>\n<p><strong>Zawarto\u015b\u0107 zestawu:<\/strong><\/p>\n<ul>\n<li>R\u0119koje\u015b\u0107 szczoteczki sonicznej Smilesonic GO<\/li>\n<li>2 ko\u0144c\u00f3wki DailyCare<\/li>\n<li>\u0141adowarka indukcyjna<\/li>\n<li>Instrukcja obs\u0142ugi w j\u0119zyku polskim<\/li>\n<\/ul>\n<p>Produkt jest obj\u0119ty gwarancj\u0105 na 24 miesi\u0105ce.<\/p>\n<p><strong>A JE\u015aLI SZUKASZ SZCZOTECZKI DLA DZIECKA, SPRAWD\u0179: <a href=\"https:\/\/smilesonic.com\/pl\/produkt\/smilesonic-kids\/\">SMILESONIC KIDS<\/a><\/strong>[\/vc_column_text][\/vc_column][vc_column column_padding=&#8221;no-extra-padding&#8221; column_padding_tablet=&#8221;inherit&#8221; column_padding_phone=&#8221;inherit&#8221; column_padding_position=&#8221;left-right&#8221; column_element_direction_desktop=&#8221;default&#8221; column_element_spacing=&#8221;default&#8221; desktop_text_alignment=&#8221;default&#8221; tablet_text_alignment=&#8221;default&#8221; phone_text_alignment=&#8221;default&#8221; background_color_opacity=&#8221;1&#8243; background_hover_color_opacity=&#8221;1&#8243; column_backdrop_filter=&#8221;none&#8221; column_shadow=&#8221;none&#8221; column_border_radius=&#8221;none&#8221; column_link_target=&#8221;_self&#8221; column_position=&#8221;default&#8221; gradient_direction=&#8221;left_to_right&#8221; overlay_strength=&#8221;0.3&#8243; width=&#8221;1\/2&#8243; tablet_width_inherit=&#8221;default&#8221; animation_type=&#8221;default&#8221; bg_image_animation=&#8221;none&#8221; border_type=&#8221;simple&#8221; column_border_width=&#8221;none&#8221; column_border_style=&#8221;solid&#8221;][image_with_animation image_url=&#8221;14585&#8243; image_size=&#8221;full&#8221; animation_type=&#8221;entrance&#8221; animation=&#8221;Fade In&#8221; animation_easing=&#8221;default&#8221; animation_movement_type=&#8221;transform_y&#8221; hover_animation=&#8221;none&#8221; alignment=&#8221;&#8221; border_radius=&#8221;none&#8221; box_shadow=&#8221;none&#8221; image_loading=&#8221;default&#8221; max_width=&#8221;100%&#8221; max_width_mobile=&#8221;default&#8221;][\/vc_column][\/vc_row]\n","protected":false},"excerpt":{"rendered":"<p>Szczoteczka soniczna Smilesonic GO zapewnia najwy\u017csz\u0105 ochron\u0119 przed bakteriami ka\u017cdego dnia atakuj\u0105cymi nasz\u0105 jam\u0119 ustn\u0105. Wyposa\u017cona zosta\u0142a w trzy tryby pracy, a w zestawie z ni\u0105 znajdziemy dwie wymienne, podstawowe ko\u0144c\u00f3wki typu DailyCare. Wysokie walory estetyczne produktu sprawiaj\u0105, \u017ce stanowi on doskona\u0142e uzupe\u0142nienie designu ka\u017cdej \u0142azienki. Szczoteczka Smilesonic GO posiada wydajn\u0105, pozwalaj\u0105c\u0105 nawet na dwa miesi\u0105ce pracy bateri\u0119, a tak\u017ce takie udogodnienia jak chocia\u017cby dwa czasomierze, kt\u00f3re znacznie usprawniaj\u0105 codzienn\u0105 higien\u0119 jamy ustnej.<\/p>\n","protected":false},"featured_media":14557,"comment_status":"open","ping_status":"closed","template":"","meta":{"_acf_changed":false},"product_brand":[],"product_cat":[56],"product_tag":[85],"class_list":{"0":"post-6108","1":"product","2":"type-product","3":"status-publish","4":"has-post-thumbnail","6":"product_cat-szczoteczki-soniczne","7":"product_tag-smilesonic","9":"first","10":"outofstock","11":"shipping-taxable","12":"purchasable","13":"product-type-variable","14":"has-default-attributes"},"acf":[],"_links":{"self":[{"href":"https:\/\/smilesonic.com\/pl\/wp-json\/wp\/v2\/product\/6108","targetHints":{"allow":["GET"]}}],"collection":[{"href":"https:\/\/smilesonic.com\/pl\/wp-json\/wp\/v2\/product"}],"about":[{"href":"https:\/\/smilesonic.com\/pl\/wp-json\/wp\/v2\/types\/product"}],"replies":[{"embeddable":true,"href":"https:\/\/smilesonic.com\/pl\/wp-json\/wp\/v2\/comments?post=6108"}],"wp:featuredmedia":[{"embeddable":true,"href":"https:\/\/smilesonic.com\/pl\/wp-json\/wp\/v2\/media\/14557"}],"wp:attachment":[{"href":"https:\/\/smilesonic.com\/pl\/wp-json\/wp\/v2\/media?parent=6108"}],"wp:term":[{"taxonomy":"product_brand","embeddable":true,"href":"https:\/\/smilesonic.com\/pl\/wp-json\/wp\/v2\/product_brand?post=6108"},{"taxonomy":"product_cat","embeddable":true,"href":"https:\/\/smilesonic.com\/pl\/wp-json\/wp\/v2\/product_cat?post=6108"},{"taxonomy":"product_tag","embeddable":true,"href":"https:\/\/smilesonic.com\/pl\/wp-json\/wp\/v2\/product_tag?post=6108"}],"curies":[{"name":"wp","href":"https:\/\/api.w.org\/{rel}","templated":true}]}}