{"id":6068,"date":"2019-07-18T14:43:03","date_gmt":"2019-07-18T12:43:03","guid":{"rendered":"http:\/\/54.37.143.251\/?post_type=product&#038;p=6068"},"modified":"2026-04-12T11:57:28","modified_gmt":"2026-04-12T09:57:28","slug":"smilesonic-ex","status":"publish","type":"product","link":"https:\/\/smilesonic.com\/pl\/produkt\/smilesonic-ex\/","title":{"rendered":"Szczoteczka soniczna Smilesonic EX"},"content":{"rendered":"[vc_row type=&#8221;full_width_content&#8221; full_screen_row_position=&#8221;middle&#8221; column_margin=&#8221;default&#8221; equal_height=&#8221;yes&#8221; content_placement=&#8221;middle&#8221; column_direction=&#8221;default&#8221; column_direction_tablet=&#8221;default&#8221; column_direction_phone=&#8221;default&#8221; bg_color=&#8221;#ffffff&#8221; scene_position=&#8221;center&#8221; top_padding=&#8221;0&#8243; bottom_padding=&#8221;0&#8243; text_color=&#8221;dark&#8221; text_align=&#8221;left&#8221; row_border_radius=&#8221;none&#8221; row_border_radius_applies=&#8221;bg&#8221; overflow=&#8221;visible&#8221; overlay_strength=&#8221;0.3&#8243; gradient_direction=&#8221;left_to_right&#8221; shape_divider_position=&#8221;bottom&#8221; bg_image_animation=&#8221;none&#8221; shape_type=&#8221;&#8221;][vc_column column_padding=&#8221;no-extra-padding&#8221; column_padding_tablet=&#8221;inherit&#8221; column_padding_phone=&#8221;inherit&#8221; column_padding_position=&#8221;left-right&#8221; column_element_direction_desktop=&#8221;default&#8221; column_element_spacing=&#8221;default&#8221; desktop_text_alignment=&#8221;default&#8221; tablet_text_alignment=&#8221;default&#8221; phone_text_alignment=&#8221;default&#8221; background_color_opacity=&#8221;1&#8243; background_hover_color_opacity=&#8221;1&#8243; column_backdrop_filter=&#8221;none&#8221; column_shadow=&#8221;none&#8221; column_border_radius=&#8221;none&#8221; column_link_target=&#8221;_self&#8221; column_position=&#8221;default&#8221; gradient_direction=&#8221;left_to_right&#8221; overlay_strength=&#8221;0.3&#8243; width=&#8221;1\/2&#8243; tablet_width_inherit=&#8221;default&#8221; animation_type=&#8221;default&#8221; bg_image_animation=&#8221;none&#8221; border_type=&#8221;simple&#8221; column_border_width=&#8221;none&#8221; column_border_style=&#8221;solid&#8221;][image_with_animation image_url=&#8221;14514&#8243; image_size=&#8221;full&#8221; animation_type=&#8221;entrance&#8221; animation=&#8221;Fade In&#8221; animation_easing=&#8221;default&#8221; animation_movement_type=&#8221;transform_y&#8221; hover_animation=&#8221;none&#8221; alignment=&#8221;center&#8221; border_radius=&#8221;none&#8221; box_shadow=&#8221;none&#8221; image_loading=&#8221;default&#8221; max_width=&#8221;100%&#8221; max_width_mobile=&#8221;default&#8221;][\/vc_column][vc_column column_padding=&#8221;padding-5-percent&#8221; column_padding_tablet=&#8221;inherit&#8221; column_padding_phone=&#8221;inherit&#8221; column_padding_position=&#8221;left-right&#8221; top_margin_tablet=&#8221;45&#8243; top_margin_phone=&#8221;30&#8243; column_element_direction_desktop=&#8221;default&#8221; column_element_spacing=&#8221;default&#8221; desktop_text_alignment=&#8221;default&#8221; tablet_text_alignment=&#8221;default&#8221; phone_text_alignment=&#8221;default&#8221; background_color_opacity=&#8221;1&#8243; background_hover_color_opacity=&#8221;1&#8243; column_backdrop_filter=&#8221;none&#8221; column_shadow=&#8221;none&#8221; column_border_radius=&#8221;none&#8221; column_link_target=&#8221;_self&#8221; column_position=&#8221;default&#8221; gradient_direction=&#8221;left_to_right&#8221; overlay_strength=&#8221;0.3&#8243; width=&#8221;1\/2&#8243; tablet_width_inherit=&#8221;default&#8221; animation_type=&#8221;default&#8221; bg_image_animation=&#8221;none&#8221; border_type=&#8221;simple&#8221; column_border_width=&#8221;none&#8221; column_border_style=&#8221;solid&#8221;][vc_custom_heading text=&#8221;A\u017c 5 tryb\u00f3w szczotkowania do wyboru&#8221; google_fonts=&#8221;font_family:Open%20Sans%3A300%2C300italic%2Cregular%2Citalic%2C600%2C600italic%2C700%2C700italic%2C800%2C800italic|font_style:700%20bold%20regular%3A700%3Anormal&#8221;][vc_column_text css=&#8221;.vc_custom_1661778056568{padding-top: 20px !important;}&#8221;]Urz\u0105dzenie oferuje a\u017c pi\u0119\u0107 tryb\u00f3w szczotkowania, kt\u00f3re ka\u017cdy mo\u017ce dopasowa\u0107 do indywidualnych potrzeb. S\u0105 to:<\/p>\n<ul>\n<li>Clean \u2013 tryb s\u0142u\u017c\u0105cy do codziennej, dwuminutowej higieny jamy ustnej. Usuwa bakterie zgromadzone na powierzchni szkliwa. Szczoteczka porusza si\u0119 w nim z pr\u0119dko\u015bci\u0105 62 000 ruch\u00f3w na minut\u0119.<\/li>\n<li>White \u2013 specjalny tryb wybielaj\u0105cy, pozwalaj\u0105cy na usuni\u0119cie osad\u00f3w odpowiedzialnych za przebarwienia. Szczoteczka soniczna Smilesonic EX pracuje w nim na maksymalnych obrotach 96 000 ruch\u00f3w na minut\u0119.<\/li>\n<li>Polish \u2013 tryb dedykowany osobom, kt\u00f3re chc\u0105 wypolerowa\u0107 swoje szkliwo i uczyni\u0107 je l\u015bni\u0105cym przed wieczornym wyj\u015bciem na przyj\u0119cie. Wprawia w szczoteczk\u0119 w 70 000 ruch\u00f3w na minut\u0119.<\/li>\n<li>Gum Care \u2013 tryb \u0142\u0105cz\u0105cy w sobie usuwanie z z\u0119b\u00f3w bakterii wraz z masa\u017cem dzi\u0105se\u0142, maj\u0105cym poprawi\u0107 ich ukrwienie. Pozwala na prac\u0119 szczoteczki z pr\u0119dko\u015bci\u0105 62 000 ruch\u00f3w na minut\u0119.<\/li>\n<li>Sensitive \u2013 tryb pozwalaj\u0105cy na delikatne oczyszczenie z\u0119b\u00f3w i dzi\u0105se\u0142, szczeg\u00f3lnie dedykowany osobom z nadwra\u017cliwo\u015bciami oraz debiutantom. Szczoteczka pracuje w nim z pr\u0119dko\u015bci\u0105 62 000 ruch\u00f3w na minut\u0119.<\/li>\n<\/ul>\n[\/vc_column_text][\/vc_column][\/vc_row][vc_row type=&#8221;full_width_content&#8221; full_screen_row_position=&#8221;middle&#8221; column_margin=&#8221;default&#8221; equal_height=&#8221;yes&#8221; content_placement=&#8221;middle&#8221; column_direction=&#8221;default&#8221; column_direction_tablet=&#8221;default&#8221; column_direction_phone=&#8221;default&#8221; bg_image=&#8221;12714&#8243; bg_position=&#8221;left top&#8221; background_image_loading=&#8221;default&#8221; bg_repeat=&#8221;no-repeat&#8221; scene_position=&#8221;center&#8221; top_padding=&#8221;0&#8243; bottom_padding=&#8221;0&#8243; text_color=&#8221;dark&#8221; text_align=&#8221;left&#8221; row_border_radius=&#8221;none&#8221; row_border_radius_applies=&#8221;bg&#8221; overflow=&#8221;visible&#8221; overlay_strength=&#8221;1&#8243; gradient_direction=&#8221;left_t_to_right_b&#8221; shape_divider_position=&#8221;bottom&#8221; bg_image_animation=&#8221;none&#8221; shape_type=&#8221;&#8221;][vc_column column_padding=&#8221;padding-5-percent&#8221; column_padding_tablet=&#8221;inherit&#8221; column_padding_phone=&#8221;inherit&#8221; column_padding_position=&#8221;all&#8221; column_element_direction_desktop=&#8221;default&#8221; column_element_spacing=&#8221;default&#8221; desktop_text_alignment=&#8221;default&#8221; tablet_text_alignment=&#8221;default&#8221; phone_text_alignment=&#8221;default&#8221; background_color_opacity=&#8221;1&#8243; background_hover_color_opacity=&#8221;1&#8243; column_backdrop_filter=&#8221;none&#8221; column_shadow=&#8221;none&#8221; column_border_radius=&#8221;none&#8221; column_link_target=&#8221;_self&#8221; column_position=&#8221;default&#8221; gradient_direction=&#8221;left_to_right&#8221; overlay_strength=&#8221;0.3&#8243; width=&#8221;1\/2&#8243; tablet_width_inherit=&#8221;default&#8221; animation_type=&#8221;default&#8221; bg_image_animation=&#8221;none&#8221; border_type=&#8221;simple&#8221; column_border_width=&#8221;none&#8221; column_border_style=&#8221;solid&#8221;][vc_custom_heading text=&#8221;4 zr\u00f3\u017cnicowane ko\u0144c\u00f3wki dla ka\u017cdego&#8221; google_fonts=&#8221;font_family:Open%20Sans%3A300%2C300italic%2Cregular%2Citalic%2C600%2C600italic%2C700%2C700italic%2C800%2C800italic|font_style:700%20bold%20regular%3A700%3Anormal&#8221;][vc_column_text css=&#8221;.vc_custom_1647355010284{padding-top: 20px !important;}&#8221;]\n<p style=\"text-align: left;\">Do zestawu do\u0142\u0105czono a\u017c cztery zr\u00f3\u017cnicowane ko\u0144c\u00f3wki, zapewniaj\u0105ce jeszcze lepsz\u0105 piel\u0119gnacj\u0119 jamy ustnej:<\/p>\n<ul style=\"text-align: left;\">\n<li>DailyCare \u2013 ko\u0144c\u00f3wka o \u015bredniej twardo\u015bci w\u0142osiu, \u015bwietnie sprawdzaj\u0105ca si\u0119 w codziennej piel\u0119gnacji jamy ustnej.<\/li>\n<li>ShinyWhite \u2013 ko\u0144c\u00f3wka posiadaj\u0105ce twarde w\u0142osie, dostosowana do trybu White szczoteczki Smilesonic EX. Pozwala odzyska\u0107 z\u0119bom sw\u00f3j naturalny, bia\u0142y kolor.<\/li>\n<li>SensiTouch \u2013 ko\u0144c\u00f3wka z mi\u0119kkim w\u0142osiem, zapewniaj\u0105ca komfortow\u0105 higien\u0119 jamy ustnej osobom cierpi\u0105cym na nadwra\u017cliwo\u015bci, a tak\u017ce u\u017cytkownikom dopiero rozpoczynaj\u0105cym przygod\u0119 z urz\u0105dzeniami sonicznymi.<\/li>\n<li>OrthoClean \u2013 ko\u0144c\u00f3wka o d\u0142ugim w\u0142osiu, zaprojektowana z my\u015bl\u0105 o u\u017cytkownikach aparat\u00f3w ortodontyczny, most\u00f3w, koron oraz innych wype\u0142nie\u0144 protetycznych. \u015awietnie sprawdza si\u0119 tak\u017ce w oczyszczaniu przestrzeni mi\u0119dzyz\u0119bowych.<\/li>\n<\/ul>\n[\/vc_column_text][\/vc_column][vc_column column_padding=&#8221;no-extra-padding&#8221; column_padding_tablet=&#8221;inherit&#8221; column_padding_phone=&#8221;inherit&#8221; column_padding_position=&#8221;left-right&#8221; column_element_direction_desktop=&#8221;default&#8221; column_element_spacing=&#8221;default&#8221; desktop_text_alignment=&#8221;default&#8221; tablet_text_alignment=&#8221;default&#8221; phone_text_alignment=&#8221;default&#8221; background_color_opacity=&#8221;1&#8243; background_hover_color_opacity=&#8221;1&#8243; column_backdrop_filter=&#8221;none&#8221; column_shadow=&#8221;none&#8221; column_border_radius=&#8221;none&#8221; column_link_target=&#8221;_self&#8221; column_position=&#8221;default&#8221; gradient_direction=&#8221;left_to_right&#8221; overlay_strength=&#8221;0.3&#8243; width=&#8221;1\/2&#8243; tablet_width_inherit=&#8221;default&#8221; animation_type=&#8221;default&#8221; bg_image_animation=&#8221;none&#8221; border_type=&#8221;simple&#8221; column_border_width=&#8221;none&#8221; column_border_style=&#8221;solid&#8221;][image_with_animation image_url=&#8221;14517&#8243; image_size=&#8221;full&#8221; animation_type=&#8221;entrance&#8221; animation=&#8221;Fade In&#8221; animation_easing=&#8221;default&#8221; animation_movement_type=&#8221;transform_y&#8221; hover_animation=&#8221;none&#8221; alignment=&#8221;center&#8221; border_radius=&#8221;none&#8221; box_shadow=&#8221;none&#8221; image_loading=&#8221;default&#8221; max_width=&#8221;100%&#8221; max_width_mobile=&#8221;default&#8221;][\/vc_column][\/vc_row][vc_row type=&#8221;full_width_content&#8221; full_screen_row_position=&#8221;middle&#8221; column_margin=&#8221;default&#8221; equal_height=&#8221;yes&#8221; content_placement=&#8221;middle&#8221; column_direction=&#8221;default&#8221; column_direction_tablet=&#8221;default&#8221; column_direction_phone=&#8221;default&#8221; scene_position=&#8221;center&#8221; text_color=&#8221;dark&#8221; text_align=&#8221;left&#8221; row_border_radius=&#8221;none&#8221; row_border_radius_applies=&#8221;bg&#8221; overflow=&#8221;visible&#8221; overlay_strength=&#8221;0.3&#8243; gradient_direction=&#8221;left_to_right&#8221; shape_divider_position=&#8221;bottom&#8221; bg_image_animation=&#8221;none&#8221; shape_type=&#8221;&#8221;][vc_column column_padding=&#8221;no-extra-padding&#8221; column_padding_tablet=&#8221;inherit&#8221; column_padding_phone=&#8221;inherit&#8221; column_padding_position=&#8221;left-right&#8221; column_element_direction_desktop=&#8221;default&#8221; column_element_spacing=&#8221;default&#8221; desktop_text_alignment=&#8221;default&#8221; tablet_text_alignment=&#8221;default&#8221; phone_text_alignment=&#8221;default&#8221; background_color_opacity=&#8221;1&#8243; background_hover_color_opacity=&#8221;1&#8243; column_backdrop_filter=&#8221;none&#8221; column_shadow=&#8221;none&#8221; column_border_radius=&#8221;none&#8221; column_link_target=&#8221;_self&#8221; column_position=&#8221;default&#8221; gradient_direction=&#8221;left_to_right&#8221; overlay_strength=&#8221;0.3&#8243; width=&#8221;1\/2&#8243; tablet_width_inherit=&#8221;default&#8221; animation_type=&#8221;default&#8221; bg_image_animation=&#8221;none&#8221; border_type=&#8221;simple&#8221; column_border_width=&#8221;none&#8221; column_border_style=&#8221;solid&#8221;][image_with_animation image_url=&#8221;14466&#8243; image_size=&#8221;full&#8221; animation_type=&#8221;entrance&#8221; animation=&#8221;Fade In&#8221; animation_easing=&#8221;default&#8221; animation_movement_type=&#8221;transform_y&#8221; hover_animation=&#8221;none&#8221; alignment=&#8221;&#8221; border_radius=&#8221;none&#8221; box_shadow=&#8221;none&#8221; image_loading=&#8221;default&#8221; max_width=&#8221;100%&#8221; max_width_mobile=&#8221;default&#8221;][\/vc_column][vc_column column_padding=&#8221;padding-5-percent&#8221; column_padding_tablet=&#8221;inherit&#8221; column_padding_phone=&#8221;inherit&#8221; column_padding_position=&#8221;all&#8221; column_element_direction_desktop=&#8221;default&#8221; column_element_spacing=&#8221;default&#8221; desktop_text_alignment=&#8221;default&#8221; tablet_text_alignment=&#8221;default&#8221; phone_text_alignment=&#8221;default&#8221; background_color_opacity=&#8221;1&#8243; background_hover_color_opacity=&#8221;1&#8243; column_backdrop_filter=&#8221;none&#8221; column_shadow=&#8221;none&#8221; column_border_radius=&#8221;none&#8221; column_link_target=&#8221;_self&#8221; column_position=&#8221;default&#8221; gradient_direction=&#8221;left_to_right&#8221; overlay_strength=&#8221;0.3&#8243; width=&#8221;1\/2&#8243; tablet_width_inherit=&#8221;default&#8221; animation_type=&#8221;default&#8221; bg_image_animation=&#8221;none&#8221; border_type=&#8221;simple&#8221; column_border_width=&#8221;none&#8221; column_border_style=&#8221;solid&#8221;][vc_custom_heading text=&#8221;Nie pilnuj czasu samemu!&#8221; google_fonts=&#8221;font_family:Open%20Sans%3A300%2C300italic%2Cregular%2Citalic%2C600%2C600italic%2C700%2C700italic%2C800%2C800italic|font_style:700%20bold%20regular%3A700%3Anormal&#8221;][vc_column_text css=&#8221;.vc_custom_1661778074199{padding-top: 20px !important;}&#8221;]\n<p style=\"text-align: left; line-height: 32px; font-size: 16px;\">Szczoteczka soniczna Smilesonic EX to urz\u0105dzenie zapewniaj\u0105ce u\u017cytkownikowi najwy\u017cszy komfort szczotkowania. W\u0142a\u015bnie w trosce o wygod\u0119 i najwy\u017csz\u0105 jako\u015b\u0107 piel\u0119gnacji szczoteczka zosta\u0142a wyposa\u017cona w dwa czasomierze.<\/p>\n[\/vc_column_text][vc_column_text css=&#8221;.vc_custom_1625134713885{padding-top: 20px !important;}&#8221;]\n<p style=\"text-align: left; line-height: 32px; font-size: 16px;\">Pierwszy z nich odpowiada za odmierzanie w\u0142a\u015bciwego, zalecanego przez stomatolog\u00f3w dwuminutowego czasu oczyszczania jamy ustnej \u2013 potem automatycznie wy\u0142\u0105cza urz\u0105dzenie. Drugi to trzydziestosekundowy interwa\u0142, kt\u00f3ry co p\u00f3\u0142 minuty obwieszcza nam o konieczno\u015bci zmienienia oczyszczanej partii jamy ustnej. Oba czasomierze sprawiaj\u0105, \u017ce nie musimy si\u0119 ju\u017c martwi\u0107 nie doczyszczeniem z\u0119b\u00f3w.<\/p>\n[\/vc_column_text][vc_custom_heading text=&#8221;Wytrzyma\u0142a bateria&#8221; font_container=&#8221;tag:h2|text_align:left|color:%23000000&#8243; google_fonts=&#8221;font_family:Open%20Sans%3A300%2C300italic%2Cregular%2Citalic%2C600%2C600italic%2C700%2C700italic%2C800%2C800italic|font_style:700%20bold%20regular%3A700%3Anormal&#8221;][vc_column_text css=&#8221;.vc_custom_1625134742618{padding-top: 20px !important;}&#8221;]Produkt zosta\u0142 wyposa\u017cony w niezwykle wydajn\u0105 bateri\u0119, kt\u00f3ra pozwala nawet na dwa miesi\u0105ce pracy po jednym na\u0142adowaniu (w przypadku korzystania z podstawowego trybu Clean). Poziom na\u0142adowania szczoteczki ukazuje lampa LED znajduj\u0105ca si\u0119 z przedniej cz\u0119\u015bci obudowy. Czas zasilania baterii wynosi od 7 do 16 godzin.[\/vc_column_text][\/vc_column][\/vc_row][vc_row type=&#8221;full_width_content&#8221; full_screen_row_position=&#8221;middle&#8221; column_margin=&#8221;default&#8221; equal_height=&#8221;yes&#8221; content_placement=&#8221;middle&#8221; column_direction=&#8221;default&#8221; column_direction_tablet=&#8221;default&#8221; column_direction_phone=&#8221;default&#8221; scene_position=&#8221;center&#8221; text_color=&#8221;dark&#8221; text_align=&#8221;left&#8221; row_border_radius=&#8221;none&#8221; row_border_radius_applies=&#8221;bg&#8221; overflow=&#8221;visible&#8221; overlay_strength=&#8221;0.3&#8243; gradient_direction=&#8221;left_to_right&#8221; shape_divider_position=&#8221;bottom&#8221; bg_image_animation=&#8221;none&#8221; shape_type=&#8221;&#8221;][vc_column column_padding=&#8221;padding-5-percent&#8221; column_padding_tablet=&#8221;inherit&#8221; column_padding_phone=&#8221;inherit&#8221; column_padding_position=&#8221;left-right&#8221; column_element_direction_desktop=&#8221;default&#8221; column_element_spacing=&#8221;default&#8221; desktop_text_alignment=&#8221;default&#8221; tablet_text_alignment=&#8221;default&#8221; phone_text_alignment=&#8221;default&#8221; background_color_opacity=&#8221;1&#8243; background_hover_color_opacity=&#8221;1&#8243; column_backdrop_filter=&#8221;none&#8221; column_shadow=&#8221;none&#8221; column_border_radius=&#8221;none&#8221; column_link_target=&#8221;_self&#8221; column_position=&#8221;default&#8221; gradient_direction=&#8221;left_to_right&#8221; overlay_strength=&#8221;0.3&#8243; width=&#8221;1\/2&#8243; tablet_width_inherit=&#8221;default&#8221; animation_type=&#8221;default&#8221; bg_image_animation=&#8221;none&#8221; border_type=&#8221;simple&#8221; column_border_width=&#8221;none&#8221; column_border_style=&#8221;solid&#8221;][vc_custom_heading text=&#8221;Zabierz szczoteczk\u0119 w ka\u017cd\u0105 podr\u00f3\u017c&#8221; font_container=&#8221;tag:h2|text_align:left|color:%23000000&#8243; google_fonts=&#8221;font_family:Open%20Sans%3A300%2C300italic%2Cregular%2Citalic%2C600%2C600italic%2C700%2C700italic%2C800%2C800italic|font_style:700%20bold%20regular%3A700%3Anormal&#8221;][vc_column_text css=&#8221;.vc_custom_1738548964436{padding-top: 20px !important;}&#8221; text_direction=&#8221;default&#8221;]Do zestawu ze szczoteczk\u0105 soniczn\u0105 Smilesonic EX do\u0142\u0105czono twarde, podr\u00f3\u017cne etui, dzi\u0119ki kt\u00f3remu mo\u017cemy zabra\u0107 swoje urz\u0105dzenie wraz z ko\u0144c\u00f3wkami na ka\u017cdy wyjazd. Od teraz mo\u017cemy podj\u0105\u0107 skuteczn\u0105 walk\u0119 z pr\u00f3chnic\u0105 w dowolnym miejscu na \u015bwiecie!<\/p>\n<p>Zawarto\u015b\u0107 zestawu:<\/p>\n<ul>\n<li>R\u0119koje\u015b\u0107 Smilesonic EX<\/li>\n<li>4 r\u00f3\u017cne ko\u0144c\u00f3wki<\/li>\n<li>\u0141adowarka indukcyjna<\/li>\n<li>Podr\u00f3\u017cne etui<\/li>\n<li>Instrukcja w j\u0119zyku polskim<\/li>\n<\/ul>\n<p>Produkt jest obj\u0119ty gwarancj\u0105 na 24 miesi\u0105ce.<\/p>\n<p>SZUKASZ INNEGO MODELU? SPRAWD\u0179 <a href=\"https:\/\/smilesonic.com\/pl\/produkt\/smilesonic-go\/\"><strong>SMILESONIC GO<\/strong><\/a>.[\/vc_column_text][\/vc_column][vc_column column_padding=&#8221;no-extra-padding&#8221; column_padding_tablet=&#8221;inherit&#8221; column_padding_phone=&#8221;inherit&#8221; column_padding_position=&#8221;all&#8221; top_margin_tablet=&#8221;45&#8243; bottom_margin_tablet=&#8221;45&#8243; top_margin_phone=&#8221;30&#8243; column_element_direction_desktop=&#8221;default&#8221; column_element_spacing=&#8221;default&#8221; desktop_text_alignment=&#8221;default&#8221; tablet_text_alignment=&#8221;default&#8221; phone_text_alignment=&#8221;default&#8221; background_color_opacity=&#8221;1&#8243; background_hover_color_opacity=&#8221;1&#8243; column_backdrop_filter=&#8221;none&#8221; column_shadow=&#8221;none&#8221; column_border_radius=&#8221;none&#8221; column_link_target=&#8221;_self&#8221; column_position=&#8221;default&#8221; gradient_direction=&#8221;left_to_right&#8221; overlay_strength=&#8221;0.3&#8243; width=&#8221;1\/2&#8243; tablet_width_inherit=&#8221;default&#8221; animation_type=&#8221;default&#8221; bg_image_animation=&#8221;none&#8221; border_type=&#8221;simple&#8221; column_border_width=&#8221;none&#8221; column_border_style=&#8221;solid&#8221;][image_with_animation image_url=&#8221;14457&#8243; image_size=&#8221;full&#8221; animation_type=&#8221;entrance&#8221; animation=&#8221;Fade In&#8221; animation_easing=&#8221;default&#8221; animation_movement_type=&#8221;transform_y&#8221; hover_animation=&#8221;none&#8221; alignment=&#8221;center&#8221; border_radius=&#8221;none&#8221; box_shadow=&#8221;none&#8221; image_loading=&#8221;default&#8221; max_width=&#8221;100%&#8221; max_width_mobile=&#8221;default&#8221;][\/vc_column][\/vc_row]\n","protected":false},"excerpt":{"rendered":"<div class=\"short-description\">\n<div class=\"std\">\n<div class=\"short-description\">\n<div class=\"std\">\n<p>Szczoteczka soniczna Smilesonic EX gwarantuje kompleksow\u0105 ochron\u0119 jamy ustnej przed bakteriami, p\u0142ytk\u0105 naz\u0119bn\u0105 i innymi codziennymi nalotami. Posiada pi\u0119\u0107 tryb\u00f3w pracy, a w zestawie z ni\u0105 znajdziemy cztery wymienne ko\u0144c\u00f3wki o r\u00f3\u017cnych w\u0142a\u015bciwo\u015bciach. Elegancki, nowoczesny design produktu sprawia, \u017ce doskonale wkomponowuje si\u0119 on w ka\u017cde pomieszczenie. Za spraw\u0105 do\u0142\u0105czonego do zestawu podr\u00f3\u017cnego etui, a tak\u017ce \u0142adowarki o niewielkich rozmiarach, szczoteczka Smilesonic EX doskonale sprawdza si\u0119 r\u00f3wnie\u017c podczas dalekich podr\u00f3\u017cy.<\/p>\n<\/div>\n<\/div>\n<\/div>\n<\/div>\n","protected":false},"featured_media":14442,"comment_status":"open","ping_status":"closed","template":"","meta":{"_acf_changed":false},"product_brand":[],"product_cat":[56],"product_tag":[85],"class_list":{"0":"post-6068","1":"product","2":"type-product","3":"status-publish","4":"has-post-thumbnail","6":"product_cat-szczoteczki-soniczne","7":"product_tag-smilesonic","9":"first","10":"instock","11":"shipping-taxable","12":"purchasable","13":"product-type-variable","14":"has-default-attributes"},"acf":[],"_links":{"self":[{"href":"https:\/\/smilesonic.com\/pl\/wp-json\/wp\/v2\/product\/6068","targetHints":{"allow":["GET"]}}],"collection":[{"href":"https:\/\/smilesonic.com\/pl\/wp-json\/wp\/v2\/product"}],"about":[{"href":"https:\/\/smilesonic.com\/pl\/wp-json\/wp\/v2\/types\/product"}],"replies":[{"embeddable":true,"href":"https:\/\/smilesonic.com\/pl\/wp-json\/wp\/v2\/comments?post=6068"}],"wp:featuredmedia":[{"embeddable":true,"href":"https:\/\/smilesonic.com\/pl\/wp-json\/wp\/v2\/media\/14442"}],"wp:attachment":[{"href":"https:\/\/smilesonic.com\/pl\/wp-json\/wp\/v2\/media?parent=6068"}],"wp:term":[{"taxonomy":"product_brand","embeddable":true,"href":"https:\/\/smilesonic.com\/pl\/wp-json\/wp\/v2\/product_brand?post=6068"},{"taxonomy":"product_cat","embeddable":true,"href":"https:\/\/smilesonic.com\/pl\/wp-json\/wp\/v2\/product_cat?post=6068"},{"taxonomy":"product_tag","embeddable":true,"href":"https:\/\/smilesonic.com\/pl\/wp-json\/wp\/v2\/product_tag?post=6068"}],"curies":[{"name":"wp","href":"https:\/\/api.w.org\/{rel}","templated":true}]}}