{"id":48731,"date":"2024-03-07T12:12:08","date_gmt":"2024-03-07T11:12:08","guid":{"rendered":"https:\/\/smilesonic.com\/?post_type=product&#038;p=48731"},"modified":"2026-03-09T15:31:19","modified_gmt":"2026-03-09T14:31:19","slug":"koncowki-do-irygatora-smilesonic-aquaflow-tongue-2-szt-do-oczyszczania-powierzchni-jezyka","status":"publish","type":"product","link":"https:\/\/smilesonic.com\/pl\/produkt\/koncowki-do-irygatora-smilesonic-aquaflow-tongue-2-szt-do-oczyszczania-powierzchni-jezyka\/","title":{"rendered":"Ko\u0144c\u00f3wki do irygatora Smilesonic Aquaflow Tongue 2 szt. \u2013 do oczyszczania powierzchni j\u0119zyka"},"content":{"rendered":"<p>J\u0119zyk to bardzo wa\u017cny element w jamie ustnej, poniewa\u017c pe\u0142ni wiele istotnych funkcji. To dzi\u0119ki niemu wypowiadamy konkretne s\u0142owa, rozr\u00f3\u017cniamy smaki czy przyjmujemy pokarmy. Niestety nale\u017cy pami\u0119ta\u0107, \u017ce jest to te\u017c miejsce, gdzie rozwija si\u0119 najwi\u0119cej szkodliwych dla zdrowia bakterii. Zalegaj\u0105ce na j\u0119zyku drobnoustroje mog\u0105 z czasem przedosta\u0107 si\u0119 w g\u0142\u0105b naszego organizmu i spowodowa\u0107 bardzo niekorzystne konsekwencje. Ko\u0144c\u00f3wki Smilesonic Tongue do irygatora Aquaflow rozwi\u0105\u017c\u0105 ten problem i spowoduj\u0105, \u017ce ka\u017cdego dnia powierzchnia j\u0119zyka b\u0119dzie g\u0142adka, czysta, a zapach z buzi przyjemny.<\/p>\n<p><strong>Piel\u0119gnacja j\u0119zyka na najwy\u017cszym poziomie<\/strong><\/p>\n<p>Ko\u0144c\u00f3wki Smilesonic Tongue do higieny j\u0119zyka nie przypominaj\u0105 klasycznych dysz czyszcz\u0105cych zak\u0142adanych na irygatory. S\u0105 owalne i znacznie szersze, idealnie przystosowane do kszta\u0142tu powierzchni, kt\u00f3r\u0105 maj\u0105 skutecznie piel\u0119gnowa\u0107. Usuwaj\u0105 z j\u0119zyka codzienne naloty i zanieczyszczenia, czyli \u017ar\u00f3d\u0142o pogorszenia \u015bwie\u017co\u015bci naszego oddechu.<\/p>\n<p><strong>Bezproblemowe nak\u0142adanie i \u015bci\u0105ganie ko\u0144c\u00f3wki do czyszczenia j\u0119zyka<\/strong><\/p>\n<p>Ko\u0144c\u00f3wki Smilesonic Tongue do czyszczenia j\u0119zyka z \u0142atwo\u015bci\u0105 przymocujesz do r\u0119koje\u015bci irygatora Smilesonic Aquaflow. W tym celu najpierw wciskamy przycisk uwalniania ko\u0144c\u00f3wki, po czym wk\u0142adamy ko\u0144c\u00f3wk\u0119 a\u017c do momentu \u201eklikni\u0119cia\u201d. Ko\u0144c\u00f3wk\u0119 \u015bci\u0105gamy, raz jeszcze naciskaj\u0105c przycisk uwalniania.<\/p>\n<p><strong>Specyfikacja<\/strong><\/p>\n<p>Do modelu: Smilesonic Aquaflow.<\/p>\n<p>Przeznaczenie: ko\u0144c\u00f3wka do irygatora do oczyszczania powierzchni j\u0119zyka.<\/p>\n<p>Liczba g\u0142\u00f3wek w zestawie: 2 sztuki.<\/p>\n<p><span style=\"color: #ff0000;\"><strong>Ko\u0144c\u00f3wki do irygatora Smilesonic Aquaflow nie s\u0105 kompatybilne z irygatorem Smilesonic H<sub>2<\/sub>O!<\/strong><\/span><\/p>\n","protected":false},"excerpt":{"rendered":"<p>Ko\u0144c\u00f3wki wymienne do oczyszczania powierzchni j\u0119zyka do irygatora bezprzewodowego Smilesonic Aquaflow. Maj\u0105 owalny kszta\u0142t, dzi\u0119ki kt\u00f3remu efektywnie \u015bci\u0105gaj\u0105 wszelkiego typu naloty z j\u0119zyka, a tym samym zapobiegaj\u0105 wytwarzaniu si\u0119 brzydkiego zapachu z ust. Kilka dni regularnego u\u017cytkowania wystarczy, by powierzchnia j\u0119zyka sta\u0142a si\u0119 czysta, g\u0142adka i odpowiednio zadbana.<\/p>\n","protected":false},"featured_media":48748,"comment_status":"open","ping_status":"closed","template":"","meta":{"_acf_changed":false},"product_brand":[],"product_cat":[261],"product_tag":[],"class_list":{"0":"post-48731","1":"product","2":"type-product","3":"status-publish","4":"has-post-thumbnail","6":"product_cat-koncowki-do-irygatorow-smilesonic","8":"first","9":"instock","10":"shipping-taxable","11":"purchasable","12":"product-type-simple"},"acf":[],"_links":{"self":[{"href":"https:\/\/smilesonic.com\/pl\/wp-json\/wp\/v2\/product\/48731","targetHints":{"allow":["GET"]}}],"collection":[{"href":"https:\/\/smilesonic.com\/pl\/wp-json\/wp\/v2\/product"}],"about":[{"href":"https:\/\/smilesonic.com\/pl\/wp-json\/wp\/v2\/types\/product"}],"replies":[{"embeddable":true,"href":"https:\/\/smilesonic.com\/pl\/wp-json\/wp\/v2\/comments?post=48731"}],"wp:featuredmedia":[{"embeddable":true,"href":"https:\/\/smilesonic.com\/pl\/wp-json\/wp\/v2\/media\/48748"}],"wp:attachment":[{"href":"https:\/\/smilesonic.com\/pl\/wp-json\/wp\/v2\/media?parent=48731"}],"wp:term":[{"taxonomy":"product_brand","embeddable":true,"href":"https:\/\/smilesonic.com\/pl\/wp-json\/wp\/v2\/product_brand?post=48731"},{"taxonomy":"product_cat","embeddable":true,"href":"https:\/\/smilesonic.com\/pl\/wp-json\/wp\/v2\/product_cat?post=48731"},{"taxonomy":"product_tag","embeddable":true,"href":"https:\/\/smilesonic.com\/pl\/wp-json\/wp\/v2\/product_tag?post=48731"}],"curies":[{"name":"wp","href":"https:\/\/api.w.org\/{rel}","templated":true}]}}