{"id":48730,"date":"2024-03-07T12:11:58","date_gmt":"2024-03-07T11:11:58","guid":{"rendered":"https:\/\/smilesonic.com\/?post_type=product&#038;p=48730"},"modified":"2026-03-19T10:33:49","modified_gmt":"2026-03-19T09:33:49","slug":"koncowki-do-irygatora-smilesonic-aquaflow-toothbrush-2-szt-do-czyszczenia-przestrzeni-miedzyzebowych","status":"publish","type":"product","link":"https:\/\/smilesonic.com\/pl\/produkt\/koncowki-do-irygatora-smilesonic-aquaflow-toothbrush-2-szt-do-czyszczenia-przestrzeni-miedzyzebowych\/","title":{"rendered":"Ko\u0144c\u00f3wki do irygatora Smilesonic Aquaflow Toothbrush 2 szt. \u2013 do czyszczenia przestrzeni mi\u0119dzyz\u0119bowych"},"content":{"rendered":"<p>Implanty dentystyczne to tytanowe \u015bruby ma\u0142ych rozmiar\u00f3w, kt\u00f3re w momencie wszczepienia w ko\u015b\u0107 szcz\u0119ki maj\u0105 za zadanie zast\u0105pi\u0107 korzenie z\u0119bowe. Ale by by\u0142o to mo\u017cliwe, to trzeba pami\u0119ta\u0107, \u017ce musz\u0105 by\u0107 odpowiednio piel\u0119gnowane. W pobli\u017cu implant\u00f3w bardzo cz\u0119sto gromadz\u0105 si\u0119 bakterie, kt\u00f3re powoduj\u0105 nieprzyjemny zapach z buzi oraz stany zapalne jamy ustnej. Ko\u0144c\u00f3wki Smilesonic Toothbrush do irygatora Smilesonic Aquaflow umo\u017cliwiaj\u0105 precyzyjne doczyszczanie obszar\u00f3w wok\u00f3\u0142 uzupe\u0142nie\u0144 protetycznych i wsz\u0119dzie tam, gdzie nie s\u0105 w stanie dotrze\u0107 w\u0142\u00f3kna szczoteczki do z\u0119b\u00f3w.<\/p>\n<p><strong>Zapomnij o problematycznych z\u0142ogach mi\u0119dzy z\u0119bami<\/strong><\/p>\n<p>Dzi\u0119ki klasycznemu, pulsuj\u0105cemu strumieniowi wody, jaki generuje prezentowana standardowa ko\u0144c\u00f3wka do irygatora Smilesonic Standard z \u0142atwo\u015bci\u0105 uporasz si\u0119 z osadami zalegaj\u0105cymi w obszarach stycznych z\u0119b\u00f3w. Co wi\u0119cej, dysza prowadzi wod\u0119 tak, aby pozytywnie wp\u0142ywa\u0142a na dzi\u0105s\u0142a i eliminowa\u0142a bakterie mog\u0105ce by\u0107 przyczyn\u0105 nie\u015bwie\u017cego oddechu.<\/p>\n<p><strong>Prosta obs\u0142uga<\/strong><\/p>\n<p>Teraz nie musisz si\u0119 ju\u017c \u201esi\u0142owa\u0107\u201d z ko\u0144c\u00f3wk\u0105, aby nasun\u0105\u0107 j\u0105 na r\u0119koje\u015b\u0107 irygatora! Monta\u017c ko\u0144c\u00f3wek Smilesonic Plaque do czyszczenia przestrzeni mi\u0119dzyz\u0119bowych jest banalnie prosty. W tym celu najpierw wciskamy przycisk uwalniania ko\u0144c\u00f3wki, po czym wk\u0142adamy ko\u0144c\u00f3wk\u0119 a\u017c do momentu \u201eklikni\u0119cia\u201d. Ko\u0144c\u00f3wk\u0119 \u015bci\u0105gamy, raz jeszcze naciskaj\u0105c przycisk uwalniania.<\/p>\n<p><strong>Specyfikacja<\/strong><\/p>\n<p>Do modelu: Smilesonic Aquaflow.<\/p>\n<p>Przeznaczenie: ko\u0144c\u00f3wka do irygatora do czyszczenia przestrzeni mi\u0119dzyz\u0119bowych.<\/p>\n<p>Liczba g\u0142\u00f3wek w zestawie: 2 sztuki.<\/p>\n<p><span style=\"color: #ff0000;\"><strong>Ko\u0144c\u00f3wki do irygatora Smilesonic Aquaflow nie s\u0105 kompatybilne z irygatorem Smilesonic H<sub>2<\/sub>O!<\/strong><\/span><\/p>\n","protected":false},"excerpt":{"rendered":"<p>Ko\u0144c\u00f3wki wymienne do czyszczenia przestrzeni mi\u0119dzyz\u0119bowych do irygatora bezprzewodowego Smilesonic Aquaflow. S\u0105 to dysze czyszcz\u0105ce przeznaczone przde wszystkim do piel\u0119gnacji implant\u00f3w oraz mostk\u00f3w stomatologicznych. Wyr\u00f3\u017cnia je specjalny typ w\u0142osia maj\u0105cego zdolno\u015b\u0107 docierania w najbardziej problematyczne miejsca wok\u00f3\u0142 uzupe\u0142nie\u0144 protetycznych. Bardzo \u0142atwo si\u0119 je zar\u00f3wno nak\u0142ada, jak i zdejmuje, co powoduje, \u017ce korzystanie z ko\u0144c\u00f3wek Smilesonic Toothbrush do irygatora Aquaflow nie sprawi nikomu k\u0142opot\u00f3w.<\/p>\n","protected":false},"featured_media":48744,"comment_status":"open","ping_status":"closed","template":"","meta":{"_acf_changed":false},"product_brand":[],"product_cat":[261],"product_tag":[],"class_list":{"0":"post-48730","1":"product","2":"type-product","3":"status-publish","4":"has-post-thumbnail","6":"product_cat-koncowki-do-irygatorow-smilesonic","8":"first","9":"instock","10":"shipping-taxable","11":"purchasable","12":"product-type-simple"},"acf":[],"_links":{"self":[{"href":"https:\/\/smilesonic.com\/pl\/wp-json\/wp\/v2\/product\/48730","targetHints":{"allow":["GET"]}}],"collection":[{"href":"https:\/\/smilesonic.com\/pl\/wp-json\/wp\/v2\/product"}],"about":[{"href":"https:\/\/smilesonic.com\/pl\/wp-json\/wp\/v2\/types\/product"}],"replies":[{"embeddable":true,"href":"https:\/\/smilesonic.com\/pl\/wp-json\/wp\/v2\/comments?post=48730"}],"wp:featuredmedia":[{"embeddable":true,"href":"https:\/\/smilesonic.com\/pl\/wp-json\/wp\/v2\/media\/48744"}],"wp:attachment":[{"href":"https:\/\/smilesonic.com\/pl\/wp-json\/wp\/v2\/media?parent=48730"}],"wp:term":[{"taxonomy":"product_brand","embeddable":true,"href":"https:\/\/smilesonic.com\/pl\/wp-json\/wp\/v2\/product_brand?post=48730"},{"taxonomy":"product_cat","embeddable":true,"href":"https:\/\/smilesonic.com\/pl\/wp-json\/wp\/v2\/product_cat?post=48730"},{"taxonomy":"product_tag","embeddable":true,"href":"https:\/\/smilesonic.com\/pl\/wp-json\/wp\/v2\/product_tag?post=48730"}],"curies":[{"name":"wp","href":"https:\/\/api.w.org\/{rel}","templated":true}]}}