{"id":48729,"date":"2024-03-07T12:11:51","date_gmt":"2024-03-07T11:11:51","guid":{"rendered":"https:\/\/smilesonic.com\/?post_type=product&#038;p=48729"},"modified":"2026-03-24T23:55:16","modified_gmt":"2026-03-24T22:55:16","slug":"koncowki-do-irygatora-smilesonic-aquaflow-periodontal-2-szt-do-lagodzenia-stanow-zapalnych-w-jamie-ustnej","status":"publish","type":"product","link":"https:\/\/smilesonic.com\/pl\/produkt\/koncowki-do-irygatora-smilesonic-aquaflow-periodontal-2-szt-do-lagodzenia-stanow-zapalnych-w-jamie-ustnej\/","title":{"rendered":"Ko\u0144c\u00f3wki do irygatora Smilesonic Aquaflow Periodontal 2 szt. \u2013 do \u0142agodzenia stan\u00f3w zapalnych w jamie ustnej"},"content":{"rendered":"<p>Stany zapalne w jamie ustnej mog\u0105 by\u0107 wywo\u0142ane niew\u0142a\u015bciw\u0105 higien\u0105 jamy ustnej lub jej brakiem, niezdrowym trybem \u017cycia, czyli spo\u017cywaniem nadmiernej ilo\u015bci s\u0142odyczy, piciem alkoholu i paleniem tytoniu, a tak\u017ce niekt\u00f3rymi przewlek\u0142ymi chorobami, jak np. cukrzyc\u0105. Do ich g\u0142\u00f3wnych objaw\u00f3w nale\u017c\u0105 zaczerwienie, krwawienie, rozpulchnienie, a nawet bolesne rozchwianie dzi\u0105se\u0142 czy przykry zapach z ust. By im skutecznie zapobiega\u0107, a tak\u017ce \u0142agodzi\u0107 ju\u017c te istniej\u0105ce, warto zaopatrzy\u0107 si\u0119 w prezentowan\u0105 ko\u0144c\u00f3wk\u0119 Smilesonic Periodontal do irygatora bezprzewodowego Aquaflow.<\/p>\n<p><strong>Skuteczna pomoc w walce ze stanami zapalnymi<\/strong><\/p>\n<p>Ko\u0144c\u00f3wka do irygatora Smilesonic Periodontal koncentruje wytwarzany przez irygator strumie\u0144 wody na obszarach przydzi\u0105s\u0142owych, czyli miejscach najbardziej nara\u017conych na wyst\u0105pienie stan\u00f3w zapalnych. Z jej pomoc\u0105 mo\u017cna w \u0142atwy spos\u00f3b usun\u0105\u0107 resztki jedzenia, osady i z\u0142ogi, kt\u00f3re zalegaj\u0105c w najg\u0142\u0119bszych zakamarkach mog\u0105 skutkowa\u0107 pog\u0142\u0119bianiem si\u0119 stanu zapalnego, a nawet doprowadzi\u0107 do bardzo nieprzyjemnego stanu ods\u0142oni\u0119cia szyjek z\u0119bowych. Dysza ta \u015bwietnie sprawdzi si\u0119 w precyzyjnym oczyszczaniu przestrzeni mi\u0119dzyz\u0119bowych z bakterii pr\u00f3chnicotw\u00f3rczych.<\/p>\n<p><strong>Prosty monta\u017c<\/strong><\/p>\n<p>Ko\u0144c\u00f3wk\u0119 do irygatora Smilesonic Perio do stan\u00f3w zapalnych w jamie ustnej z \u0142atwo\u015bci\u0105 przymocujesz do r\u0119koje\u015bci irygatora bezprzewodowego Smilesonic H2O. W tym celu najpierw wciskamy przycisk uwalniania ko\u0144c\u00f3wki, po czym wk\u0142adamy ko\u0144c\u00f3wk\u0119 a\u017c do momentu \u201eklikni\u0119cia\u201d. Ko\u0144c\u00f3wk\u0119 \u015bci\u0105gamy, raz jeszcze naciskaj\u0105c przycisk uwalniania.<\/p>\n<p><strong>Specyfikacja<\/strong><\/p>\n<p>Do modelu: Smilesonic Aquaflow.<\/p>\n<p>Przeznaczenie: ko\u0144c\u00f3wka do irygatora do \u0142agodzenia stan\u00f3w zapalnych w jamie ustnej.<\/p>\n<p>Liczba g\u0142\u00f3wek w zestawie: 2 sztuki.<\/p>\n<p><span style=\"color: #ff0000;\"><strong>Ko\u0144c\u00f3wki do irygatora Smilesonic Aquaflow nie s\u0105 kompatybilne z irygatorem Smilesonic H<sub>2<\/sub>O!<\/strong><\/span><\/p>\n","protected":false},"excerpt":{"rendered":"<p>Ko\u0144c\u00f3wki wymienne do \u0142agodzenia stan\u00f3w zapalnych w jamie ustnej do irygatora bezprzewodowego Smilesonic Aquaflow. S\u0105 dedykowane osobom, kt\u00f3re cierpi\u0105 na bolesno\u015b\u0107, nadwra\u017cliwo\u015b\u0107, a tak\u017ce krwawienie dzi\u0105se\u0142. Emitowany przez nie strumie\u0144 wody koncentruje si\u0119 na precyzyjnym oczyszczaniu obszar\u00f3w przydzi\u0105s\u0142owych i tym samym hamuje dalszy rozw\u00f3j stan\u00f3w zapalnych. Monta\u017c ko\u0144c\u00f3wek Smilesonic Periodontal jest banalnie prosty i nikomu nie sprawi \u017cadnego problemu.<\/p>\n","protected":false},"featured_media":48740,"comment_status":"open","ping_status":"closed","template":"","meta":{"_acf_changed":false},"product_brand":[],"product_cat":[261],"product_tag":[],"class_list":{"0":"post-48729","1":"product","2":"type-product","3":"status-publish","4":"has-post-thumbnail","6":"product_cat-koncowki-do-irygatorow-smilesonic","8":"first","9":"instock","10":"shipping-taxable","11":"purchasable","12":"product-type-simple"},"acf":[],"_links":{"self":[{"href":"https:\/\/smilesonic.com\/pl\/wp-json\/wp\/v2\/product\/48729","targetHints":{"allow":["GET"]}}],"collection":[{"href":"https:\/\/smilesonic.com\/pl\/wp-json\/wp\/v2\/product"}],"about":[{"href":"https:\/\/smilesonic.com\/pl\/wp-json\/wp\/v2\/types\/product"}],"replies":[{"embeddable":true,"href":"https:\/\/smilesonic.com\/pl\/wp-json\/wp\/v2\/comments?post=48729"}],"wp:featuredmedia":[{"embeddable":true,"href":"https:\/\/smilesonic.com\/pl\/wp-json\/wp\/v2\/media\/48740"}],"wp:attachment":[{"href":"https:\/\/smilesonic.com\/pl\/wp-json\/wp\/v2\/media?parent=48729"}],"wp:term":[{"taxonomy":"product_brand","embeddable":true,"href":"https:\/\/smilesonic.com\/pl\/wp-json\/wp\/v2\/product_brand?post=48729"},{"taxonomy":"product_cat","embeddable":true,"href":"https:\/\/smilesonic.com\/pl\/wp-json\/wp\/v2\/product_cat?post=48729"},{"taxonomy":"product_tag","embeddable":true,"href":"https:\/\/smilesonic.com\/pl\/wp-json\/wp\/v2\/product_tag?post=48729"}],"curies":[{"name":"wp","href":"https:\/\/api.w.org\/{rel}","templated":true}]}}