{"id":48728,"date":"2024-03-07T12:11:44","date_gmt":"2024-03-07T11:11:44","guid":{"rendered":"https:\/\/smilesonic.com\/?post_type=product&#038;p=48728"},"modified":"2026-04-29T11:32:24","modified_gmt":"2026-04-29T09:32:24","slug":"koncowki-do-irygatora-smilesonic-aquaflow-orthodontic-2-szt-do-czyszczenia-aparatow-ortodontycznych-oraz-protez","status":"publish","type":"product","link":"https:\/\/smilesonic.com\/pl\/produkt\/koncowki-do-irygatora-smilesonic-aquaflow-orthodontic-2-szt-do-czyszczenia-aparatow-ortodontycznych-oraz-protez\/","title":{"rendered":"Ko\u0144c\u00f3wki do irygatora Smilesonic Aquaflow Orthodontic 2 szt. \u2013 do czyszczenia aparat\u00f3w ortodontycznych oraz protez"},"content":{"rendered":"<p>Osoby nosz\u0105ce aparaty ortodontyczne lub protezy musz\u0105 szczeg\u00f3lnie dba\u0107 o dok\u0142adn\u0105 higien\u0119 jamy ustnej. Nale\u017cy zdawa\u0107 sobie spraw\u0119, \u017ce w\u0142osie szczoteczki do z\u0119b\u00f3w nie ma mo\u017cliwo\u015bci dotarcia do miejsc wok\u00f3\u0142 zamk\u00f3w (czyli inaczej \u201edrut\u00f3w\u201d) i ligatur aparatu, dlatego trzeba dodatkowo skorzysta\u0107 z profesjonalnego sprz\u0119tu. Ortodontyczne ko\u0144c\u00f3wki Smilesonic Orthodontic tworz\u0105 zgrany duet z irygatorem Smilesonic Aquaflow, kt\u00f3ry z \u0142atwo\u015bci\u0105 poradzi sobie z usuni\u0119ciem nawet uporczywych zabrudze\u0144 z problematycznych obszar\u00f3w wewn\u0105trz jamy ustnej. Stanowi\u0105 one podstaw\u0119 higieny dla ka\u017cdego, kto musi wyregulowa\u0107 zgryz przy pomocy aparatu.<\/p>\n<p><strong>Skuteczna piel\u0119gnacja okolic aparat\u00f3w ortodontycznych i protez<\/strong><\/p>\n<p>W\u0142\u00f3kna ortodontycznych ko\u0144c\u00f3wek do irygatora Smilesonic Aquaflow s\u0105 tak wyprofilowane, by u\u0142atwia\u0107 strumieniowi wody docieranie do trudno dost\u0119pnych miejsc w jamie ustnej. Dzi\u0119ki nim mo\u017cliwa jest ca\u0142kowita eliminacja zabrudze\u0144 nie tylko z przestrzeni mi\u0119dzyz\u0119bowych, ale r\u00f3wnie\u017c poszczeg\u00f3lnych element\u00f3w aparatu ortodontycznego i okolic protez z\u0119bowych.<\/p>\n<p><strong>\u0141atwe nak\u0142adanie i \u015bci\u0105ganie ko\u0144c\u00f3wek<\/strong><\/p>\n<p>Istotny atutem prezentowanych ortodontycznych ko\u0144c\u00f3wek do irygatora Smilesonic Aquaflow jest tak\u017ce bezproblemowy monta\u017c. W tym celu najpierw wciskamy przycisk uwalniania ko\u0144c\u00f3wki, po czym wk\u0142adamy ko\u0144c\u00f3wk\u0119 a\u017c do momentu \u201eklikni\u0119cia\u201d. Ko\u0144c\u00f3wk\u0119 \u015bci\u0105gamy, raz jeszcze naciskaj\u0105c przycisk uwalniania.<\/p>\n<p><strong>Specyfikacja<\/strong><\/p>\n<p>Do modelu: Smilesonic Aquaflow.<\/p>\n<p>Przeznaczenie: ortodontyczna ko\u0144c\u00f3wka do irygatora do czyszczenia aparat\u00f3w naz\u0119bnych oraz protez.<\/p>\n<p>Liczba g\u0142\u00f3wek w zestawie: 2 sztuki.<\/p>\n<p><span style=\"color: #ff0000;\"><strong>Ko\u0144c\u00f3wki do irygatora Smilesonic Aquaflow nie s\u0105 kompatybilne z irygatorem Smilesonic H<sub>2<\/sub>O!<\/strong><\/span><\/p>\n","protected":false},"excerpt":{"rendered":"<p>Ortodontyczne ko\u0144c\u00f3wki wymienne do irygatora bezprzewodowego Smilesonic Aquaflow to specjalistyczne dysze czyszcz\u0105ce stworzone dla os\u00f3b nosz\u0105cych aparaty naz\u0119bne oraz protezy. Wytwarzany przez nie strumie\u0144 wody doskonale piel\u0119gnuje najmniejsze nawet zakamarki znajduj\u0105ce si\u0119 wok\u00f3\u0142 element\u00f3w aparatu czy protezy, a przy tym usuwa bakterie zapobiegaj\u0105c pr\u00f3chnicy i powstawaniu nie\u015bwie\u017cego oddechu.<\/p>\n","protected":false},"featured_media":48736,"comment_status":"open","ping_status":"closed","template":"","meta":{"_acf_changed":false},"product_brand":[],"product_cat":[261],"product_tag":[],"class_list":{"0":"post-48728","1":"product","2":"type-product","3":"status-publish","4":"has-post-thumbnail","6":"product_cat-koncowki-do-irygatorow-smilesonic","8":"first","9":"instock","10":"shipping-taxable","11":"purchasable","12":"product-type-simple"},"acf":[],"_links":{"self":[{"href":"https:\/\/smilesonic.com\/pl\/wp-json\/wp\/v2\/product\/48728","targetHints":{"allow":["GET"]}}],"collection":[{"href":"https:\/\/smilesonic.com\/pl\/wp-json\/wp\/v2\/product"}],"about":[{"href":"https:\/\/smilesonic.com\/pl\/wp-json\/wp\/v2\/types\/product"}],"replies":[{"embeddable":true,"href":"https:\/\/smilesonic.com\/pl\/wp-json\/wp\/v2\/comments?post=48728"}],"wp:featuredmedia":[{"embeddable":true,"href":"https:\/\/smilesonic.com\/pl\/wp-json\/wp\/v2\/media\/48736"}],"wp:attachment":[{"href":"https:\/\/smilesonic.com\/pl\/wp-json\/wp\/v2\/media?parent=48728"}],"wp:term":[{"taxonomy":"product_brand","embeddable":true,"href":"https:\/\/smilesonic.com\/pl\/wp-json\/wp\/v2\/product_brand?post=48728"},{"taxonomy":"product_cat","embeddable":true,"href":"https:\/\/smilesonic.com\/pl\/wp-json\/wp\/v2\/product_cat?post=48728"},{"taxonomy":"product_tag","embeddable":true,"href":"https:\/\/smilesonic.com\/pl\/wp-json\/wp\/v2\/product_tag?post=48728"}],"curies":[{"name":"wp","href":"https:\/\/api.w.org\/{rel}","templated":true}]}}