{"id":48727,"date":"2024-03-07T12:11:30","date_gmt":"2024-03-07T11:11:30","guid":{"rendered":"https:\/\/smilesonic.com\/?post_type=product&#038;p=48727"},"modified":"2026-04-13T20:01:18","modified_gmt":"2026-04-13T18:01:18","slug":"koncowki-do-irygatora-smilesonic-aquaflow-standard-2-szt-do-codziennego-czyszczenia","status":"publish","type":"product","link":"https:\/\/smilesonic.com\/pl\/produkt\/koncowki-do-irygatora-smilesonic-aquaflow-standard-2-szt-do-codziennego-czyszczenia\/","title":{"rendered":"Ko\u0144c\u00f3wki do irygatora Smilesonic Aquaflow Standard 2 szt. \u2013 do codziennego czyszczenia"},"content":{"rendered":"<p>W jamie ustnej znajduj\u0105 si\u0119 zakamarki, w kt\u00f3rych namna\u017ca si\u0119 najwi\u0119cej chorobotw\u00f3rczych bakterii odpowiedzialnych za powstawanie pr\u00f3chnicy czy stan\u00f3w zapalnych dzi\u0105se\u0142. Samo szczotkowanie nie usunie tego problemu, a nitkowanie z\u0119b\u00f3w po ka\u017cdym posi\u0142ku bywa uci\u0105\u017cliwe. Dlatego w\u0142a\u015bnie warto kupi\u0107 irygator stomatologiczny Smilesonic Aquaflow. Prezentowane dysze czyszcz\u0105ce do codziennej irygacji Smilesonic Standard za pomoc\u0105 pulsuj\u0105cego strumienia wody efektywnie pozbywaj\u0105 si\u0119 p\u0142ytki naz\u0119bnej i resztek pokarmowych z newralgicznych obszar\u00f3w w jamie ustnej.<\/p>\n<p><strong>Zapomnij o uci\u0105\u017cliwych z\u0142ogach mi\u0119dzy z\u0119bami<\/strong><\/p>\n<p>Klasyczny, pulsuj\u0105cy strumie\u0144 wody, jaki wytwarza standardowa ko\u0144c\u00f3wka do irygatora Smilesonic Aquaflow u\u0142atwia pozbywanie si\u0119 nieestetycznych osad\u00f3w znajduj\u0105cych si\u0119 w obszarach stycznych z\u0119b\u00f3w. Warto wiedzie\u0107, \u017ce dysza wydobywa wod\u0119 w taki spos\u00f3b, by niszczy\u0142a bakterie, czyli g\u0142\u00f3wn\u0105 przyczyn\u0119 przykrego zapachu z ust oraz nie podra\u017cnia\u0142a nawet nadwra\u017cliwych dzi\u0105se\u0142.<\/p>\n<p><strong>Bezproblemowy monta\u017c ko\u0144c\u00f3wki<\/strong><\/p>\n<p>Bardzo zale\u017ca\u0142o nam, aby standardow\u0105 ko\u0144c\u00f3wk\u0119 do irygatora Smilesonic jak naj\u0142atwiej zak\u0142ada\u0142o si\u0119 i \u015bci\u0105ga\u0142o z r\u0119koje\u015bci irygatora. W tym celu najpierw wciskamy przycisk uwalniania ko\u0144c\u00f3wki, po czym wk\u0142adamy ko\u0144c\u00f3wk\u0119 a\u017c do momentu \u201eklikni\u0119cia\u201d. Ko\u0144c\u00f3wk\u0119 \u015bci\u0105gamy, raz jeszcze naciskaj\u0105c przycisk uwalniania.<\/p>\n<p><strong>Specyfikacja<\/strong><\/p>\n<p>Do modelu: Smilesonic Aquaflow.<\/p>\n<p>Przeznaczenie: standardowa ko\u0144c\u00f3wka do irygatora do codziennej piel\u0119gnacji przestrzeni mi\u0119dzyz\u0119bowych.<\/p>\n<p>Liczba g\u0142\u00f3wek w zestawie: 2 sztuki.<\/p>\n<p><span style=\"color: #ff0000;\"><strong>Ko\u0144c\u00f3wki do irygatora Smilesonic Aquaflow nie s\u0105 kompatybilne z irygatorem Smilesonic H<sub>2<\/sub>O!<\/strong><\/span><\/p>\n","protected":false},"excerpt":{"rendered":"<p>Standardowe ko\u0144c\u00f3wki wymienne do irygatora bezprzewodowego Smilesonic Aquaflow. S\u0142u\u017c\u0105 do usuwania nieestetycznych nalot\u00f3w oraz szkodliwych z\u0142og\u00f3w z miejsc trudno dost\u0119pnych, takich jak np. przestrzenie mi\u0119dzyz\u0119bowe. W wyra\u017any spos\u00f3b poprawiaj\u0105 og\u00f3lny stan dzi\u0105se\u0142, zapewniaj\u0105 czysto\u015b\u0107 ca\u0142ej jamy ustnej, a tym samym \u015bwie\u017co\u015b\u0107 oddechu. Polecane osobom pragn\u0105cych skutecznie zadba\u0107 o zdrowie swojego u\u015bmiechu.<\/p>\n","protected":false},"featured_media":48732,"comment_status":"open","ping_status":"closed","template":"","meta":{"_acf_changed":false},"product_brand":[],"product_cat":[261],"product_tag":[],"class_list":{"0":"post-48727","1":"product","2":"type-product","3":"status-publish","4":"has-post-thumbnail","6":"product_cat-koncowki-do-irygatorow-smilesonic","8":"first","9":"instock","10":"shipping-taxable","11":"purchasable","12":"product-type-simple"},"acf":[],"_links":{"self":[{"href":"https:\/\/smilesonic.com\/pl\/wp-json\/wp\/v2\/product\/48727","targetHints":{"allow":["GET"]}}],"collection":[{"href":"https:\/\/smilesonic.com\/pl\/wp-json\/wp\/v2\/product"}],"about":[{"href":"https:\/\/smilesonic.com\/pl\/wp-json\/wp\/v2\/types\/product"}],"replies":[{"embeddable":true,"href":"https:\/\/smilesonic.com\/pl\/wp-json\/wp\/v2\/comments?post=48727"}],"wp:featuredmedia":[{"embeddable":true,"href":"https:\/\/smilesonic.com\/pl\/wp-json\/wp\/v2\/media\/48732"}],"wp:attachment":[{"href":"https:\/\/smilesonic.com\/pl\/wp-json\/wp\/v2\/media?parent=48727"}],"wp:term":[{"taxonomy":"product_brand","embeddable":true,"href":"https:\/\/smilesonic.com\/pl\/wp-json\/wp\/v2\/product_brand?post=48727"},{"taxonomy":"product_cat","embeddable":true,"href":"https:\/\/smilesonic.com\/pl\/wp-json\/wp\/v2\/product_cat?post=48727"},{"taxonomy":"product_tag","embeddable":true,"href":"https:\/\/smilesonic.com\/pl\/wp-json\/wp\/v2\/product_tag?post=48727"}],"curies":[{"name":"wp","href":"https:\/\/api.w.org\/{rel}","templated":true}]}}