{"id":48655,"date":"2024-03-07T10:49:27","date_gmt":"2024-03-07T09:49:27","guid":{"rendered":"https:\/\/smilesonic.com\/?post_type=product&#038;p=48655"},"modified":"2026-04-17T09:52:01","modified_gmt":"2026-04-17T07:52:01","slug":"irygator-bezprzewodowy-smilesonic-aquaflow","status":"publish","type":"product","link":"https:\/\/smilesonic.com\/pl\/produkt\/irygator-bezprzewodowy-smilesonic-aquaflow\/","title":{"rendered":"Irygator bezprzewodowy Smilesonic AquaFlow"},"content":{"rendered":"<p>Stosowanie irygatora bezprzewodowego Smilesonic AquaFlow jest \u015bwietnym uzupe\u0142nieniem codziennej higieny jamy ustnej. Za jego spraw\u0105 pozb\u0119dziesz si\u0119 z\u0142og\u00f3w zalegaj\u0105cych w trudno dost\u0119pnych miejscach, zw\u0142aszcza w przestrzeniach mi\u0119dzyz\u0119bowych, do kt\u00f3rych nie dociera w\u0142osie zwyk\u0142ej szczoteczki do z\u0119b\u00f3w. Urz\u0105dzenie posiada zbiornik o pojemno\u015bci 300 ml, co pozwala na wykonanie pe\u0142nej, dwuminutowej irygacji. Opr\u00f3cz tego wyposa\u017cono je w pi\u0119\u0107 tryb\u00f3w pracy, tak aby ka\u017cda osoba mog\u0142a wybra\u0107 ten odpowiedni dla siebie. Irygator bezprzewodowy Smilesonic AquaFlow jest dla wszystkich os\u00f3b, kt\u00f3rym zale\u017cy na komfortowym oczyszczaniu przestrzeni mi\u0119dzy z\u0119bami.<\/p>\n<p>Czy\u015b\u0107 przestrzenie mi\u0119dzyz\u0119bowe w kilku trybach<\/p>\n<p>Irygator bezprzewodowy Smilesonic AquaFlow zosta\u0142 wyposa\u017cony w pi\u0119\u0107 tryb\u00f3w, kt\u00f3re oferuj\u0105 prac\u0119 w zakresie ci\u015bnienia 2,75-7,6 bara. Najni\u017csze ci\u015bnienie przeznaczone jest zwykle dla pocz\u0105tkuj\u0105cych, a najwy\u017csze \u2013 dla do\u015bwiadczonych u\u017cytkownik\u00f3w irygator\u00f3w do z\u0119b\u00f3w.<\/p>\n<p>Urz\u0105dzenie zapami\u0119tuje ostatnio stosowany tryb pracy i automatycznie wy\u0142\u0105cza si\u0119 po 120 sekundach irygacji. Zacznij od ni\u017cszego ustawienia i zwi\u0119kszaj je wed\u0142ug w\u0142asnych potrzeb.<\/p>\n<p><strong>\u00a05 r\u00f3\u017cnych ko\u0144c\u00f3wek wymiennych<\/strong><\/p>\n<p>W zestawie z irygatorem Smilesonic AquaFlow znajduje si\u0119 a\u017c pi\u0119\u0107 dysz czyszcz\u0105cych! Ka\u017cda z nich zosta\u0142a stworzona do innego sposobu mycia.<\/p>\n<ul>\n<li>Ko\u0144c\u00f3wka standardowa \u2013 przeznaczona do codziennej piel\u0119gnacji przestrzeni mi\u0119dzyz\u0119bowych. Oczyszcza je z resztek pokarmowych, osad\u00f3w i p\u0142ytki naz\u0119bnej.<\/li>\n<li>Ko\u0144c\u00f3wka periodontologiczna \u2013 polecana osobom cierpi\u0105cym na stany zapalne jamy ustnej. Umo\u017cliwia strumieniowi wody g\u0142\u0119bokie doczyszczanie ciasnych przestrzeni mi\u0119dzyz\u0119bowych oraz linii dzi\u0105se\u0142.<\/li>\n<li>Ko\u0144c\u00f3wka ortodontyczna \u2013 stworzona dla os\u00f3b z aparatami ortodontycznymi oraz implantami. Kieruje strumie\u0144 wody w taki spos\u00f3b, aby trafia\u0142 w trudno dost\u0119pne miejsca.<\/li>\n<li>Ko\u0144c\u00f3wka do mycia z\u0119b\u00f3w \u2013 jej dodatkowe, specjalne w\u0142osie pozwala skutecznie zadba\u0107 o mostki dentystyczne oraz implanty.<\/li>\n<li>Ko\u0144c\u00f3wka do mycia j\u0119zyka \u2013 wyr\u00f3\u017cnia si\u0119 specjalnym kszta\u0142tem, kt\u00f3ry u\u0142atwia \u015bci\u0105ganie nalot\u00f3w ze wszystkich powierzchni j\u0119zyka. Dzi\u0119ki temu zachowujemy \u015bwie\u017cy oddech na d\u0142u\u017cej.<\/li>\n<\/ul>\n<p><strong>Du\u017cy, wygodny zbiornik na wod\u0119<\/strong><\/p>\n<p>Irygator Smilesonic AquaFlow wyr\u00f3\u017cnia si\u0119 zbiornikiem na wod\u0119 o pojemno\u015bci a\u017c 300 ml. Dzi\u0119ki temu wystarczy nape\u0142ni\u0107 go tylko raz, aby wykona\u0107 pe\u0142n\u0105, dwuminutow\u0105 irygacj\u0119. Zapomnij o uci\u0105\u017cliwym dolewaniu wody.<\/p>\n<p><strong>Komfortowa irygacja w dowolnym miejscu<\/strong><\/p>\n<p>Urz\u0105dzenie \u015bwietnie sprawdzi si\u0119 podczas podr\u00f3\u017cy, nie tylko ze wzgl\u0119du na sw\u00f3j wydajny akumulator, ale r\u00f3wnie\u017c niewielki rozmiar, dzi\u0119ki kt\u00f3remu nie zajmuje zbyt wiele miejsca w plecaku czy torbie podr\u00f3\u017cnej. Ponadto bez problemu zmie\u015bci si\u0119 na p\u00f3\u0142ce w \u0142azience.<\/p>\n<p><strong><span style=\"text-decoration: underline;\">Zawarto\u015b\u0107 zestawu:<\/span><\/strong><\/p>\n<ul>\n<li>irygator bezprzewodowy Smilesonic AquaFlow<\/li>\n<li>5 r\u00f3\u017cnych dysz czyszcz\u0105cych (ko\u0144c\u00f3wka standardowa, ko\u0144c\u00f3wka periodontologiczna, ko\u0144c\u00f3wka ortodontyczna, ko\u0144c\u00f3wka do mycia z\u0119b\u00f3w, ko\u0144c\u00f3wka do mycia j\u0119zyka)<\/li>\n<li>kabel \u0142adowania USB z adapterem<\/li>\n<li>instrukcja obs\u0142ugi w j\u0119zyku polskim.<\/li>\n<\/ul>\n","protected":false},"excerpt":{"rendered":"<p>Irygator bezprzewodowy Smilesonic AquaFlow to wysokiej klasy urz\u0105dzenie stworzone do piel\u0119gnacji przestrzeni mi\u0119dzyz\u0119bowych w pi\u0119ciu trybach pracy, w kt\u00f3rych ci\u015bnienie wyst\u0119puje w przedziale 2,75-7,6 bara. Jego istotn\u0105 zalet\u0105 jest du\u017cy zbiornik na wod\u0119, kt\u00f3ry nie wymaga uzupe\u0142niania podczas procesu irygacji. Irygator bezprzewodowy Smilesonic zosta\u0142 r\u00f3wnie\u017c wyposa\u017cony w wydajny akumulator, kt\u00f3ry zapewnia nawet do dw\u00f3ch tygodni pracy. Ponadto w zestawie z urz\u0105dzeniem znajdziemy pi\u0119\u0107 r\u00f3\u017cnych specjalistycznych ko\u0144c\u00f3wek oraz kabel \u0142adowania USB wraz z adapterem. Produkt dost\u0119pny jest w czterech wersjach kolorystycznych: bia\u0142ej, czarnej, r\u00f3\u017cowej lub granatowej.<\/p>\n","protected":false},"featured_media":48663,"comment_status":"open","ping_status":"closed","template":"","meta":{"_acf_changed":false},"product_brand":[],"product_cat":[260],"product_tag":[],"class_list":{"0":"post-48655","1":"product","2":"type-product","3":"status-publish","4":"has-post-thumbnail","6":"product_cat-irygatory-stomatologiczne-smilesonic","8":"first","9":"instock","10":"shipping-taxable","11":"purchasable","12":"product-type-variable","13":"has-default-attributes"},"acf":[],"_links":{"self":[{"href":"https:\/\/smilesonic.com\/pl\/wp-json\/wp\/v2\/product\/48655","targetHints":{"allow":["GET"]}}],"collection":[{"href":"https:\/\/smilesonic.com\/pl\/wp-json\/wp\/v2\/product"}],"about":[{"href":"https:\/\/smilesonic.com\/pl\/wp-json\/wp\/v2\/types\/product"}],"replies":[{"embeddable":true,"href":"https:\/\/smilesonic.com\/pl\/wp-json\/wp\/v2\/comments?post=48655"}],"wp:featuredmedia":[{"embeddable":true,"href":"https:\/\/smilesonic.com\/pl\/wp-json\/wp\/v2\/media\/48663"}],"wp:attachment":[{"href":"https:\/\/smilesonic.com\/pl\/wp-json\/wp\/v2\/media?parent=48655"}],"wp:term":[{"taxonomy":"product_brand","embeddable":true,"href":"https:\/\/smilesonic.com\/pl\/wp-json\/wp\/v2\/product_brand?post=48655"},{"taxonomy":"product_cat","embeddable":true,"href":"https:\/\/smilesonic.com\/pl\/wp-json\/wp\/v2\/product_cat?post=48655"},{"taxonomy":"product_tag","embeddable":true,"href":"https:\/\/smilesonic.com\/pl\/wp-json\/wp\/v2\/product_tag?post=48655"}],"curies":[{"name":"wp","href":"https:\/\/api.w.org\/{rel}","templated":true}]}}