{"id":46581,"date":"2024-01-15T11:01:39","date_gmt":"2024-01-15T10:01:39","guid":{"rendered":"https:\/\/smilesonic.com\/?post_type=product&#038;p=46581"},"modified":"2025-11-04T14:20:36","modified_gmt":"2025-11-04T13:20:36","slug":"zestaw-6-koncowek-smilesonic-up-ex-go-2x-dailycare-2x-sensitouch-2x-shinywhite","status":"publish","type":"product","link":"https:\/\/smilesonic.com\/pl\/produkt\/zestaw-6-koncowek-smilesonic-up-ex-go-2x-dailycare-2x-sensitouch-2x-shinywhite\/","title":{"rendered":"Zestaw 6 ko\u0144c\u00f3wek Smilesonic UP \/ EX \/ GO \u2013 2x DailyCare, 2x SensiTouch, 2x ShinyWhite &#8211; kolor czarny"},"content":{"rendered":"<p>Je\u015bli potrzebujesz zr\u00f3\u017cnicowanych ko\u0144c\u00f3wek wymiennych kompatybilnych ze szczoteczkami sonicznymi Smilesonic UP, Smilesonic EX i Smilesonic GO, si\u0119gnij po prezentowany przez nas zestaw. Znajdziesz w nim po dwie ko\u0144c\u00f3wki do codziennego mycia z\u0119b\u00f3w, do czyszczenia z\u0119b\u00f3w wra\u017cliwych, a tak\u017ce do wybielania.<\/p>\n<p><strong>Ko\u0144c\u00f3wki Smilesonic DailyCare<\/strong><\/p>\n<p>Smilesonic DailyCare to ko\u0144c\u00f3wki wymienne przeznaczone do codziennej higieny jamy ustnej, wyposa\u017cone we w\u0142osie o \u015bredniej twardo\u015bci. Najlepiej sprawdzaj\u0105 si\u0119 wraz z trybem Clean.<\/p>\n<p><strong>Ko\u0144c\u00f3wki Smilesonic SensiTouch<\/strong><\/p>\n<p>Smilesonic SensiTouch to ko\u0144c\u00f3wki wymienne przeznaczone do mycia z\u0119b\u00f3w wra\u017cliwych, kt\u00f3re charakteryzuj\u0105 si\u0119 delikatnymi i mi\u0119kkimi w\u0142\u00f3knami. Najlepiej sprawdzaj\u0105 si\u0119 wraz<br \/>\nz trybem Sensitive.<\/p>\n<p><strong>Ko\u0144c\u00f3wki Smilesonic ShinyWhite<\/strong><\/p>\n<p>Smilesonic ShinyWhite to ko\u0144c\u00f3wki wymienne przeznaczone do wybielania z\u0119b\u00f3w poprzez usuwanie przebarwie\u0144 powierzchniowych. Wyr\u00f3\u017cniaj\u0105 si\u0119 twardymi, g\u0119sto u\u0142o\u017conymi w\u0142\u00f3knami. Najlepiej sprawdzaj\u0105 si\u0119 wraz z trybem White.<\/p>\n<p>Specyfikacja:<\/p>\n<ul>\n<li>do modeli: Smilesonic UP, Smilesonic EX, Smilesonic GO<\/li>\n<li>przeznaczenie: Smilesonic DailyCare \u2013 codzienne mycie z\u0119b\u00f3w; Smilesonic SensiTouch \u2013 mycie z\u0119b\u00f3w wra\u017cliwych; Smilesonic ShinyWhite \u2013 wybielanie z\u0119b\u00f3w<\/li>\n<li>liczba g\u0142\u00f3wek w zestawie: 6 (2x DailyCare, 2x SensiTouch, 2x ShinyWhite)<\/li>\n<li>ka\u017cda z ko\u0144c\u00f3wek zapakowana jest pojedynczo w ma\u0142ym oddzielnym opakowaniu<\/li>\n<\/ul>\n<p><span style=\"text-decoration: underline; color: #ff0000;\">Ko\u0144c\u00f3wki przeznaczone s\u0105 wy\u0142\u0105cznie do modeli Smilesonic UP, Smilesonic EX oraz Smilesonic GO. Nie pasuj\u0105 do szczoteczki Smilesonic PerfectClean.<\/span><\/p>\n","protected":false},"excerpt":{"rendered":"<p>Zestaw 6 ko\u0144c\u00f3wek Smilesonic do szczoteczek sonicznych Smilesonic UP, Smilesonic EX i Smilesonic GO. Znajdziesz w nim ko\u0144c\u00f3wki Smilesonic DailyCare (do codziennego mycia z\u0119b\u00f3w), Smilesonic SensiTouch (do mycia z\u0119b\u00f3w wra\u017cliwych) i Smilesonic ShinyWhite (do wybielania z\u0119b\u00f3w). Ko\u0144c\u00f3wki r\u00f3\u017cni\u0105 si\u0119 od siebie twardo\u015bci\u0105 oraz u\u0142o\u017ceniem w\u0142\u00f3kien w g\u0142\u00f3wce. Wszystkie zosta\u0142y wyposa\u017cone we wska\u017anik zu\u017cycia w\u0142osia.<\/p>\n","protected":false},"featured_media":46582,"comment_status":"open","ping_status":"closed","template":"","meta":{"_acf_changed":false},"product_brand":[],"product_cat":[57],"product_tag":[],"class_list":{"0":"post-46581","1":"product","2":"type-product","3":"status-publish","4":"has-post-thumbnail","6":"product_cat-koncowki-do-szczoteczek-sonicznych","8":"first","9":"outofstock","10":"shipping-taxable","11":"purchasable","12":"product-type-simple"},"acf":[],"_links":{"self":[{"href":"https:\/\/smilesonic.com\/pl\/wp-json\/wp\/v2\/product\/46581","targetHints":{"allow":["GET"]}}],"collection":[{"href":"https:\/\/smilesonic.com\/pl\/wp-json\/wp\/v2\/product"}],"about":[{"href":"https:\/\/smilesonic.com\/pl\/wp-json\/wp\/v2\/types\/product"}],"replies":[{"embeddable":true,"href":"https:\/\/smilesonic.com\/pl\/wp-json\/wp\/v2\/comments?post=46581"}],"wp:featuredmedia":[{"embeddable":true,"href":"https:\/\/smilesonic.com\/pl\/wp-json\/wp\/v2\/media\/46582"}],"wp:attachment":[{"href":"https:\/\/smilesonic.com\/pl\/wp-json\/wp\/v2\/media?parent=46581"}],"wp:term":[{"taxonomy":"product_brand","embeddable":true,"href":"https:\/\/smilesonic.com\/pl\/wp-json\/wp\/v2\/product_brand?post=46581"},{"taxonomy":"product_cat","embeddable":true,"href":"https:\/\/smilesonic.com\/pl\/wp-json\/wp\/v2\/product_cat?post=46581"},{"taxonomy":"product_tag","embeddable":true,"href":"https:\/\/smilesonic.com\/pl\/wp-json\/wp\/v2\/product_tag?post=46581"}],"curies":[{"name":"wp","href":"https:\/\/api.w.org\/{rel}","templated":true}]}}