{"id":46576,"date":"2024-01-15T10:59:05","date_gmt":"2024-01-15T09:59:05","guid":{"rendered":"https:\/\/smilesonic.com\/?post_type=product&#038;p=46576"},"modified":"2026-04-14T11:59:09","modified_gmt":"2026-04-14T09:59:09","slug":"koncowki-smilesonic-sensitouch-6-szt-do-zebow-wrazliwych-up-ex-go","status":"publish","type":"product","link":"https:\/\/smilesonic.com\/pl\/produkt\/koncowki-smilesonic-sensitouch-6-szt-do-zebow-wrazliwych-up-ex-go\/","title":{"rendered":"Ko\u0144c\u00f3wki Smilesonic SensiTouch 6 szt. &#8211; do z\u0119b\u00f3w wra\u017cliwych &#8211; UP \/ EX \/ GO &#8211; kolor czarny"},"content":{"rendered":"<p>Piel\u0119gnacja z\u0119b\u00f3w nadwra\u017cliwych powinna nieco r\u00f3\u017cni\u0107 si\u0119 od piel\u0119gnacji z\u0119b\u00f3w zdrowych. Aby wyczy\u015bci\u0107 je w spos\u00f3b skuteczny i zarazem bezpieczny, nie podra\u017cniaj\u0105c nerw\u00f3w<br \/>\nw ods\u0142oni\u0119tych kanalikach z\u0119bowych, nale\u017cy zastosowa\u0107 ko\u0144c\u00f3wk\u0119 z delikatnym w\u0142osiem. Taka jest w\u0142a\u015bnie ko\u0144c\u00f3wka Smilesonic SensiTouch, kompatybilna ze szczoteczkami sonicznymi Smilesonic UP, Smilesonic EX i Smilesonic GO.<\/p>\n<p><strong>Delikatne i skuteczne<\/strong><\/p>\n<p>Ko\u0144c\u00f3wka Smilesonic SensiTouch posiada bardzo mi\u0119kkie w\u0142\u00f3kna, kt\u00f3ra nie szkodz\u0105 delikatnym z\u0119bom. W\u0142osie usuwa osady w spos\u00f3b skuteczny, a stosowanie ko\u0144c\u00f3wki wraz<br \/>\nz trybem Sensitive pozwoli na jeszcze lepsze oczyszczanie. Regularne u\u017cywanie ko\u0144c\u00f3wki Smilesonic SensiTouch sprawi, \u017ce Twoje wra\u017cliwe z\u0119by stan\u0105 si\u0119 czyste i bia\u0142e!<\/p>\n<p><strong>Wska\u017anik zu\u017cycia w\u0142osia<\/strong><\/p>\n<p>Ko\u0144c\u00f3wki Smilesonic SensiTouch wyposa\u017cono w specjalne w\u0142osie, kt\u00f3re zmienia swoj\u0105 barw\u0119 wraz ze stopniowym zu\u017cyciem. Dzi\u0119ki tej funkcji wiemy, kiedy przychodzi czas na wymian\u0119 starej ko\u0144c\u00f3wki na now\u0105. \u015aredni okres przydatno\u015bci ko\u0144c\u00f3wek wynosi 3 miesi\u0105ce.<\/p>\n<p><strong>Specyfikacja:<\/strong><\/p>\n<ul>\n<li>do modeli: Smilesonic UP, Smilesonic EX, Smilesonic GO<\/li>\n<li>przeznaczenie: mycie wra\u017cliwych z\u0119b\u00f3w i dzi\u0105se\u0142<\/li>\n<li>liczba g\u0142\u00f3wek w zestawie: 6<\/li>\n<li>ka\u017cda z ko\u0144c\u00f3wek zapakowana jest pojedynczo w ma\u0142ym oddzielnym opakowaniu<\/li>\n<\/ul>\n<p><span style=\"text-decoration: underline;\"><span style=\"color: #ff0000; text-decoration: underline;\">Ko\u0144c\u00f3wki przeznaczone s\u0105 wy\u0142\u0105cznie do modeli Smilesonic UP, Smilesonic EX oraz Smilesonic GO. Nie pasuj\u0105 do szczoteczki Smilesonic PerfectClean.<\/span><\/span><\/p>\n","protected":false},"excerpt":{"rendered":"<p>Smilesonic SensiTouch to ko\u0144c\u00f3wki wymienne stworzone z my\u015bl\u0105 o codziennym oczyszczaniu z\u0119b\u00f3w wra\u017cliwych. Wyposa\u017cono je w mi\u0119kkie w\u0142osie, kt\u00f3re zmienia swoj\u0105 barw\u0119 na skutek zu\u017cycia, dzi\u0119ki czemu wiemy, kiedy trac\u0105 swoje w\u0142a\u015bciwo\u015bci. Ko\u0144c\u00f3wki wykazuj\u0105 kompatybilno\u015b\u0107 ze szczoteczkami sonicznymi Smilesonic UP, Smilesonic EX i Smilesonic GO W zestawie znajduje si\u0119 6 czarnych ko\u0144c\u00f3wek.<\/p>\n","protected":false},"featured_media":46577,"comment_status":"open","ping_status":"closed","template":"","meta":{"_acf_changed":false},"product_brand":[],"product_cat":[57],"product_tag":[],"class_list":{"0":"post-46576","1":"product","2":"type-product","3":"status-publish","4":"has-post-thumbnail","6":"product_cat-koncowki-do-szczoteczek-sonicznych","8":"first","9":"outofstock","10":"shipping-taxable","11":"purchasable","12":"product-type-simple"},"acf":[],"_links":{"self":[{"href":"https:\/\/smilesonic.com\/pl\/wp-json\/wp\/v2\/product\/46576","targetHints":{"allow":["GET"]}}],"collection":[{"href":"https:\/\/smilesonic.com\/pl\/wp-json\/wp\/v2\/product"}],"about":[{"href":"https:\/\/smilesonic.com\/pl\/wp-json\/wp\/v2\/types\/product"}],"replies":[{"embeddable":true,"href":"https:\/\/smilesonic.com\/pl\/wp-json\/wp\/v2\/comments?post=46576"}],"wp:featuredmedia":[{"embeddable":true,"href":"https:\/\/smilesonic.com\/pl\/wp-json\/wp\/v2\/media\/46577"}],"wp:attachment":[{"href":"https:\/\/smilesonic.com\/pl\/wp-json\/wp\/v2\/media?parent=46576"}],"wp:term":[{"taxonomy":"product_brand","embeddable":true,"href":"https:\/\/smilesonic.com\/pl\/wp-json\/wp\/v2\/product_brand?post=46576"},{"taxonomy":"product_cat","embeddable":true,"href":"https:\/\/smilesonic.com\/pl\/wp-json\/wp\/v2\/product_cat?post=46576"},{"taxonomy":"product_tag","embeddable":true,"href":"https:\/\/smilesonic.com\/pl\/wp-json\/wp\/v2\/product_tag?post=46576"}],"curies":[{"name":"wp","href":"https:\/\/api.w.org\/{rel}","templated":true}]}}