{"id":46564,"date":"2024-01-15T10:55:30","date_gmt":"2024-01-15T09:55:30","guid":{"rendered":"https:\/\/smilesonic.com\/?post_type=product&#038;p=46564"},"modified":"2026-03-20T16:21:09","modified_gmt":"2026-03-20T15:21:09","slug":"koncowki-smilesonic-shinywhite-6-szt-wybielajace-up-ex-go","status":"publish","type":"product","link":"https:\/\/smilesonic.com\/pl\/produkt\/koncowki-smilesonic-shinywhite-6-szt-wybielajace-up-ex-go\/","title":{"rendered":"Ko\u0144c\u00f3wki Smilesonic ShinyWhite 6 szt. &#8211; wybielaj\u0105ce &#8211; UP \/ EX \/ GO &#8211; kolor czarny"},"content":{"rendered":"<p>Chcesz wybieli\u0107 swoje z\u0119by? Teraz mo\u017cesz zrobi\u0107 to w domu! Si\u0119gnij po ko\u0144c\u00f3wki wybielaj\u0105ce Smilesonic ShinyWhite do szczoteczek sonicznych Smilesonic UP, Smilesonic EX i Smilesonic GO. Dzi\u0119ki nim poradzisz sobie z przebarwieniami powierzchniowymi na swoich z\u0119bach.<\/p>\n<p><strong>Kompleksowe wybielanie<\/strong><\/p>\n<p>Smilesonic ShinyWhite to ko\u0144c\u00f3wki, kt\u00f3re dzia\u0142aj\u0105 najlepiej wraz z trybem Whitew szczoteczkach sonicznych Smilesonic UP, Smilesonic EX i Smilesonic GO. Posiadaj\u0105 twarde w\u0142osie, kt\u00f3rego g\u0119ste u\u0142o\u017cenie pozwala usun\u0105\u0107 barwi\u0105cy osad po kawie czy winie bez uszkodzenia struktury szkliwa. Korzystaj\u0105c z nich, efekty wybielenia swoich z\u0119b\u00f3w zauwa\u017cysz ju\u017c po kilku dniach!<\/p>\n<p><strong>Wska\u017anik zu\u017cycia w\u0142osia<\/strong><\/p>\n<p>Ko\u0144c\u00f3wki Smilesonic ShinyWhite posiadaj\u0105 specjalne w\u0142osie, kt\u00f3re zmienia sw\u00f3j kolor wraz ze stopniowym zu\u017cyciem. Dzi\u0119ki temu wiemy, kiedy nale\u017cy wymieni\u0107 star\u0105 ko\u0144c\u00f3wk\u0119 na now\u0105. \u015aredni okres przydatno\u015bci ko\u0144c\u00f3wek to 3 miesi\u0105ce.<\/p>\n<p><strong>Specyfikacja:<\/strong><\/p>\n<ul>\n<li>do modeli: Smilesonic UP, Smilesonic EX, Smilesonic GO<\/li>\n<li>przeznaczenie: wybielanie z\u0119b\u00f3w poprzez codzienne mycie<\/li>\n<li>liczba g\u0142\u00f3wek w zestawie: 6<\/li>\n<li>ka\u017cda z ko\u0144c\u00f3wek zapakowana jest pojedynczo w ma\u0142ym oddzielnym opakowaniu<\/li>\n<\/ul>\n<p><span style=\"text-decoration: underline;\"><span style=\"color: #ff0000; text-decoration: underline;\">Ko\u0144c\u00f3wki przeznaczone s\u0105 wy\u0142\u0105cznie do modeli Smilesonic UP, Smilesonic EX oraz Smilesonic GO. Nie pasuj\u0105 do szczoteczki Smilesonic PerfectClean.<\/span><\/span><\/p>\n","protected":false},"excerpt":{"rendered":"<p>Smilesonic ShinyWhite to ko\u0144c\u00f3wki wybielaj\u0105ce do szczoteczek sonicznych Smilesonic UP, Smilesonic EX i Smilesonic GO. Zosta\u0142y wyposa\u017cone w twarde, g\u0119sto u\u0142o\u017cone w\u0142osie, kt\u00f3re bez problemu usuwa osad z powierzchni z\u0119b\u00f3w. Dodatkowo ich w\u0142\u00f3kna zmieniaj\u0105 sw\u00f3j kolor wraz ze stopniowym zu\u017cyciem, sygnalizuj\u0105c tym samym konieczno\u015b\u0107 wymiany. W zestawie znajduje si\u0119 6 czarnych ko\u0144c\u00f3wek.<\/p>\n","protected":false},"featured_media":46572,"comment_status":"open","ping_status":"closed","template":"","meta":{"_acf_changed":false},"product_brand":[],"product_cat":[57],"product_tag":[],"class_list":{"0":"post-46564","1":"product","2":"type-product","3":"status-publish","4":"has-post-thumbnail","6":"product_cat-koncowki-do-szczoteczek-sonicznych","8":"first","9":"outofstock","10":"shipping-taxable","11":"purchasable","12":"product-type-simple"},"acf":[],"_links":{"self":[{"href":"https:\/\/smilesonic.com\/pl\/wp-json\/wp\/v2\/product\/46564","targetHints":{"allow":["GET"]}}],"collection":[{"href":"https:\/\/smilesonic.com\/pl\/wp-json\/wp\/v2\/product"}],"about":[{"href":"https:\/\/smilesonic.com\/pl\/wp-json\/wp\/v2\/types\/product"}],"replies":[{"embeddable":true,"href":"https:\/\/smilesonic.com\/pl\/wp-json\/wp\/v2\/comments?post=46564"}],"wp:featuredmedia":[{"embeddable":true,"href":"https:\/\/smilesonic.com\/pl\/wp-json\/wp\/v2\/media\/46572"}],"wp:attachment":[{"href":"https:\/\/smilesonic.com\/pl\/wp-json\/wp\/v2\/media?parent=46564"}],"wp:term":[{"taxonomy":"product_brand","embeddable":true,"href":"https:\/\/smilesonic.com\/pl\/wp-json\/wp\/v2\/product_brand?post=46564"},{"taxonomy":"product_cat","embeddable":true,"href":"https:\/\/smilesonic.com\/pl\/wp-json\/wp\/v2\/product_cat?post=46564"},{"taxonomy":"product_tag","embeddable":true,"href":"https:\/\/smilesonic.com\/pl\/wp-json\/wp\/v2\/product_tag?post=46564"}],"curies":[{"name":"wp","href":"https:\/\/api.w.org\/{rel}","templated":true}]}}