{"id":46561,"date":"2024-01-15T10:47:05","date_gmt":"2024-01-15T09:47:05","guid":{"rendered":"https:\/\/smilesonic.com\/?post_type=product&#038;p=46561"},"modified":"2025-04-03T21:38:11","modified_gmt":"2025-04-03T19:38:11","slug":"koncowki-smilesonic-dailycare-6-szt-standardowe-up-ex-go","status":"publish","type":"product","link":"https:\/\/smilesonic.com\/pl\/produkt\/koncowki-smilesonic-dailycare-6-szt-standardowe-up-ex-go\/","title":{"rendered":"Ko\u0144c\u00f3wki Smilesonic DailyCare 6 szt. &#8211; standardowe &#8211; UP \/ EX \/ GO &#8211; kolor czarny"},"content":{"rendered":"<p>Codzienna higiena jamy ustnej to klucz do zachowania zdrowia z\u0119b\u00f3w i dzi\u0105se\u0142. Je\u015bli posiadasz jedn\u0105 ze szczoteczek sonicznych Smilesonic UP, Smilesonic EX lub Smilesonic GO, si\u0119gnij po standardowe ko\u0144c\u00f3wki wymienne Smilesonic DailyCare, kt\u00f3re bez problemu poradz\u0105 sobie z p\u0142ytk\u0105 naz\u0119bn\u0105 i bakteriami.<\/p>\n<p><strong>Codzienna higiena jamy ustnej<\/strong><\/p>\n<p>Ko\u0144c\u00f3wka Smilesonic DailyCare najlepiej sprawdzi si\u0119 w trybie Clean w szczoteczkach sonicznych marki Smilesonic. Opr\u00f3cz tego mo\u017cna stosowa\u0107 j\u0105 r\u00f3wnie\u017c w trybie delikatnym, je\u015bli z\u0119by u\u017cytkownika s\u0105 zdrowe i nie dotyczy ich nadwra\u017cliwo\u015b\u0107. Standardowa ko\u0144c\u00f3wka zapewni Ci profesjonaln\u0105 ochron\u0119 z\u0119b\u00f3w ka\u017cdego dnia.<\/p>\n<p><strong>Wska\u017anik zu\u017cycia w\u0142osia<\/strong><\/p>\n<p>Ko\u0144c\u00f3wki Smilesonic DailyCare wyposa\u017cono w specjalne w\u0142osie, kt\u00f3re zmienia swoj\u0105 barw\u0119 wraz ze stopniowym zu\u017cyciem. Dzi\u0119ki tej funkcji wiemy, kiedy przychodzi czas na wymian\u0119 starej ko\u0144c\u00f3wki na now\u0105. \u015aredni okres przydatno\u015bci ko\u0144c\u00f3wek wynosi 3 miesi\u0105ce.<\/p>\n<p><strong>Specyfikacja:<\/strong><\/p>\n<ul>\n<li>do modeli: Smilesonic UP, Smilesonic EX, Smilesonic GO<\/li>\n<li>przeznaczenie: codzienne \u2013 standardowe mycie z\u0119b\u00f3w<\/li>\n<li>liczba g\u0142\u00f3wek w zestawie: 6<\/li>\n<li>ka\u017cda z ko\u0144c\u00f3wek zapakowana jest pojedynczo w ma\u0142ym oddzielnym opakowaniu<\/li>\n<\/ul>\n<p><span style=\"text-decoration: underline;\"><span style=\"color: #ff0000; text-decoration: underline;\">Ko\u0144c\u00f3wki przeznaczone s\u0105 wy\u0142\u0105cznie do modeli Smilesonic UP, Smilesonic EX oraz Smilesonic GO. Nie pasuj\u0105 do szczoteczki Smilesonic PerfectClean.<\/span><\/span><\/p>\n","protected":false},"excerpt":{"rendered":"<p>Smilesonic DailyCare to standardowe ko\u0144c\u00f3wki wymienne przeznaczone do codziennej higieny jamy ustnej, kompatybilne ze szczoteczkami sonicznymi Smilesonic UP, Smilesonic EX i Smilesonic GO. Posiadaj\u0105 w\u0142osie o \u015bredniej twardo\u015bci, kt\u00f3re zmienia sw\u00f3j kolor na skutek zu\u017cycia, dzi\u0119ki czemu wiemy, kiedy nale\u017cy wymieni\u0107 ko\u0144c\u00f3wk\u0119 na now\u0105. Produkt nie pasuje do szczoteczki Smilesonic PerfectClean. W zestawie znajduje si\u0119 6 czarnych ko\u0144c\u00f3wek.<\/p>\n","protected":false},"featured_media":46567,"comment_status":"open","ping_status":"closed","template":"","meta":{"_acf_changed":false},"product_brand":[],"product_cat":[57],"product_tag":[],"class_list":{"0":"post-46561","1":"product","2":"type-product","3":"status-publish","4":"has-post-thumbnail","6":"product_cat-koncowki-do-szczoteczek-sonicznych","8":"first","9":"outofstock","10":"shipping-taxable","11":"purchasable","12":"product-type-simple"},"acf":[],"_links":{"self":[{"href":"https:\/\/smilesonic.com\/pl\/wp-json\/wp\/v2\/product\/46561","targetHints":{"allow":["GET"]}}],"collection":[{"href":"https:\/\/smilesonic.com\/pl\/wp-json\/wp\/v2\/product"}],"about":[{"href":"https:\/\/smilesonic.com\/pl\/wp-json\/wp\/v2\/types\/product"}],"replies":[{"embeddable":true,"href":"https:\/\/smilesonic.com\/pl\/wp-json\/wp\/v2\/comments?post=46561"}],"wp:featuredmedia":[{"embeddable":true,"href":"https:\/\/smilesonic.com\/pl\/wp-json\/wp\/v2\/media\/46567"}],"wp:attachment":[{"href":"https:\/\/smilesonic.com\/pl\/wp-json\/wp\/v2\/media?parent=46561"}],"wp:term":[{"taxonomy":"product_brand","embeddable":true,"href":"https:\/\/smilesonic.com\/pl\/wp-json\/wp\/v2\/product_brand?post=46561"},{"taxonomy":"product_cat","embeddable":true,"href":"https:\/\/smilesonic.com\/pl\/wp-json\/wp\/v2\/product_cat?post=46561"},{"taxonomy":"product_tag","embeddable":true,"href":"https:\/\/smilesonic.com\/pl\/wp-json\/wp\/v2\/product_tag?post=46561"}],"curies":[{"name":"wp","href":"https:\/\/api.w.org\/{rel}","templated":true}]}}