{"id":44049,"date":"2023-12-05T16:21:47","date_gmt":"2023-12-05T15:21:47","guid":{"rendered":"https:\/\/smilesonic.com\/?post_type=product&#038;p=44049"},"modified":"2026-04-19T20:10:09","modified_gmt":"2026-04-19T18:10:09","slug":"ladowarka-do-szczoteczek-sonicznych-smilesonic-ex","status":"publish","type":"product","link":"https:\/\/smilesonic.com\/pl\/produkt\/ladowarka-do-szczoteczek-sonicznych-smilesonic-ex\/","title":{"rendered":"\u0141adowarka do szczoteczek sonicznych Smilesonic EX"},"content":{"rendered":"","protected":false},"excerpt":{"rendered":"<p><strong>\u0141adowarka indukcyjna Smilesonic pasuje do nast\u0119puj\u0105cych modeli:<\/strong><\/p>\n<ul>\n<li>Smilesonic EX<\/li>\n<li>Smilesonic GO<\/li>\n<li>Smilesonic KIDS<\/li>\n<\/ul>\n","protected":false},"featured_media":44052,"comment_status":"open","ping_status":"closed","template":"","meta":{"_acf_changed":false},"product_brand":[],"product_cat":[3090],"product_tag":[],"class_list":{"0":"post-44049","1":"product","2":"type-product","3":"status-publish","4":"has-post-thumbnail","6":"product_cat-ladowarki-do-szczoteczek-sonicznych","8":"first","9":"instock","10":"shipping-taxable","11":"purchasable","12":"product-type-variable","13":"has-default-attributes"},"acf":[],"_links":{"self":[{"href":"https:\/\/smilesonic.com\/pl\/wp-json\/wp\/v2\/product\/44049","targetHints":{"allow":["GET"]}}],"collection":[{"href":"https:\/\/smilesonic.com\/pl\/wp-json\/wp\/v2\/product"}],"about":[{"href":"https:\/\/smilesonic.com\/pl\/wp-json\/wp\/v2\/types\/product"}],"replies":[{"embeddable":true,"href":"https:\/\/smilesonic.com\/pl\/wp-json\/wp\/v2\/comments?post=44049"}],"wp:featuredmedia":[{"embeddable":true,"href":"https:\/\/smilesonic.com\/pl\/wp-json\/wp\/v2\/media\/44052"}],"wp:attachment":[{"href":"https:\/\/smilesonic.com\/pl\/wp-json\/wp\/v2\/media?parent=44049"}],"wp:term":[{"taxonomy":"product_brand","embeddable":true,"href":"https:\/\/smilesonic.com\/pl\/wp-json\/wp\/v2\/product_brand?post=44049"},{"taxonomy":"product_cat","embeddable":true,"href":"https:\/\/smilesonic.com\/pl\/wp-json\/wp\/v2\/product_cat?post=44049"},{"taxonomy":"product_tag","embeddable":true,"href":"https:\/\/smilesonic.com\/pl\/wp-json\/wp\/v2\/product_tag?post=44049"}],"curies":[{"name":"wp","href":"https:\/\/api.w.org\/{rel}","templated":true}]}}