{"id":18505,"date":"2021-12-14T12:23:35","date_gmt":"2021-12-14T11:23:35","guid":{"rendered":"https:\/\/smilesonic.com\/?post_type=product&#038;p=18505"},"modified":"2025-05-02T15:13:01","modified_gmt":"2025-05-02T13:13:01","slug":"koncowki-do-irygatora-smilesonic-tongue","status":"publish","type":"product","link":"https:\/\/smilesonic.com\/pl\/produkt\/koncowki-do-irygatora-smilesonic-tongue\/","title":{"rendered":"Ko\u0144c\u00f3wki do irygatora Smilesonic H2O Tongue 2 szt. &#8211; do czyszczenia j\u0119zyka"},"content":{"rendered":"<p>J\u0119zyk pe\u0142ni w jamie ustnej wiele wa\u017cnych funkcji. Dzi\u0119ki niemu odczuwamy smaki, w\u0142a\u015bciwie wypowiadamy s\u0142owa, mo\u017cemy z \u0142atwo\u015bci\u0105 poch\u0142ania\u0107 pokarm. Niestety, to narz\u0105d, na kt\u00f3rym z wielk\u0105 ochot\u0105 gromadz\u0105 si\u0119 szkodliwe drobnoustroje. Brak piel\u0119gnacji i czyszczenia j\u0119zyka prowadzi do nie\u015bwie\u017cego zapachu z ust, ale tak\u017ce mo\u017ce by\u0107 przyczyn\u0105 chor\u00f3b og\u00f3lnoustrojowych. Nagromadzone na j\u0119zyku bakterie z czasem przedostaj\u0105 si\u0119 bowiem w g\u0142\u0105b organizmu. Ko\u0144c\u00f3wki do czyszczenia j\u0119zyka Smilesonic Tongue do irygatora Smilesonic H2O pomog\u0105 Ci zachowa\u0107 j\u0119zyk odpowiednio g\u0142adki i czysty.<\/p>\n<p><strong>Perfekcyjna piel\u0119gnacja j\u0119zyka<\/strong><\/p>\n<p>Ko\u0144c\u00f3wki Smilesonic Tongue do czyszczenia j\u0119zyka odbiegaj\u0105 wygl\u0105dem od \u201eklasycznych\u201d dysz czyszcz\u0105cych do irygator\u00f3w. S\u0105 owalne i szerokie, dzi\u0119ki czemu \u0142atwiej im obmywa\u0107 j\u0119zyk z codziennych nalot\u00f3w. Z ich pomoc\u0105 b\u0119dziesz m\u00f3g\u0142 zapomnie\u0107 o nie\u015bwie\u017cym oddechu oraz innych k\u0142opotach, jakie mog\u0105 powodowa\u0107 zalegaj\u0105ce na powierzchniach j\u0119zykowych z\u0142ogi!<\/p>\n<p><strong>\u0141atwe nak\u0142adanie i \u015bci\u0105ganie ko\u0144c\u00f3wki do czyszczenia j\u0119zyka<\/strong><\/p>\n<p>Ko\u0144c\u00f3wki Smilesonic Tongue do czyszczenia j\u0119zyka z \u0142atwo\u015bci\u0105 przymocujesz do r\u0119koje\u015bci irygatora Smilesonic H2O. Wystarczy wcisn\u0105\u0107 przycisk uwalniania ko\u0144c\u00f3wki na r\u0119koje\u015bci irygatora i wsun\u0105\u0107 j\u0105 do urz\u0105dzenia, a\u017c do momentu charakterystycznego \u201eklikni\u0119cia\u201d. Aby j\u0105 \u015bci\u0105gn\u0105\u0107, nale\u017cy pos\u0142u\u017cy\u0107 si\u0119 tym samym przyciskiem.<\/p>\n<p><strong>Specyfikacja:<\/strong><\/p>\n<ul>\n<li>Do modelu: Smilesonic H2O<\/li>\n<li>Przeznaczenie: Ko\u0144c\u00f3wki do czyszczenia j\u0119zyka do irygatora Smilesonic H2O<\/li>\n<li>Ilo\u015b\u0107 g\u0142\u00f3wek w zestawie: 2 sztuki<\/li>\n<\/ul>\n<p><span style=\"color: #ff0000;\"><strong>Ko\u0144c\u00f3wki do irygatora Smilesonic H2O! nie s\u0105 kompatybilne z irygatorem Smilesonic Aquaflow!<\/strong><\/span><\/p>\n","protected":false},"excerpt":{"rendered":"<p>Ko\u0144c\u00f3wki do czyszczenia j\u0119zyka Smilesonic Tongue to specjalne, owalne dysze czyszcz\u0105ce przeznaczone do irygatora bezprzewodowego Smilesonic H2O. Dzi\u0119ki swojemu wyj\u0105tkowemu kszta\u0142towi ko\u0144c\u00f3wki efektywnie \u015bci\u0105gaj\u0105 szkodliwe naloty z j\u0119zyka, zapobiegaj\u0105c tym samym k\u0142opotowi nie\u015bwie\u017cego oddechu. Ju\u017c po kilku dniach ich u\u017cytkowania Tw\u00f3j j\u0119zyk stanie si\u0119 idealnie czysty i g\u0142adki.<\/p>\n","protected":false},"featured_media":18802,"comment_status":"open","ping_status":"closed","template":"","meta":{"_acf_changed":false},"product_brand":[],"product_cat":[261],"product_tag":[],"class_list":{"0":"post-18505","1":"product","2":"type-product","3":"status-publish","4":"has-post-thumbnail","6":"product_cat-koncowki-do-irygatorow-smilesonic","8":"first","9":"instock","10":"shipping-taxable","11":"purchasable","12":"product-type-simple"},"acf":[],"_links":{"self":[{"href":"https:\/\/smilesonic.com\/pl\/wp-json\/wp\/v2\/product\/18505","targetHints":{"allow":["GET"]}}],"collection":[{"href":"https:\/\/smilesonic.com\/pl\/wp-json\/wp\/v2\/product"}],"about":[{"href":"https:\/\/smilesonic.com\/pl\/wp-json\/wp\/v2\/types\/product"}],"replies":[{"embeddable":true,"href":"https:\/\/smilesonic.com\/pl\/wp-json\/wp\/v2\/comments?post=18505"}],"wp:featuredmedia":[{"embeddable":true,"href":"https:\/\/smilesonic.com\/pl\/wp-json\/wp\/v2\/media\/18802"}],"wp:attachment":[{"href":"https:\/\/smilesonic.com\/pl\/wp-json\/wp\/v2\/media?parent=18505"}],"wp:term":[{"taxonomy":"product_brand","embeddable":true,"href":"https:\/\/smilesonic.com\/pl\/wp-json\/wp\/v2\/product_brand?post=18505"},{"taxonomy":"product_cat","embeddable":true,"href":"https:\/\/smilesonic.com\/pl\/wp-json\/wp\/v2\/product_cat?post=18505"},{"taxonomy":"product_tag","embeddable":true,"href":"https:\/\/smilesonic.com\/pl\/wp-json\/wp\/v2\/product_tag?post=18505"}],"curies":[{"name":"wp","href":"https:\/\/api.w.org\/{rel}","templated":true}]}}