{"id":18497,"date":"2021-12-14T12:01:57","date_gmt":"2021-12-14T11:01:57","guid":{"rendered":"https:\/\/smilesonic.com\/?post_type=product&#038;p=18497"},"modified":"2026-04-03T13:22:08","modified_gmt":"2026-04-03T11:22:08","slug":"koncowki-do-irygatora-smilesonic-plaque","status":"publish","type":"product","link":"https:\/\/smilesonic.com\/pl\/produkt\/koncowki-do-irygatora-smilesonic-plaque\/","title":{"rendered":"Ko\u0144c\u00f3wki do irygatora Smilesonic H2O Plaque 2 szt. &#8211; do czyszczenia przestrzeni mi\u0119dzyz\u0119bowych"},"content":{"rendered":"<p>Implanty stomatologiczne to niewielkie, tytanowe \u015bruby, kt\u00f3re po wszczepieniu w ko\u015b\u0107 szcz\u0119ki zast\u0119puj\u0105 korzenie z\u0119bowe. Tego rodzaju wype\u0142nienia potrafi\u0105 \u015bwietnie wyr\u0119cza\u0107 naturalne z\u0119by, jednak musz\u0105 by\u0107 odpowiednio piel\u0119gnowane. W pobli\u017cu implant\u00f3w nagromadzaj\u0105 si\u0119 bowiem bakterie, kt\u00f3re mog\u0105 skutkowa\u0107 stanami zapalnymi jamy ustnej i nie\u015bwie\u017cym oddechem. Ko\u0144c\u00f3wka Plaque do czyszczenia przestrzeni mi\u0119dzyz\u0119bowych do irygatora Smilesonic H2O umo\u017cliwia precyzyjne czyszczenie obszar\u00f3w wok\u00f3\u0142 uzupe\u0142nie\u0144 protetycznych i innych miejsc, do kt\u00f3rych nie jest w stanie si\u0119gn\u0105\u0107 w\u0142osie szczoteczki do z\u0119b\u00f3w.<\/p>\n<p><strong>Zadbaj o perfekcyjn\u0105 czysto\u015b\u0107 implant\u00f3w i mostk\u00f3w dentystycznych<\/strong><\/p>\n<p>Ko\u0144c\u00f3wki Smilesonic Plaque do czyszczenia przestrzeni mi\u0119dzyz\u0119bowych charakteryzuje specjalne, skupione w\u0142osie, kt\u00f3re umo\u017cliwia dog\u0142\u0119bne czyszczenie newralgicznych miejsc wok\u00f3\u0142 implant\u00f3w i mostk\u00f3w dentystycznych. Strumie\u0144 wody wydobywaj\u0105cy si\u0119 z prezentowanych dysz czyszcz\u0105cych zapobiega powstawaniu w okolicach uzupe\u0142nie\u0144 protetycznych pr\u00f3chnicy, stan\u00f3w zapalnych oraz nieprzyjemnego zapachu.<\/p>\n<p><strong>Prosta obs\u0142uga<\/strong><\/p>\n<p>Teraz nie musisz si\u0119 ju\u017c \u201esi\u0142owa\u0107\u201d z ko\u0144c\u00f3wk\u0105, aby nasun\u0105\u0107 j\u0105 na r\u0119koje\u015b\u0107 irygatora! Monta\u017c ko\u0144c\u00f3wek Smilesonic Plaque do czyszczenia przestrzeni mi\u0119dzyz\u0119bowych jest banalnie prosty. Wystarczy wcisn\u0105\u0107 przycisk uwalniania ko\u0144c\u00f3wki na r\u0119koje\u015bci irygatora i wsun\u0105\u0107 j\u0105 do urz\u0105dzenia, a\u017c do momentu charakterystycznego \u201eklikni\u0119cia\u201d. Aby j\u0105 \u015bci\u0105gn\u0105\u0107, nale\u017cy pos\u0142u\u017cy\u0107 si\u0119 tym samym przyciskiem.<\/p>\n<p><strong>Specyfikacja:<\/strong><\/p>\n<ul>\n<li>Do modelu: Smilesonic H2O<\/li>\n<li>Przeznaczenie: Ko\u0144c\u00f3wki do czyszczenia przestrzeni mi\u0119dzyz\u0119bowych, piel\u0119gnacji miejsc wok\u00f3\u0142 implant\u00f3w i mostk\u00f3w dentystycznych<\/li>\n<li>Liczba g\u0142\u00f3wek w zestawie: 2 sztuki<\/li>\n<\/ul>\n<p><span style=\"color: #ff0000;\"><strong>Ko\u0144c\u00f3wki do irygatora Smilesonic H2O! nie s\u0105 kompatybilne z irygatorem Smilesonic Aquaflow!<\/strong><\/span><\/p>\n","protected":false},"excerpt":{"rendered":"<p>Smilesonic Plaque to dysze czyszcz\u0105ce do irygatora przeznaczone do oczyszczania implant\u00f3w i mostk\u00f3w dentystycznych. Charakteryzuje je specjalne w\u0142osie, kt\u00f3re dociera nawet w najtrudniej dost\u0119pne miejsca wok\u00f3\u0142 uzupe\u0142nie\u0144 protetycznych. Ko\u0144c\u00f3wki do irygatora do czyszczenia przestrzeni mi\u0119dzyz\u0119bowych niezmiernie \u0142atwo si\u0119 nak\u0142ada i \u015bci\u0105ga, dzi\u0119ki czemu ich u\u017cytkowanie jest przyjazne dla wszystkich. Przeznaczone s\u0105 do irygatora bezprzewodowego Smilesonic H2O.<\/p>\n","protected":false},"featured_media":18815,"comment_status":"open","ping_status":"closed","template":"","meta":{"_acf_changed":false},"product_brand":[],"product_cat":[261],"product_tag":[],"class_list":{"0":"post-18497","1":"product","2":"type-product","3":"status-publish","4":"has-post-thumbnail","6":"product_cat-koncowki-do-irygatorow-smilesonic","8":"first","9":"instock","10":"shipping-taxable","11":"purchasable","12":"product-type-simple"},"acf":[],"_links":{"self":[{"href":"https:\/\/smilesonic.com\/pl\/wp-json\/wp\/v2\/product\/18497","targetHints":{"allow":["GET"]}}],"collection":[{"href":"https:\/\/smilesonic.com\/pl\/wp-json\/wp\/v2\/product"}],"about":[{"href":"https:\/\/smilesonic.com\/pl\/wp-json\/wp\/v2\/types\/product"}],"replies":[{"embeddable":true,"href":"https:\/\/smilesonic.com\/pl\/wp-json\/wp\/v2\/comments?post=18497"}],"wp:featuredmedia":[{"embeddable":true,"href":"https:\/\/smilesonic.com\/pl\/wp-json\/wp\/v2\/media\/18815"}],"wp:attachment":[{"href":"https:\/\/smilesonic.com\/pl\/wp-json\/wp\/v2\/media?parent=18497"}],"wp:term":[{"taxonomy":"product_brand","embeddable":true,"href":"https:\/\/smilesonic.com\/pl\/wp-json\/wp\/v2\/product_brand?post=18497"},{"taxonomy":"product_cat","embeddable":true,"href":"https:\/\/smilesonic.com\/pl\/wp-json\/wp\/v2\/product_cat?post=18497"},{"taxonomy":"product_tag","embeddable":true,"href":"https:\/\/smilesonic.com\/pl\/wp-json\/wp\/v2\/product_tag?post=18497"}],"curies":[{"name":"wp","href":"https:\/\/api.w.org\/{rel}","templated":true}]}}