{"id":18488,"date":"2021-12-14T11:35:58","date_gmt":"2021-12-14T10:35:58","guid":{"rendered":"https:\/\/smilesonic.com\/?post_type=product&#038;p=18488"},"modified":"2026-04-01T08:39:55","modified_gmt":"2026-04-01T06:39:55","slug":"koncowki-do-irygatora-smilesonic-perio","status":"publish","type":"product","link":"https:\/\/smilesonic.com\/pl\/produkt\/koncowki-do-irygatora-smilesonic-perio\/","title":{"rendered":"Ko\u0144c\u00f3wki do irygatora Smilesonic H2O Perio 2 szt. &#8211; do stan\u00f3w zapalnych w jamie ustnej"},"content":{"rendered":"<p>Stany zapalne jamy ustnej mog\u0105 pojawia\u0107 si\u0119 na skutek niew\u0142a\u015bciwej higieny jamy ustnej, niezdrowego trybu \u017cycia (spo\u017cywania du\u017cej ilo\u015bci cukr\u00f3w, palenia tytoniu), czy chor\u00f3b pokroju cukrzycy. Objawiaj\u0105 si\u0119 one zaczerwienieniem, krwawieniem oraz rozchwianiem dzi\u0105se\u0142, a tak\u017ce nieprzyjemnym zapachem z ust. Ograniczy\u0107 stan zapalny mo\u017cemy przy pomocy prezentowanej ko\u0144c\u00f3wki do stan\u00f3w zapalnych w jamie ustnej Smilesonic Perio do irygatora bezprzewodowego Smilesonic H2O.<\/p>\n<p><strong>Nieoceniona pomoc w walce ze stanami zapalnymi<\/strong><\/p>\n<p>Ko\u0144c\u00f3wka do irygatora Smilesonic Perio do stan\u00f3w zapalnych w jamie ustnej skupia generowany przez irygator strumie\u0144 wody na obszarach przydzi\u0105s\u0142owych, a wi\u0119c tych, kt\u00f3re s\u0105 newralgiczne dla rozwoju stan\u00f3w zapalnych. Dzi\u0119ki niej pozb\u0119dziesz si\u0119 bakterii, resztek jedzenia i innych z\u0142og\u00f3w, mog\u0105cych skutkowa\u0107 pog\u0142\u0119bianiem si\u0119 zapalenia, a nawet ods\u0142oni\u0119ciem szyjek z\u0119bowych. Prezentowana ko\u0144c\u00f3wka czyszcz\u0105ca do stan\u00f3w zapalnych w jamie ustnej doskonale sprawdza si\u0119 tak\u017ce w dog\u0142\u0119bnym oczyszczaniu przestrzeni mi\u0119dzyz\u0119bowych z bakterii pr\u00f3chniczych.<\/p>\n<p><strong>Prosty monta\u017c<\/strong><\/p>\n<p>Ko\u0144c\u00f3wk\u0119 do irygatora Smilesonic Perio do stan\u00f3w zapalnych w jamie ustnej z \u0142atwo\u015bci\u0105 przymocujesz do r\u0119koje\u015bci irygatora bezprzewodowego Smilesonic H2O. Wystarczy wcisn\u0105\u0107 przycisk uwalniania ko\u0144c\u00f3wki na r\u0119koje\u015bci irygatora i wsun\u0105\u0107 j\u0105 do urz\u0105dzenia, a\u017c do momentu charakterystycznego \u201eklikni\u0119cia\u201d. Aby j\u0105 \u015bci\u0105gn\u0105\u0107, nale\u017cy pos\u0142u\u017cy\u0107 si\u0119 tym samym przyciskiem.<\/p>\n<p><strong>Specyfikacja:<\/strong><\/p>\n<ul>\n<li>Do modelu: Smilesonic H2O<\/li>\n<li>Przeznaczenie: Ko\u0144c\u00f3wka do irygatora do czyszczenia przestrzeni mi\u0119dzyz\u0119bowych i zapobiegania stanom zapalnym<\/li>\n<li>Ilo\u015b\u0107 g\u0142\u00f3wek w zestawie: 2 sztuki<\/li>\n<\/ul>\n<p><span style=\"color: #ff0000;\"><strong>Ko\u0144c\u00f3wki do irygatora Smilesonic H2O! nie s\u0105 kompatybilne z irygatorem Smilesonic Aquaflow!<\/strong><\/span><\/p>\n","protected":false},"excerpt":{"rendered":"<p>Ko\u0144c\u00f3wki do irygatora Smilesonic Perio do stan\u00f3w zapalnych w jamie ustnej polecane s\u0105 wszystkim, kt\u00f3rzy zmagaj\u0105 si\u0119 z nadwra\u017cliwo\u015bci\u0105, zaczerwienieniem czy krwawieniem dzi\u0105se\u0142. Emitowany przez nie strumie\u0144 wody skupia si\u0119 na czyszczeniu obszar\u00f3w przydzi\u0105s\u0142owych, nie dopuszczaj\u0105c do dalszego rozwoju stan\u00f3w zapalnych. Monta\u017c ko\u0144c\u00f3wek do stan\u00f3w zapalnych w jamie ustnej jest niezmiernie prosty \u2013 nikt nie powinien mie\u0107 z nim k\u0142opotu. Produkt przeznaczony do irygatora bezprzewodowego Smilesonic H2O.<\/p>\n","protected":false},"featured_media":18811,"comment_status":"open","ping_status":"closed","template":"","meta":{"_acf_changed":false},"product_brand":[],"product_cat":[261],"product_tag":[],"class_list":{"0":"post-18488","1":"product","2":"type-product","3":"status-publish","4":"has-post-thumbnail","6":"product_cat-koncowki-do-irygatorow-smilesonic","8":"first","9":"instock","10":"shipping-taxable","11":"purchasable","12":"product-type-simple"},"acf":[],"_links":{"self":[{"href":"https:\/\/smilesonic.com\/pl\/wp-json\/wp\/v2\/product\/18488","targetHints":{"allow":["GET"]}}],"collection":[{"href":"https:\/\/smilesonic.com\/pl\/wp-json\/wp\/v2\/product"}],"about":[{"href":"https:\/\/smilesonic.com\/pl\/wp-json\/wp\/v2\/types\/product"}],"replies":[{"embeddable":true,"href":"https:\/\/smilesonic.com\/pl\/wp-json\/wp\/v2\/comments?post=18488"}],"wp:featuredmedia":[{"embeddable":true,"href":"https:\/\/smilesonic.com\/pl\/wp-json\/wp\/v2\/media\/18811"}],"wp:attachment":[{"href":"https:\/\/smilesonic.com\/pl\/wp-json\/wp\/v2\/media?parent=18488"}],"wp:term":[{"taxonomy":"product_brand","embeddable":true,"href":"https:\/\/smilesonic.com\/pl\/wp-json\/wp\/v2\/product_brand?post=18488"},{"taxonomy":"product_cat","embeddable":true,"href":"https:\/\/smilesonic.com\/pl\/wp-json\/wp\/v2\/product_cat?post=18488"},{"taxonomy":"product_tag","embeddable":true,"href":"https:\/\/smilesonic.com\/pl\/wp-json\/wp\/v2\/product_tag?post=18488"}],"curies":[{"name":"wp","href":"https:\/\/api.w.org\/{rel}","templated":true}]}}