{"id":18483,"date":"2021-12-14T11:30:18","date_gmt":"2021-12-14T10:30:18","guid":{"rendered":"https:\/\/smilesonic.com\/?post_type=product&#038;p=18483"},"modified":"2026-04-03T13:22:08","modified_gmt":"2026-04-03T11:22:08","slug":"koncowki-do-irygatora-smilesonic-ortho","status":"publish","type":"product","link":"https:\/\/smilesonic.com\/pl\/produkt\/koncowki-do-irygatora-smilesonic-ortho\/","title":{"rendered":"Ko\u0144c\u00f3wki do irygatora Smilesonic H2O Ortho 2 szt. &#8211; ortodontyczne"},"content":{"rendered":"<p>Osoby nosz\u0105ce aparaty ortodontyczne musz\u0105 dba\u0107 o higien\u0119 jamy ustnej w szczeg\u00f3lny spos\u00f3b. Niestety, do miejsc wok\u00f3\u0142 zamk\u00f3w i ligatur aparatu nie dotrze w\u0142osie szczoteczki do z\u0119b\u00f3w, przez co do oczyszczania ich trzeba u\u017cywa\u0107 specjalistycznych przedmiot\u00f3w. Ortodontyczne ko\u0144c\u00f3wki do irygatora Smilesonic Ortho idealnie wsp\u00f3\u0142pracuj\u0105 z irygatorem Smilesonic H2O, u\u0142atwiaj\u0105c \u015bci\u0105ganie nalot\u00f3w z obszar\u00f3w wok\u00f3\u0142 aparat\u00f3w ortodontycznych czy protez z\u0119bowych. Stanowi\u0105 niezb\u0119dnik w asortymencie ka\u017cdego, kto reguluje zgryz aparatem i korzysta z irygatora bezprzewodowego marki Smilesonic.<\/p>\n<p><strong>Skuteczna piel\u0119gnacja okolic aparat\u00f3w ortodontycznych i implant\u00f3w<\/strong><\/p>\n<p>W\u0142\u00f3kna ortodontycznych ko\u0144c\u00f3wek do irygatora Smilesonic Ortho s\u0105 uformowane tak, aby u\u0142atwia\u0107 strumieniowi wody docieranie do newralgicznych miejsc w jamie ustnej. Dzi\u0119ki nim usuniesz szkodliwe naloty nie tylko z przestrzeni mi\u0119dzyz\u0119bowych, ale r\u00f3wnie\u017c poszczeg\u00f3lnych element\u00f3w aparatu ortodontycznego i okolic protez z\u0119bowych.<\/p>\n<p><strong>\u0141atwe nak\u0142adanie i \u015bci\u0105ganie ko\u0144c\u00f3wek<\/strong><\/p>\n<p>Istotny atutem prezentowanych ortodontycznych ko\u0144c\u00f3wek do irygatora Smilesonic jest tak\u017ce bezproblemowy monta\u017c. Wystarczy wcisn\u0105\u0107 przycisk uwalniania ko\u0144c\u00f3wki na r\u0119koje\u015bci irygatora i wsun\u0105\u0107 j\u0105 do urz\u0105dzenia, a\u017c do momentu charakterystycznego \u201eklikni\u0119cia\u201d. Aby j\u0105 \u015bci\u0105gn\u0105\u0107, nale\u017cy pos\u0142u\u017cy\u0107 si\u0119 tym samym przyciskiem.<\/p>\n<p><strong>Specyfikacja:<\/strong><\/p>\n<ul>\n<li>Do modelu: Smilesonic H2O<\/li>\n<li>Przeznaczenie: Ortodontyczna ko\u0144c\u00f3wka do czyszczenia przestrzeni mi\u0119dzyz\u0119bowych, okolic aparat\u00f3w ortodontycznych oraz protez z\u0119bowych<\/li>\n<li>Ilo\u015b\u0107 g\u0142\u00f3wek w zestawie: 2 sztuki<\/li>\n<\/ul>\n<p><span style=\"color: #ff0000;\"><strong>Ko\u0144c\u00f3wki do irygatora Smilesonic H2O! nie s\u0105 kompatybilne z irygatorem Smilesonic Aquaflow!<\/strong><\/span><\/p>\n","protected":false},"excerpt":{"rendered":"<p>Ortodontyczne ko\u0144c\u00f3wki do irygatora Smilesonic Ortho to specjalistyczne dysze czyszcz\u0105ce stworzone z my\u015bl\u0105 o osobach nosz\u0105cych aparaty ortodontyczne i protezy. Generowany przez nie strumie\u0144 wody \u015bwietnie penetruje trudno dost\u0119pne obszary wok\u00f3\u0142 zamk\u00f3w i ligatur, skutecznie oczyszczaj\u0105c je z bakterii i zapobiegaj\u0105c powstawaniu pr\u00f3chnicy. Ko\u0144c\u00f3wki s\u0105 bardzo proste w monta\u017cu. Pasuj\u0105 do irygatora bezprzewodowego Smilesonic H2O.<\/p>\n","protected":false},"featured_media":18807,"comment_status":"open","ping_status":"closed","template":"","meta":{"_acf_changed":false},"product_brand":[],"product_cat":[261],"product_tag":[],"class_list":{"0":"post-18483","1":"product","2":"type-product","3":"status-publish","4":"has-post-thumbnail","6":"product_cat-koncowki-do-irygatorow-smilesonic","8":"first","9":"instock","10":"shipping-taxable","11":"purchasable","12":"product-type-simple"},"acf":[],"_links":{"self":[{"href":"https:\/\/smilesonic.com\/pl\/wp-json\/wp\/v2\/product\/18483","targetHints":{"allow":["GET"]}}],"collection":[{"href":"https:\/\/smilesonic.com\/pl\/wp-json\/wp\/v2\/product"}],"about":[{"href":"https:\/\/smilesonic.com\/pl\/wp-json\/wp\/v2\/types\/product"}],"replies":[{"embeddable":true,"href":"https:\/\/smilesonic.com\/pl\/wp-json\/wp\/v2\/comments?post=18483"}],"wp:featuredmedia":[{"embeddable":true,"href":"https:\/\/smilesonic.com\/pl\/wp-json\/wp\/v2\/media\/18807"}],"wp:attachment":[{"href":"https:\/\/smilesonic.com\/pl\/wp-json\/wp\/v2\/media?parent=18483"}],"wp:term":[{"taxonomy":"product_brand","embeddable":true,"href":"https:\/\/smilesonic.com\/pl\/wp-json\/wp\/v2\/product_brand?post=18483"},{"taxonomy":"product_cat","embeddable":true,"href":"https:\/\/smilesonic.com\/pl\/wp-json\/wp\/v2\/product_cat?post=18483"},{"taxonomy":"product_tag","embeddable":true,"href":"https:\/\/smilesonic.com\/pl\/wp-json\/wp\/v2\/product_tag?post=18483"}],"curies":[{"name":"wp","href":"https:\/\/api.w.org\/{rel}","templated":true}]}}