{"id":18477,"date":"2021-12-14T11:22:46","date_gmt":"2021-12-14T10:22:46","guid":{"rendered":"https:\/\/smilesonic.com\/?post_type=product&#038;p=18477"},"modified":"2026-04-08T21:13:10","modified_gmt":"2026-04-08T19:13:10","slug":"koncowki-do-irygatora-smilesonic-standard","status":"publish","type":"product","link":"https:\/\/smilesonic.com\/pl\/produkt\/koncowki-do-irygatora-smilesonic-standard\/","title":{"rendered":"Ko\u0144c\u00f3wki do irygatora Smilesonic H2O Standard 2 szt. &#8211; do codziennego czyszczenia"},"content":{"rendered":"<p>W przestrzeniach pomi\u0119dzy z\u0119bami zalega najwi\u0119cej bakterii, kt\u00f3re prowadz\u0105 do pr\u00f3chnicy i chor\u00f3b dzi\u0105se\u0142. Pozby\u0107 si\u0119 ich mo\u017cemy przeprowadzaj\u0105c po ka\u017cdym posi\u0142ku nitkowanie, jednak z korzystaniem z nici dentystycznej nie ka\u017cdy sobie radzi. Poza tym, dla niekt\u00f3rych jest to czynno\u015b\u0107 po prostu niekomfortowa. Je\u015bli i Ty nie przepadasz za nici\u0105 dentystyczn\u0105, powiniene\u015b rozwa\u017cy\u0107 inwestycj\u0119 w irygator stomatologiczny Smilesonic H2O. Prezentowane dysze czyszcz\u0105ce do codziennej irygacji Smilesonic Standard przewodz\u0105 pulsuj\u0105cy strumie\u0144 wody, kt\u00f3ry pozwala \u015bci\u0105gn\u0105\u0107 p\u0142ytk\u0119 naz\u0119bn\u0105 i resztki jedzenia z nawet najtrudniej dost\u0119pnych obszar\u00f3w w jamie ustnej.<\/p>\n<p><strong>Zapomnij o z\u0142ogach pomi\u0119dzy z\u0119bami<\/strong><\/p>\n<p>Dzi\u0119ki klasycznemu, pulsuj\u0105cemu strumieniowi wody, jaki generuje prezentowana standardowa ko\u0144c\u00f3wka do irygatora Smilesonic Standard z \u0142atwo\u015bci\u0105 uporasz si\u0119 z osadami zalegaj\u0105cymi w obszarach stycznych z\u0119b\u00f3w. Co wi\u0119cej, dysza prowadzi wod\u0119 tak, aby pozytywnie wp\u0142ywa\u0142a na dzi\u0105s\u0142a i eliminowa\u0142a bakterie mog\u0105ce by\u0107 przyczyn\u0105 nie\u015bwie\u017cego oddechu.<\/p>\n<p><strong>Bezproblemowy monta\u017c ko\u0144c\u00f3wki<\/strong><\/p>\n<p>Bardzo zale\u017ca\u0142o nam, aby standardow\u0105 ko\u0144c\u00f3wk\u0119 do irygatora Smilesonic jak naj\u0142atwiej zak\u0142ada\u0142o si\u0119 i \u015bci\u0105ga\u0142o z r\u0119koje\u015bci irygatora. Wystarczy wcisn\u0105\u0107 przycisk uwalniania ko\u0144c\u00f3wki na r\u0119koje\u015bci irygatora i wsun\u0105\u0107 j\u0105 do urz\u0105dzenia, a\u017c do momentu charakterystycznego \u201eklikni\u0119cia\u201d. Aby j\u0105 \u015bci\u0105gn\u0105\u0107, nale\u017cy pos\u0142u\u017cy\u0107 si\u0119 tym samym przyciskiem.<\/p>\n<p>Do modelu: Smilesonic H2O<\/p>\n<p>Przeznaczenie: Standardowa ko\u0144c\u00f3wka do irygatora do codziennej piel\u0119gnacji przestrzeni mi\u0119dzyz\u0119bowych<\/p>\n<p>Liczba g\u0142\u00f3wek w zestawie: 2 sztuki<\/p>\n<p><span style=\"color: #ff0000;\"><strong>Ko\u0144c\u00f3wki do irygatora Smilesonic H2O! nie s\u0105 kompatybilne z irygatorem Smilesonic Aquaflow!<\/strong><\/span><\/p>\n","protected":false},"excerpt":{"rendered":"<p>Standardowe ko\u0144c\u00f3wki wymienne do irygatora bezprzewodowego Smilesonic H2O. U\u0142atwiaj\u0105 \u015bci\u0105ganie szkodliwych nalot\u00f3w z przestrzeni pomi\u0119dzy z\u0119bami, poprawiaj\u0105 kondycj\u0119 dzi\u0105se\u0142, zapewniaj\u0105 skuteczn\u0105 walk\u0119 z nie\u015bwie\u017cym oddechem. Charakteryzuj\u0105 si\u0119 tak\u017ce bezproblemowym monta\u017cem. Polecane wszystkim, kt\u00f3rzy oczekuj\u0105 efektywnej i bezpiecznej piel\u0119gnacji trudno dost\u0119pnych miejsc w jamie ustnej.<\/p>\n","protected":false},"featured_media":18798,"comment_status":"open","ping_status":"closed","template":"","meta":{"_acf_changed":false},"product_brand":[],"product_cat":[261],"product_tag":[],"class_list":{"0":"post-18477","1":"product","2":"type-product","3":"status-publish","4":"has-post-thumbnail","6":"product_cat-koncowki-do-irygatorow-smilesonic","8":"first","9":"instock","10":"shipping-taxable","11":"purchasable","12":"product-type-simple"},"acf":[],"_links":{"self":[{"href":"https:\/\/smilesonic.com\/pl\/wp-json\/wp\/v2\/product\/18477","targetHints":{"allow":["GET"]}}],"collection":[{"href":"https:\/\/smilesonic.com\/pl\/wp-json\/wp\/v2\/product"}],"about":[{"href":"https:\/\/smilesonic.com\/pl\/wp-json\/wp\/v2\/types\/product"}],"replies":[{"embeddable":true,"href":"https:\/\/smilesonic.com\/pl\/wp-json\/wp\/v2\/comments?post=18477"}],"wp:featuredmedia":[{"embeddable":true,"href":"https:\/\/smilesonic.com\/pl\/wp-json\/wp\/v2\/media\/18798"}],"wp:attachment":[{"href":"https:\/\/smilesonic.com\/pl\/wp-json\/wp\/v2\/media?parent=18477"}],"wp:term":[{"taxonomy":"product_brand","embeddable":true,"href":"https:\/\/smilesonic.com\/pl\/wp-json\/wp\/v2\/product_brand?post=18477"},{"taxonomy":"product_cat","embeddable":true,"href":"https:\/\/smilesonic.com\/pl\/wp-json\/wp\/v2\/product_cat?post=18477"},{"taxonomy":"product_tag","embeddable":true,"href":"https:\/\/smilesonic.com\/pl\/wp-json\/wp\/v2\/product_tag?post=18477"}],"curies":[{"name":"wp","href":"https:\/\/api.w.org\/{rel}","templated":true}]}}