{"id":18401,"date":"2021-12-14T10:33:47","date_gmt":"2021-12-14T09:33:47","guid":{"rendered":"https:\/\/smilesonic.com\/?post_type=product&#038;p=18401"},"modified":"2024-04-16T15:23:56","modified_gmt":"2024-04-16T13:23:56","slug":"smilesonic-h2o","status":"publish","type":"product","link":"https:\/\/smilesonic.com\/pl\/produkt\/smilesonic-h2o\/","title":{"rendered":"Irygator bezprzewodowy Smilesonic H2O"},"content":{"rendered":"[vc_row type=&#8221;full_width_content&#8221; full_screen_row_position=&#8221;middle&#8221; column_margin=&#8221;default&#8221; equal_height=&#8221;yes&#8221; content_placement=&#8221;middle&#8221; column_direction=&#8221;default&#8221; column_direction_tablet=&#8221;default&#8221; column_direction_phone=&#8221;default&#8221; scene_position=&#8221;center&#8221; text_color=&#8221;dark&#8221; text_align=&#8221;left&#8221; row_border_radius=&#8221;none&#8221; row_border_radius_applies=&#8221;bg&#8221; overlay_strength=&#8221;0.3&#8243; gradient_direction=&#8221;left_to_right&#8221; shape_divider_position=&#8221;bottom&#8221; bg_image_animation=&#8221;none&#8221; shape_type=&#8221;&#8221;][vc_column column_padding=&#8221;no-extra-padding&#8221; column_padding_tablet=&#8221;inherit&#8221; column_padding_phone=&#8221;inherit&#8221; column_padding_position=&#8221;all&#8221; background_color_opacity=&#8221;1&#8243; background_hover_color_opacity=&#8221;1&#8243; column_shadow=&#8221;none&#8221; column_border_radius=&#8221;none&#8221; column_link_target=&#8221;_self&#8221; gradient_direction=&#8221;left_to_right&#8221; overlay_strength=&#8221;0.3&#8243; width=&#8221;1\/2&#8243; tablet_width_inherit=&#8221;default&#8221; tablet_text_alignment=&#8221;default&#8221; phone_text_alignment=&#8221;default&#8221; column_border_width=&#8221;none&#8221; column_border_style=&#8221;solid&#8221; bg_image_animation=&#8221;none&#8221;][image_with_animation image_url=&#8221;19278&#8243; animation=&#8221;Fade In&#8221; hover_animation=&#8221;none&#8221; alignment=&#8221;&#8221; border_radius=&#8221;none&#8221; box_shadow=&#8221;none&#8221; image_loading=&#8221;default&#8221; max_width=&#8221;100%&#8221; max_width_mobile=&#8221;default&#8221;][\/vc_column][vc_column column_padding=&#8221;padding-5-percent&#8221; column_padding_tablet=&#8221;inherit&#8221; column_padding_phone=&#8221;inherit&#8221; column_padding_position=&#8221;left-right&#8221; top_margin_tablet=&#8221;45&#8243; top_margin_phone=&#8221;30&#8243; background_color_opacity=&#8221;1&#8243; background_hover_color_opacity=&#8221;1&#8243; column_shadow=&#8221;none&#8221; column_border_radius=&#8221;none&#8221; column_link_target=&#8221;_self&#8221; gradient_direction=&#8221;left_to_right&#8221; overlay_strength=&#8221;0.3&#8243; width=&#8221;1\/2&#8243; tablet_width_inherit=&#8221;default&#8221; tablet_text_alignment=&#8221;default&#8221; phone_text_alignment=&#8221;default&#8221; column_border_width=&#8221;none&#8221; column_border_style=&#8221;solid&#8221; bg_image_animation=&#8221;none&#8221;][vc_custom_heading text=&#8221;Dostosuj irygator do swoich potrzeb&#8221; google_fonts=&#8221;font_family:Open%20Sans%3A300%2C300italic%2Cregular%2Citalic%2C600%2C600italic%2C700%2C700italic%2C800%2C800italic|font_style:700%20bold%20regular%3A700%3Anormal&#8221; css=&#8221;.vc_custom_1641204865590{padding-bottom: 15px !important;}&#8221;][vc_column_text]Irygator bezprzewodowy Smilesonic H2<O stanowi doskona\u0142e uzupe\u0142nienie naszej oferty produkt\u00f3w do piel\u0119gnacji jamy ustnej. Dzi\u0119ki niemu skutecznie jak nigdy uporasz si\u0119 ze z\u0142ogami zalegaj\u0105cymi w trudno dost\u0119pnych obszarach pomi\u0119dzy z\u0119bami. Co wi\u0119cej, zrobisz to w pe\u0142ni komfortowo \u2013 to bowiem pierwszy oficjalnie dost\u0119pny na polskim rynku irygator bezprzewodowy, kt\u00f3ry posiada zbiornik o pojemno\u015bci a\u017c 300 ml, gwarantuj\u0105cej nieprzerywan\u0105 niczym, dwuminutow\u0105 irygacj\u0119. Urz\u0105dzenie pozwala my\u0107 trudno dost\u0119pne obszary jak tylko chcesz \u2013 to z kolei zas\u0142uga jego pi\u0119ciu tryb\u00f3w czyszczenia, w tym programu samodzielnego mycia DIY. Smilesonic H2O mo\u017cna poleci\u0107 wszystkim, kt\u00f3rzy poszukuj\u0105 zaawansowanego, oferuj\u0105cego wiele opcji mycia, komfortowego sprz\u0119tu do piel\u0119gnacji obszar\u00f3w stycznych z\u0119b\u00f3w.[\/vc_column_text][\/vc_column][\/vc_row][vc_row type=\"full_width_content\" full_screen_row_position=\"middle\" column_margin=\"default\" equal_height=\"yes\" content_placement=\"middle\" column_direction=\"default\" column_direction_tablet=\"default\" column_direction_phone=\"default\" scene_position=\"center\" text_color=\"dark\" text_align=\"left\" row_border_radius=\"none\" row_border_radius_applies=\"bg\" overlay_strength=\"0.3\" gradient_direction=\"left_to_right\" shape_divider_position=\"bottom\" bg_image_animation=\"none\" shape_type=\"\"][vc_column column_padding=\"padding-5-percent\" column_padding_tablet=\"inherit\" column_padding_phone=\"inherit\" column_padding_position=\"all\" top_margin_tablet=\"0\" bottom_margin_tablet=\"45\" top_margin_phone=\"0\" bottom_margin_phone=\"30\" background_color_opacity=\"1\" background_hover_color_opacity=\"1\" column_shadow=\"none\" column_border_radius=\"none\" column_link_target=\"_self\" gradient_direction=\"left_to_right\" overlay_strength=\"0.3\" width=\"1\/2\" tablet_width_inherit=\"default\" tablet_text_alignment=\"default\" phone_text_alignment=\"default\" column_border_width=\"none\" column_border_style=\"solid\" bg_image_animation=\"none\"][vc_custom_heading text=\"Czy\u015b\u0107 przestrzenie mi\u0119dzyz\u0119bowe jak tylko chcesz\" google_fonts=\"font_family:Open%20Sans%3A300%2C300italic%2Cregular%2Citalic%2C600%2C600italic%2C700%2C700italic%2C800%2C800italic|font_style:700%20bold%20regular%3A700%3Anormal\" css=\".vc_custom_1641203544063{padding-bottom: 15px !important;}\"][vc_column_text]Irygator bezprzewodowy Smilesonic H2O daje do dyspozycji pi\u0119\u0107 program\u00f3w pracy, kt\u00f3re odpowiadaj\u0105 na potrzeby wszystkich u\u017cytkownik\u00f3w.\n\n\n<ul>\n<li>Soft \u2013 tryb czyszczenia do delikatnego mycia z\u0119b\u00f3w wra\u017cliwych. Praca w zakresie 1,4-3,5 bar.<\/li>\n<li>Medium \u2013 program do codziennego mycia. Usuwa z przestrzeni mi\u0119dzyz\u0119bowych resztki jedzenia i inne szkodliwe z\u0142ogi z intensywno\u015bci\u0105 3,5-5,5 bar.<\/li>\n<li>Strong \u2013 w tym programie strumie\u0144 wody dzia\u0142a na najwy\u017cszych obrotach. Praca w przedziale 4,9-7,6 bar gwarantuje dog\u0142\u0119bne czyszczenie nawet najdalszych zakamark\u00f3w jamy ustnej.<\/li>\n<li>Pulse \u2013 tryb mycia, w kt\u00f3rym generowany strumie\u0144 wody skupia swoj\u0105 uwag\u0119 g\u0142\u00f3wnie na dzi\u0105s\u0142ach. Masuje obszary dzi\u0105s\u0142owe, poprawiaj\u0105c ich ukrwienie oraz og\u00f3ln\u0105 kondycj\u0119 z si\u0142\u0105 4,9-6,9 bar.<\/li>\n<li>DIY \u2013 to program oferuj\u0105cy dowolne czyszczenie w zakresie 0,5-7,6 bar. Chwy\u0107 ko\u0144c\u00f3wk\u0119 irygatora i zacznij my\u0107 jam\u0119 ustn\u0105 z tak\u0105 si\u0142\u0105, jak chcesz!<\/li>\n<\/ul>\n<p>Silniczek irygatora Smilesonic H2O d\u0105\u017cy do utrzymania jak najwy\u017cszego ci\u015bnienia, lecz z racji tego, \u017ce jest pulsacyjny &#8211; podajemy pe\u0142en zakres w jakim pracuje w wybranym trybie.[\/vc_column_text][\/vc_column][vc_column column_padding=&#8221;no-extra-padding&#8221; column_padding_tablet=&#8221;inherit&#8221; column_padding_phone=&#8221;inherit&#8221; column_padding_position=&#8221;left-right&#8221; background_color_opacity=&#8221;1&#8243; background_hover_color_opacity=&#8221;1&#8243; column_shadow=&#8221;none&#8221; column_border_radius=&#8221;none&#8221; column_link_target=&#8221;_self&#8221; gradient_direction=&#8221;left_to_right&#8221; overlay_strength=&#8221;0.3&#8243; width=&#8221;1\/2&#8243; tablet_width_inherit=&#8221;default&#8221; tablet_text_alignment=&#8221;default&#8221; phone_text_alignment=&#8221;default&#8221; column_border_width=&#8221;none&#8221; column_border_style=&#8221;solid&#8221; bg_image_animation=&#8221;none&#8221;][image_with_animation image_url=&#8221;19282&#8243; animation=&#8221;Fade In&#8221; hover_animation=&#8221;none&#8221; alignment=&#8221;&#8221; border_radius=&#8221;none&#8221; box_shadow=&#8221;none&#8221; image_loading=&#8221;default&#8221; max_width=&#8221;100%&#8221; max_width_mobile=&#8221;default&#8221;][\/vc_column][\/vc_row][vc_row type=&#8221;full_width_content&#8221; full_screen_row_position=&#8221;middle&#8221; column_margin=&#8221;default&#8221; equal_height=&#8221;yes&#8221; content_placement=&#8221;middle&#8221; column_direction=&#8221;default&#8221; column_direction_tablet=&#8221;default&#8221; column_direction_phone=&#8221;default&#8221; scene_position=&#8221;center&#8221; text_color=&#8221;dark&#8221; text_align=&#8221;left&#8221; row_border_radius=&#8221;none&#8221; row_border_radius_applies=&#8221;bg&#8221; overlay_strength=&#8221;0.3&#8243; gradient_direction=&#8221;left_to_right&#8221; shape_divider_position=&#8221;bottom&#8221; bg_image_animation=&#8221;none&#8221; shape_type=&#8221;&#8221;][vc_column column_padding=&#8221;no-extra-padding&#8221; column_padding_tablet=&#8221;inherit&#8221; column_padding_phone=&#8221;inherit&#8221; column_padding_position=&#8221;all&#8221; background_color_opacity=&#8221;1&#8243; background_hover_color_opacity=&#8221;1&#8243; column_shadow=&#8221;none&#8221; column_border_radius=&#8221;none&#8221; column_link_target=&#8221;_self&#8221; gradient_direction=&#8221;left_to_right&#8221; overlay_strength=&#8221;0.3&#8243; width=&#8221;1\/2&#8243; tablet_width_inherit=&#8221;default&#8221; tablet_text_alignment=&#8221;default&#8221; phone_text_alignment=&#8221;default&#8221; column_border_width=&#8221;none&#8221; column_border_style=&#8221;solid&#8221; bg_image_animation=&#8221;none&#8221;][image_with_animation image_url=&#8221;19286&#8243; animation=&#8221;Fade In&#8221; hover_animation=&#8221;none&#8221; alignment=&#8221;&#8221; border_radius=&#8221;none&#8221; box_shadow=&#8221;none&#8221; image_loading=&#8221;default&#8221; max_width=&#8221;100%&#8221; max_width_mobile=&#8221;default&#8221;][\/vc_column][vc_column column_padding=&#8221;padding-5-percent&#8221; column_padding_tablet=&#8221;inherit&#8221; column_padding_phone=&#8221;inherit&#8221; column_padding_position=&#8221;left-right&#8221; top_margin_tablet=&#8221;45&#8243; top_margin_phone=&#8221;30&#8243; background_color_opacity=&#8221;1&#8243; background_hover_color_opacity=&#8221;1&#8243; column_shadow=&#8221;none&#8221; column_border_radius=&#8221;none&#8221; column_link_target=&#8221;_self&#8221; gradient_direction=&#8221;left_to_right&#8221; overlay_strength=&#8221;0.3&#8243; width=&#8221;1\/2&#8243; tablet_width_inherit=&#8221;default&#8221; tablet_text_alignment=&#8221;default&#8221; phone_text_alignment=&#8221;default&#8221; column_border_width=&#8221;none&#8221; column_border_style=&#8221;solid&#8221; bg_image_animation=&#8221;none&#8221;][vc_custom_heading text=&#8221;Pi\u0119\u0107 ko\u0144c\u00f3wek do ka\u017cdego sposobu mycia&#8221; google_fonts=&#8221;font_family:Open%20Sans%3A300%2C300italic%2Cregular%2Citalic%2C600%2C600italic%2C700%2C700italic%2C800%2C800italic|font_style:700%20bold%20regular%3A700%3Anormal&#8221; css=&#8221;.vc_custom_1641203621493{padding-bottom: 15px !important;}&#8221;][vc_column_text]Chcesz skutecznie pozby\u0107 si\u0119 z\u0142og\u00f3w z przestrzeni mi\u0119dzyz\u0119bowych, wzmocni\u0107 dzi\u0105s\u0142a, a mo\u017ce oczy\u015bci\u0107 j\u0119zyk? W zestawie z irygatorem bezprzewodowym Smilesonic H2O znajdziesz pi\u0119\u0107 dysz czyszcz\u0105cych \u2013 ka\u017cda o innym zastosowaniu.<\/p>\n<ul>\n<li>Ko\u0144c\u00f3wka standardowa \u2013 dysza czyszcz\u0105ca przewodz\u0105ca pulsuj\u0105cy strumie\u0144 wody, kt\u00f3ry u\u0142atwia \u015bci\u0105ganie z przestrzeni mi\u0119dzyz\u0119bowych resztek jedzenia, a tak\u017ce masuje i piel\u0119gnuje dzi\u0105s\u0142a.<\/li>\n<li>Ko\u0144c\u00f3wka periodontologiczna \u2013 usuwa z jamy ustnej bakterie pog\u0142\u0119biaj\u0105ce stany zapalne jamy ustnej. Oferuje dog\u0142\u0119bne czyszczenie przestrzeni mi\u0119dzyz\u0119bowych.<\/li>\n<li>Ko\u0144c\u00f3wka ortodontyczna \u2013 co\u015b dla os\u00f3b z aparatami ortodontycznymi i implantami. Ta ko\u0144c\u00f3wka kieruje strumie\u0144 wody tak, aby trafia\u0142 w trudno dost\u0119pne obszary wok\u00f3\u0142 wype\u0142nie\u0144.<\/li>\n<li>Ko\u0144c\u00f3wka usuwaj\u0105ca p\u0142ytk\u0119 naz\u0119bn\u0105 \u2013 to dysza wyposa\u017cona w specjalne w\u0142osie, kt\u00f3re umo\u017cliwia skuteczn\u0105 piel\u0119gnacj\u0119 implant\u00f3w i mostk\u00f3w dentystycznych.<\/li>\n<li>Ko\u0144c\u00f3wka do mycia j\u0119zyka \u2013 ma wyj\u0105tkowy, owalny kszta\u0142t, kt\u00f3ry pozwala jej dostosowa\u0107 si\u0119 do powierzchni j\u0119zyka. Nie daje pola do popisu nalotom prowadz\u0105cym do nie\u015bwie\u017cego oddechu.<\/li>\n<\/ul>\n[\/vc_column_text][\/vc_column][\/vc_row][vc_row type=&#8221;full_width_content&#8221; full_screen_row_position=&#8221;middle&#8221; column_margin=&#8221;default&#8221; equal_height=&#8221;yes&#8221; content_placement=&#8221;middle&#8221; column_direction=&#8221;default&#8221; column_direction_tablet=&#8221;default&#8221; column_direction_phone=&#8221;default&#8221; scene_position=&#8221;center&#8221; text_color=&#8221;dark&#8221; text_align=&#8221;left&#8221; row_border_radius=&#8221;none&#8221; row_border_radius_applies=&#8221;bg&#8221; overlay_strength=&#8221;0.3&#8243; gradient_direction=&#8221;left_to_right&#8221; shape_divider_position=&#8221;bottom&#8221; bg_image_animation=&#8221;none&#8221; shape_type=&#8221;&#8221;][vc_column column_padding=&#8221;padding-5-percent&#8221; column_padding_tablet=&#8221;inherit&#8221; column_padding_phone=&#8221;inherit&#8221; column_padding_position=&#8221;all&#8221; top_margin_tablet=&#8221;0&#8243; bottom_margin_tablet=&#8221;45&#8243; top_margin_phone=&#8221;0&#8243; bottom_margin_phone=&#8221;30&#8243; background_color_opacity=&#8221;1&#8243; background_hover_color_opacity=&#8221;1&#8243; column_shadow=&#8221;none&#8221; column_border_radius=&#8221;none&#8221; column_link_target=&#8221;_self&#8221; gradient_direction=&#8221;left_to_right&#8221; overlay_strength=&#8221;0.3&#8243; width=&#8221;1\/2&#8243; tablet_width_inherit=&#8221;default&#8221; tablet_text_alignment=&#8221;default&#8221; phone_text_alignment=&#8221;default&#8221; column_border_width=&#8221;none&#8221; column_border_style=&#8221;solid&#8221; bg_image_animation=&#8221;none&#8221;][vc_custom_heading text=&#8221;Du\u017cy, wygodny zbiornik na wod\u0119&#8221; google_fonts=&#8221;font_family:Open%20Sans%3A300%2C300italic%2Cregular%2Citalic%2C600%2C600italic%2C700%2C700italic%2C800%2C800italic|font_style:700%20bold%20regular%3A700%3Anormal&#8221; css=&#8221;.vc_custom_1641203653126{padding-bottom: 15px !important;}&#8221;][vc_column_text]Smilesonic H2O wyr\u00f3\u017cnia nietypowo du\u017cy jak na irygator bezprzewodowy zbiornik na wod\u0119 o pojemno\u015bci 300 ml. Dzi\u0119ki temu sprz\u0119t pozwala przeprowadzi\u0107 pe\u0142n\u0105, dwuminutow\u0105 irygacj\u0119 po zaledwie jednym nape\u0142nieniu pojemnika wod\u0105. O konieczno\u015bci wykonywania w trakcie czyszczenia uci\u0105\u017cliwych \u201edolewek\u201d mo\u017cesz zapomnie\u0107![\/vc_column_text][\/vc_column][vc_column column_padding=&#8221;no-extra-padding&#8221; column_padding_tablet=&#8221;inherit&#8221; column_padding_phone=&#8221;inherit&#8221; column_padding_position=&#8221;left-right&#8221; background_color_opacity=&#8221;1&#8243; background_hover_color_opacity=&#8221;1&#8243; column_shadow=&#8221;none&#8221; column_border_radius=&#8221;none&#8221; column_link_target=&#8221;_self&#8221; gradient_direction=&#8221;left_to_right&#8221; overlay_strength=&#8221;0.3&#8243; width=&#8221;1\/2&#8243; tablet_width_inherit=&#8221;default&#8221; tablet_text_alignment=&#8221;default&#8221; phone_text_alignment=&#8221;default&#8221; column_border_width=&#8221;none&#8221; column_border_style=&#8221;solid&#8221; bg_image_animation=&#8221;none&#8221;][image_with_animation image_url=&#8221;18762&#8243; animation=&#8221;Fade In&#8221; hover_animation=&#8221;none&#8221; alignment=&#8221;&#8221; border_radius=&#8221;none&#8221; box_shadow=&#8221;none&#8221; image_loading=&#8221;default&#8221; max_width=&#8221;100%&#8221; max_width_mobile=&#8221;default&#8221;][\/vc_column][\/vc_row][vc_row type=&#8221;full_width_content&#8221; full_screen_row_position=&#8221;middle&#8221; column_margin=&#8221;default&#8221; equal_height=&#8221;yes&#8221; content_placement=&#8221;middle&#8221; column_direction=&#8221;default&#8221; column_direction_tablet=&#8221;default&#8221; column_direction_phone=&#8221;default&#8221; scene_position=&#8221;center&#8221; text_color=&#8221;dark&#8221; text_align=&#8221;left&#8221; row_border_radius=&#8221;none&#8221; row_border_radius_applies=&#8221;bg&#8221; overlay_strength=&#8221;0.3&#8243; gradient_direction=&#8221;left_to_right&#8221; shape_divider_position=&#8221;bottom&#8221; bg_image_animation=&#8221;none&#8221; shape_type=&#8221;&#8221;][vc_column column_padding=&#8221;no-extra-padding&#8221; column_padding_tablet=&#8221;inherit&#8221; column_padding_phone=&#8221;inherit&#8221; column_padding_position=&#8221;all&#8221; background_color_opacity=&#8221;1&#8243; background_hover_color_opacity=&#8221;1&#8243; column_shadow=&#8221;none&#8221; column_border_radius=&#8221;none&#8221; column_link_target=&#8221;_self&#8221; gradient_direction=&#8221;left_to_right&#8221; overlay_strength=&#8221;0.3&#8243; width=&#8221;1\/2&#8243; tablet_width_inherit=&#8221;default&#8221; tablet_text_alignment=&#8221;default&#8221; phone_text_alignment=&#8221;default&#8221; column_border_width=&#8221;none&#8221; column_border_style=&#8221;solid&#8221; bg_image_animation=&#8221;none&#8221;][image_with_animation image_url=&#8221;18758&#8243; animation=&#8221;Fade In&#8221; hover_animation=&#8221;none&#8221; alignment=&#8221;&#8221; border_radius=&#8221;none&#8221; box_shadow=&#8221;none&#8221; image_loading=&#8221;default&#8221; max_width=&#8221;100%&#8221; max_width_mobile=&#8221;default&#8221;][\/vc_column][vc_column column_padding=&#8221;padding-5-percent&#8221; column_padding_tablet=&#8221;inherit&#8221; column_padding_phone=&#8221;inherit&#8221; column_padding_position=&#8221;left-right&#8221; top_margin_tablet=&#8221;45&#8243; top_margin_phone=&#8221;30&#8243; background_color_opacity=&#8221;1&#8243; background_hover_color_opacity=&#8221;1&#8243; column_shadow=&#8221;none&#8221; column_border_radius=&#8221;none&#8221; column_link_target=&#8221;_self&#8221; gradient_direction=&#8221;left_to_right&#8221; overlay_strength=&#8221;0.3&#8243; width=&#8221;1\/2&#8243; tablet_width_inherit=&#8221;default&#8221; tablet_text_alignment=&#8221;default&#8221; phone_text_alignment=&#8221;default&#8221; column_border_width=&#8221;none&#8221; column_border_style=&#8221;solid&#8221; bg_image_animation=&#8221;none&#8221;][vc_custom_heading text=&#8221;Komfortowa irygacja w dowolnym miejscu&#8221; google_fonts=&#8221;font_family:Open%20Sans%3A300%2C300italic%2Cregular%2Citalic%2C600%2C600italic%2C700%2C700italic%2C800%2C800italic|font_style:700%20bold%20regular%3A700%3Anormal&#8221; css=&#8221;.vc_custom_1641203664613{padding-bottom: 15px !important;}&#8221;][vc_column_text]Produkt mo\u017ce by\u0107 z powodzeniem u\u017cywany zar\u00f3wno w domu, jak i podczas podr\u00f3\u017cy. Dzi\u0119ki swojemu kompaktowemu charakterowi niewiele miejsca zajmuje nie tylko na p\u00f3\u0142ce w \u0142azience, ale tak\u017ce w podr\u00f3\u017cnej torbie. Na\u0142aduj irygator do pe\u0142na, a potem ciesz si\u0119 przez kilka dni komfortow\u0105 irygacj\u0105 przestrzeni mi\u0119dzyz\u0119bowych w dowolnym miejscu.<\/p>\n<p><span style=\"text-decoration: underline;\">Zawarto\u015b\u0107 zestawu:<\/span><\/p>\n<ul>\n<li>Irygator bezprzewodowy Smilesonic H2O<\/li>\n<li>5 r\u00f3\u017cnych ko\u0144c\u00f3wek czyszcz\u0105cych (1 ko\u0144c\u00f3wka standardowa, 1 ko\u0144c\u00f3wka periodontologiczna, 1 ko\u0144c\u00f3wka ortodontyczna, 1 ko\u0144c\u00f3wka usuwaj\u0105ca p\u0142ytk\u0119 naz\u0119bn\u0105, 1 ko\u0144c\u00f3wka do mycia j\u0119zyka)<\/li>\n<li>Kabel \u0142adowania USB z adapterem<\/li>\n<li>Instrukcja obs\u0142ugi w j\u0119zyku polskim<\/li>\n<\/ul>\n<p><strong>Produkt obj\u0119ty gwarancj\u0105 DOOR TO DOOR na 24 miesi\u0105ce.<\/strong>[\/vc_column_text][\/vc_column][\/vc_row]\n","protected":false},"excerpt":{"rendered":"<p>Irygator bezprzewodowy Smilesonic H2O pozwala czy\u015bci\u0107 przestrzenie mi\u0119dzyz\u0119bowe w pi\u0119ciu r\u00f3\u017cnych trybach, w tym w programie DIY (\u201edo it yourself\u201d, czyli z angielskiego \u201ezr\u00f3b to sam\u201d), kt\u00f3ry pe\u0142ni\u0119 w\u0142adzy nad generowanym strumieniem wody przekazuje u\u017cytkownikowi. Prezentowany irygator jest pierwszym irygatorem bezprzewodowym na polskim rynku, kt\u00f3ry umo\u017cliwia pe\u0142n\u0105 irygacj\u0119 bez konieczno\u015bci kilkukrotnego uzupe\u0142niania w zbiorniku wody. Zakres generowanego przez urz\u0105dzenie strumienia wody wynosi a\u017c 0,5-7,6 bar. Irygator bezprzewodowy Smilesonic zosta\u0142 te\u017c wyposa\u017cony w bardzo wydajny akumulator o pojemno\u015bci 1400 mAh, kt\u00f3ry zapewnia nawet do 2 tygodni pracy. W zestawie ze sprz\u0119tem znajduje si\u0119 pi\u0119\u0107 r\u00f3\u017cnych, specjalistycznych dysz czyszcz\u0105cych oraz kabel \u0142adowania USB wraz z adapterem. Irygator dost\u0119pny jest w czterech kolorach: czarnym, bia\u0142ym, niebieskim i r\u00f3\u017cowym.<\/p>\n","protected":false},"featured_media":18762,"comment_status":"open","ping_status":"closed","template":"","meta":{"_acf_changed":false},"product_brand":[],"product_cat":[260],"product_tag":[],"class_list":{"0":"post-18401","1":"product","2":"type-product","3":"status-publish","4":"has-post-thumbnail","6":"product_cat-irygatory-stomatologiczne-smilesonic","8":"first","9":"outofstock","10":"shipping-taxable","11":"purchasable","12":"product-type-variable","13":"has-default-attributes"},"acf":[],"_links":{"self":[{"href":"https:\/\/smilesonic.com\/pl\/wp-json\/wp\/v2\/product\/18401","targetHints":{"allow":["GET"]}}],"collection":[{"href":"https:\/\/smilesonic.com\/pl\/wp-json\/wp\/v2\/product"}],"about":[{"href":"https:\/\/smilesonic.com\/pl\/wp-json\/wp\/v2\/types\/product"}],"replies":[{"embeddable":true,"href":"https:\/\/smilesonic.com\/pl\/wp-json\/wp\/v2\/comments?post=18401"}],"wp:featuredmedia":[{"embeddable":true,"href":"https:\/\/smilesonic.com\/pl\/wp-json\/wp\/v2\/media\/18762"}],"wp:attachment":[{"href":"https:\/\/smilesonic.com\/pl\/wp-json\/wp\/v2\/media?parent=18401"}],"wp:term":[{"taxonomy":"product_brand","embeddable":true,"href":"https:\/\/smilesonic.com\/pl\/wp-json\/wp\/v2\/product_brand?post=18401"},{"taxonomy":"product_cat","embeddable":true,"href":"https:\/\/smilesonic.com\/pl\/wp-json\/wp\/v2\/product_cat?post=18401"},{"taxonomy":"product_tag","embeddable":true,"href":"https:\/\/smilesonic.com\/pl\/wp-json\/wp\/v2\/product_tag?post=18401"}],"curies":[{"name":"wp","href":"https:\/\/api.w.org\/{rel}","templated":true}]}}