{"id":17724,"date":"2021-11-26T14:42:45","date_gmt":"2021-11-26T13:42:45","guid":{"rendered":"https:\/\/smilesonic.com\/?post_type=product&#038;p=17724"},"modified":"2026-04-24T12:17:17","modified_gmt":"2026-04-24T10:17:17","slug":"koncowki-smilesonic-pogon-szczecin","status":"publish","type":"product","link":"https:\/\/smilesonic.com\/pl\/produkt\/koncowki-smilesonic-pogon-szczecin\/","title":{"rendered":"Ko\u0144c\u00f3wki Smilesonic Pogo\u0144 Szczecin 2 szt. &#8211; do codziennego mycia"},"content":{"rendered":"<p>Ko\u0144c\u00f3wki czyszcz\u0105ce stanowi\u0105 nieodzowny element ka\u017cdej szczoteczki sonicznej. Prezentowane ko\u0144c\u00f3wki do szczoteczki Smilesonic Pogo\u0144 Szczecin pomagaj\u0105 \u015bci\u0105ga\u0107 z z\u0119b\u00f3w codzienne naloty, a przy tym idealnie pasuj\u0105 kolorystycznie do wyj\u0105tkowej r\u0119koje\u015bci naszej \u201ekibicowskiej\u201d szczoteczki sonicznej.<\/p>\n<p><strong>Skuteczna, codzienna piel\u0119gnacja jamy ustnej<\/strong><\/p>\n<p>Ko\u0144c\u00f3wki do szczoteczki sonicznej Smilesonic Pogo\u0144 Szczecin zaopatrzono we w\u0142\u00f3kna o \u015bredniej twardo\u015bci, kt\u00f3re \u015bwietnie nadaj\u0105 si\u0119 do codziennego czyszczenia jamy ustnej. Mo\u017cesz ich \u015bmia\u0142o u\u017cywa\u0107 zar\u00f3wno do sp\u00f3\u0142ki z trybem Clean (codziennego mycia), jak i Sensitive (delikatnego czyszczenia) szczoteczki sonicznej Smilesonic Pogo\u0144 Szczecin.<\/p>\n<p><strong>Wska\u017anikowe w\u0142\u00f3kna<\/strong><\/p>\n<p>Wszystkie ko\u0144c\u00f3wki spod szyldu Smilesonic s\u0105 wyposa\u017cone w w\u0142\u00f3kna trac\u0105ce kolor adekwatnie do stopnia zu\u017cycia. Nie inaczej jest z ko\u0144c\u00f3wkami do szczoteczki sonicznej Smilesonic Pogo\u0144 Szczecin. Gdy w\u0142osie ko\u0144c\u00f3wek staje si\u0119 ca\u0142kowicie blade, masz pewno\u015b\u0107, \u017ce g\u0142owice nadaj\u0105 si\u0119 do wymiany (pami\u0119taj jednak o tym, aby ko\u0144c\u00f3wki zamienia\u0107 na nowe zawsze po przebyciu choroby i w momencie dostrze\u017cenia ich deformacji).<\/p>\n<p><strong>Niezb\u0119dnik w asortymencie ka\u017cdego kibica<\/strong><\/p>\n<p>Ko\u0144c\u00f3wki do szczoteczki sonicznej Smilesonic Pogo\u0144 Szczecin pod k\u0105tem estetycznym idealnie wpisuj\u0105 si\u0119 w gust kibic\u00f3w szczeci\u0144skiej Pogoni. Ich granatowy kolor doskonale wsp\u00f3\u0142gra z granatowo-bordow\u0105 r\u0119koje\u015bci\u0105 szczoteczki sonicznej Smilesonic Pogo\u0144 Szczecin.<\/p>\n<p>Specyfikacja:<br \/>\n\u2022 Do modelu: Smilesonic Pogo\u0144 Szczecin<br \/>\n\u2022 Przeznaczenie: Ko\u0144c\u00f3wki do codziennego mycia z\u0119b\u00f3w<br \/>\n\u2022 Ilo\u015b\u0107 g\u0142\u00f3wek w zestawie: 2 sztuki<br \/>\n\u2022 Kolor: Niebieski<\/p>\n","protected":false},"excerpt":{"rendered":"<p>Ko\u0144c\u00f3wki czyszcz\u0105ce do szczoteczki sonicznej Smilesonic Pogo\u0144 Szczecin. Posiadaj\u0105 \u015bredniej twardo\u015bci w\u0142osie, kt\u00f3re doskonale radzi sobie z p\u0142ytk\u0105 naz\u0119bn\u0105 i innymi pojawiaj\u0105cymi si\u0119 na z\u0119bach osadami. Atutem prezentowanych g\u0142owic czyszcz\u0105cych s\u0105 tak\u017ce wska\u017anikowe w\u0142\u00f3kna, wyr\u0119czaj\u0105ce u\u017cytkownika w przestrzeganiu czasu wymiany ko\u0144c\u00f3wek.<\/p>\n","protected":false},"featured_media":17725,"comment_status":"open","ping_status":"closed","template":"","meta":{"_acf_changed":false},"product_brand":[],"product_cat":[57],"product_tag":[],"class_list":{"0":"post-17724","1":"product","2":"type-product","3":"status-publish","4":"has-post-thumbnail","6":"product_cat-koncowki-do-szczoteczek-sonicznych","8":"first","9":"instock","10":"shipping-taxable","11":"purchasable","12":"product-type-simple"},"acf":[],"_links":{"self":[{"href":"https:\/\/smilesonic.com\/pl\/wp-json\/wp\/v2\/product\/17724","targetHints":{"allow":["GET"]}}],"collection":[{"href":"https:\/\/smilesonic.com\/pl\/wp-json\/wp\/v2\/product"}],"about":[{"href":"https:\/\/smilesonic.com\/pl\/wp-json\/wp\/v2\/types\/product"}],"replies":[{"embeddable":true,"href":"https:\/\/smilesonic.com\/pl\/wp-json\/wp\/v2\/comments?post=17724"}],"wp:featuredmedia":[{"embeddable":true,"href":"https:\/\/smilesonic.com\/pl\/wp-json\/wp\/v2\/media\/17725"}],"wp:attachment":[{"href":"https:\/\/smilesonic.com\/pl\/wp-json\/wp\/v2\/media?parent=17724"}],"wp:term":[{"taxonomy":"product_brand","embeddable":true,"href":"https:\/\/smilesonic.com\/pl\/wp-json\/wp\/v2\/product_brand?post=17724"},{"taxonomy":"product_cat","embeddable":true,"href":"https:\/\/smilesonic.com\/pl\/wp-json\/wp\/v2\/product_cat?post=17724"},{"taxonomy":"product_tag","embeddable":true,"href":"https:\/\/smilesonic.com\/pl\/wp-json\/wp\/v2\/product_tag?post=17724"}],"curies":[{"name":"wp","href":"https:\/\/api.w.org\/{rel}","templated":true}]}}