{"id":17315,"date":"2021-11-09T14:46:42","date_gmt":"2021-11-09T13:46:42","guid":{"rendered":"https:\/\/smilesonic.com\/?post_type=product&#038;p=17315"},"modified":"2026-04-09T20:48:10","modified_gmt":"2026-04-09T18:48:10","slug":"pasta-smilesonic-sensitive","status":"publish","type":"product","link":"https:\/\/smilesonic.com\/pl\/produkt\/pasta-smilesonic-sensitive\/","title":{"rendered":"Pasta Smilesonic Sensitive &#8211; na nadwra\u017cliwo\u015b\u0107 z\u0119b\u00f3w i dzi\u0105se\u0142"},"content":{"rendered":"[vc_row type=&#8221;full_width_content&#8221; full_screen_row_position=&#8221;middle&#8221; column_margin=&#8221;default&#8221; equal_height=&#8221;yes&#8221; content_placement=&#8221;middle&#8221; column_direction=&#8221;default&#8221; column_direction_tablet=&#8221;default&#8221; column_direction_phone=&#8221;default&#8221; scene_position=&#8221;center&#8221; text_color=&#8221;dark&#8221; text_align=&#8221;left&#8221; row_border_radius=&#8221;none&#8221; row_border_radius_applies=&#8221;bg&#8221; overlay_strength=&#8221;0.3&#8243; gradient_direction=&#8221;left_to_right&#8221; shape_divider_position=&#8221;bottom&#8221; bg_image_animation=&#8221;none&#8221; shape_type=&#8221;&#8221;][vc_column column_padding=&#8221;no-extra-padding&#8221; column_padding_tablet=&#8221;inherit&#8221; column_padding_phone=&#8221;inherit&#8221; column_padding_position=&#8221;all&#8221; background_color_opacity=&#8221;1&#8243; background_hover_color_opacity=&#8221;1&#8243; column_shadow=&#8221;none&#8221; column_border_radius=&#8221;none&#8221; column_link_target=&#8221;_self&#8221; gradient_direction=&#8221;left_to_right&#8221; overlay_strength=&#8221;0.3&#8243; width=&#8221;1\/2&#8243; tablet_width_inherit=&#8221;default&#8221; tablet_text_alignment=&#8221;default&#8221; phone_text_alignment=&#8221;default&#8221; column_border_width=&#8221;none&#8221; column_border_style=&#8221;solid&#8221; bg_image_animation=&#8221;none&#8221;][image_with_animation image_url=&#8221;17815&#8243; animation=&#8221;Fade In&#8221; hover_animation=&#8221;none&#8221; alignment=&#8221;&#8221; border_radius=&#8221;none&#8221; box_shadow=&#8221;none&#8221; image_loading=&#8221;default&#8221; max_width=&#8221;100%&#8221; max_width_mobile=&#8221;default&#8221;][\/vc_column][vc_column column_padding=&#8221;padding-5-percent&#8221; column_padding_tablet=&#8221;inherit&#8221; column_padding_phone=&#8221;inherit&#8221; column_padding_position=&#8221;left-right&#8221; top_margin_tablet=&#8221;45&#8243; top_margin_phone=&#8221;30&#8243; background_color_opacity=&#8221;1&#8243; background_hover_color_opacity=&#8221;1&#8243; column_shadow=&#8221;none&#8221; column_border_radius=&#8221;none&#8221; column_link_target=&#8221;_self&#8221; gradient_direction=&#8221;left_to_right&#8221; overlay_strength=&#8221;0.3&#8243; width=&#8221;1\/2&#8243; tablet_width_inherit=&#8221;default&#8221; tablet_text_alignment=&#8221;default&#8221; phone_text_alignment=&#8221;default&#8221; column_border_width=&#8221;none&#8221; column_border_style=&#8221;solid&#8221; bg_image_animation=&#8221;none&#8221;][vc_custom_heading text=&#8221;Smilesonic Sensitive&#8221; google_fonts=&#8221;font_family:Open%20Sans%3A300%2C300italic%2Cregular%2Citalic%2C600%2C600italic%2C700%2C700italic%2C800%2C800italic|font_style:700%20bold%20regular%3A700%3Anormal&#8221; css=&#8221;.vc_custom_1638274278327{padding-bottom: 15px !important;}&#8221;][vc_column_text]Szacuje si\u0119, \u017ce z nadwra\u017cliwo\u015bci\u0105 z\u0119b\u00f3w i dzi\u0105se\u0142 regularnie zmaga si\u0119 nawet 15% spo\u0142ecze\u0144stwa. K\u0142opot pojawia si\u0119 na skutek niew\u0142a\u015bciwej higieny jamy ustnej, uszkodze\u0144 mechanicznych czy nieodpowiedniego od\u017cywiania. Rozpozna\u0107 go nietrudno \u2013 jego charakterystyczn\u0105 cech\u0105 jest silny, pulsuj\u0105cy b\u00f3l podczas spo\u017cywania gor\u0105cych, zimnych, kwa\u015bnych b\u0105d\u017a s\u0142odkich produkt\u00f3w. Skuteczn\u0105 walk\u0119 z nadwra\u017cliwo\u015bci\u0105 z\u0119bow\u0105 jeste\u015b w stanie podj\u0105\u0107 korzystaj\u0105c z pasty do z\u0119b\u00f3w na nadwra\u017cliwo\u015b\u0107 Smilesonic Sensitive. To preparat, w sk\u0142adzie kt\u00f3rego znajdziesz wszystkie niezb\u0119dne sk\u0142adniki zamykaj\u0105ce oraz blokuj\u0105ce w kanalikach z\u0119binowych przep\u0142yw p\u0142ynu, kt\u00f3ry przewodzi impulsy powoduj\u0105ce b\u00f3l.[\/vc_column_text][\/vc_column][\/vc_row][vc_row type=&#8221;full_width_content&#8221; full_screen_row_position=&#8221;middle&#8221; column_margin=&#8221;default&#8221; equal_height=&#8221;yes&#8221; content_placement=&#8221;middle&#8221; column_direction=&#8221;default&#8221; column_direction_tablet=&#8221;default&#8221; column_direction_phone=&#8221;default&#8221; scene_position=&#8221;center&#8221; text_color=&#8221;dark&#8221; text_align=&#8221;left&#8221; row_border_radius=&#8221;none&#8221; row_border_radius_applies=&#8221;bg&#8221; overlay_strength=&#8221;0.3&#8243; gradient_direction=&#8221;left_to_right&#8221; shape_divider_position=&#8221;bottom&#8221; bg_image_animation=&#8221;none&#8221; shape_type=&#8221;&#8221;][vc_column column_padding=&#8221;padding-5-percent&#8221; column_padding_tablet=&#8221;inherit&#8221; column_padding_phone=&#8221;inherit&#8221; column_padding_position=&#8221;all&#8221; top_margin_tablet=&#8221;0&#8243; bottom_margin_tablet=&#8221;45&#8243; top_margin_phone=&#8221;0&#8243; bottom_margin_phone=&#8221;30&#8243; background_color_opacity=&#8221;1&#8243; background_hover_color_opacity=&#8221;1&#8243; column_shadow=&#8221;none&#8221; column_border_radius=&#8221;none&#8221; column_link_target=&#8221;_self&#8221; gradient_direction=&#8221;left_to_right&#8221; overlay_strength=&#8221;0.3&#8243; width=&#8221;1\/2&#8243; tablet_width_inherit=&#8221;default&#8221; tablet_text_alignment=&#8221;default&#8221; phone_text_alignment=&#8221;default&#8221; column_border_width=&#8221;none&#8221; column_border_style=&#8221;solid&#8221; bg_image_animation=&#8221;none&#8221;][vc_custom_heading text=&#8221;Sk\u0142adniki skutecznie powstrzymuj\u0105ce b\u00f3l&#8221; google_fonts=&#8221;font_family:Open%20Sans%3A300%2C300italic%2Cregular%2Citalic%2C600%2C600italic%2C700%2C700italic%2C800%2C800italic|font_style:700%20bold%20regular%3A700%3Anormal&#8221; css=&#8221;.vc_custom_1638274315229{padding-bottom: 15px !important;}&#8221;][vc_column_text]Za skuteczno\u015b\u0107 pasty do z\u0119b\u00f3w na nadwra\u017cliwo\u015b\u0107 Smilesonic Sensitive odpowiadaj\u0105 trzy g\u0142\u00f3wne sk\u0142adniki:<\/p>\n<ul>\n<li>Fluorek sodu (1450 ppm) \u2013 wzmacnia powierzchni\u0119 szkliwa, zabezpieczaj\u0105c j\u0105 przed powstawaniem ubytk\u00f3w.<\/li>\n<li>Ksylitol \u2013 to naturalny cukier, kt\u00f3ry wspomaga dzia\u0142anie fluorku sodu we wzmacnianiu szkliwa. Dodatkowo \u015brodek ten wyr\u00f3wnuje pH jamy ustnej, ograniczaj\u0105c rozw\u00f3j szkodliwych bakterii.<\/li>\n<li>Hydroksyapatyt \u2013 jego zadanie to hamowanie przep\u0142ywu p\u0142ynu w kanalikach i tym samym powstrzymywanie bod\u017ac\u00f3w b\u00f3lowych.<\/li>\n<\/ul>\n[\/vc_column_text][vc_custom_heading text=&#8221;Odbudowa zniszczonego szkliwa&#8221; google_fonts=&#8221;font_family:Open%20Sans%3A300%2C300italic%2Cregular%2Citalic%2C600%2C600italic%2C700%2C700italic%2C800%2C800italic|font_style:700%20bold%20regular%3A700%3Anormal&#8221; css=&#8221;.vc_custom_1638274371298{padding-bottom: 15px !important;}&#8221;][vc_column_text]Dzi\u0119ki pa\u015bcie do z\u0119b\u00f3w na nadwra\u017cliwo\u015b\u0107 Smilesonic Sensitive masz szans\u0119 nie tylko pozby\u0107 si\u0119 b\u00f3lu zwi\u0105zanego z nadwra\u017cliwo\u015bci\u0105, ale r\u00f3wnie\u017c przeprowadzi\u0107 efektywn\u0105 remineralizacj\u0119 z\u0119b\u00f3w. T\u0119 funkcj\u0119 zapewnia preparatowi wspomniany ju\u017c wy\u017cej hydroksyapatyt, Minera\u0142 ten odbudowuje ubytki, a tak\u017ce roztacza nad szkliwem specjaln\u0105 pow\u0142ok\u0119 ochronn\u0105, kt\u00f3ra zapobiega zmianom pr\u00f3chniczym i nadwra\u017cliwym z\u0119bom.[\/vc_column_text][\/vc_column][vc_column column_padding=&#8221;no-extra-padding&#8221; column_padding_tablet=&#8221;inherit&#8221; column_padding_phone=&#8221;inherit&#8221; column_padding_position=&#8221;left-right&#8221; background_color_opacity=&#8221;1&#8243; background_hover_color_opacity=&#8221;1&#8243; column_shadow=&#8221;none&#8221; column_border_radius=&#8221;none&#8221; column_link_target=&#8221;_self&#8221; gradient_direction=&#8221;left_to_right&#8221; overlay_strength=&#8221;0.3&#8243; width=&#8221;1\/2&#8243; tablet_width_inherit=&#8221;default&#8221; tablet_text_alignment=&#8221;default&#8221; phone_text_alignment=&#8221;default&#8221; column_border_width=&#8221;none&#8221; column_border_style=&#8221;solid&#8221; bg_image_animation=&#8221;none&#8221;][image_with_animation image_url=&#8221;17819&#8243; animation=&#8221;Fade In&#8221; hover_animation=&#8221;none&#8221; alignment=&#8221;&#8221; border_radius=&#8221;none&#8221; box_shadow=&#8221;none&#8221; image_loading=&#8221;default&#8221; max_width=&#8221;100%&#8221; max_width_mobile=&#8221;default&#8221;][\/vc_column][\/vc_row][vc_row type=&#8221;full_width_content&#8221; full_screen_row_position=&#8221;middle&#8221; column_margin=&#8221;default&#8221; equal_height=&#8221;yes&#8221; content_placement=&#8221;middle&#8221; column_direction=&#8221;default&#8221; column_direction_tablet=&#8221;default&#8221; column_direction_phone=&#8221;default&#8221; scene_position=&#8221;center&#8221; text_color=&#8221;dark&#8221; text_align=&#8221;left&#8221; row_border_radius=&#8221;none&#8221; row_border_radius_applies=&#8221;bg&#8221; overlay_strength=&#8221;0.3&#8243; gradient_direction=&#8221;left_to_right&#8221; shape_divider_position=&#8221;bottom&#8221; bg_image_animation=&#8221;none&#8221; shape_type=&#8221;&#8221;][vc_column column_padding=&#8221;no-extra-padding&#8221; column_padding_tablet=&#8221;inherit&#8221; column_padding_phone=&#8221;inherit&#8221; column_padding_position=&#8221;all&#8221; background_color_opacity=&#8221;1&#8243; background_hover_color_opacity=&#8221;1&#8243; column_shadow=&#8221;none&#8221; column_border_radius=&#8221;none&#8221; column_link_target=&#8221;_self&#8221; gradient_direction=&#8221;left_to_right&#8221; overlay_strength=&#8221;0.3&#8243; width=&#8221;1\/2&#8243; tablet_width_inherit=&#8221;default&#8221; tablet_text_alignment=&#8221;default&#8221; phone_text_alignment=&#8221;default&#8221; column_border_width=&#8221;none&#8221; column_border_style=&#8221;solid&#8221; bg_image_animation=&#8221;none&#8221;][image_with_animation image_url=&#8221;17823&#8243; animation=&#8221;Fade In&#8221; hover_animation=&#8221;none&#8221; alignment=&#8221;&#8221; border_radius=&#8221;none&#8221; box_shadow=&#8221;none&#8221; image_loading=&#8221;default&#8221; max_width=&#8221;100%&#8221; max_width_mobile=&#8221;default&#8221;][\/vc_column][vc_column column_padding=&#8221;padding-5-percent&#8221; column_padding_tablet=&#8221;inherit&#8221; column_padding_phone=&#8221;inherit&#8221; column_padding_position=&#8221;left-right&#8221; top_margin_tablet=&#8221;45&#8243; top_margin_phone=&#8221;30&#8243; background_color_opacity=&#8221;1&#8243; background_hover_color_opacity=&#8221;1&#8243; column_shadow=&#8221;none&#8221; column_border_radius=&#8221;none&#8221; column_link_target=&#8221;_self&#8221; gradient_direction=&#8221;left_to_right&#8221; overlay_strength=&#8221;0.3&#8243; width=&#8221;1\/2&#8243; tablet_width_inherit=&#8221;default&#8221; tablet_text_alignment=&#8221;default&#8221; phone_text_alignment=&#8221;default&#8221; column_border_width=&#8221;none&#8221; column_border_style=&#8221;solid&#8221; bg_image_animation=&#8221;none&#8221;][vc_custom_heading text=&#8221;Atrakcyjny oddech na d\u0142u\u017cej&#8221; google_fonts=&#8221;font_family:Open%20Sans%3A300%2C300italic%2Cregular%2Citalic%2C600%2C600italic%2C700%2C700italic%2C800%2C800italic|font_style:700%20bold%20regular%3A700%3Anormal&#8221; css=&#8221;.vc_custom_1638274422773{padding-bottom: 15px !important;}&#8221;][vc_column_text]W sk\u0142adzie pasty do z\u0119b\u00f3w na nadwra\u017cliwe z\u0119by Smilesonic Sensitive znajduje si\u0119 mentol, kt\u00f3ry nadaje preparatowi od\u015bwie\u017caj\u0105cego posmaku. Dzi\u0119ki niemu przyjemny zapach zostaje z nami jeszcze na d\u0142ugo po wyszczotkowaniu jamy ustnej.[\/vc_column_text][vc_custom_heading text=&#8221;Produkt polecany u\u017cytkownikom szczoteczek sonicznych&#8221; google_fonts=&#8221;font_family:Open%20Sans%3A300%2C300italic%2Cregular%2Citalic%2C600%2C600italic%2C700%2C700italic%2C800%2C800italic|font_style:700%20bold%20regular%3A700%3Anormal&#8221; css=&#8221;.vc_custom_1638274445163{padding-bottom: 15px !important;}&#8221;][vc_column_text]Konsystencja pasty na wra\u017cliwe z\u0119by Smilesonic Sensitive zosta\u0142a przystosowana do u\u017cytku wraz ze szczoteczkami sonicznymi. Preparat jest odpowiednio g\u0119sty, dzi\u0119ki czemu nie sp\u0142ywa z w\u0142osia nawet podczas szybkich ruch\u00f3w wymiataj\u0105cych, kt\u00f3re oferuj\u0105 zaawansowane sprz\u0119ty do higieny jamy ustnej. Pasta do z\u0119b\u00f3w Smilesonic Sensitive si\u0119 tak\u017ce przesadnie nie pieni (w sk\u0142adzie pasty zamiast SLS znajdziemy subtelnie dzia\u0142aj\u0105c\u0105 betain\u0119 kokamidopropylow\u0105).<\/p>\n<p><span style=\"text-decoration: underline;\">Pasta do z\u0119b\u00f3w na nadwra\u017cliwo\u015b\u0107 Smilesonic Sensitive nie powinna by\u0107 u\u017cywana przez dzieci, kt\u00f3re nie sko\u0144czy\u0142y siedmiu lat.<\/span><\/p>\n<p><strong>Sk\u0142ad:<\/strong> Glycerin, Aqua, Hydrated Silica, Potassium Citrate, Pentasodium Triphosphate, Xylitol, Cellulose Gum, Cocamidopropyl Betaine, Mentha Arvensis Leaf Oil, Sodium Fluoride, Stevioside, Menthol, Sodium Chloride, Mentha Piperita Oil, Aloe Barbadensis Leaf Juice Powder, Hydroxyapatite, CI 77891.<br \/>\n<strong>Zawarto\u015b\u0107 fluorku sodu:<\/strong> 1450 ppm F.<br \/>\n<strong>Pojemno\u015b\u0107:<\/strong> 75 ml.[\/vc_column_text][\/vc_column][\/vc_row]\n","protected":false},"excerpt":{"rendered":"<p>Pasta do z\u0119b\u00f3w Smilesonic Sensitive stanowi rozwi\u0105zanie dla os\u00f3b, kt\u00f3re zmagaj\u0105 si\u0119 z nadwra\u017cliwo\u015bci\u0105 z\u0119b\u00f3w i dzi\u0105se\u0142. Preparat wzmacnia os\u0142abione szkliwo i uzupe\u0142nia jego ubytki za spraw\u0105 trzech najwa\u017cniejszych sk\u0142adnik\u00f3w aktywnych, jakimi s\u0105 fluorek sodu, ksylitol i hydroksyapatyt. Pasta do z\u0119b\u00f3w na nadwra\u017cliwo\u015b\u0107 Smilesonic Sensitive ma niski, bezpieczny dla wra\u017cliwych z\u0119b\u00f3w wsp\u00f3\u0142czynnik \u015bcieralno\u015bci. Dzi\u0119ki specjalnej, g\u0119stej konsystencji najlepiej sprawdza si\u0119 podczas mycia z\u0119b\u00f3w szczoteczk\u0105 soniczn\u0105.<\/p>\n","protected":false},"featured_media":17729,"comment_status":"open","ping_status":"closed","template":"","meta":{"_acf_changed":false},"product_brand":[],"product_cat":[258],"product_tag":[],"class_list":{"0":"post-17315","1":"product","2":"type-product","3":"status-publish","4":"has-post-thumbnail","6":"product_cat-pasty-do-szczoteczek-sonicznych","8":"first","9":"instock","10":"shipping-taxable","11":"purchasable","12":"product-type-simple"},"acf":[],"_links":{"self":[{"href":"https:\/\/smilesonic.com\/pl\/wp-json\/wp\/v2\/product\/17315","targetHints":{"allow":["GET"]}}],"collection":[{"href":"https:\/\/smilesonic.com\/pl\/wp-json\/wp\/v2\/product"}],"about":[{"href":"https:\/\/smilesonic.com\/pl\/wp-json\/wp\/v2\/types\/product"}],"replies":[{"embeddable":true,"href":"https:\/\/smilesonic.com\/pl\/wp-json\/wp\/v2\/comments?post=17315"}],"wp:featuredmedia":[{"embeddable":true,"href":"https:\/\/smilesonic.com\/pl\/wp-json\/wp\/v2\/media\/17729"}],"wp:attachment":[{"href":"https:\/\/smilesonic.com\/pl\/wp-json\/wp\/v2\/media?parent=17315"}],"wp:term":[{"taxonomy":"product_brand","embeddable":true,"href":"https:\/\/smilesonic.com\/pl\/wp-json\/wp\/v2\/product_brand?post=17315"},{"taxonomy":"product_cat","embeddable":true,"href":"https:\/\/smilesonic.com\/pl\/wp-json\/wp\/v2\/product_cat?post=17315"},{"taxonomy":"product_tag","embeddable":true,"href":"https:\/\/smilesonic.com\/pl\/wp-json\/wp\/v2\/product_tag?post=17315"}],"curies":[{"name":"wp","href":"https:\/\/api.w.org\/{rel}","templated":true}]}}