{"id":17298,"date":"2021-11-09T14:41:54","date_gmt":"2021-11-09T13:41:54","guid":{"rendered":"https:\/\/smilesonic.com\/?post_type=product&#038;p=17298"},"modified":"2026-04-02T12:25:50","modified_gmt":"2026-04-02T10:25:50","slug":"pasta-smilesonic-premium-white","status":"publish","type":"product","link":"https:\/\/smilesonic.com\/pl\/produkt\/pasta-smilesonic-premium-white\/","title":{"rendered":"Pasta Smilesonic Premium White &#8211; intensywnie wybielaj\u0105ca"},"content":{"rendered":"[vc_row type=&#8221;full_width_content&#8221; full_screen_row_position=&#8221;middle&#8221; column_margin=&#8221;default&#8221; equal_height=&#8221;yes&#8221; content_placement=&#8221;middle&#8221; column_direction=&#8221;default&#8221; column_direction_tablet=&#8221;default&#8221; column_direction_phone=&#8221;default&#8221; scene_position=&#8221;center&#8221; text_color=&#8221;dark&#8221; text_align=&#8221;left&#8221; row_border_radius=&#8221;none&#8221; row_border_radius_applies=&#8221;bg&#8221; overlay_strength=&#8221;0.3&#8243; gradient_direction=&#8221;left_to_right&#8221; shape_divider_position=&#8221;bottom&#8221; bg_image_animation=&#8221;none&#8221; shape_type=&#8221;&#8221;][vc_column column_padding=&#8221;no-extra-padding&#8221; column_padding_tablet=&#8221;inherit&#8221; column_padding_phone=&#8221;inherit&#8221; column_padding_position=&#8221;all&#8221; background_color_opacity=&#8221;1&#8243; background_hover_color_opacity=&#8221;1&#8243; column_shadow=&#8221;none&#8221; column_border_radius=&#8221;none&#8221; column_link_target=&#8221;_self&#8221; gradient_direction=&#8221;left_to_right&#8221; overlay_strength=&#8221;0.3&#8243; width=&#8221;1\/2&#8243; tablet_width_inherit=&#8221;default&#8221; tablet_text_alignment=&#8221;default&#8221; phone_text_alignment=&#8221;default&#8221; column_border_width=&#8221;none&#8221; column_border_style=&#8221;solid&#8221; bg_image_animation=&#8221;none&#8221;][image_with_animation image_url=&#8221;17827&#8243; animation=&#8221;Fade In&#8221; hover_animation=&#8221;none&#8221; alignment=&#8221;&#8221; border_radius=&#8221;none&#8221; box_shadow=&#8221;none&#8221; image_loading=&#8221;default&#8221; max_width=&#8221;100%&#8221; max_width_mobile=&#8221;default&#8221;][\/vc_column][vc_column column_padding=&#8221;padding-5-percent&#8221; column_padding_tablet=&#8221;inherit&#8221; column_padding_phone=&#8221;inherit&#8221; column_padding_position=&#8221;left-right&#8221; top_margin_tablet=&#8221;45&#8243; top_margin_phone=&#8221;30&#8243; background_color_opacity=&#8221;1&#8243; background_hover_color_opacity=&#8221;1&#8243; column_shadow=&#8221;none&#8221; column_border_radius=&#8221;none&#8221; column_link_target=&#8221;_self&#8221; gradient_direction=&#8221;left_to_right&#8221; overlay_strength=&#8221;0.3&#8243; width=&#8221;1\/2&#8243; tablet_width_inherit=&#8221;default&#8221; tablet_text_alignment=&#8221;default&#8221; phone_text_alignment=&#8221;default&#8221; column_border_width=&#8221;none&#8221; column_border_style=&#8221;solid&#8221; bg_image_animation=&#8221;none&#8221;][vc_custom_heading text=&#8221;Smilesonic Premium White&#8221; google_fonts=&#8221;font_family:Open%20Sans%3A300%2C300italic%2Cregular%2Citalic%2C600%2C600italic%2C700%2C700italic%2C800%2C800italic|font_style:700%20bold%20regular%3A700%3Anormal&#8221; css=&#8221;.vc_custom_1638274915194{padding-bottom: 15px !important;}&#8221;][vc_column_text]Past\u0119 do z\u0119b\u00f3w intensywnie wybielaj\u0105c\u0105 Smilesonic Premium White zaprojektowano z my\u015bl\u0105 o u\u017cytkownikach, kt\u00f3rym w szczeg\u00f3lno\u015bci zale\u017cy na bia\u0142ym, pi\u0119knym u\u015bmiechu. Preparat jest efektem wieloletniej pracy cenionych ekspert\u00f3w z bran\u017cy stomatologicznej, kt\u00f3rzy zapragn\u0119li stworzy\u0107 wybielaj\u0105c\u0105 past\u0119 do z\u0119b\u00f3w rozja\u015bniaj\u0105c\u0105 szkliwo niemal tak skutecznie jak wybielaj\u0105ce paski czy \u017cele, a jednocze\u015bnie skutecznie chroni\u0105c\u0105 przed pr\u00f3chnic\u0105. Cel ten uda\u0142o si\u0119 osi\u0105gn\u0105\u0107 poprzez po\u0142\u0105czenie uwodnionej krzemionki, papainy, a tak\u017ce fluorku sodu. Specyfika wybielaj\u0105cej pasty Smilesonic u\u0142atwia mycie z\u0119b\u00f3w u\u017cytkownikom szczoteczek sonicznych.[\/vc_column_text][\/vc_column][\/vc_row][vc_row type=&#8221;full_width_content&#8221; full_screen_row_position=&#8221;middle&#8221; column_margin=&#8221;default&#8221; equal_height=&#8221;yes&#8221; content_placement=&#8221;middle&#8221; column_direction=&#8221;default&#8221; column_direction_tablet=&#8221;default&#8221; column_direction_phone=&#8221;default&#8221; scene_position=&#8221;center&#8221; text_color=&#8221;dark&#8221; text_align=&#8221;left&#8221; row_border_radius=&#8221;none&#8221; row_border_radius_applies=&#8221;bg&#8221; overlay_strength=&#8221;0.3&#8243; gradient_direction=&#8221;left_to_right&#8221; shape_divider_position=&#8221;bottom&#8221; bg_image_animation=&#8221;none&#8221; shape_type=&#8221;&#8221;][vc_column column_padding=&#8221;padding-5-percent&#8221; column_padding_tablet=&#8221;inherit&#8221; column_padding_phone=&#8221;inherit&#8221; column_padding_position=&#8221;all&#8221; top_margin_tablet=&#8221;0&#8243; bottom_margin_tablet=&#8221;45&#8243; top_margin_phone=&#8221;0&#8243; bottom_margin_phone=&#8221;30&#8243; background_color_opacity=&#8221;1&#8243; background_hover_color_opacity=&#8221;1&#8243; column_shadow=&#8221;none&#8221; column_border_radius=&#8221;none&#8221; column_link_target=&#8221;_self&#8221; gradient_direction=&#8221;left_to_right&#8221; overlay_strength=&#8221;0.3&#8243; width=&#8221;1\/2&#8243; tablet_width_inherit=&#8221;default&#8221; tablet_text_alignment=&#8221;default&#8221; phone_text_alignment=&#8221;default&#8221; column_border_width=&#8221;none&#8221; column_border_style=&#8221;solid&#8221; bg_image_animation=&#8221;none&#8221;][vc_custom_heading text=&#8221;Postaw na pi\u0119kny, bia\u0142y u\u015bmiech&#8221; google_fonts=&#8221;font_family:Open%20Sans%3A300%2C300italic%2Cregular%2Citalic%2C600%2C600italic%2C700%2C700italic%2C800%2C800italic|font_style:700%20bold%20regular%3A700%3Anormal&#8221; css=&#8221;.vc_custom_1638274947617{padding-bottom: 15px !important;}&#8221;][vc_column_text]Chcia\u0142by\u015b rozja\u015bni\u0107 z\u0119by, ale zabiegi wybielaj\u0105ce oferowane przez gabinety stomatologiczne wydaj\u0105 Ci si\u0119 zbyt kosztowne? Szukasz sposobu, aby wybieli\u0107 szkliwo bez wychodzenia z domu? W\u0142a\u015bnie z my\u015bl\u0105 o Tobie powsta\u0142a wybielaj\u0105ca pasta do z\u0119b\u00f3w Smilesonic Premium White! Dzi\u0119ki posiadaj\u0105cej silne w\u0142a\u015bciwo\u015bci \u015bcierne uwodnionej krzemionce, a tak\u017ce u\u0142atwiaj\u0105cej odrywanie ze szkliwa osad\u00f3w papainie rozja\u015bnianie szkliwa przy pomocy pasty do z\u0119b\u00f3w nigdy nie by\u0142o tak skuteczne. Co wi\u0119cej, pasta wybielaj\u0105ca Smilesonic Premium White ma niski wsp\u00f3\u0142czynnik \u015bcieralno\u015bci (RDA), kt\u00f3ry gwarantuje podczas mycia bezinwazyjno\u015b\u0107.[\/vc_column_text][vc_custom_heading text=&#8221;Podejmij walk\u0119 z pr\u00f3chnic\u0105&#8221; google_fonts=&#8221;font_family:Open%20Sans%3A300%2C300italic%2Cregular%2Citalic%2C600%2C600italic%2C700%2C700italic%2C800%2C800italic|font_style:700%20bold%20regular%3A700%3Anormal&#8221; css=&#8221;.vc_custom_1638275023608{padding-bottom: 15px !important;}&#8221;][vc_column_text]Intensywnie wybielaj\u0105ca pasta do z\u0119b\u00f3w Smilesonic Premium White nie tylko wybiela, ale r\u00f3wnie\u017c nie dopuszcza do g\u0142osu pr\u00f3chnicy. To zas\u0142uga zawarto\u015bci fluorku sodu o st\u0119\u017ceniu 1450 ppm. Zwi\u0105zek ten wytwarza na powierzchni szkliwa barier\u0119 ochronn\u0105 przed atakami szkodliwych bakterii. Dzi\u0119ki wspominanej ju\u017c papainie preparat ma te\u017c dzia\u0142anie antyseptyczne i antybakteryjne.[\/vc_column_text][\/vc_column][vc_column column_padding=&#8221;no-extra-padding&#8221; column_padding_tablet=&#8221;inherit&#8221; column_padding_phone=&#8221;inherit&#8221; column_padding_position=&#8221;left-right&#8221; background_color_opacity=&#8221;1&#8243; background_hover_color_opacity=&#8221;1&#8243; column_shadow=&#8221;none&#8221; column_border_radius=&#8221;none&#8221; column_link_target=&#8221;_self&#8221; gradient_direction=&#8221;left_to_right&#8221; overlay_strength=&#8221;0.3&#8243; width=&#8221;1\/2&#8243; tablet_width_inherit=&#8221;default&#8221; tablet_text_alignment=&#8221;default&#8221; phone_text_alignment=&#8221;default&#8221; column_border_width=&#8221;none&#8221; column_border_style=&#8221;solid&#8221; bg_image_animation=&#8221;none&#8221;][image_with_animation image_url=&#8221;17831&#8243; animation=&#8221;Fade In&#8221; hover_animation=&#8221;none&#8221; alignment=&#8221;&#8221; border_radius=&#8221;none&#8221; box_shadow=&#8221;none&#8221; image_loading=&#8221;default&#8221; max_width=&#8221;100%&#8221; max_width_mobile=&#8221;default&#8221;][\/vc_column][\/vc_row][vc_row type=&#8221;full_width_content&#8221; full_screen_row_position=&#8221;middle&#8221; column_margin=&#8221;default&#8221; equal_height=&#8221;yes&#8221; content_placement=&#8221;middle&#8221; column_direction=&#8221;default&#8221; column_direction_tablet=&#8221;default&#8221; column_direction_phone=&#8221;default&#8221; scene_position=&#8221;center&#8221; text_color=&#8221;dark&#8221; text_align=&#8221;left&#8221; row_border_radius=&#8221;none&#8221; row_border_radius_applies=&#8221;bg&#8221; overlay_strength=&#8221;0.3&#8243; gradient_direction=&#8221;left_to_right&#8221; shape_divider_position=&#8221;bottom&#8221; bg_image_animation=&#8221;none&#8221; shape_type=&#8221;&#8221;][vc_column column_padding=&#8221;no-extra-padding&#8221; column_padding_tablet=&#8221;inherit&#8221; column_padding_phone=&#8221;inherit&#8221; column_padding_position=&#8221;all&#8221; background_color_opacity=&#8221;1&#8243; background_hover_color_opacity=&#8221;1&#8243; column_shadow=&#8221;none&#8221; column_border_radius=&#8221;none&#8221; column_link_target=&#8221;_self&#8221; gradient_direction=&#8221;left_to_right&#8221; overlay_strength=&#8221;0.3&#8243; width=&#8221;1\/2&#8243; tablet_width_inherit=&#8221;default&#8221; tablet_text_alignment=&#8221;default&#8221; phone_text_alignment=&#8221;default&#8221; column_border_width=&#8221;none&#8221; column_border_style=&#8221;solid&#8221; bg_image_animation=&#8221;none&#8221;][image_with_animation image_url=&#8221;17835&#8243; animation=&#8221;Fade In&#8221; hover_animation=&#8221;none&#8221; alignment=&#8221;&#8221; border_radius=&#8221;none&#8221; box_shadow=&#8221;none&#8221; image_loading=&#8221;default&#8221; max_width=&#8221;100%&#8221; max_width_mobile=&#8221;default&#8221;][\/vc_column][vc_column column_padding=&#8221;padding-5-percent&#8221; column_padding_tablet=&#8221;inherit&#8221; column_padding_phone=&#8221;inherit&#8221; column_padding_position=&#8221;left-right&#8221; top_margin_tablet=&#8221;45&#8243; top_margin_phone=&#8221;30&#8243; background_color_opacity=&#8221;1&#8243; background_hover_color_opacity=&#8221;1&#8243; column_shadow=&#8221;none&#8221; column_border_radius=&#8221;none&#8221; column_link_target=&#8221;_self&#8221; gradient_direction=&#8221;left_to_right&#8221; overlay_strength=&#8221;0.3&#8243; width=&#8221;1\/2&#8243; tablet_width_inherit=&#8221;default&#8221; tablet_text_alignment=&#8221;default&#8221; phone_text_alignment=&#8221;default&#8221; column_border_width=&#8221;none&#8221; column_border_style=&#8221;solid&#8221; bg_image_animation=&#8221;none&#8221;][vc_custom_heading text=&#8221;Ciesz si\u0119 \u015bwie\u017cym oddechem&#8221; google_fonts=&#8221;font_family:Open%20Sans%3A300%2C300italic%2Cregular%2Citalic%2C600%2C600italic%2C700%2C700italic%2C800%2C800italic|font_style:700%20bold%20regular%3A700%3Anormal&#8221; css=&#8221;.vc_custom_1638275041287{padding-bottom: 15px !important;}&#8221;][vc_column_text]Istotnym atutem pasty do wybielania z\u0119b\u00f3w Smilesonic Premium White jest tak\u017ce dzia\u0142anie od\u015bwie\u017caj\u0105ce. Ka\u017cdorazowe wyszczotkowanie ni\u0105 z\u0119b\u00f3w gwarantuje atrakcyjny zapach z ust na wiele kolejnych godzin. Zas\u0142uga w tym dodatku mentolu.[\/vc_column_text][vc_custom_heading text=&#8221;Wydob\u0105d\u017a z mycia z\u0119b\u00f3w szczoteczk\u0105 soniczn\u0105 jeszcze wi\u0119cej&#8221; google_fonts=&#8221;font_family:Open%20Sans%3A300%2C300italic%2Cregular%2Citalic%2C600%2C600italic%2C700%2C700italic%2C800%2C800italic|font_style:700%20bold%20regular%3A700%3Anormal&#8221; css=&#8221;.vc_custom_1638275065245{padding-bottom: 15px !important;}&#8221;][vc_column_text]Wybielaj\u0105ca pasta Smilesonic Premium White ma specjaln\u0105, g\u0119st\u0105 konsystencj\u0119, kt\u00f3ra zapobiega rozpryskiwaniu si\u0119 pasty podczas mycia. SLS zosta\u0142 zast\u0105piony w sk\u0142adzie preparatu znacznie subtelniejsz\u0105 betain\u0105 kokamidopropylow\u0105, co sprawia, \u017ce produkt w po\u0142\u0105czeniu z intensywnymi ruchami szczoteczki sonicznej nadmiernie si\u0119 nie pieni.<\/p>\n<p><span style=\"text-decoration: underline;\">Nie zaleca si\u0119 korzysta\u0107 z pasty dzieciom poni\u017cej si\u00f3dmego roku \u017cycia.<\/span><\/p>\n<p><strong>Sk\u0142ad:<\/strong> Glycerin, Aqua, Hydrated Silica, Pentasodium Tripsophate, Cellulose Gum, Cocamidopropyl Betaine, Papain, Mentha, Arvensis Leaf Oil, Sodium Fluoride, Stevioside, Menthol, Sodium Chloride, Mentha Piperita Oil, Tocopheryl Acetate, CI 77891.<br \/>\n<strong>Zawarto\u015b\u0107 fluorku sodu:<\/strong> 1450 ppm F.<br \/>\n<strong>Pojemno\u015b\u0107:<\/strong> 75 ml.[\/vc_column_text][\/vc_column][\/vc_row]\n","protected":false},"excerpt":{"rendered":"<p>Smilesonic Premium White to wybielaj\u0105ca pasta do z\u0119b\u00f3w dedykowana najbardziej wymagaj\u0105cym u\u017cytkownikom. Preparat ju\u017c w kilka dni zauwa\u017calnie rozja\u015bnia szkliwo, dzia\u0142a te\u017c przeciwpr\u00f3chniczo i od\u015bwie\u017caj\u0105co. Najwa\u017cniejsz\u0105 rol\u0119 w jego sk\u0142adzie odgrywaj\u0105 takie elementy jak uwodniona krzemionka, papaina, a tak\u017ce fluorek sodu. Konsystencja pasty zosta\u0142a przystosowana do komfortowego u\u017cytkowania wraz ze szczoteczkami sonicznymi.<\/p>\n","protected":false},"featured_media":17733,"comment_status":"open","ping_status":"closed","template":"","meta":{"_acf_changed":false},"product_brand":[],"product_cat":[258],"product_tag":[],"class_list":{"0":"post-17298","1":"product","2":"type-product","3":"status-publish","4":"has-post-thumbnail","6":"product_cat-pasty-do-szczoteczek-sonicznych","8":"first","9":"instock","10":"shipping-taxable","11":"purchasable","12":"product-type-simple"},"acf":[],"_links":{"self":[{"href":"https:\/\/smilesonic.com\/pl\/wp-json\/wp\/v2\/product\/17298","targetHints":{"allow":["GET"]}}],"collection":[{"href":"https:\/\/smilesonic.com\/pl\/wp-json\/wp\/v2\/product"}],"about":[{"href":"https:\/\/smilesonic.com\/pl\/wp-json\/wp\/v2\/types\/product"}],"replies":[{"embeddable":true,"href":"https:\/\/smilesonic.com\/pl\/wp-json\/wp\/v2\/comments?post=17298"}],"wp:featuredmedia":[{"embeddable":true,"href":"https:\/\/smilesonic.com\/pl\/wp-json\/wp\/v2\/media\/17733"}],"wp:attachment":[{"href":"https:\/\/smilesonic.com\/pl\/wp-json\/wp\/v2\/media?parent=17298"}],"wp:term":[{"taxonomy":"product_brand","embeddable":true,"href":"https:\/\/smilesonic.com\/pl\/wp-json\/wp\/v2\/product_brand?post=17298"},{"taxonomy":"product_cat","embeddable":true,"href":"https:\/\/smilesonic.com\/pl\/wp-json\/wp\/v2\/product_cat?post=17298"},{"taxonomy":"product_tag","embeddable":true,"href":"https:\/\/smilesonic.com\/pl\/wp-json\/wp\/v2\/product_tag?post=17298"}],"curies":[{"name":"wp","href":"https:\/\/api.w.org\/{rel}","templated":true}]}}