{"id":17281,"date":"2021-11-09T14:27:50","date_gmt":"2021-11-09T13:27:50","guid":{"rendered":"https:\/\/smilesonic.com\/?post_type=product&#038;p=17281"},"modified":"2026-04-14T21:06:25","modified_gmt":"2026-04-14T19:06:25","slug":"pasta-smilesonic-carbon-white","status":"publish","type":"product","link":"https:\/\/smilesonic.com\/pl\/produkt\/pasta-smilesonic-carbon-white\/","title":{"rendered":"Pasta Smilesonic Carbon White &#8211; z w\u0119glem aktywnym"},"content":{"rendered":"[vc_row type=&#8221;full_width_content&#8221; full_screen_row_position=&#8221;middle&#8221; column_margin=&#8221;default&#8221; equal_height=&#8221;yes&#8221; content_placement=&#8221;middle&#8221; column_direction=&#8221;default&#8221; column_direction_tablet=&#8221;default&#8221; column_direction_phone=&#8221;default&#8221; scene_position=&#8221;center&#8221; text_color=&#8221;dark&#8221; text_align=&#8221;left&#8221; row_border_radius=&#8221;none&#8221; row_border_radius_applies=&#8221;bg&#8221; overlay_strength=&#8221;0.3&#8243; gradient_direction=&#8221;left_to_right&#8221; shape_divider_position=&#8221;bottom&#8221; bg_image_animation=&#8221;none&#8221; shape_type=&#8221;&#8221;][vc_column column_padding=&#8221;no-extra-padding&#8221; column_padding_tablet=&#8221;inherit&#8221; column_padding_phone=&#8221;inherit&#8221; column_padding_position=&#8221;all&#8221; background_color_opacity=&#8221;1&#8243; background_hover_color_opacity=&#8221;1&#8243; column_shadow=&#8221;none&#8221; column_border_radius=&#8221;none&#8221; column_link_target=&#8221;_self&#8221; gradient_direction=&#8221;left_to_right&#8221; overlay_strength=&#8221;0.3&#8243; width=&#8221;1\/2&#8243; tablet_width_inherit=&#8221;default&#8221; tablet_text_alignment=&#8221;default&#8221; phone_text_alignment=&#8221;default&#8221; column_border_width=&#8221;none&#8221; column_border_style=&#8221;solid&#8221; bg_image_animation=&#8221;none&#8221;][image_with_animation image_url=&#8221;17839&#8243; animation=&#8221;Fade In&#8221; hover_animation=&#8221;none&#8221; alignment=&#8221;&#8221; border_radius=&#8221;none&#8221; box_shadow=&#8221;none&#8221; image_loading=&#8221;default&#8221; max_width=&#8221;100%&#8221; max_width_mobile=&#8221;default&#8221;][\/vc_column][vc_column column_padding=&#8221;padding-5-percent&#8221; column_padding_tablet=&#8221;inherit&#8221; column_padding_phone=&#8221;inherit&#8221; column_padding_position=&#8221;left-right&#8221; top_margin_tablet=&#8221;45&#8243; top_margin_phone=&#8221;30&#8243; background_color_opacity=&#8221;1&#8243; background_hover_color_opacity=&#8221;1&#8243; column_shadow=&#8221;none&#8221; column_border_radius=&#8221;none&#8221; column_link_target=&#8221;_self&#8221; gradient_direction=&#8221;left_to_right&#8221; overlay_strength=&#8221;0.3&#8243; width=&#8221;1\/2&#8243; tablet_width_inherit=&#8221;default&#8221; tablet_text_alignment=&#8221;default&#8221; phone_text_alignment=&#8221;default&#8221; column_border_width=&#8221;none&#8221; column_border_style=&#8221;solid&#8221; bg_image_animation=&#8221;none&#8221;][vc_custom_heading text=&#8221;Smilesonic Carbon White&#8221; google_fonts=&#8221;font_family:Open%20Sans%3A300%2C300italic%2Cregular%2Citalic%2C600%2C600italic%2C700%2C700italic%2C800%2C800italic|font_style:700%20bold%20regular%3A700%3Anormal&#8221; css=&#8221;.vc_custom_1638275537512{padding-bottom: 15px !important;}&#8221;][vc_column_text]W\u0119giel aktywny jest stworzony z u\u0142o\u017conych w spos\u00f3b nieregularny atom\u00f3w w\u0119gla, przez co ma porowat\u0105 struktur\u0119. Umo\u017cliwia mu to usuwanie z powierzchni z\u0119b\u00f3w osad\u00f3w po kawie, herbacie, czerwonym winie, sokach czy papierosach. Prozdrowotne i wybielaj\u0105ce dzia\u0142anie w\u0119gla aktywnego zainspirowa\u0142o naukowc\u00f3w z laboratori\u00f3w firmy Smilesonic do stworzenia wyj\u0105tkowej, czarnej, w\u0119glowej pasty do z\u0119b\u00f3w. Pasta do z\u0119b\u00f3w z w\u0119glem aktywnym Smilesonic Carbon White ma za zadanie efektywnie wybiela\u0107, ale nie tylko \u2013 preparat zabezpiecza tak\u017ce szkliwo przed pr\u00f3chnic\u0105 i zapewnia u\u017cytkownikowi atrakcyjny, \u015bwie\u017cy oddech na wiele godzin po u\u017cyciu. Produkt zosta\u0142 skomponowany tak, aby jak najlepiej wsp\u00f3\u0142pracowa\u0107 z ruchami wymiataj\u0105cymi, kt\u00f3re oferuj\u0105 szczoteczki soniczne.[\/vc_column_text][\/vc_column][\/vc_row][vc_row type=&#8221;full_width_content&#8221; full_screen_row_position=&#8221;middle&#8221; column_margin=&#8221;default&#8221; equal_height=&#8221;yes&#8221; content_placement=&#8221;middle&#8221; column_direction=&#8221;default&#8221; column_direction_tablet=&#8221;default&#8221; column_direction_phone=&#8221;default&#8221; scene_position=&#8221;center&#8221; text_color=&#8221;dark&#8221; text_align=&#8221;left&#8221; row_border_radius=&#8221;none&#8221; row_border_radius_applies=&#8221;bg&#8221; overlay_strength=&#8221;0.3&#8243; gradient_direction=&#8221;left_to_right&#8221; shape_divider_position=&#8221;bottom&#8221; bg_image_animation=&#8221;none&#8221; shape_type=&#8221;&#8221;][vc_column column_padding=&#8221;padding-5-percent&#8221; column_padding_tablet=&#8221;inherit&#8221; column_padding_phone=&#8221;inherit&#8221; column_padding_position=&#8221;all&#8221; top_margin_tablet=&#8221;0&#8243; bottom_margin_tablet=&#8221;45&#8243; top_margin_phone=&#8221;0&#8243; bottom_margin_phone=&#8221;30&#8243; background_color_opacity=&#8221;1&#8243; background_hover_color_opacity=&#8221;1&#8243; column_shadow=&#8221;none&#8221; column_border_radius=&#8221;none&#8221; column_link_target=&#8221;_self&#8221; gradient_direction=&#8221;left_to_right&#8221; overlay_strength=&#8221;0.3&#8243; width=&#8221;1\/2&#8243; tablet_width_inherit=&#8221;default&#8221; tablet_text_alignment=&#8221;default&#8221; phone_text_alignment=&#8221;default&#8221; column_border_width=&#8221;none&#8221; column_border_style=&#8221;solid&#8221; bg_image_animation=&#8221;none&#8221;][vc_custom_heading text=&#8221;Rozja\u015bnij szkliwo skutecznie i bezpiecznie&#8221; google_fonts=&#8221;font_family:Open%20Sans%3A300%2C300italic%2Cregular%2Citalic%2C600%2C600italic%2C700%2C700italic%2C800%2C800italic|font_style:700%20bold%20regular%3A700%3Anormal&#8221; css=&#8221;.vc_custom_1638275597534{padding-bottom: 15px !important;}&#8221;][vc_column_text]Wybielanie z\u0119b\u00f3w czarn\u0105 past\u0105? Dlaczego nie! Eksperci z laboratori\u00f3w Smilesonic umiej\u0119tnie w\u0142\u0105czyli do sk\u0142adu prezentowanego preparatu w\u0119giel aktywny, dzi\u0119ki czemu regularnie, efektywnie zbiera on ze szkliwa nieestetyczne osady. Co wi\u0119cej, pasta do z\u0119b\u00f3w z w\u0119glem aktywnym Smilesonic Carbon nie dzia\u0142a w \u017caden spos\u00f3b inwazyjnie \u2013 zas\u0142uga w tym jej niskiego wsp\u00f3\u0142czynnika \u015bcieralno\u015bci RDA.[\/vc_column_text][vc_custom_heading text=&#8221;Wzmocnij z\u0119by&#8221; google_fonts=&#8221;font_family:Open%20Sans%3A300%2C300italic%2Cregular%2Citalic%2C600%2C600italic%2C700%2C700italic%2C800%2C800italic|font_style:700%20bold%20regular%3A700%3Anormal&#8221; css=&#8221;.vc_custom_1638275613204{padding-bottom: 15px !important;}&#8221;][vc_column_text]Zdrowie z\u0119b\u00f3w jest jeszcze wa\u017cniejsze ni\u017c ich wygl\u0105d. W\u0142a\u015bnie dlatego pasta do z\u0119b\u00f3w Smilesonic Carbon White wyposa\u017cono w 1450 ppm fluorku sodu. To dawka, kt\u00f3ra przy zalecanym stosowaniu pasty dwa-trzy razy dziennie uniemo\u017cliwia przedawkowanie fluoru, a jednocze\u015bnie gwarantuje w\u0142a\u015bciwe zabezpieczenie z\u0119b\u00f3w przed pr\u00f3chnic\u0105.[\/vc_column_text][\/vc_column][vc_column column_padding=&#8221;no-extra-padding&#8221; column_padding_tablet=&#8221;inherit&#8221; column_padding_phone=&#8221;inherit&#8221; column_padding_position=&#8221;left-right&#8221; background_color_opacity=&#8221;1&#8243; background_hover_color_opacity=&#8221;1&#8243; column_shadow=&#8221;none&#8221; column_border_radius=&#8221;none&#8221; column_link_target=&#8221;_self&#8221; gradient_direction=&#8221;left_to_right&#8221; overlay_strength=&#8221;0.3&#8243; width=&#8221;1\/2&#8243; tablet_width_inherit=&#8221;default&#8221; tablet_text_alignment=&#8221;default&#8221; phone_text_alignment=&#8221;default&#8221; column_border_width=&#8221;none&#8221; column_border_style=&#8221;solid&#8221; bg_image_animation=&#8221;none&#8221;][image_with_animation image_url=&#8221;17843&#8243; animation=&#8221;Fade In&#8221; hover_animation=&#8221;none&#8221; alignment=&#8221;&#8221; border_radius=&#8221;none&#8221; box_shadow=&#8221;none&#8221; image_loading=&#8221;default&#8221; max_width=&#8221;100%&#8221; max_width_mobile=&#8221;default&#8221;][\/vc_column][\/vc_row][vc_row type=&#8221;full_width_content&#8221; full_screen_row_position=&#8221;middle&#8221; column_margin=&#8221;default&#8221; equal_height=&#8221;yes&#8221; content_placement=&#8221;middle&#8221; column_direction=&#8221;default&#8221; column_direction_tablet=&#8221;default&#8221; column_direction_phone=&#8221;default&#8221; scene_position=&#8221;center&#8221; text_color=&#8221;dark&#8221; text_align=&#8221;left&#8221; row_border_radius=&#8221;none&#8221; row_border_radius_applies=&#8221;bg&#8221; overlay_strength=&#8221;0.3&#8243; gradient_direction=&#8221;left_to_right&#8221; shape_divider_position=&#8221;bottom&#8221; bg_image_animation=&#8221;none&#8221; shape_type=&#8221;&#8221;][vc_column column_padding=&#8221;no-extra-padding&#8221; column_padding_tablet=&#8221;inherit&#8221; column_padding_phone=&#8221;inherit&#8221; column_padding_position=&#8221;all&#8221; background_color_opacity=&#8221;1&#8243; background_hover_color_opacity=&#8221;1&#8243; column_shadow=&#8221;none&#8221; column_border_radius=&#8221;none&#8221; column_link_target=&#8221;_self&#8221; gradient_direction=&#8221;left_to_right&#8221; overlay_strength=&#8221;0.3&#8243; width=&#8221;1\/2&#8243; tablet_width_inherit=&#8221;default&#8221; tablet_text_alignment=&#8221;default&#8221; phone_text_alignment=&#8221;default&#8221; column_border_width=&#8221;none&#8221; column_border_style=&#8221;solid&#8221; bg_image_animation=&#8221;none&#8221;][image_with_animation image_url=&#8221;17847&#8243; animation=&#8221;Fade In&#8221; hover_animation=&#8221;none&#8221; alignment=&#8221;&#8221; border_radius=&#8221;none&#8221; box_shadow=&#8221;none&#8221; image_loading=&#8221;default&#8221; max_width=&#8221;100%&#8221; max_width_mobile=&#8221;default&#8221;][\/vc_column][vc_column column_padding=&#8221;padding-5-percent&#8221; column_padding_tablet=&#8221;inherit&#8221; column_padding_phone=&#8221;inherit&#8221; column_padding_position=&#8221;left-right&#8221; top_margin_tablet=&#8221;45&#8243; top_margin_phone=&#8221;30&#8243; background_color_opacity=&#8221;1&#8243; background_hover_color_opacity=&#8221;1&#8243; column_shadow=&#8221;none&#8221; column_border_radius=&#8221;none&#8221; column_link_target=&#8221;_self&#8221; gradient_direction=&#8221;left_to_right&#8221; overlay_strength=&#8221;0.3&#8243; width=&#8221;1\/2&#8243; tablet_width_inherit=&#8221;default&#8221; tablet_text_alignment=&#8221;default&#8221; phone_text_alignment=&#8221;default&#8221; column_border_width=&#8221;none&#8221; column_border_style=&#8221;solid&#8221; bg_image_animation=&#8221;none&#8221;][vc_custom_heading text=&#8221;Zapewnij sobie atrakcyjny oddech na d\u0142ugo&#8221; google_fonts=&#8221;font_family:Open%20Sans%3A300%2C300italic%2Cregular%2Citalic%2C600%2C600italic%2C700%2C700italic%2C800%2C800italic|font_style:700%20bold%20regular%3A700%3Anormal&#8221; css=&#8221;.vc_custom_1638275632578{padding-bottom: 15px !important;}&#8221;][vc_column_text]Z\u0119by myjemy tak\u017ce po to, aby mie\u0107 \u015bwie\u017cy, przyjemny oddech. W sk\u0142adzie pasty do z\u0119b\u00f3w z w\u0119glem aktywnym Smilesonic Carbon White dba o niego mentol. Dzi\u0119ki niemu uczucie \u015bwie\u017co\u015bci jamy ustnej mo\u017ce Ci towarzyszy\u0107 przez ca\u0142y dzie\u0144![\/vc_column_text][vc_custom_heading text=&#8221;Wydob\u0105d\u017a ze swojej szczoteczki sonicznej jeszcze wi\u0119cej&#8221; google_fonts=&#8221;font_family:Open%20Sans%3A300%2C300italic%2Cregular%2Citalic%2C600%2C600italic%2C700%2C700italic%2C800%2C800italic|font_style:700%20bold%20regular%3A700%3Anormal&#8221; css=&#8221;.vc_custom_1638275649887{padding-bottom: 15px !important;}&#8221;][vc_column_text]Pasta do z\u0119b\u00f3w z w\u0119glem aktywnym Smilesonic Carbon White ma \u017celow\u0105, g\u0119st\u0105 konsystencj\u0119, kt\u00f3ra zapobiega \u201erozbryzgiwaniu\u201d si\u0119 preparatu podczas mycia, a tak\u017ce jego \u015bciekaniu z w\u0142osia szczoteczki. Specjalna forma preparatu u\u0142atwia te\u017c sk\u0142adnikom aktywnym docieranie we wszystkie niezb\u0119dne zakamarki jamy ustnej. Pasta do z\u0119b\u00f3w z w\u0119glem Smilesonic Carbon White idealnie nadaje si\u0119 do u\u017cytku wraz ze wszystkimi szczoteczkami sonicznymi Smilesonic.<\/p>\n<p><span style=\"text-decoration: underline;\">Pasta nie jest polecana dzieciom poni\u017cej si\u00f3dmego roku \u017cycia.<\/span><\/p>\n<p><strong>Sk\u0142ad:<\/strong> Glycerin, Hydrated Silica, Aqua, Pentadosium Triphosphate, PVP, Cellulose Gum, Charcoal Powder, Cocamidopropyl Betaine, Mentha Arvenesis Leaf Oil, Sodium Fluoride, Sodium Saccharin, Menthol, Sodium Chloride, Mentha Piperita Oil.<br \/>\n<strong>Zawarto\u015b\u0107 fluorku sodu:<\/strong> 1450 ppm F.<br \/>\n<strong>Pojemno\u015b\u0107:<\/strong> 75 ml.[\/vc_column_text][\/vc_column][\/vc_row]\n","protected":false},"excerpt":{"rendered":"<p>Pasta do z\u0119b\u00f3w z w\u0119glem aktywnym Smilesonic Carbon White jest jedyn\u0105 czarn\u0105 past\u0105 do z\u0119b\u00f3w w naszym asortymencie. Jej wyj\u0105tkowy kolor to zas\u0142uga dodatku w\u0119gla aktywnego \u2013 specyfiku, kt\u00f3ry skutecznie usuwa ze szkliwa zanieczyszczenia, bakterie i toksyny, przywracaj\u0105c z\u0119bom naturaln\u0105 biel. Produkt chroni szkliwo przed pr\u00f3chnic\u0105, a tak\u017ce zapewnia d\u0142ugotrwa\u0142y, \u015bwie\u017cy oddech. Stanowi idealne dope\u0142nienie czyszczenia z\u0119b\u00f3w ka\u017cd\u0105 ze szczoteczek sonicznych Smilesonic.<\/p>\n","protected":false},"featured_media":17737,"comment_status":"open","ping_status":"closed","template":"","meta":{"_acf_changed":false},"product_brand":[],"product_cat":[258],"product_tag":[],"class_list":{"0":"post-17281","1":"product","2":"type-product","3":"status-publish","4":"has-post-thumbnail","6":"product_cat-pasty-do-szczoteczek-sonicznych","8":"first","9":"instock","10":"shipping-taxable","11":"purchasable","12":"product-type-simple"},"acf":[],"_links":{"self":[{"href":"https:\/\/smilesonic.com\/pl\/wp-json\/wp\/v2\/product\/17281","targetHints":{"allow":["GET"]}}],"collection":[{"href":"https:\/\/smilesonic.com\/pl\/wp-json\/wp\/v2\/product"}],"about":[{"href":"https:\/\/smilesonic.com\/pl\/wp-json\/wp\/v2\/types\/product"}],"replies":[{"embeddable":true,"href":"https:\/\/smilesonic.com\/pl\/wp-json\/wp\/v2\/comments?post=17281"}],"wp:featuredmedia":[{"embeddable":true,"href":"https:\/\/smilesonic.com\/pl\/wp-json\/wp\/v2\/media\/17737"}],"wp:attachment":[{"href":"https:\/\/smilesonic.com\/pl\/wp-json\/wp\/v2\/media?parent=17281"}],"wp:term":[{"taxonomy":"product_brand","embeddable":true,"href":"https:\/\/smilesonic.com\/pl\/wp-json\/wp\/v2\/product_brand?post=17281"},{"taxonomy":"product_cat","embeddable":true,"href":"https:\/\/smilesonic.com\/pl\/wp-json\/wp\/v2\/product_cat?post=17281"},{"taxonomy":"product_tag","embeddable":true,"href":"https:\/\/smilesonic.com\/pl\/wp-json\/wp\/v2\/product_tag?post=17281"}],"curies":[{"name":"wp","href":"https:\/\/api.w.org\/{rel}","templated":true}]}}