{"id":12100,"date":"2020-08-12T14:59:44","date_gmt":"2020-08-12T12:59:44","guid":{"rendered":"https:\/\/smilesonic.com\/?post_type=product&#038;p=12100"},"modified":"2026-04-29T09:19:17","modified_gmt":"2026-04-29T07:19:17","slug":"koncowki-kids","status":"publish","type":"product","link":"https:\/\/smilesonic.com\/pl\/produkt\/koncowki-kids\/","title":{"rendered":"Ko\u0144c\u00f3wki Smilesonic Kids 2 szt. &#8211; do szczoteczki sonicznej dla dzieci"},"content":{"rendered":"<p>Tylko regularne mycie z\u0105bk\u00f3w od najm\u0142odszych lat \u017cycia mo\u017ce sprawi\u0107, \u017ce przysz\u0142e z\u0119by sta\u0142e naszego dziecka b\u0119d\u0105 pi\u0119kne i zdrowe. Niestety, wielu rodzic\u00f3w nie zdaje sobie z tego sprawy, wychodz\u0105c z b\u0142\u0119dnego za\u0142o\u017cenia, \u017ce skoro mleczaki i tak wypadn\u0105, to nie trzeba o nie dba\u0107. Tymczasem specjali\u015bci potwierdzaj\u0105, \u017ce k\u0142opoty z\u0119b\u00f3w mlecznych bezpo\u015brednio przek\u0142adaj\u0105 si\u0119 na p\u00f3\u017aniejsz\u0105 kondycj\u0119 uz\u0119bienia sta\u0142ego. Prezentowane ko\u0144c\u00f3wki dla dzieci do szczoteczki sonicznej Smilesonic KIDS pomog\u0105 Twojemu dziecku kompleksowo zadba\u0107 o kondycj\u0119 jamy ustnej, i tym samym uchroni\u0107 si\u0119 przed chorobami pokroju pr\u00f3chnicy. Gwarantuj\u0105 one naszym szkrabom nie tylko skuteczne, ale te\u017c w pe\u0142ni bezpieczne czyszczenie \u2013 wszystko dzi\u0119ki niewielkim, dopasowanym do buzi dzieci gabarytom, oraz mi\u0119kkim, delikatnym w\u0142\u00f3knom.<\/p>\n<p><strong>Mo\u017cliwo\u015b\u0107 swobodnego manewrowania ko\u0144c\u00f3wk\u0105 dla dzieci w jamie ustnej<\/strong><\/p>\n<p>Jama ustna u najm\u0142odszych dzieci jest znacznie mniejsza ni\u017c u os\u00f3b doros\u0142ych. Logiczne jest wi\u0119c, \u017ce ko\u0144c\u00f3wki do dzieci\u0119cych szczoteczek sonicznych r\u00f3wnie\u017c musz\u0105 by\u0107 odpowiednio mniejsze. G\u0142\u00f3wki czyszcz\u0105ce dla dzieci do Smilesonic KIDS swoimi gabarytami idealnie wpasowuj\u0105 si\u0119 w oczekiwania naszych szkrab\u00f3w, umo\u017cliwiaj\u0105c im \u0142atwe, bezpieczne i w pe\u0142ni komfortowe operowanie szczoteczk\u0105.<\/p>\n<p><strong>Mycie z\u0119b\u00f3w bez podra\u017cnie\u0144<\/strong><\/p>\n<p>Opr\u00f3cz niewielkich gabaryt\u00f3w, ko\u0144c\u00f3wki dla dziecka do szczoteczek Smilesonic KIDS charakteryzuj\u0105 tak\u017ce wyj\u0105tkowo delikatne, mi\u0119kkie w\u0142\u00f3kna. To dzi\u0119ki nim, nawet je\u015bli Twoje dziecko jeszcze do ko\u0144ca nie wie, jak poprawnie pos\u0142ugiwa\u0107 si\u0119 szczoteczk\u0105, ryzyko podra\u017cnie\u0144 zostaje ograniczone do minimum.<\/p>\n<p>Specyfikacja:<\/p>\n<ul>\n<li>Do modelu: Smilesonic KIDS<\/li>\n<li>Przeznaczenie: Ko\u0144c\u00f3wki dla dziecka do szczoteczki sonicznej. Codzienne mycie z\u0119b\u00f3w dzieci.<\/li>\n<li>Ilo\u015b\u0107 g\u0142\u00f3wek w zestawie: 2 sztuki<\/li>\n<\/ul>\n<p>&nbsp;<\/p>\n<p><u>Uwaga! Ko\u0144c\u00f3wki dla dziecka do szczoteczki Smilesonic Kids przeznaczone s\u0105 wy\u0142\u0105cznie do szczoteczek Smilesonic KIDS, GO, EX i UP. W trosce o skuteczno\u015b\u0107 i bezpiecze\u0144stwo mycia, ich wymiany na nowe trzeba dokonywa\u0107 co trzy miesi\u0105ce, a tak\u017ce w ka\u017cdym wypadku, gdy w\u0142osie ko\u0144c\u00f3wki ulegnie jakiejkolwiek deformacji.<\/u><\/p>\n","protected":false},"excerpt":{"rendered":"<p>Ko\u0144c\u00f3wki dla dziecka do szczoteczek Smilesonic KIDS to specjalnego rodzaju g\u0142owice czyszcz\u0105ce dostosowane do niewielkiej buzi i potrzeb naszych maluch\u00f3w. Ich drobne gabaryty oraz delikatne w\u0142\u00f3kna to elementy, kt\u00f3re niweluj\u0105 ryzyko podra\u017cnie\u0144, gwarantuj\u0105c naszym dzieciom w pe\u0142ni bezpieczne mycie z\u0105bk\u00f3w.<\/p>\n","protected":false},"featured_media":14070,"comment_status":"open","ping_status":"closed","template":"","meta":{"_acf_changed":false},"product_brand":[],"product_cat":[57],"product_tag":[85],"class_list":{"0":"post-12100","1":"product","2":"type-product","3":"status-publish","4":"has-post-thumbnail","6":"product_cat-koncowki-do-szczoteczek-sonicznych","7":"product_tag-smilesonic","9":"first","10":"outofstock","11":"shipping-taxable","12":"purchasable","13":"product-type-variable","14":"has-default-attributes"},"acf":[],"_links":{"self":[{"href":"https:\/\/smilesonic.com\/pl\/wp-json\/wp\/v2\/product\/12100","targetHints":{"allow":["GET"]}}],"collection":[{"href":"https:\/\/smilesonic.com\/pl\/wp-json\/wp\/v2\/product"}],"about":[{"href":"https:\/\/smilesonic.com\/pl\/wp-json\/wp\/v2\/types\/product"}],"replies":[{"embeddable":true,"href":"https:\/\/smilesonic.com\/pl\/wp-json\/wp\/v2\/comments?post=12100"}],"wp:featuredmedia":[{"embeddable":true,"href":"https:\/\/smilesonic.com\/pl\/wp-json\/wp\/v2\/media\/14070"}],"wp:attachment":[{"href":"https:\/\/smilesonic.com\/pl\/wp-json\/wp\/v2\/media?parent=12100"}],"wp:term":[{"taxonomy":"product_brand","embeddable":true,"href":"https:\/\/smilesonic.com\/pl\/wp-json\/wp\/v2\/product_brand?post=12100"},{"taxonomy":"product_cat","embeddable":true,"href":"https:\/\/smilesonic.com\/pl\/wp-json\/wp\/v2\/product_cat?post=12100"},{"taxonomy":"product_tag","embeddable":true,"href":"https:\/\/smilesonic.com\/pl\/wp-json\/wp\/v2\/product_tag?post=12100"}],"curies":[{"name":"wp","href":"https:\/\/api.w.org\/{rel}","templated":true}]}}