{"id":12087,"date":"2020-08-12T14:55:11","date_gmt":"2020-08-12T12:55:11","guid":{"rendered":"https:\/\/smilesonic.com\/?post_type=product&#038;p=12087"},"modified":"2026-04-12T13:58:54","modified_gmt":"2026-04-12T11:58:54","slug":"koncowki-supremewhite","status":"publish","type":"product","link":"https:\/\/smilesonic.com\/pl\/produkt\/koncowki-supremewhite\/","title":{"rendered":"Ko\u0144c\u00f3wki Smilesonic SupremeWhite 2 szt. intensywnie wybielaj\u0105ce \u2013 UP \/ EX \/ GO"},"content":{"rendered":"<p>Bia\u0142y, pi\u0119kny u\u015bmiech r\u00f3wna si\u0119 presti\u017cowi i wysokiej pozycji spo\u0142ecznej. Nic wi\u0119c dziwnego, \u017ce tak wiele os\u00f3b desperacko do niego d\u0105\u017cy. Prezentowane ko\u0144c\u00f3wki intensywnie wybielaj\u0105ce SupremeWhite do szczoteczek sonicznych Smilesonic znakomicie rozja\u015bniaj\u0105 szkliwo, przywracaj\u0105c mu naturaln\u0105 biel. G\u0142\u00f3wki posiadaj\u0105 twarde, wyj\u0105tkowo g\u0119sto u\u0142o\u017cone w\u0142osie, kt\u00f3re pozwala pozby\u0107 si\u0119 uporczywych przebarwie\u0144 spowodowanych piciem kawy, herbaty, czy czerwonego wina.<\/p>\n<p><strong>Zaskakuj\u0105co szybkie efekty ko\u0144c\u00f3wek wybielaj\u0105cych<\/strong><\/p>\n<p>Spo\u017cywasz du\u017c\u0105 ilo\u015b\u0107 barwi\u0105cych produkt\u00f3w, i przez to Twoje z\u0119by posiadaj\u0105 nieestetyczn\u0105, \u017c\u00f3\u0142taw\u0105 barw\u0119? W takim razie ko\u0144c\u00f3wki wybielaj\u0105ce do szczoteczki sonicznej Smilesonic SupremeWhite oka\u017c\u0105 si\u0119 dla Ciebie idealnym wyborem. G\u0119sto u\u0142o\u017cone, twarde w\u0142\u00f3kna w po\u0142\u0105czeniu z programami wybielaj\u0105cymi szczoteczek sonicznych Smilesonic umo\u017cliwiaj\u0105 bardzo skuteczne usuwanie przebarwie\u0144, a pierwsze efekty korzystania z ko\u0144c\u00f3wek mo\u017cemy dostrzec ju\u017c po kilku dniach. Plamy spowodowane piciem kawy, herbaty, czy czerwonego wina, nie b\u0119d\u0105 Ci ju\u017c straszne!<\/p>\n<p><strong>Automatyczna kontrola przydatno\u015bci do u\u017cycia<\/strong><\/p>\n<p>Wszystkie wybielaj\u0105ce ko\u0144c\u00f3wki do szczoteczek elektrycznych trzeba zamienia\u0107 na nowe przynajmniej raz na trzy miesi\u0105ce. Przestrzeganie tego terminu jest niezwykle istotne, poniewa\u017c po jego up\u0142yni\u0119ciu g\u0142\u00f3wka czyszcz\u0105ca nie tylko przestaje efektywnie oczyszcza\u0107 z\u0119by, ale mo\u017ce r\u00f3wnie\u017c prowadzi\u0107 do podra\u017cnie\u0144. Ko\u0144c\u00f3wki do szczoteczki do wybielania z\u0119b\u00f3w Smilesonic SupremeWhite zosta\u0142y wyposa\u017cone w w\u0142\u00f3kna, kt\u00f3re automatycznie kontroluj\u0105 sw\u00f3j czas przydatno\u015bci do u\u017cycia. Wraz ze stopniowym wyeksploatowaniem powoli trac\u0105 pierwotny kolor, a\u017c do ca\u0142kowitej zmiany barwy na bia\u0142\u0105, kt\u00f3ra oznacza, \u017ce trzeba kupi\u0107 now\u0105 ko\u0144c\u00f3wk\u0119.<strong>\u00a0<\/strong><\/p>\n<p><strong>Oznaczenia uniemo\u017cliwiaj\u0105ce pomylenie ko\u0144c\u00f3wek<\/strong><\/p>\n<p>Gdy w zestawie mamy dwie takie same ko\u0144c\u00f3wki czyszcz\u0105ce, istnieje ryzyko, \u017ce pomylimy jedn\u0105 z drug\u0105. To spory k\u0142opot, gdy w zamy\u015ble kupujemy ko\u0144c\u00f3wki dla dw\u00f3ch os\u00f3b. Na szcz\u0119\u015bcie, g\u0142\u00f3wki czyszcz\u0105ce i intensywnie wybielaj\u0105ce Smilesonic SupremeWhite przezornie oznaczono charakterystycznymi symbolami (jedn\u0105 k\u00f3\u0142kiem, drug\u0105 tr\u00f3jk\u0105tem), kt\u00f3re pozwalaj\u0105 ka\u017cd\u0105 z ko\u0144c\u00f3wek bardzo \u0142atwo zidentyfikowa\u0107.<\/p>\n<p>Specyfikacja:<\/p>\n<ul>\n<li>Do modeli: Smilesonic GO, Smilesonic EX, Smilesonic UP<\/li>\n<li>Przeznaczenie: Ko\u0144c\u00f3wki intensywnie wybielaj\u0105ce. Codzienne mycie, wybielanie z\u0119b\u00f3w.<\/li>\n<li>Liczba g\u0142\u00f3wek w zestawie: 2 sztuki<\/li>\n<\/ul>\n<p><strong><u>Ko\u0144c\u00f3wki dedykowane szczoteczkom Smilesonic GO, Smilesonic EX oraz Smilesonic UP \u2013 nie pasuj\u0105 do szczoteczki Smilesonic PerfectClean.<\/u><\/strong><\/p>\n","protected":false},"excerpt":{"rendered":"<p>Ko\u0144c\u00f3wki do szczoteczki intensywnie wybielaj\u0105ce Smilesonic SupremeWhite zosta\u0142y stworzone z my\u015bl\u0105 o mi\u0142o\u015bnikach l\u015bni\u0105cego, bia\u0142ego u\u015bmiechu. Posiadaj\u0105 twarde, g\u0119sto u\u0142o\u017cone w\u0142\u00f3kna, kt\u00f3re jeszcze lepiej pozwalaj\u0105 usuwa\u0107 ze szkliwa przebarwienia i nieestetyczne plamy. Za spraw\u0105 ich u\u017cytkowania, nasze z\u0119by staj\u0105 si\u0119 wyra\u017anie bielsze ju\u017c w kilka dni! W\u0142osie ko\u0144c\u00f3wek wybielaj\u0105cych Smilesonic SupremeWhite wyposa\u017cono w technologi\u0119 odbarwiaj\u0105c\u0105 je wraz ze stopniowym zu\u017cyciem, co daje konsumentowi jasny sygna\u0142, kiedy g\u0142\u00f3wk\u0119 czyszcz\u0105c\u0105 nale\u017cy zamieni\u0107 na now\u0105. Ko\u0144c\u00f3wki dedykowane s\u0105 szczoteczkom Smilesonic GO, Smilesonic EX oraz Smilesonic UP.<\/p>\n","protected":false},"featured_media":14058,"comment_status":"open","ping_status":"closed","template":"","meta":{"_acf_changed":false},"product_brand":[],"product_cat":[57],"product_tag":[85],"class_list":{"0":"post-12087","1":"product","2":"type-product","3":"status-publish","4":"has-post-thumbnail","6":"product_cat-koncowki-do-szczoteczek-sonicznych","7":"product_tag-smilesonic","9":"first","10":"instock","11":"shipping-taxable","12":"purchasable","13":"product-type-simple"},"acf":[],"_links":{"self":[{"href":"https:\/\/smilesonic.com\/pl\/wp-json\/wp\/v2\/product\/12087","targetHints":{"allow":["GET"]}}],"collection":[{"href":"https:\/\/smilesonic.com\/pl\/wp-json\/wp\/v2\/product"}],"about":[{"href":"https:\/\/smilesonic.com\/pl\/wp-json\/wp\/v2\/types\/product"}],"replies":[{"embeddable":true,"href":"https:\/\/smilesonic.com\/pl\/wp-json\/wp\/v2\/comments?post=12087"}],"wp:featuredmedia":[{"embeddable":true,"href":"https:\/\/smilesonic.com\/pl\/wp-json\/wp\/v2\/media\/14058"}],"wp:attachment":[{"href":"https:\/\/smilesonic.com\/pl\/wp-json\/wp\/v2\/media?parent=12087"}],"wp:term":[{"taxonomy":"product_brand","embeddable":true,"href":"https:\/\/smilesonic.com\/pl\/wp-json\/wp\/v2\/product_brand?post=12087"},{"taxonomy":"product_cat","embeddable":true,"href":"https:\/\/smilesonic.com\/pl\/wp-json\/wp\/v2\/product_cat?post=12087"},{"taxonomy":"product_tag","embeddable":true,"href":"https:\/\/smilesonic.com\/pl\/wp-json\/wp\/v2\/product_tag?post=12087"}],"curies":[{"name":"wp","href":"https:\/\/api.w.org\/{rel}","templated":true}]}}