{"id":8038,"date":"2019-10-30T11:58:45","date_gmt":"2019-10-30T10:58:45","guid":{"rendered":"https:\/\/smilesonic.com\/?page_id=8038"},"modified":"2024-04-17T14:08:41","modified_gmt":"2024-04-17T12:08:41","slug":"gwarancja-i-reklamacje","status":"publish","type":"page","link":"https:\/\/smilesonic.com\/pl\/gwarancja-i-reklamacje\/","title":{"rendered":"Gwarancja i reklamacje"},"content":{"rendered":"[vc_row type=&#8221;in_container&#8221; full_screen_row_position=&#8221;middle&#8221; column_margin=&#8221;default&#8221; column_direction=&#8221;default&#8221; column_direction_tablet=&#8221;default&#8221; column_direction_phone=&#8221;default&#8221; scene_position=&#8221;center&#8221; text_color=&#8221;dark&#8221; text_align=&#8221;left&#8221; row_border_radius=&#8221;none&#8221; row_border_radius_applies=&#8221;bg&#8221; overlay_strength=&#8221;0.3&#8243; gradient_direction=&#8221;left_to_right&#8221; shape_divider_position=&#8221;bottom&#8221; bg_image_animation=&#8221;none&#8221; shape_type=&#8221;&#8221;][vc_column column_padding=&#8221;no-extra-padding&#8221; column_padding_tablet=&#8221;inherit&#8221; column_padding_phone=&#8221;inherit&#8221; column_padding_position=&#8221;all&#8221; background_color_opacity=&#8221;1&#8243; background_hover_color_opacity=&#8221;1&#8243; column_shadow=&#8221;none&#8221; column_border_radius=&#8221;none&#8221; column_link_target=&#8221;_self&#8221; gradient_direction=&#8221;left_to_right&#8221; overlay_strength=&#8221;0.3&#8243; width=&#8221;1\/1&#8243; tablet_width_inherit=&#8221;default&#8221; tablet_text_alignment=&#8221;default&#8221; phone_text_alignment=&#8221;default&#8221; column_border_width=&#8221;none&#8221; column_border_style=&#8221;solid&#8221; bg_image_animation=&#8221;none&#8221;][vc_column_text]Gwarancja na wszystkie szczoteczki soniczne Smilesonic wynosi <strong>dwa lata od daty zakupu<\/strong>.<\/p>\n<p><strong><span style=\"color: red;\">UWAGA! W zwi\u0105zku z przeprowadzk\u0105 magazynu, us\u0142uga DOOR-TO-DOOR nie dzia\u0142a. NALE\u017bY SAMODZIELNIE wys\u0142a\u0107 reklamowany sprz\u0119t na adres Smilesonic, \u0141ukasi\u0144skiego 110, 71-215 Szczecin &#8211; zwrot koszt\u00f3w wysy\u0142ki na podstawie potwierdzenia wysy\u0142ki.<\/span><\/strong><\/p>\n<p><strong>Nie przyjmujemy przesy\u0142ek nadanych do paczkomatu lub innych punkt\u00f3w odbioru.<\/strong><\/p>\n<p>&nbsp;<\/p>\n<p>Celem reklamacji nale\u017cy przes\u0142a\u0107 szczoteczk\u0119 lub irygator na nasz adres wraz z <strong><a style=\"color: #929292;\" href=\"https:\/\/smilesonic.com\/wp-content\/uploads\/2022\/11\/formularz.pdf\" rel=\"nofollow\">formularzem reklamacyjnym<\/a><\/strong> i kopi\u0105 dowodu zakupu.<\/p>\n<p>W przypadku braku dowodu zakupu prosimy o za\u0142\u0105czenie potwierdzenia przelewu lub p\u0142atno\u015bci kart\u0105 lub o podanie numeru zam\u00f3wienia.<\/p>\n<p>&nbsp;<\/p>\n<p><strong>Adres email:<\/strong><\/p>\n<p><a href=\"mailto:reklamacje@smilesonic.com\">reklamacje@smilesonic.com<\/a><\/p>\n<p><strong>Adres do wysy\u0142ki:<\/strong><\/p>\n<p>Smilesonic Sp. z o.o.<\/p>\n<p>ul. \u0141ukasi\u0144skiego 110<\/p>\n<p>71-215 Szczecin[\/vc_column_text][\/vc_column][\/vc_row]\n","protected":false},"excerpt":{"rendered":"<p>[vc_row type=&#8221;in_container&#8221; full_screen_row_position=&#8221;middle&#8221; column_margin=&#8221;default&#8221; column_direction=&#8221;default&#8221; column_direction_tablet=&#8221;default&#8221; column_direction_phone=&#8221;default&#8221; scene_position=&#8221;center&#8221; text_color=&#8221;dark&#8221; text_align=&#8221;left&#8221; row_border_radius=&#8221;none&#8221; row_border_radius_applies=&#8221;bg&#8221; overlay_strength=&#8221;0.3&#8243; gradient_direction=&#8221;left_to_right&#8221; shape_divider_position=&#8221;bottom&#8221; bg_image_animation=&#8221;none&#8221; shape_type=&#8221;&#8221;][vc_column column_padding=&#8221;no-extra-padding&#8221; column_padding_tablet=&#8221;inherit&#8221; column_padding_phone=&#8221;inherit&#8221; column_padding_position=&#8221;all&#8221; background_color_opacity=&#8221;1&#8243; background_hover_color_opacity=&#8221;1&#8243; column_shadow=&#8221;none&#8221; column_border_radius=&#8221;none&#8221;&#8230;<\/p>\n","protected":false},"author":1,"featured_media":0,"parent":0,"menu_order":0,"comment_status":"closed","ping_status":"closed","template":"","meta":{"_acf_changed":false,"footnotes":""},"class_list":["post-8038","page","type-page","status-publish"],"acf":[],"_links":{"self":[{"href":"https:\/\/smilesonic.com\/pl\/wp-json\/wp\/v2\/pages\/8038","targetHints":{"allow":["GET"]}}],"collection":[{"href":"https:\/\/smilesonic.com\/pl\/wp-json\/wp\/v2\/pages"}],"about":[{"href":"https:\/\/smilesonic.com\/pl\/wp-json\/wp\/v2\/types\/page"}],"author":[{"embeddable":true,"href":"https:\/\/smilesonic.com\/pl\/wp-json\/wp\/v2\/users\/1"}],"replies":[{"embeddable":true,"href":"https:\/\/smilesonic.com\/pl\/wp-json\/wp\/v2\/comments?post=8038"}],"version-history":[{"count":35,"href":"https:\/\/smilesonic.com\/pl\/wp-json\/wp\/v2\/pages\/8038\/revisions"}],"predecessor-version":[{"id":50334,"href":"https:\/\/smilesonic.com\/pl\/wp-json\/wp\/v2\/pages\/8038\/revisions\/50334"}],"wp:attachment":[{"href":"https:\/\/smilesonic.com\/pl\/wp-json\/wp\/v2\/media?parent=8038"}],"curies":[{"name":"wp","href":"https:\/\/api.w.org\/{rel}","templated":true}]}}