{"id":8036,"date":"2019-10-30T11:58:34","date_gmt":"2019-10-30T10:58:34","guid":{"rendered":"https:\/\/smilesonic.com\/?page_id=8036"},"modified":"2023-01-20T11:57:27","modified_gmt":"2023-01-20T10:57:27","slug":"dostawa-i-platnosci","status":"publish","type":"page","link":"https:\/\/smilesonic.com\/pl\/dostawa-i-platnosci\/","title":{"rendered":"Dostawa i p\u0142atno\u015bci"},"content":{"rendered":"<div class=\"c-headline \">\n<h2>Metody dostawy<\/h2>\n<\/div>\n<div class=\"c-content \">\n<div class=\"a-typo is-text\">\n<div class=\"column js-mainOptionsTarget editorContent\" data-configwidth=\"1200\" data-main-options=\",,no-repeat,top left,auto\" data-edit-id=\"5622\">\n<div class=\"row clearfix2 layer_element\" data-height=\"1138:auto:auto:auto\">\n<div class=\"cells_holder clearfix2\">\n<div class=\"cell layer_element g-col-lg-12\" data-top-percent=\"0%:0%:0%:0%\" data-left-percent=\"0%:0%:0%:0%\" data-parent-height=\"1140\" data-left=\"0%:0%:0%:0%\" data-top=\"0%:0%:0%:0%\">\n<div class=\"widgets_holder\">\n<div class=\"js-widget_holder static_configuration dbclick_edit static_widget layer_element\" data-currentview=\"1\" data-top=\"0%:0%:0%:0%\" data-left=\"0%:0%:0%:0%\" data-top-percent=\"0%:0%:0%:0%\" data-left-percent=\"0%:0%:0%:0%\" data-width=\"100%:100%:100%:100%\" data-height=\"auto:auto:auto:auto\" data-view=\"lg:1, md:1, sm:1, xs:1\" data-index=\"2\" data-parent-height=\"1140\">\n<div class=\"a-typo is-widget clearfix2\">\n<p>Po przekazaniu Twojej paczki Kurierowi, otrzymasz informacj\u0119 w oddzielnym e-mailu.<\/p>\n<p>\u015aredni czas dostawy i koszt wysy\u0142ki zam\u00f3wienia w zale\u017cno\u015bci od wybranej metody dostawy.<\/p>\n<\/div>\n<\/div>\n<div class=\"js-widget_holder static_configuration static_widget html_widget layer_element\" data-currentview=\"1\" data-top=\"0%:0%:0%:0%\" data-left=\"0%:0%:0%:0%\" data-top-percent=\"0%:0%:0%:0%\" data-left-percent=\"0%:0%:0%:0%\" data-width=\"100%:100%:100%:100%\" data-height=\"auto:auto:auto:auto\" data-view=\"lg:1, md:1, sm:1, xs:1\" data-parent-height=\"1140\">\n<div class=\"widget html_editor\">\n<div style=\"overflow-x: auto;\">\n<table class=\"c-table is-header is-blank is-delivery\" style=\"height: 422px; width: 1320px;\" width=\"1131\">\n<thead>\n<tr>\n<th colspan=\"2\" align=\"left\" height=\"50\"><b>Spos\u00f3b wysy\u0142ki<\/b><\/th>\n<th align=\"left\" width=\"240\"><b>Przewidywany czas dostawy<\/b><\/th>\n<th align=\"left\" width=\"240\"><b>Ca\u0142kowity koszt wysy\u0142ki<\/b><\/th>\n<\/tr>\n<\/thead>\n<tbody>\n<tr>\n<td width=\"80\" height=\"80\" data-title=\"Spos\u00f3b\u00a0wysy\u0142ki\">&nbsp;<\/p>\n<div style=\"width: 81px;\"><img loading=\"lazy\" decoding=\"async\" class=\"alignleft wp-image-11754\" src=\"https:\/\/smilesonic.pl\/wp-content\/uploads\/2020\/06\/logo-dhl-150x150.png\" alt=\"logo dhl\" width=\"81\" height=\"80\" title=\"\" srcset=\"https:\/\/smilesonic.com\/wp-content\/uploads\/2020\/06\/logo-dhl-150x150.png 150w, https:\/\/smilesonic.com\/wp-content\/uploads\/2020\/06\/logo-dhl-100x100.png 100w, https:\/\/smilesonic.com\/wp-content\/uploads\/2020\/06\/logo-dhl-300x300.png 300w, https:\/\/smilesonic.com\/wp-content\/uploads\/2020\/06\/logo-dhl-140x140.png 140w, https:\/\/smilesonic.com\/wp-content\/uploads\/2020\/06\/logo-dhl.png 512w, https:\/\/smilesonic.com\/wp-content\/uploads\/2020\/06\/logo-dhl-500x503.png 500w, https:\/\/smilesonic.com\/wp-content\/uploads\/2020\/06\/logo-dhl-350x350.png 350w\" sizes=\"auto, (max-width: 81px) 100vw, 81px\" \/><\/div>\n<\/td>\n<td width=\"170\" data-title=\"Typ\">Przesy\u0142ka kurierska DHL<\/p>\n<p>Dostawa do punktu DHL Parcel<\/td>\n<td data-title=\"Przewidywany czas dostawy\">24h w dni robocze*<\/td>\n<td data-title=\"Ca\u0142kowity koszt wysy\u0142ki\">P\u0142atno\u015b\u0107 z g\u00f3ry &#8211; 10 z\u0142otych<br \/>\nP\u0142atno\u015b\u0107 za pobraniem &#8211; 10 z\u0142otych<br \/>\nDHL Parcelshop &#8211; 5 z\u0142otych<br \/>\nDHL Parcelshop pobranie\u00a0 &#8211; 7 z\u0142otych<br \/>\n<span style=\"color: #e9500e;\">Darmowa dostawa dla zam\u00f3wie\u0144 powy\u017cej 200 z\u0142otych<br \/>\n<\/span><\/td>\n<\/tr>\n<tr>\n<td height=\"80\" data-title=\"Spos\u00f3b\u00a0wysy\u0142ki\">&nbsp;<\/p>\n<div style=\"width: 81px;\"><img loading=\"lazy\" decoding=\"async\" class=\"alignleft wp-image-11757\" src=\"https:\/\/smilesonic.pl\/wp-content\/uploads\/2020\/06\/paczkomaty-logo-150x150.jpg\" alt=\"paczkomaty\" width=\"90\" height=\"55\" title=\"\" srcset=\"https:\/\/smilesonic.com\/wp-content\/uploads\/2020\/06\/paczkomaty-logo-800x492.jpg 800w, https:\/\/smilesonic.com\/wp-content\/uploads\/2020\/06\/paczkomaty-logo-300x185.jpg 300w, https:\/\/smilesonic.com\/wp-content\/uploads\/2020\/06\/paczkomaty-logo-768x473.jpg 768w, https:\/\/smilesonic.com\/wp-content\/uploads\/2020\/06\/paczkomaty-logo.jpg 1024w\" sizes=\"auto, (max-width: 90px) 100vw, 90px\" \/><\/div>\n<\/td>\n<td data-title=\"Typ\">Paczkomaty<\/td>\n<td data-title=\"Przewidywany czas dostawy\">24-48h w dni robocze*<\/td>\n<td data-title=\"Ca\u0142kowity koszt wysy\u0142ki\">P\u0142atno\u015b\u0107 z g\u00f3ry &#8211; 5 z\u0142otych<br \/>\nP\u0142atno\u015b\u0107 za pobraniem &#8211; 7 z\u0142otych<br \/>\n<span style=\"color: #e9500e;\">Darmowa dostawa dla zam\u00f3wie\u0144 powy\u017cej 200 z\u0142otych<\/span><\/td>\n<\/tr>\n<\/tbody>\n<\/table>\n<\/div>\n<p><i>* Zam\u00f3wienie wysy\u0142ane jest tego samego dnia, kiedy zosta\u0142o z\u0142o\u017cone. Warunkiem realizacji jest wp\u0142yni\u0119cie wp\u0142aty na konto\/dokonanie p\u0142atno\u015bci online przed godzin\u0105 13:00 lub skorzystanie z opcji &#8222;p\u0142atno\u015b\u0107 za pobraniem&#8221;.<\/i><\/p>\n<div style=\"display:none\">\n<h2>Cennik przesy\u0142ek zagranicznych<\/h2>\n<table border=\"1\">\n<tbody>\n<tr>\n<td colspan=\"2\">Przesy\u0142ki zagraniczne &#8211; Kurier DHL<\/td>\n<\/tr>\n<tr>\n<td>Austria<\/td>\n<td>50 z\u0142<\/td>\n<\/tr>\n<tr>\n<td>Belgia<\/td>\n<td>50 z\u0142<\/td>\n<\/tr>\n<tr>\n<td>Bu\u0142garia<\/td>\n<td>70 z\u0142<\/td>\n<\/tr>\n<tr>\n<td>Chorwacja<\/td>\n<td>60 z\u0142<\/td>\n<\/tr>\n<tr>\n<td>Cypr<\/td>\n<td>390 z\u0142<\/td>\n<\/tr>\n<tr>\n<td>Czechy<\/td>\n<td>40 z\u0142<\/td>\n<\/tr>\n<tr>\n<td>Dania<\/td>\n<td>60 z\u0142<\/td>\n<\/tr>\n<tr>\n<td>Estonia<\/td>\n<td>60 z\u0142<\/td>\n<\/tr>\n<tr>\n<td>Finlandia<\/td>\n<td>60 z\u0142<\/td>\n<\/tr>\n<tr>\n<td>Francja<\/td>\n<td>75 z\u0142<\/td>\n<\/tr>\n<tr>\n<td>Grecja<\/td>\n<td>110 z\u0142<\/td>\n<\/tr>\n<tr>\n<td>Hiszpania<\/td>\n<td>70 z\u0142<\/td>\n<\/tr>\n<tr>\n<td>Holandia<\/td>\n<td>50 z\u0142<\/td>\n<\/tr>\n<tr>\n<td>Irlandia<\/td>\n<td>70 z\u0142<\/td>\n<\/tr>\n<tr>\n<td>Litwa<\/td>\n<td>50 z\u0142<\/td>\n<\/tr>\n<tr>\n<td>Luksemburg<\/td>\n<td>50 z\u0142<\/td>\n<\/tr>\n<tr>\n<td>\u0141otwa<\/td>\n<td>60 z\u0142<\/td>\n<\/tr>\n<tr>\n<td>Malta<\/td>\n<td>390 z\u0142<\/td>\n<\/tr>\n<tr>\n<td>Monako<\/td>\n<td>75 z\u0142<\/td>\n<\/tr>\n<tr>\n<td>Niemcy<\/td>\n<td>40 z\u0142<\/td>\n<\/tr>\n<tr>\n<td>Portugalia<\/td>\n<td>70 z\u0142<\/td>\n<\/tr>\n<tr>\n<td>Rumunia<\/td>\n<td>70 z\u0142<\/td>\n<\/tr>\n<tr>\n<td>S\u0142owacja<\/td>\n<td>40 z\u0142<\/td>\n<\/tr>\n<tr>\n<td>S\u0142owenia<\/td>\n<td>50 z\u0142<\/td>\n<\/tr>\n<tr>\n<td>Szwecja<\/td>\n<td>60 z\u0142<\/td>\n<\/tr>\n<tr>\n<td>W\u0119gry<\/td>\n<td>50 z\u0142<\/td>\n<\/tr>\n<tr>\n<td>Wielka Brytania<\/td>\n<td>60 z\u0142<\/td>\n<\/tr>\n<tr>\n<td>W\u0142ochy<\/td>\n<td>75 z\u0142<\/td>\n<\/tr>\n<\/tbody>\n<\/table>\n<p>Szacowany czas dostarczenia przesy\u0142ki zale\u017cny jest od wybranego kraju i wynosi (od momentu wysy\u0142ki) 3-7 dni robocze\n<\/p><\/div>\n<p><em><strong>Nie wiesz, co dzieje si\u0119 z Twoj\u0105 paczk\u0105?<\/strong> Je\u015bli status Twojej dostawy nie zmieni\u0142 si\u0119 od 3 dni roboczych, a firma kurierska nie podj\u0119\u0142a pr\u00f3by dostarczenia oraz kontaktu, prosimy daj nam zna\u0107. Postaramy si\u0119 jak najszybciej wyja\u015bni\u0107 spraw\u0119 oraz sprawdzi\u0107, gdzie znajduje si\u0119 Twoja przesy\u0142ka.<\/em><\/p>\n<h2>Metody P\u0142atno\u015bci<\/h2>\n<h3>1. Szybkie p\u0142atno\u015bci iMoje oraz BLIK<\/h3>\n<p>W Smilesonic.pl mo\u017cesz zap\u0142aci\u0107 szybkim przelewem internetowym.<\/p>\n<p><strong>Przebieg p\u0142atno\u015bci: <\/strong>Po wybraniu tej metody p\u0142atno\u015bci nast\u0105pi przekierowanie do systemu iMoje (realizowanego we wsp\u00f3\u0142pracy z firm\u0105 ING), w kt\u00f3rym nale\u017cy wybra\u0107 sw\u00f3j bank lub dokona\u0107 p\u0142atno\u015bci BLIK. Nast\u0119pnie nale\u017cy zalogowa\u0107 si\u0119 do swojej bankowo\u015bci internetowej oraz potwierdzi\u0107 p\u0142atno\u015b\u0107. Zaksi\u0119gowanie pieni\u0119dzy odbywa si\u0119 zazwyczaj w ci\u0105gu kilku minut po dokonaniu przelewu.<\/p>\n<h3>2. P\u0142atno\u015b\u0107 za pobraniem<\/h3>\n<p>Za zam\u00f3wienie mo\u017cesz zap\u0142aci\u0107 bezpo\u015brednio podczas odbioru paczki od kuriera. Upewnij si\u0119, \u017ce wszystkie podane dane kontaktowe s\u0105 w\u0142a\u015bciwe i umo\u017cliwi\u0105 dor\u0119czenie Ci paczki.<\/p>\n<p>Pami\u0119taj, \u017ceby przygotowa\u0107 odliczon\u0105 kwot\u0119 p\u0142atno\u015bci &#8211; kurier nie jest zobowi\u0105zany do wydawania reszty.<\/p>\n<h3>3. P\u0142atno\u015b\u0107 PayPal<\/h3>\n<p>Podczas p\u0142atno\u015bci zostaniesz przekierowany bezpo\u015brednio do systemu PayPal. Je\u015bli jeste\u015b ju\u017c klientem PayPal, mo\u017cesz si\u0119 tam zalogowa\u0107 za pomoc\u0105 swoich danych u\u017cytkownika i potwierdzi\u0107 p\u0142atno\u015b\u0107. Je\u015bli jeste\u015b nowym klientem PayPal, mo\u017cesz r\u00f3wnie\u017c zalogowa\u0107 si\u0119 jako go\u015b\u0107 lub utworzy\u0107 nowe konto PayPal, a nast\u0119pnie potwierdzi\u0107 p\u0142atno\u015b\u0107.<\/p>\n<h3>4. P\u0142atno\u015b\u0107 przelewem tradycyjnym<\/h3>\n<p>Po z\u0142o\u017ceniu zam\u00f3wienia otrzymasz od nas wiadomo\u015b\u0107 e-mail z potwierdzeniem oraz niezb\u0119dne dane do wykonania przelewu.<\/p>\n<p>Po zaksi\u0119gowaniu wp\u0142aty na naszym koncie, zam\u00f3wienie zostanie przekazane do realizacji. Zam\u00f3wione artyku\u0142y pozostaj\u0105 dla Ciebie zarezerwowane przez 7 dni.<\/p>\n<p>&nbsp;<\/p>\n<div class=\"article__title\"><\/div>\n<div class=\"answer margin-top-10\"><\/div>\n<\/div>\n<\/div>\n<\/div>\n<\/div>\n<\/div>\n<\/div>\n<\/div>\n<\/div>\n<\/div>\n","protected":false},"excerpt":{"rendered":"<p>Metody dostawy Po przekazaniu Twojej paczki Kurierowi, otrzymasz informacj\u0119 w oddzielnym e-mailu. \u015aredni czas dostawy i koszt wysy\u0142ki zam\u00f3wienia w zale\u017cno\u015bci od wybranej metody dostawy&#8230;.<\/p>\n","protected":false},"author":1,"featured_media":0,"parent":0,"menu_order":0,"comment_status":"closed","ping_status":"closed","template":"","meta":{"_acf_changed":false,"footnotes":""},"class_list":["post-8036","page","type-page","status-publish"],"acf":[],"_links":{"self":[{"href":"https:\/\/smilesonic.com\/pl\/wp-json\/wp\/v2\/pages\/8036","targetHints":{"allow":["GET"]}}],"collection":[{"href":"https:\/\/smilesonic.com\/pl\/wp-json\/wp\/v2\/pages"}],"about":[{"href":"https:\/\/smilesonic.com\/pl\/wp-json\/wp\/v2\/types\/page"}],"author":[{"embeddable":true,"href":"https:\/\/smilesonic.com\/pl\/wp-json\/wp\/v2\/users\/1"}],"replies":[{"embeddable":true,"href":"https:\/\/smilesonic.com\/pl\/wp-json\/wp\/v2\/comments?post=8036"}],"version-history":[{"count":44,"href":"https:\/\/smilesonic.com\/pl\/wp-json\/wp\/v2\/pages\/8036\/revisions"}],"predecessor-version":[{"id":37405,"href":"https:\/\/smilesonic.com\/pl\/wp-json\/wp\/v2\/pages\/8036\/revisions\/37405"}],"wp:attachment":[{"href":"https:\/\/smilesonic.com\/pl\/wp-json\/wp\/v2\/media?parent=8036"}],"curies":[{"name":"wp","href":"https:\/\/api.w.org\/{rel}","templated":true}]}}