{"id":8031,"date":"2019-10-30T11:49:10","date_gmt":"2019-10-30T10:49:10","guid":{"rendered":"https:\/\/smilesonic.com\/?page_id=8031"},"modified":"2024-01-03T12:19:40","modified_gmt":"2024-01-03T11:19:40","slug":"polityka-prywatnosci","status":"publish","type":"page","link":"https:\/\/smilesonic.com\/pl\/polityka-prywatnosci\/","title":{"rendered":"Polityka prywatno\u015bci"},"content":{"rendered":"<p style=\"text-align: center;\"><strong>POLITYKA PRYWATNO\u015aCI SKLEPU INTERNETOWEGO<\/strong><\/p>\n<p style=\"text-align: center;\"><strong>WWW.SMILESONIC.PL<\/strong><\/p>\n<p style=\"text-align: center;\">\u00a7 1<br \/>\n<strong>POSTANOWIENIA OG\u00d3LNE<\/strong><\/p>\n<p>1. Administratorem danych osobowych zbieranych za po\u015brednictwem Sklepu internetowego www.smilesonic.pl jest Smilesonic Sp\u00f3\u0142ka z ograniczon\u0105 odpowiedzialno\u015bci\u0105 wpisana do rejestru przedsi\u0119biorc\u00f3w przez S\u0105d Rejonowy Szczecin-Centrum w Szczecinie, XIII Wydzia\u0142 Gospodarczy Krajowego Rejestru S\u0105dowego pod numerem KRS: 0000857918, kapita\u0142 zak\u0142adowy: 5.000 z\u0142, miejsce wykonywania dzia\u0142alno\u015bci: ul. Sienna 9, 70-542 Szczecin, oraz adres do dor\u0119cze\u0144: ul. \u0141ukasi\u0144skiego 110, 71-215 Szczecin, NIP: 8513251527, REGON: 386916949, adres poczty elektronicznej (e-mail):\u00a0sklep@smilesonic.com, numer telefonu: 516 446\u00a0370, zwana dalej \u201eAdministratorem&#8221; i b\u0119d\u0105ca jednocze\u015bnie \u201eUs\u0142ugodawc\u0105\u201d.<br \/>\n2. Dane osobowe zbierane przez Administratora za po\u015brednictwem strony internetowej s\u0105 przetwarzane zgodnie z\u00a0Rozporz\u0105dzeniem Parlamentu Europejskiego i\u00a0Rady (UE) 2016\/679 z\u00a0dnia 27 kwietnia 2016 r. w\u00a0sprawie ochrony os\u00f3b fizycznych w\u00a0zwi\u0105zku z\u00a0przetwarzaniem danych osobowych i\u00a0w sprawie swobodnego przep\u0142ywu takich danych oraz uchylenia dyrektywy 95\/46\/WE (og\u00f3lne rozporz\u0105dzenie o\u00a0ochronie danych), zwane dalej RODO.<br \/>\n3. Wszelkie wyrazy lub wyra\u017cenia pisane w tre\u015bci niniejszej Polityki Prywatno\u015bci z du\u017cej litery nale\u017cy rozumie\u0107 zgodnie z ich definicj\u0105 zawart\u0105 w Regulaminie Sklepu internetowego www.smilesonic.pl<\/p>\n<p style=\"text-align: center;\"><strong>\u00a7 2<\/strong><br \/>\n<strong>RODZAJ PRZETWARZANYCH DANYCH OSOBOWYCH, CEL I ZAKRES ZBIERANIA DANYCH<\/strong><\/p>\n<p>1. CEL PRZETWARZANIA I PODSTAWA PRAWNA. Administrator przetwarza dane osobowe Us\u0142ugobiorc\u00f3w Sklepu www.smilesonic.pl w przypadku:<br \/>\n1.1. rejestracji Konta w\u00a0Sklepie, w\u00a0celu utworzenia indywidualnego konta i\u00a0zarz\u0105dzania tym Kontem, na podstawie art. 6 ust. 1 lit. b) RODO (realizacja umowy o \u015bwiadczenie us\u0142ugi drog\u0105 elektroniczn\u0105 zgodnie z\u00a0Regulaminem Sklepu),<br \/>\n1.2. sk\u0142adania Zam\u00f3wienia w\u00a0Sklepie, w\u00a0celu wykonania Umowy Sprzeda\u017cy, na podstawie art. 6 ust. 1 lit. b) RODO (realizacja umowy sprzeda\u017cy),<br \/>\n1.3. skorzystania z Systemu Opinii, w\u00a0celu poznania zdania Klienta na temat Produktu i zawartej z Administratorem Umowy Sprzeda\u017cy, na podstawie art. 6 ust. 1 lit. f) RODO (prawnie uzasadniony interes przedsi\u0119biorcy).<br \/>\n2. RODZAJ PRZETWARZANYCH DANYCH OSOBOWYCH. Us\u0142ugobiorca podaje, w przypadku:<br \/>\n2.1. Konta: adres e-mail.<br \/>\n2.2. Zam\u00f3wienia: imi\u0119 i nazwisko, adres, NIP, adres e-mail, numer telefonu.<br \/>\n2.3. Systemu Opinii: imi\u0119 i nazwisko.<br \/>\n3. OKRES ARCHIWIZACJI DANYCH OSOBOWYCH. Dane osobowe Us\u0142ugobiorc\u00f3w przechowywane s\u0105 przez Administratora:<br \/>\n3.1. w przypadku, gdy podstaw\u0105 przetwarzania danych jest wykonanie umowy, tak d\u0142ugo, jak jest to niezb\u0119dne do wykonania umowy, a\u00a0po tym czasie przez okres odpowiadaj\u0105cy okresowi przedawnienia roszcze\u0144. Je\u017celi przepis szczeg\u00f3lny nie stanowi inaczej, termin przedawnienia wynosi lat sze\u015b\u0107, a\u00a0dla roszcze\u0144 o\u00a0\u015bwiadczenia okresowe oraz roszcze\u0144 zwi\u0105zanych z\u00a0prowadzeniem dzia\u0142alno\u015bci gospodarczej &#8211; trzy lata,<br \/>\n3.2. w przypadku, gdy podstaw\u0105 przetwarzania danych jest zgoda, tak d\u0142ugo, a\u017c zgoda nie zostanie odwo\u0142ana, a\u00a0po odwo\u0142aniu zgody przez okres czasu odpowiadaj\u0105cy okresowi przedawnienia roszcze\u0144 jakie mo\u017ce podnosi\u0107 Administrator i\u00a0jakie mog\u0105 by\u0107 podnoszone wobec niego. Je\u017celi przepis szczeg\u00f3lny nie stanowi inaczej, termin przedawnienia wynosi lat sze\u015b\u0107, a\u00a0dla roszcze\u0144 o\u00a0\u015bwiadczenia okresowe oraz roszcze\u0144 zwi\u0105zanych z\u00a0prowadzeniem dzia\u0142alno\u015bci gospodarczej &#8211; trzy lata.<br \/>\n4. Podczas korzystania ze Sklepu mog\u0105 by\u0107 pobierane dodatkowe informacje, w\u00a0szczeg\u00f3lno\u015bci: adres IP przypisany do komputera Us\u0142ugobiorcy lub zewn\u0119trzny adres IP dostawcy Internetu, nazwa domeny, rodzaj przegl\u0105darki, czas dost\u0119pu, typ systemu operacyjnego.<br \/>\n5. Po wyra\u017ceniu odr\u0119bnej zgody, na podstawie art. 6 ust. 1 lit. a) RODO dane mog\u0105 by\u0107 przetwarzane r\u00f3wnie\u017c w celu przesy\u0142ania informacji handlowych drog\u0105 elektroniczn\u0105 lub wykonywania telefonicznych po\u0142\u0105cze\u0144 w celu marketingu bezpo\u015bredniego \u2013 odpowiednio w zwi\u0105zku z art. 10 ust. 2 Ustawy z dnia 18 lipca 2002 roku o \u015bwiadczeniu us\u0142ug drog\u0105 elektroniczn\u0105 lub art. 172 ust. 1 Ustawy z dnia 16 lipca 2004 roku \u2013 Prawo Telekomunikacyjne, w tym kierowanych w wyniku profilowania, o ile Us\u0142ugobiorca wyrazi\u0142 stosown\u0105 zgod\u0119.<br \/>\n6. Od Us\u0142ugobiorc\u00f3w mog\u0105 by\u0107 tak\u017ce gromadzone dane nawigacyjne, w\u00a0tym informacje o\u00a0linkach i\u00a0odno\u015bnikach, w\u00a0kt\u00f3re zdecyduj\u0105 si\u0119 klikn\u0105\u0107 lub innych czynno\u015bciach, podejmowanych w Sklepie. Podstaw\u0105 prawn\u0105 tego rodzaju czynno\u015bci jest prawnie uzasadniony interes Administratora (art. 6 ust. 1 lit. f RODO), polegaj\u0105cy na u\u0142atwieniu korzystania z\u00a0us\u0142ug \u015bwiadczonych drog\u0105 elektroniczn\u0105 oraz na poprawie funkcjonalno\u015bci tych us\u0142ug.<br \/>\n7. Podanie danych osobowych przez Us\u0142ugobiorc\u0119 jest dobrowolne.<br \/>\n8. Administrator dok\u0142ada szczeg\u00f3lnej staranno\u015bci w celu ochrony interes\u00f3w os\u00f3b, kt\u00f3rych dane dotycz\u0105, a w szczeg\u00f3lno\u015bci zapewnia, \u017ce zbierane przez niego dane s\u0105:<br \/>\n8.1. przetwarzane zgodnie z prawem,<br \/>\n8.2. zbierane dla oznaczonych, zgodnych z prawem cel\u00f3w i niepoddawane dalszemu przetwarzaniu niezgodnemu z tymi celami,<br \/>\n8.3. merytorycznie poprawne i adekwatne w stosunku do cel\u00f3w, w jakich s\u0105 przetwarzane oraz przechowywane w postaci umo\u017cliwiaj\u0105cej identyfikacj\u0119 os\u00f3b, kt\u00f3rych dotycz\u0105, nie d\u0142u\u017cej ni\u017c jest to niezb\u0119dne do osi\u0105gni\u0119cia celu przetwarzania.<\/p>\n<p style=\"text-align: center;\"><strong>\u00a7 3<\/strong><br \/>\n<strong>UDOST\u0118PNIENIE DANYCH OSOBOWYCH<\/strong><\/p>\n<p>1. Dane osobowe Us\u0142ugobiorc\u00f3w przekazywane s\u0105 dostawcom us\u0142ug, z\u00a0kt\u00f3rych korzysta Administrator przy prowadzeniu Sklepu, a w szczeg\u00f3lno\u015bci do<br \/>\n1.1. podmiot\u00f3w realizuj\u0105cych dostaw\u0119 Produkt\u00f3w,<br \/>\n1.2. dostawc\u00f3w system\u00f3w p\u0142atno\u015bci,<br \/>\n1.3. biura ksi\u0119gowego,<br \/>\n1.4. hostingodawcy,<br \/>\n1.5. dostawcy oprogramowania umo\u017cliwiaj\u0105cego prowadzenie dzia\u0142alno\u015bci,<br \/>\n1.6. podmiot\u00f3w zapewniaj\u0105cych system mailingowy,<br \/>\n1.7. dostawcy oprogramowania potrzebnego do prowadzenia sklepu internetowego.<br \/>\n2. Dostawcy us\u0142ug, o kt\u00f3rych mowa w pkt 1 niniejszego paragrafu, kt\u00f3rym przekazywane s\u0105 dane osobowe, w\u00a0zale\u017cno\u015bci od uzgodnie\u0144 umownych i\u00a0okoliczno\u015bci, albo podlegaj\u0105 poleceniom Administratora co do cel\u00f3w i\u00a0sposob\u00f3w przetwarzania tych danych (podmioty przetwarzaj\u0105ce) albo samodzielnie okre\u015blaj\u0105 cele i\u00a0sposoby ich przetwarzania (administratorzy)<br \/>\n3. Dane osobowe Us\u0142ugobiorc\u00f3w s\u0105 przechowywane wy\u0142\u0105cznie na terenie Europejskiego Obszaru Gospodarczego (EOG), z\u00a0zastrze\u017ceniem \u00a7 5 pkt 5 Polityki Prywatno\u015bci.<\/p>\n<p style=\"text-align: center;\"><strong>\u00a7 4<\/strong><br \/>\n<strong>PRAWO KONTROLI, DOST\u0118PU DO TRE\u015aCI W\u0141ASNYCH DANYCH ORAZ ICH POPRAWIANIA<\/strong><\/p>\n<p>1. Osoba, kt\u00f3rej dane dotycz\u0105, ma prawo dost\u0119pu do tre\u015bci swoich danych osobowych oraz prawo ich sprostowania, usuni\u0119cia, ograniczenia przetwarzania, prawo do przenoszenia danych, prawo wniesienia sprzeciwu, prawo do cofni\u0119cia zgody w dowolnym momencie bez wp\u0142ywu na zgodno\u015b\u0107 z prawem przetwarzania, kt\u00f3rego dokonano na podstawie zgody przed jej cofni\u0119ciem.<br \/>\n2. Podstawy prawne \u017c\u0105dania Us\u0142ugobiorcy:<br \/>\n2.1. dost\u0119p do danych \u2013 art. 15 RODO,<br \/>\n2.2. sprostowanie danych \u2013 art. 16 RODO,<br \/>\n2.3. usuni\u0119cie danych (tzw. prawo do bycia zapomnianym) \u2013 art. 17 RODO,<br \/>\n2.4. ograniczenie przetwarzania \u2013 art. 18 RODO,<br \/>\n2.5. przeniesienie danych \u2013 art. 20 RODO,<br \/>\n2.6. sprzeciw \u2013 art. 21 RODO,<br \/>\n2.7. cofni\u0119cie zgody \u2013 art. 7 ust. 3 RODO.<br \/>\n3. W celu realizacji uprawnie\u0144, o kt\u00f3rych mowa w pkt 2 mo\u017cna wys\u0142a\u0107 stosown\u0105 wiadomo\u015b\u0107 e-mail na adres: sklep@smilesonic.com<br \/>\n4. W sytuacji wyst\u0105pienia przez Us\u0142ugobiorc\u0119 z\u00a0uprawnieniem wynikaj\u0105cym z\u00a0powy\u017cszych praw, Administrator spe\u0142nia \u017c\u0105danie albo odmawia jego spe\u0142nienia niezw\u0142ocznie, nie p\u00f3\u017aniej jednak ni\u017c w\u00a0ci\u0105gu miesi\u0105ca po jego otrzymaniu. Je\u017celi jednak &#8211; z\u00a0uwagi na skomplikowany charakter \u017c\u0105dania lub liczb\u0119 \u017c\u0105da\u0144 \u2013 Administrator nie b\u0119dzie m\u00f3g\u0142 spe\u0142ni\u0107 \u017c\u0105dania w\u00a0ci\u0105gu miesi\u0105ca, spe\u0142ni je w\u00a0ci\u0105gu kolejnych dw\u00f3ch miesi\u0119cy informuj\u0105c Us\u0142ugobiorc\u0119 uprzednio w\u00a0terminie miesi\u0105ca od otrzymania \u017c\u0105dania &#8211; o\u00a0zamierzonym przed\u0142u\u017ceniu terminu oraz jego przyczynach.<br \/>\n5. W przypadku stwierdzenia, \u017ce przetwarzanie danych osobowych narusza przepisy RODO, osoba, kt\u00f3rej dane dotycz\u0105, ma prawo wnie\u015b\u0107 skarg\u0119 do Prezesa Urz\u0119du Ochrony Danych Osobowych.<\/p>\n<p style=\"text-align: center;\"><strong>\u00a7 5<\/strong><br \/>\n<strong>PLIKI &#8222;COOKIES&#8221;<\/strong><\/p>\n<p>1. Strona Administratora\u00a0u\u017cywa plik\u00f3w\u00a0\u201ecookies\u201d.<br \/>\n2. Instalacja plik\u00f3w \u201ecookies\u201d jest konieczna do prawid\u0142owego \u015bwiadczenia us\u0142ug na stronie internetowej Sklepu. W plikach \u201ecookies&#8221; znajduj\u0105 si\u0119 informacje niezb\u0119dne do prawid\u0142owego funkcjonowania strony, a tak\u017ce daj\u0105 one tak\u017ce mo\u017cliwo\u015b\u0107 opracowywania og\u00f3lnych statystyk odwiedzin strony internetowej.<br \/>\n3. W ramach strony stosowane s\u0105 dwa rodzaje plik\u00f3w \u201ecookies\u201d: \u201esesyjne\u201d oraz \u201esta\u0142e\u201d.<br \/>\n3.1. \u201eCookies\u201d \u201esesyjne\u201d s\u0105 plikami tymczasowymi, kt\u00f3re przechowywane s\u0105 w urz\u0105dzeniu ko\u0144cowym Us\u0142ugobiorcy do czasu wylogowania (opuszczenia strony),<br \/>\n3.2. \u201eSta\u0142e\u201d pliki \u201ecookies\u201d przechowywane s\u0105 w urz\u0105dzeniu ko\u0144cowym Us\u0142ugobiorcy przez czas okre\u015blony w parametrach plik\u00f3w \u201ecookies\u201d lub do czasu ich usuni\u0119cia przez Us\u0142ugobiorc\u0119.<br \/>\n4. Administrator wykorzystuje w\u0142asne pliki cookies w celu lepszego poznania sposobu interakcji Us\u0142ugobiorc\u00f3w w zakresie zawarto\u015bci strony. Pliki gromadz\u0105 informacje o sposobie korzystania ze strony internetowej przez Us\u0142ugobiorc\u0119, typie strony, z jakiej Us\u0142ugobiorca zosta\u0142 przekierowany oraz liczbie odwiedzin i czasie wizyty Us\u0142ugobiorcy na stronie internetowej. Informacje te nie rejestruj\u0105 konkretnych danych osobowych Us\u0142ugobiorcy, lecz s\u0142u\u017c\u0105 do opracowania statystyk korzystania ze strony.<br \/>\n5. Administrator wykorzystuje r\u00f3wnie\u017c zewn\u0119trzne pliki cookies w celu zbierania og\u00f3lnych i\u00a0anonimowych danych statycznych za po\u015brednictwem narz\u0119dzi analitycznych Google Analytics administrator cookies zewn\u0119trznego: Google LLC. z\u00a0siedzib\u0105 w\u00a0USA).<br \/>\n6. Pliki cookies mog\u0105 by\u0107 r\u00f3wnie\u017c wykorzystywane przez sieci reklamowe, w szczeg\u00f3lno\u015bci sie\u0107 Google, w celu wy\u015bwietlania reklam dopasowanych do sposobu, w jaki Us\u0142ugobiorca korzysta ze Sklepu. W tym celu mog\u0105 zachowa\u0107 informacj\u0119 o \u015bcie\u017cce nawigacji Us\u0142ugobiorcy lub czasie pozostawania na danej stronie.<br \/>\n7. Us\u0142ugobiorca ma prawo zadecydowania w zakresie dost\u0119pu plik\u00f3w \u201ecookies\u201d do swojego komputera poprzez:<br \/>\n7.1. wyb\u00f3r rodzaj\u00f3w plik\u00f3w cookies, na gromadzenie kt\u00f3rych wyra\u017ca zgod\u0119 tu\u017c po wej\u015bciu na stron\u0119 Sklepu i pojawieniu si\u0119 komunikatu dotycz\u0105cego cookies,<br \/>\n7.2. zmian\u0119 ustawie\u0144 w oknie swojej przegl\u0105darki. \u00a0Szczeg\u00f3\u0142owe informacje o mo\u017cliwo\u015bci i sposobach obs\u0142ugi plik\u00f3w \u201ecookies\u201d dost\u0119pne s\u0105 r\u00f3wnie\u017c w ustawieniach oprogramowania (przegl\u0105darki internetowej).<\/p>\n<p style=\"text-align: center;\"><strong>\u00a7 6<\/strong><br \/>\n<strong>POSTANOWIENIA KO\u0143COWE<\/strong><\/p>\n<p>1. Administrator stosuje \u015brodki techniczne i organizacyjne zapewniaj\u0105ce ochron\u0119 przetwarzanych danych osobowych odpowiedni\u0105 do zagro\u017ce\u0144 oraz kategorii danych obj\u0119tych ochron\u0105, a w szczeg\u00f3lno\u015bci zabezpiecza dane przed ich udost\u0119pnieniem osobom nieupowa\u017cnionym, zabraniem przez osob\u0119 nieuprawnion\u0105, przetwarzaniem z naruszeniem obowi\u0105zuj\u0105cych przepis\u00f3w oraz zmian\u0105, utrat\u0105, uszkodzeniem lub zniszczeniem.<br \/>\n2. Administrator udost\u0119pnia odpowiednie \u015brodki techniczne zapobiegaj\u0105ce pozyskiwaniu i modyfikowaniu przez osoby nieuprawnione, danych osobowych przesy\u0142anych drog\u0105 elektroniczn\u0105.<br \/>\n3. W sprawach nieuregulowanych niniejsz\u0105 Polityk\u0105 prywatno\u015bci stosuje si\u0119 odpowiednio przepisy RODO oraz inne w\u0142a\u015bciwe przepisy prawa polskiego.<\/p>\n","protected":false},"excerpt":{"rendered":"<p>POLITYKA PRYWATNO\u015aCI SKLEPU INTERNETOWEGO WWW.SMILESONIC.PL \u00a7 1 POSTANOWIENIA OG\u00d3LNE 1. Administratorem danych osobowych zbieranych za po\u015brednictwem Sklepu internetowego www.smilesonic.pl jest Smilesonic Sp\u00f3\u0142ka z ograniczon\u0105 odpowiedzialno\u015bci\u0105&#8230;<\/p>\n","protected":false},"author":1,"featured_media":0,"parent":0,"menu_order":0,"comment_status":"closed","ping_status":"closed","template":"","meta":{"_acf_changed":false,"footnotes":""},"class_list":["post-8031","page","type-page","status-publish"],"acf":[],"_links":{"self":[{"href":"https:\/\/smilesonic.com\/pl\/wp-json\/wp\/v2\/pages\/8031","targetHints":{"allow":["GET"]}}],"collection":[{"href":"https:\/\/smilesonic.com\/pl\/wp-json\/wp\/v2\/pages"}],"about":[{"href":"https:\/\/smilesonic.com\/pl\/wp-json\/wp\/v2\/types\/page"}],"author":[{"embeddable":true,"href":"https:\/\/smilesonic.com\/pl\/wp-json\/wp\/v2\/users\/1"}],"replies":[{"embeddable":true,"href":"https:\/\/smilesonic.com\/pl\/wp-json\/wp\/v2\/comments?post=8031"}],"version-history":[{"count":8,"href":"https:\/\/smilesonic.com\/pl\/wp-json\/wp\/v2\/pages\/8031\/revisions"}],"predecessor-version":[{"id":46121,"href":"https:\/\/smilesonic.com\/pl\/wp-json\/wp\/v2\/pages\/8031\/revisions\/46121"}],"wp:attachment":[{"href":"https:\/\/smilesonic.com\/pl\/wp-json\/wp\/v2\/media?parent=8031"}],"curies":[{"name":"wp","href":"https:\/\/api.w.org\/{rel}","templated":true}]}}