{"id":64045,"date":"2025-03-28T13:19:29","date_gmt":"2025-03-28T12:19:29","guid":{"rendered":"https:\/\/smilesonic.com\/?page_id=64045"},"modified":"2025-03-28T13:19:29","modified_gmt":"2025-03-28T12:19:29","slug":"o-nas","status":"publish","type":"page","link":"https:\/\/smilesonic.com\/pl\/o-nas\/","title":{"rendered":"O nas"},"content":{"rendered":"[vc_row type=&#8221;in_container&#8221; full_screen_row_position=&#8221;middle&#8221; column_margin=&#8221;default&#8221; column_direction=&#8221;default&#8221; column_direction_tablet=&#8221;default&#8221; column_direction_phone=&#8221;default&#8221; scene_position=&#8221;center&#8221; text_color=&#8221;dark&#8221; text_align=&#8221;left&#8221; row_border_radius=&#8221;none&#8221; row_border_radius_applies=&#8221;bg&#8221; overflow=&#8221;visible&#8221; overlay_strength=&#8221;0.3&#8243; gradient_direction=&#8221;left_to_right&#8221; shape_divider_position=&#8221;bottom&#8221; bg_image_animation=&#8221;none&#8221;][vc_column column_padding=&#8221;no-extra-padding&#8221; column_padding_tablet=&#8221;inherit&#8221; column_padding_phone=&#8221;inherit&#8221; column_padding_position=&#8221;all&#8221; column_element_direction_desktop=&#8221;default&#8221; column_element_spacing=&#8221;default&#8221; desktop_text_alignment=&#8221;default&#8221; tablet_text_alignment=&#8221;default&#8221; phone_text_alignment=&#8221;default&#8221; background_color_opacity=&#8221;1&#8243; background_hover_color_opacity=&#8221;1&#8243; column_backdrop_filter=&#8221;none&#8221; column_shadow=&#8221;none&#8221; column_border_radius=&#8221;none&#8221; column_link_target=&#8221;_self&#8221; column_position=&#8221;default&#8221; gradient_direction=&#8221;left_to_right&#8221; overlay_strength=&#8221;0.3&#8243; width=&#8221;1\/1&#8243; tablet_width_inherit=&#8221;default&#8221; animation_type=&#8221;default&#8221; bg_image_animation=&#8221;none&#8221; border_type=&#8221;simple&#8221; column_border_width=&#8221;none&#8221; column_border_style=&#8221;solid&#8221;][vc_column_text text_direction=&#8221;default&#8221;]W Smilesonic wierzymy, \u017ce zdrowy u\u015bmiech ma bezpo\u015bredni wp\u0142yw na og\u00f3lne samopoczucie. Odkryj razem z nami produkty, kt\u00f3re powsta\u0142y po to, by zapewnia\u0107 komfort u\u017cytkowania oraz najwy\u017cszy poziom zadowolenia.<\/p>\n<h3>Smilesonic \u2013 nowoczesno\u015b\u0107 i jako\u015b\u0107 w trosce o Tw\u00f3j u\u015bmiech<\/h3>\n<p>W Smilesonic innowacyjne podej\u015bcie \u0142\u0105czy si\u0119 z d\u0105\u017ceniem do perfekcji. Nasze produkty, takie jak szczoteczki soniczne, wyr\u00f3\u017cniaj\u0105 si\u0119 najnowocze\u015bniejsz\u0105 technologi\u0105 i wyj\u0105tkowym designem, co sprawia, \u017ce codzienne u\u017cytkowanie jest skuteczne i komfortowe. Dzi\u0119ki nieustannym badaniom i inwestycjom w rozw\u00f3j stworzyli\u015bmy rozwi\u0105zania b\u0119d\u0105ce symbolem niezawodno\u015bci oraz najwy\u017cszej jako\u015bci.<\/p>\n<p>Naszym celem nie jest jedynie produkcja szczoteczek \u2013 chcemy inspirowa\u0107 i edukowa\u0107 naszych klient\u00f3w, pomagaj\u0105c im zadba\u0107 o zdrowie jamy ustnej. Wsp\u00f3\u0142pracuj\u0105c z dentystami i ekspertami bran\u017cy, Smilesonic dostarcza kompleksowych rozwi\u0105za\u0144, kt\u00f3re wspieraj\u0105 zdrowy i pi\u0119kny u\u015bmiech na d\u0142ugie lata.[\/vc_column_text][vc_row_inner column_margin=&#8221;default&#8221; column_direction=&#8221;default&#8221; column_direction_tablet=&#8221;default&#8221; column_direction_phone=&#8221;default&#8221; text_align=&#8221;left&#8221; row_position=&#8221;default&#8221; row_position_tablet=&#8221;inherit&#8221; row_position_phone=&#8221;inherit&#8221; overflow=&#8221;visible&#8221; pointer_events=&#8221;all&#8221;][vc_column_inner column_padding=&#8221;no-extra-padding&#8221; column_padding_tablet=&#8221;inherit&#8221; column_padding_phone=&#8221;inherit&#8221; column_padding_position=&#8221;all&#8221; column_element_direction_desktop=&#8221;default&#8221; column_element_spacing=&#8221;default&#8221; desktop_text_alignment=&#8221;default&#8221; tablet_text_alignment=&#8221;default&#8221; phone_text_alignment=&#8221;default&#8221; background_color_opacity=&#8221;1&#8243; background_hover_color_opacity=&#8221;1&#8243; column_backdrop_filter=&#8221;none&#8221; column_shadow=&#8221;none&#8221; column_border_radius=&#8221;none&#8221; column_link_target=&#8221;_self&#8221; overflow=&#8221;visible&#8221; gradient_direction=&#8221;left_to_right&#8221; overlay_strength=&#8221;0.3&#8243; width=&#8221;1\/2&#8243; tablet_width_inherit=&#8221;default&#8221; animation_type=&#8221;default&#8221; bg_image_animation=&#8221;none&#8221; border_type=&#8221;simple&#8221; column_border_width=&#8221;none&#8221; column_border_style=&#8221;solid&#8221;][image_with_animation image_url=&#8221;64046&#8243; image_size=&#8221;full&#8221; animation_type=&#8221;entrance&#8221; animation=&#8221;None&#8221; animation_movement_type=&#8221;transform_y&#8221; hover_animation=&#8221;none&#8221; alignment=&#8221;&#8221; border_radius=&#8221;none&#8221; box_shadow=&#8221;none&#8221; image_loading=&#8221;default&#8221; max_width=&#8221;100%&#8221; max_width_mobile=&#8221;default&#8221;][\/vc_column_inner][vc_column_inner column_padding=&#8221;no-extra-padding&#8221; column_padding_tablet=&#8221;inherit&#8221; column_padding_phone=&#8221;inherit&#8221; column_padding_position=&#8221;all&#8221; column_element_direction_desktop=&#8221;default&#8221; column_element_spacing=&#8221;default&#8221; desktop_text_alignment=&#8221;default&#8221; tablet_text_alignment=&#8221;default&#8221; phone_text_alignment=&#8221;default&#8221; background_color_opacity=&#8221;1&#8243; background_hover_color_opacity=&#8221;1&#8243; column_backdrop_filter=&#8221;none&#8221; column_shadow=&#8221;none&#8221; column_border_radius=&#8221;none&#8221; column_link_target=&#8221;_self&#8221; overflow=&#8221;visible&#8221; gradient_direction=&#8221;left_to_right&#8221; overlay_strength=&#8221;0.3&#8243; width=&#8221;1\/2&#8243; tablet_width_inherit=&#8221;default&#8221; animation_type=&#8221;default&#8221; bg_image_animation=&#8221;none&#8221; border_type=&#8221;simple&#8221; column_border_width=&#8221;none&#8221; column_border_style=&#8221;solid&#8221;][image_with_animation image_url=&#8221;64050&#8243; image_size=&#8221;full&#8221; animation_type=&#8221;entrance&#8221; animation=&#8221;None&#8221; animation_movement_type=&#8221;transform_y&#8221; hover_animation=&#8221;none&#8221; alignment=&#8221;&#8221; border_radius=&#8221;none&#8221; box_shadow=&#8221;none&#8221; image_loading=&#8221;default&#8221; max_width=&#8221;100%&#8221; max_width_mobile=&#8221;default&#8221;][\/vc_column_inner][\/vc_row_inner][vc_column_text text_direction=&#8221;default&#8221;]Doskona\u0142o\u015b\u0107 to nasz priorytet \u2013 od precyzyjnego doboru materia\u0142\u00f3w po drobiazgowe kontrole jako\u015bci ka\u017cdego urz\u0105dzenia. Smilesonic buduje zaufanie klient\u00f3w poprzez nieustanne udoskonalanie produkt\u00f3w, tak by spe\u0142nia\u0142y najwy\u017csze oczekiwania.<\/p>\n<p>Odkryj mo\u017cliwo\u015bci, jakie daje technologia Smilesonic, i przekonaj si\u0119, jak mo\u017ce odmieni\u0107 Twoj\u0105 codzienn\u0105 higien\u0119 jamy ustnej. Smilesonic \u2013 dla u\u015bmiechu, kt\u00f3ry zas\u0142uguje na wszystko, co najlepsze.<\/p>\n<h3>Innowacja w piel\u0119gnacji jamy ustnej<\/h3>\n<p>Jeste\u015bmy przekonani, \u017ce nowoczesne technologie to fundament skutecznej piel\u0119gnacji jamy ustnej. Dlatego nieustannie doskonalimy nasze szczoteczki soniczne oraz irygatory, opieraj\u0105c ich dzia\u0142anie na najnowszych osi\u0105gni\u0119ciach nauki i techniki. Ka\u017cdy produkt powstaje w oparciu o szczeg\u00f3\u0142owe badania oraz testy, aby zapewni\u0107 u\u017cytkownikom maksymaln\u0105 efektywno\u015b\u0107 i niezawodno\u015b\u0107, kt\u00f3rym mo\u017cna zaufa\u0107.<\/p>\n<p>Podchodzimy kompleksowo do zdrowia jamy ustnej, bo wiemy, jak silny wp\u0142yw ma ono na og\u00f3lne samopoczucie i kondycj\u0119 organizmu. Nasze produkty nie tylko dbaj\u0105 o czysto\u015b\u0107 z\u0119b\u00f3w i dzi\u0105se\u0142, ale r\u00f3wnie\u017c poprawiaj\u0105 komfort codziennej piel\u0119gnacji. Dzi\u0119ki funkcjom, takim jak masa\u017c dzi\u0105se\u0142 w naszych szczoteczkach oraz irygatorach, wspieramy zdrowie tkanek i popraw\u0119 kr\u0105\u017cenia.<\/p>\n<p>Edukacja jest dla nas r\u00f3wnie wa\u017cna jak same produkty. Regularnie dzielimy si\u0119 wiedz\u0105 i praktycznymi wskaz\u00f3wkami dotycz\u0105cymi higieny jamy ustnej poprzez nasze kana\u0142y online i bezpo\u015bredni\u0105 komunikacj\u0119 z klientami. Wierzymy, \u017ce lepsza \u015bwiadomo\u015b\u0107 to lepsza troska o zdrowie, dlatego stawiamy na dost\u0119pno\u015b\u0107 informacji dla ka\u017cdego.<\/p>\n<p>Nasze urz\u0105dzenia s\u0105 zaprojektowane z my\u015bl\u0105 o prostocie i intuicyjno\u015bci, dzi\u0119ki czemu doskonale sprawdzaj\u0105 si\u0119 zar\u00f3wno w r\u0119kach profesjonalist\u00f3w, jak i w codziennym u\u017cytkowaniu w domu. Wiemy, jak wa\u017cne jest zaufanie naszych klient\u00f3w, dlatego z ogromnym zaanga\u017cowaniem udoskonalamy wykorzystywane technologie, by w pe\u0142ni sprosta\u0107 wci\u0105\u017c rosn\u0105cym wymaganiom i potrzebom.<\/p>\n<p>Z optymizmem patrzymy w przysz\u0142o\u015b\u0107, a nasz\u0105 misj\u0105 jest skuteczne odnajdywanie nowych \u015bcie\u017cek rozwoju. Jeste\u015bmy dumni, \u017ce Smilesonic jest mark\u0105, kt\u00f3ra nie tylko odpowiada na obecne potrzeby klient\u00f3w, ale r\u00f3wnie\u017c wyznacza najwy\u017csze standardy higieny jamy ustnej. Ka\u017cdy dzie\u0144 to dla nas szansa na stworzenie zdrowszego, pi\u0119kniejszego u\u015bmiechu.[\/vc_column_text][vc_row_inner column_margin=&#8221;default&#8221; column_direction=&#8221;default&#8221; column_direction_tablet=&#8221;default&#8221; column_direction_phone=&#8221;default&#8221; text_align=&#8221;left&#8221; row_position=&#8221;default&#8221; row_position_tablet=&#8221;inherit&#8221; row_position_phone=&#8221;inherit&#8221; overflow=&#8221;visible&#8221; pointer_events=&#8221;all&#8221;][vc_column_inner column_padding=&#8221;no-extra-padding&#8221; column_padding_tablet=&#8221;inherit&#8221; column_padding_phone=&#8221;inherit&#8221; column_padding_position=&#8221;all&#8221; column_element_direction_desktop=&#8221;default&#8221; column_element_spacing=&#8221;default&#8221; desktop_text_alignment=&#8221;default&#8221; tablet_text_alignment=&#8221;default&#8221; phone_text_alignment=&#8221;default&#8221; background_color_opacity=&#8221;1&#8243; background_hover_color_opacity=&#8221;1&#8243; column_backdrop_filter=&#8221;none&#8221; column_shadow=&#8221;none&#8221; column_border_radius=&#8221;none&#8221; column_link_target=&#8221;_self&#8221; overflow=&#8221;visible&#8221; gradient_direction=&#8221;left_to_right&#8221; overlay_strength=&#8221;0.3&#8243; width=&#8221;1\/2&#8243; tablet_width_inherit=&#8221;default&#8221; animation_type=&#8221;default&#8221; bg_image_animation=&#8221;none&#8221; border_type=&#8221;simple&#8221; column_border_width=&#8221;none&#8221; column_border_style=&#8221;solid&#8221;][image_with_animation image_url=&#8221;64054&#8243; image_size=&#8221;full&#8221; animation_type=&#8221;entrance&#8221; animation=&#8221;None&#8221; animation_movement_type=&#8221;transform_y&#8221; hover_animation=&#8221;none&#8221; alignment=&#8221;&#8221; border_radius=&#8221;none&#8221; box_shadow=&#8221;none&#8221; image_loading=&#8221;default&#8221; max_width=&#8221;100%&#8221; max_width_mobile=&#8221;default&#8221;][\/vc_column_inner][vc_column_inner column_padding=&#8221;no-extra-padding&#8221; column_padding_tablet=&#8221;inherit&#8221; column_padding_phone=&#8221;inherit&#8221; column_padding_position=&#8221;all&#8221; column_element_direction_desktop=&#8221;default&#8221; column_element_spacing=&#8221;default&#8221; desktop_text_alignment=&#8221;default&#8221; tablet_text_alignment=&#8221;default&#8221; phone_text_alignment=&#8221;default&#8221; background_color_opacity=&#8221;1&#8243; background_hover_color_opacity=&#8221;1&#8243; column_backdrop_filter=&#8221;none&#8221; column_shadow=&#8221;none&#8221; column_border_radius=&#8221;none&#8221; column_link_target=&#8221;_self&#8221; overflow=&#8221;visible&#8221; gradient_direction=&#8221;left_to_right&#8221; overlay_strength=&#8221;0.3&#8243; width=&#8221;1\/2&#8243; tablet_width_inherit=&#8221;default&#8221; animation_type=&#8221;default&#8221; bg_image_animation=&#8221;none&#8221; border_type=&#8221;simple&#8221; column_border_width=&#8221;none&#8221; column_border_style=&#8221;solid&#8221;][image_with_animation image_url=&#8221;64058&#8243; image_size=&#8221;full&#8221; animation_type=&#8221;entrance&#8221; animation=&#8221;None&#8221; animation_movement_type=&#8221;transform_y&#8221; hover_animation=&#8221;none&#8221; alignment=&#8221;&#8221; border_radius=&#8221;none&#8221; box_shadow=&#8221;none&#8221; image_loading=&#8221;default&#8221; max_width=&#8221;100%&#8221; max_width_mobile=&#8221;default&#8221;][\/vc_column_inner][\/vc_row_inner][vc_column_text text_direction=&#8221;default&#8221;]\n<h3>Szczoteczki soniczne, irygatory i znacznie wi\u0119cej<\/h3>\n<p>Oferujemy bogaty asortyment produkt\u00f3w, stworzonych z my\u015bl\u0105 o kompleksowej piel\u0119gnacji jamy ustnej. Nasze szczoteczki soniczne, wyposa\u017cone w nowoczesne technologie wibracyjne, skutecznie eliminuj\u0105 p\u0142ytk\u0119 naz\u0119bn\u0105, jednocze\u015bnie dbaj\u0105c o delikatno\u015b\u0107 wobec dzi\u0105se\u0142. Irygatory dentystyczne Smilesonic to doskona\u0142e uzupe\u0142nienie codziennej higieny, poniewa\u017c ich niezwykle precyzyjne strumienie wody docieraj\u0105 do trudno dost\u0119pnych miejsc, zapewniaj\u0105c dok\u0142adne oczyszczanie. Szeroki wyb\u00f3r wymiennych g\u0142\u00f3wek do szczoteczek gwarantuje idealne dopasowanie i 100% zadowolenia u\u017cytkownik\u00f3w.<\/p>\n<p>Ka\u017cdy z produkt\u00f3w Smilesonic \u2013 od szczoteczek, przez wymienne ko\u0144c\u00f3wki, a\u017c po akcesoria i pasty do z\u0119b\u00f3w \u2013 powstaje w \u015bcis\u0142ej wsp\u00f3\u0142pracy z ekspertami z bran\u017cy dentystycznej. Dbamy o to, aby nasze rozwi\u0105zania by\u0142y nie tylko skuteczne, ale tak\u017ce \u0142atwe w u\u017cyciu i eleganckie, dzi\u0119ki czemu doskonale wpisuj\u0105 si\u0119 w ka\u017cd\u0105 przestrze\u0144 \u0142azienkow\u0105.<\/p>\n<p>Podczas rozwijania naszej oferty zawsze ws\u0142uchujemy si\u0119 w potrzeby naszych klient\u00f3w. Ich opinie i sugestie s\u0105 dla nas cennym \u017ar\u00f3d\u0142em inspiracji, pomagaj\u0105cym w tworzeniu produkt\u00f3w jeszcze lepiej dostosowanych do ich oczekiwa\u0144. Smilesonic to zdecydowanie co\u015b wi\u0119cej ni\u017c zwyk\u0142e urz\u0105dzenia \u2013 to wszechstronne rozwi\u0105zania, kt\u00f3re odpowiadaj\u0105 na zr\u00f3\u017cnicowane potrzeby u\u017cytkownik\u00f3w i sprawiaj\u0105, \u017ce codzienna higiena jamy ustnej staje si\u0119 \u0142atwiejsza i bardziej efektywna.<\/p>\n<p>Naszym priorytetem jest budowanie trwa\u0142ych relacji z klientami. Przez otwart\u0105 komunikacj\u0119, profesjonaln\u0105 obs\u0142ug\u0119 i wsparcie po zakupie, tworzymy spo\u0142eczno\u015b\u0107 os\u00f3b, kt\u00f3re ufaj\u0105 naszej marce i czuj\u0105 si\u0119 nieod\u0142\u0105czn\u0105 cz\u0119\u015bci\u0105 teamu Smilesonic.[\/vc_column_text][vc_row_inner column_margin=&#8221;default&#8221; column_direction=&#8221;default&#8221; column_direction_tablet=&#8221;default&#8221; column_direction_phone=&#8221;default&#8221; text_align=&#8221;left&#8221; row_position=&#8221;default&#8221; row_position_tablet=&#8221;inherit&#8221; row_position_phone=&#8221;inherit&#8221; overflow=&#8221;visible&#8221; pointer_events=&#8221;all&#8221;][vc_column_inner column_padding=&#8221;no-extra-padding&#8221; column_padding_tablet=&#8221;inherit&#8221; column_padding_phone=&#8221;inherit&#8221; column_padding_position=&#8221;all&#8221; column_element_direction_desktop=&#8221;default&#8221; column_element_spacing=&#8221;default&#8221; desktop_text_alignment=&#8221;default&#8221; tablet_text_alignment=&#8221;default&#8221; phone_text_alignment=&#8221;default&#8221; background_color_opacity=&#8221;1&#8243; background_hover_color_opacity=&#8221;1&#8243; column_backdrop_filter=&#8221;none&#8221; column_shadow=&#8221;none&#8221; column_border_radius=&#8221;none&#8221; column_link_target=&#8221;_self&#8221; overflow=&#8221;visible&#8221; gradient_direction=&#8221;left_to_right&#8221; overlay_strength=&#8221;0.3&#8243; width=&#8221;1\/2&#8243; tablet_width_inherit=&#8221;default&#8221; animation_type=&#8221;default&#8221; bg_image_animation=&#8221;none&#8221; border_type=&#8221;simple&#8221; column_border_width=&#8221;none&#8221; column_border_style=&#8221;solid&#8221;][image_with_animation image_url=&#8221;64062&#8243; image_size=&#8221;full&#8221; animation_type=&#8221;entrance&#8221; animation=&#8221;None&#8221; animation_movement_type=&#8221;transform_y&#8221; hover_animation=&#8221;none&#8221; alignment=&#8221;&#8221; border_radius=&#8221;none&#8221; box_shadow=&#8221;none&#8221; image_loading=&#8221;default&#8221; max_width=&#8221;100%&#8221; max_width_mobile=&#8221;default&#8221;][\/vc_column_inner][vc_column_inner column_padding=&#8221;no-extra-padding&#8221; column_padding_tablet=&#8221;inherit&#8221; column_padding_phone=&#8221;inherit&#8221; column_padding_position=&#8221;all&#8221; column_element_direction_desktop=&#8221;default&#8221; column_element_spacing=&#8221;default&#8221; desktop_text_alignment=&#8221;default&#8221; tablet_text_alignment=&#8221;default&#8221; phone_text_alignment=&#8221;default&#8221; background_color_opacity=&#8221;1&#8243; background_hover_color_opacity=&#8221;1&#8243; column_backdrop_filter=&#8221;none&#8221; column_shadow=&#8221;none&#8221; column_border_radius=&#8221;none&#8221; column_link_target=&#8221;_self&#8221; overflow=&#8221;visible&#8221; gradient_direction=&#8221;left_to_right&#8221; overlay_strength=&#8221;0.3&#8243; width=&#8221;1\/2&#8243; tablet_width_inherit=&#8221;default&#8221; animation_type=&#8221;default&#8221; bg_image_animation=&#8221;none&#8221; border_type=&#8221;simple&#8221; column_border_width=&#8221;none&#8221; column_border_style=&#8221;solid&#8221;][image_with_animation image_url=&#8221;64066&#8243; image_size=&#8221;full&#8221; animation_type=&#8221;entrance&#8221; animation=&#8221;None&#8221; animation_movement_type=&#8221;transform_y&#8221; hover_animation=&#8221;none&#8221; alignment=&#8221;&#8221; border_radius=&#8221;none&#8221; box_shadow=&#8221;none&#8221; image_loading=&#8221;default&#8221; max_width=&#8221;100%&#8221; max_width_mobile=&#8221;default&#8221;][\/vc_column_inner][\/vc_row_inner][vc_column_text text_direction=&#8221;default&#8221;]\n<h3>Dbamy o zdrowe nawyki w codziennym \u017cyciu<\/h3>\n<p>Dla Smilesonic pi\u0119kny u\u015bmiech to co\u015b wi\u0119cej ni\u017c estetyka \u2013 to oznaka zdrowia i dobrego samopoczucia. Wierzymy, \u017ce klucz do zmiany codziennych nawyk\u00f3w le\u017cy przede wszystkim w \u015bwiadomo\u015bci oraz edukacji. Dlatego z zaanga\u017cowaniem dzielimy si\u0119 wiedz\u0105, kt\u00f3ra pomaga naszym klientom zrozumie\u0107, jak zdrowie jamy ustnej wp\u0142ywa na og\u00f3ln\u0105 kondycj\u0119 organizmu.<\/p>\n<p>Za po\u015brednictwem naszej strony internetowej, bloga, a tak\u017ce medi\u00f3w spo\u0142eczno\u015bciowych, promujemy nowoczesne podej\u015bcie do szeroko poj\u0119tej higieny jamy ustnej. Zale\u017cy nam, aby codzienna piel\u0119gnacja sta\u0142a si\u0119 dla ka\u017cdego nie tylko rutyn\u0105, ale r\u00f3wnie\u017c sprawiaj\u0105cym przyjemno\u015b\u0107 rytua\u0142em.<\/p>\n<p>Jeste\u015bmy liderem w propagowaniu wielowymiarowego podej\u015bcia do dbania o z\u0119by i dzi\u0105s\u0142a. Nasza filozofia wykracza poza skupianie si\u0119 na bieli u\u015bmiechu, bowiem stawiamy na ca\u0142o\u015bciow\u0105 kondycj\u0119 jamy ustnej. To w\u0142a\u015bnie ona stanowi fundament og\u00f3lnego stanu zdrowia.<\/p>\n<p>Smilesonic aktywnie przeciwdzia\u0142a popularnym mitom zwi\u0105zanym z higien\u0105 jamy ustnej, edukuj\u0105c o znaczeniu delikatnego, a zarazem skutecznego czyszczenia, ochronie przed chorobami dzi\u0105se\u0142 oraz wp\u0142ywie diety na stan z\u0119b\u00f3w. Nasze produkty s\u0105 zaprojektowane tak, aby wspiera\u0107 zdrowe nawyki i u\u0142atwia\u0107 ich wprowadzenie do codziennego \u017cycia.<\/p>\n<p>Jeste\u015bmy przekonani, \u017ce ka\u017cdy zas\u0142uguje na dost\u0119p do rzetelnej wiedzy oraz profesjonalnych narz\u0119dzi, kt\u00f3re pomagaj\u0105 odpowiednio zatroszczy\u0107 si\u0119 o zdrowie jamy ustnej. Naszym g\u0142\u00f3wnym celem jest zmiana my\u015blenia o higienie. Niech z przykrego obowi\u0105zku stanie si\u0119 poprawiaj\u0105cym jako\u015b\u0107 \u017cycia \u015bwiadomym wyborem! Zapraszamy do wsp\u00f3lnego odkrywania najlepszych metod oraz produkt\u00f3w, kt\u00f3re zrewolucjonizuj\u0105 codzienne nawyki higieniczne nie tylko dzi\u015b, ale i w dalekiej przysz\u0142o\u015bci.[\/vc_column_text][\/vc_column][\/vc_row]\n","protected":false},"excerpt":{"rendered":"<p>[vc_row type=&#8221;in_container&#8221; full_screen_row_position=&#8221;middle&#8221; column_margin=&#8221;default&#8221; column_direction=&#8221;default&#8221; column_direction_tablet=&#8221;default&#8221; column_direction_phone=&#8221;default&#8221; scene_position=&#8221;center&#8221; text_color=&#8221;dark&#8221; text_align=&#8221;left&#8221; row_border_radius=&#8221;none&#8221; row_border_radius_applies=&#8221;bg&#8221; overflow=&#8221;visible&#8221; overlay_strength=&#8221;0.3&#8243; gradient_direction=&#8221;left_to_right&#8221; shape_divider_position=&#8221;bottom&#8221; bg_image_animation=&#8221;none&#8221;][vc_column column_padding=&#8221;no-extra-padding&#8221; column_padding_tablet=&#8221;inherit&#8221; column_padding_phone=&#8221;inherit&#8221; column_padding_position=&#8221;all&#8221; column_element_direction_desktop=&#8221;default&#8221; column_element_spacing=&#8221;default&#8221; desktop_text_alignment=&#8221;default&#8221; tablet_text_alignment=&#8221;default&#8221;&#8230;<\/p>\n","protected":false},"author":1,"featured_media":0,"parent":0,"menu_order":0,"comment_status":"closed","ping_status":"closed","template":"","meta":{"_acf_changed":false,"footnotes":""},"class_list":["post-64045","page","type-page","status-publish"],"acf":[],"_links":{"self":[{"href":"https:\/\/smilesonic.com\/pl\/wp-json\/wp\/v2\/pages\/64045","targetHints":{"allow":["GET"]}}],"collection":[{"href":"https:\/\/smilesonic.com\/pl\/wp-json\/wp\/v2\/pages"}],"about":[{"href":"https:\/\/smilesonic.com\/pl\/wp-json\/wp\/v2\/types\/page"}],"author":[{"embeddable":true,"href":"https:\/\/smilesonic.com\/pl\/wp-json\/wp\/v2\/users\/1"}],"replies":[{"embeddable":true,"href":"https:\/\/smilesonic.com\/pl\/wp-json\/wp\/v2\/comments?post=64045"}],"version-history":[{"count":2,"href":"https:\/\/smilesonic.com\/pl\/wp-json\/wp\/v2\/pages\/64045\/revisions"}],"predecessor-version":[{"id":64071,"href":"https:\/\/smilesonic.com\/pl\/wp-json\/wp\/v2\/pages\/64045\/revisions\/64071"}],"wp:attachment":[{"href":"https:\/\/smilesonic.com\/pl\/wp-json\/wp\/v2\/media?parent=64045"}],"curies":[{"name":"wp","href":"https:\/\/api.w.org\/{rel}","templated":true}]}}