{"id":48080,"date":"2024-02-22T10:33:37","date_gmt":"2024-02-22T09:33:37","guid":{"rendered":"https:\/\/smilesonic.com\/?page_id=48080"},"modified":"2024-02-22T11:00:29","modified_gmt":"2024-02-22T10:00:29","slug":"zwroty","status":"publish","type":"page","link":"https:\/\/smilesonic.com\/pl\/zwroty\/","title":{"rendered":"Zwroty"},"content":{"rendered":"[vc_row type=&#8221;in_container&#8221; full_screen_row_position=&#8221;middle&#8221; column_margin=&#8221;default&#8221; column_direction=&#8221;default&#8221; column_direction_tablet=&#8221;default&#8221; column_direction_phone=&#8221;default&#8221; scene_position=&#8221;center&#8221; text_color=&#8221;dark&#8221; text_align=&#8221;left&#8221; row_border_radius=&#8221;none&#8221; row_border_radius_applies=&#8221;bg&#8221; overlay_strength=&#8221;0.3&#8243; gradient_direction=&#8221;left_to_right&#8221; shape_divider_position=&#8221;bottom&#8221; bg_image_animation=&#8221;none&#8221;][vc_column column_padding=&#8221;no-extra-padding&#8221; column_padding_tablet=&#8221;inherit&#8221; column_padding_phone=&#8221;inherit&#8221; column_padding_position=&#8221;all&#8221; background_color_opacity=&#8221;1&#8243; background_hover_color_opacity=&#8221;1&#8243; column_shadow=&#8221;none&#8221; column_border_radius=&#8221;none&#8221; column_link_target=&#8221;_self&#8221; gradient_direction=&#8221;left_to_right&#8221; overlay_strength=&#8221;0.3&#8243; width=&#8221;1\/1&#8243; tablet_width_inherit=&#8221;default&#8221; tablet_text_alignment=&#8221;default&#8221; phone_text_alignment=&#8221;default&#8221; column_border_width=&#8221;none&#8221; column_border_style=&#8221;solid&#8221; bg_image_animation=&#8221;none&#8221;][vc_column_text]Zgodnie z przepisami masz 14 dni na odst\u0105pienie od zakupu licz\u0105c od momentu otrzymania towaru.<br \/>\nNie musisz podawa\u0107 powodu zwrotu (odst\u0105pienia).<\/p>\n<p>Wype\u0142nij <a href=\"https:\/\/smilesonic.com\/wp-content\/uploads\/2024\/02\/formularz-zwrotu.pdf\" target=\"_blank\" rel=\"noopener\">FORMULARZ<\/a> i wy\u015blij go ze zwracanym produktem oraz orygina\u0142em paragonu (lub faktury) na adres:<\/p>\n<p>Smilesonic Sp. z o.o.<br \/>\nul. \u0141ukasi\u0144skiego 110<br \/>\n71-215 Szczecin<\/p>\n<ul>\n<li>WA\u017bNE INFORMACJE:<br \/>\nWi\u0119kszo\u015b\u0107 naszego asortymentu to \u015brodki i urz\u0105dzenia s\u0142u\u017c\u0105ce do higieny osobistej. Przyjmujemy zwroty produkt\u00f3w pod warunkiem, \u017ce nie naruszono oryginalnego opakowania zabezpieczaj\u0105cego.<\/li>\n<li>Zgodnie z prawem zwrotowi nie podlegaj\u0105 produkty, kt\u00f3re s\u0105 dostarczane w zapiecz\u0119towanym opakowaniu, je\u017celi opakowanie zosta\u0142o otwarte. Nie mo\u017cna zwr\u00f3ci\u0107 ich ze wzgl\u0119du na ochron\u0119 zdrowia lub ze wzgl\u0119d\u00f3w higienicznych, je\u017celi opakowanie zosta\u0142o otwarte po dostarczeniu.<\/li>\n<li>Prawo do zwrotu przys\u0142uguje wy\u0142\u0105cznie Konsumentom. Zgodnie z prawem, mo\u017cliwo\u015b\u0107 zwrotu nie przys\u0142uguje podmiotom prawnym i osobom prowadz\u0105cym dzia\u0142alno\u015b\u0107 gospodarcz\u0105, je\u017celi produkt zosta\u0142 zakupiony na potrzeby firmy.<\/li>\n<li>Prosimy o do\u0142\u0105czenie orygina\u0142u dowodu zakupu.<\/li>\n<li>Termin zwrotu p\u0142atno\u015bci wynosi od 1 do 14 dni od daty otrzymania zwrotu.<\/li>\n<li>Nie odbieramy zwrot\u00f3w oraz przesy\u0142ek wysy\u0142anych &#8222;za pobraniem&#8221;.<\/li>\n<li>Zwrotu dokonuje si\u0119 na w\u0142asny koszt, kt\u00f3ry nie podlega zwrotowi.<\/li>\n<\/ul>\n[\/vc_column_text][\/vc_column][\/vc_row]\n","protected":false},"excerpt":{"rendered":"<p>[vc_row type=&#8221;in_container&#8221; full_screen_row_position=&#8221;middle&#8221; column_margin=&#8221;default&#8221; column_direction=&#8221;default&#8221; column_direction_tablet=&#8221;default&#8221; column_direction_phone=&#8221;default&#8221; scene_position=&#8221;center&#8221; text_color=&#8221;dark&#8221; text_align=&#8221;left&#8221; row_border_radius=&#8221;none&#8221; row_border_radius_applies=&#8221;bg&#8221; overlay_strength=&#8221;0.3&#8243; gradient_direction=&#8221;left_to_right&#8221; shape_divider_position=&#8221;bottom&#8221; bg_image_animation=&#8221;none&#8221;][vc_column column_padding=&#8221;no-extra-padding&#8221; column_padding_tablet=&#8221;inherit&#8221; column_padding_phone=&#8221;inherit&#8221; column_padding_position=&#8221;all&#8221; background_color_opacity=&#8221;1&#8243; background_hover_color_opacity=&#8221;1&#8243; column_shadow=&#8221;none&#8221; column_border_radius=&#8221;none&#8221; column_link_target=&#8221;_self&#8221;&#8230;<\/p>\n","protected":false},"author":1,"featured_media":0,"parent":0,"menu_order":0,"comment_status":"closed","ping_status":"closed","template":"","meta":{"_acf_changed":false,"footnotes":""},"class_list":["post-48080","page","type-page","status-publish"],"acf":[],"_links":{"self":[{"href":"https:\/\/smilesonic.com\/pl\/wp-json\/wp\/v2\/pages\/48080","targetHints":{"allow":["GET"]}}],"collection":[{"href":"https:\/\/smilesonic.com\/pl\/wp-json\/wp\/v2\/pages"}],"about":[{"href":"https:\/\/smilesonic.com\/pl\/wp-json\/wp\/v2\/types\/page"}],"author":[{"embeddable":true,"href":"https:\/\/smilesonic.com\/pl\/wp-json\/wp\/v2\/users\/1"}],"replies":[{"embeddable":true,"href":"https:\/\/smilesonic.com\/pl\/wp-json\/wp\/v2\/comments?post=48080"}],"version-history":[{"count":7,"href":"https:\/\/smilesonic.com\/pl\/wp-json\/wp\/v2\/pages\/48080\/revisions"}],"predecessor-version":[{"id":48095,"href":"https:\/\/smilesonic.com\/pl\/wp-json\/wp\/v2\/pages\/48080\/revisions\/48095"}],"wp:attachment":[{"href":"https:\/\/smilesonic.com\/pl\/wp-json\/wp\/v2\/media?parent=48080"}],"curies":[{"name":"wp","href":"https:\/\/api.w.org\/{rel}","templated":true}]}}