{"id":363,"date":"2016-07-28T23:06:21","date_gmt":"2016-07-28T23:06:21","guid":{"rendered":"http:\/\/themenectar.com\/demo\/salient-app\/?page_id=363"},"modified":"2026-01-08T14:15:55","modified_gmt":"2026-01-08T13:15:55","slug":"faq","status":"publish","type":"page","link":"https:\/\/smilesonic.com\/pl\/faq\/","title":{"rendered":"FAQ"},"content":{"rendered":"[vc_row type=&#8221;full_width_background&#8221; full_screen_row_position=&#8221;middle&#8221; column_margin=&#8221;default&#8221; column_direction=&#8221;default&#8221; column_direction_tablet=&#8221;default&#8221; column_direction_phone=&#8221;default&#8221; scene_position=&#8221;center&#8221; text_color=&#8221;dark&#8221; text_align=&#8221;left&#8221; row_border_radius=&#8221;none&#8221; row_border_radius_applies=&#8221;bg&#8221; overlay_strength=&#8221;0.3&#8243; gradient_direction=&#8221;left_to_right&#8221; shape_divider_position=&#8221;bottom&#8221; bg_image_animation=&#8221;none&#8221; shape_type=&#8221;&#8221;][vc_column column_padding=&#8221;no-extra-padding&#8221; column_padding_tablet=&#8221;inherit&#8221; column_padding_phone=&#8221;inherit&#8221; column_padding_position=&#8221;all&#8221; background_color_opacity=&#8221;1&#8243; background_hover_color_opacity=&#8221;1&#8243; column_shadow=&#8221;none&#8221; column_border_radius=&#8221;none&#8221; column_link_target=&#8221;_self&#8221; gradient_direction=&#8221;left_to_right&#8221; overlay_strength=&#8221;0.3&#8243; width=&#8221;1\/1&#8243; tablet_width_inherit=&#8221;default&#8221; tablet_text_alignment=&#8221;default&#8221; phone_text_alignment=&#8221;default&#8221; column_border_width=&#8221;none&#8221; column_border_style=&#8221;solid&#8221; bg_image_animation=&#8221;none&#8221;][vc_column_text css=&#8221;.vc_custom_1612273162238{padding-bottom: 45px !important;}&#8221;]\n<h1 style=\"font-weight: 300;\">Najcz\u0119\u015bciej zadawane pytania<\/h1>\n[\/vc_column_text][\/vc_column][\/vc_row][vc_row type=&#8221;full_width_background&#8221; full_screen_row_position=&#8221;middle&#8221; column_margin=&#8221;default&#8221; column_direction=&#8221;default&#8221; column_direction_tablet=&#8221;default&#8221; column_direction_phone=&#8221;default&#8221; bg_color=&#8221;#f7f7f7&#8243; scene_position=&#8221;center&#8221; top_padding=&#8221;100&#8243; bottom_padding=&#8221;100&#8243; text_color=&#8221;dark&#8221; text_align=&#8221;left&#8221; row_border_radius=&#8221;none&#8221; row_border_radius_applies=&#8221;bg&#8221; overlay_strength=&#8221;0.3&#8243; gradient_direction=&#8221;left_to_right&#8221; shape_divider_position=&#8221;bottom&#8221; bg_image_animation=&#8221;none&#8221;][vc_column column_padding=&#8221;no-extra-padding&#8221; column_padding_tablet=&#8221;inherit&#8221; column_padding_phone=&#8221;inherit&#8221; column_padding_position=&#8221;all&#8221; background_color_opacity=&#8221;1&#8243; background_hover_color_opacity=&#8221;1&#8243; column_shadow=&#8221;none&#8221; column_border_radius=&#8221;none&#8221; column_link_target=&#8221;_self&#8221; gradient_direction=&#8221;left_to_right&#8221; overlay_strength=&#8221;0.3&#8243; width=&#8221;1\/1&#8243; tablet_width_inherit=&#8221;default&#8221; tablet_text_alignment=&#8221;default&#8221; phone_text_alignment=&#8221;default&#8221; column_border_width=&#8221;none&#8221; column_border_style=&#8221;solid&#8221; bg_image_animation=&#8221;none&#8221;][vc_column_text]\n<h2>Wyb\u00f3r szczoteczki<\/h2>\n[\/vc_column_text][toggles style=&#8221;minimal&#8221;][toggle color=&#8221;Default&#8221; title=&#8221;Jak wybra\u0107 szczoteczk\u0119 soniczn\u0105?&#8221;][vc_column_text]Przede wszystkim szczoteczk\u0119 soniczn\u0105 powinni\u015bmy dobra\u0107 odpowiednio do indywidualnych potrzeb. Wyb\u00f3r ten powinien by\u0107 zatem poprzedzony analiz\u0105 stanu w\u0142asnej jamy ustnej i refleksj\u0105, jakie efekty poprzez u\u017cytkowanie urz\u0105dzenia chcieliby\u015bmy osi\u0105gn\u0105\u0107.<\/p>\n<p>Pierwsze, na co powinni\u015bmy zwr\u00f3ci\u0107 uwag\u0119 to fakt, czy nie mamy problemu z nadwra\u017cliwo\u015bci\u0105, stanami zapalnymi dzi\u0105se\u0142, wzmo\u017conym odk\u0142adaniem si\u0119 pr\u00f3chnicy czy te\u017c innymi chorobami jamy ustnej. Dzi\u0119ki odpowiedzi na te pytania znacznie u\u0142atwimy sobie zadanie podj\u0119cia w\u0142a\u015bciwej decyzji.<\/p>\n<p>Dokonuj\u0105c wyboru produktu nale\u017cy te\u017c zwr\u00f3ci\u0107 uwag\u0119 na jego parametry, czyli szybko\u015b\u0107 pracy, dost\u0119pne tryby, funkcje, udogodnienia, oraz wytrzyma\u0142o\u015b\u0107 akumulatora. Wszystkie te opcje znacznie usprawniaj\u0105 codzienn\u0105 higien\u0119 jamy ustnej, czyni\u0105c j\u0105 jeszcze bardziej skuteczn\u0105 i komfortow\u0105.<\/p>\n<p>Dla przyk\u0142adu osoby, kt\u00f3re posiadaj\u0105 problem wzmo\u017conego odk\u0142adania si\u0119 p\u0142ytki naz\u0119bnej czy te\u017c uporczywego wyst\u0119powania przebarwie\u0144, powinny poszukiwa\u0107 urz\u0105dzenia posiadaj\u0105cego stosowne tryby pracy oraz takiego, kt\u00f3rego drgania soniczne oscyluj\u0105 mi\u0119dzy 80\u00a0000 a 96\u00a0000 drga\u0144 na minut\u0119. U\u017cytkownicy z wszelkimi nadwra\u017cliwo\u015bciami czy te\u017c stanami zapalnymi, powinny za\u015b zwr\u00f3ci\u0107 szczeg\u00f3ln\u0105 uwag\u0119 na produkty oferuj\u0105ce tryby s\u0142u\u017c\u0105ce do delikatnego obmywania jamy ustnej i masa\u017cu dzi\u0105se\u0142.<\/p>\n<p>W przypadku, gdy poszukujemy szczoteczki sonicznej dla kilku os\u00f3b, warto wybra\u0107 model udost\u0119pniaj\u0105cy wiele funkcji i tryb\u00f3w pracy.[\/vc_column_text][\/toggle][toggle color=&#8221;Default&#8221; title=&#8221;Szczoteczka soniczna czy elektryczna?&#8221;][vc_column_text]Wszystko zale\u017cy od naszych indywidualnych preferencji. Nale\u017cy pami\u0119ta\u0107, \u017ce dzisiejsze zaawansowane szczoteczki elektryczne (zw\u0142aszcza modele wykorzystuj\u0105ce technologi\u0119 3D) niewiele r\u00f3\u017cni\u0105 si\u0119 w swojej skuteczno\u015bci dzia\u0142ania od szczoteczek sonicznych. Obecnie jedyne r\u00f3\u017cnice pomi\u0119dzy oboma typami urz\u0105dze\u0144 sprowadzaj\u0105 si\u0119 do rodzaju g\u0142\u00f3wki czyszcz\u0105cej, sposobu jej pracy, oraz maksymalnej pr\u0119dko\u015bci, jak\u0105 mo\u017ce ona osi\u0105gn\u0105\u0107.<\/p>\n<p>Szczoteczki elektryczne w wersji standardowej posiadaj\u0105 okr\u0105g\u0142\u0105 g\u0142\u00f3wk\u0119 i s\u0105 w stanie wykonywa\u0107 ruchy obrotowe z maksymaln\u0105 pr\u0119dko\u015bci\u0105 8800 na minut\u0119, a tak\u017ce ruchy pulsacyjne z szybko\u015bci\u0105 40\u00a0000 na minut\u0119. Usuwanie osadu, p\u0142ytki naz\u0119bnej, oraz przebarwie\u0144 odbywa si\u0119 za ich spraw\u0105 w spos\u00f3b mechaniczny, znacznie skuteczniej ni\u017c przy pomocy szczoteczek manualnych.<\/p>\n<p>Szczoteczki soniczne posiadaj\u0105 za\u015b pod\u0142u\u017cn\u0105 g\u0142\u00f3wk\u0119, przypominaj\u0105c\u0105 t\u0119 znan\u0105 nam ze szczoteczek tradycyjnych. Do oczyszczania z\u0119b\u00f3w u\u017cywaj\u0105 ultrad\u017awi\u0119k\u00f3w, kt\u00f3re s\u0105 w stanie emitowa\u0107 z cz\u0119stotliwo\u015bci\u0105 nawet 96\u00a0000 drga\u0144 na minut\u0119. Pracuj\u0105 z wykorzystaniem pasty do z\u0119b\u00f3w oraz naszej \u015bliny, za spraw\u0105 kt\u00f3rej dochodzi w jamie ustnej do powstania mikrob\u0105belk\u00f3w skutecznie eliminuj\u0105cych bakterie. Szczoteczki soniczne poruszaj\u0105 si\u0119 z zalecanymi przez stomatolog\u00f3w ruchami wymiataj\u0105cymi (wykonuj\u0105 nawet <strong>48\u00a0000<\/strong> takich ruch\u00f3w na minut\u0119).<\/p>\n<p>Szczoteczki soniczne poprzez zastosowan\u0105 technologi\u0119 s\u0105 zazwyczaj nieco dro\u017csze ni\u017c szczoteczek elektryczne, jednak nie stanowi to regu\u0142y. Najbardziej zaawansowane urz\u0105dzenia rotacyjne marki Oral-B dor\u00f3wnuj\u0105 bowiem swoj\u0105 cen\u0105 najdro\u017cszym szczoteczkom sonicznym.<\/p>\n<p>Trudno jednoznacznie wyrokowa\u0107, kt\u00f3ry produkt b\u0119dzie dla nas lepszy. Zar\u00f3wno szczoteczka elektryczna jak i soniczna s\u0105 w stanie kompleksowo oczy\u015bci\u0107 jam\u0119 ustn\u0105 z bakterii, znacznie poprawiaj\u0105c kondycj\u0119 z\u0119b\u00f3w i dzi\u0105se\u0142. Dokonuj\u0105c wyboru szczoteczki powinni\u015bmy zastanowi\u0107 si\u0119, kt\u00f3ry ze sposob\u00f3w pracy bardziej nam odpowiada, a tak\u017ce kt\u00f3re urz\u0105dzenie posiada w\u0142osie przyja\u017aniejsze dla naszej jamy ustnej.[\/vc_column_text][\/toggle][toggle color=&#8221;Default&#8221; title=&#8221;Dla kogo jest szczoteczka soniczna? Kto mo\u017ce korzysta\u0107 ze szczoteczki sonicznej?&#8221;][vc_column_text]Szczoteczki soniczne dzia\u0142aj\u0105 bezinwazyjnie i w pe\u0142ni bezpiecznie, dzi\u0119ki czemu mog\u0105 z nich korzysta\u0107 w\u0142a\u015bciwie wszyscy, w tym zar\u00f3wno dzieci (te, kt\u00f3re uko\u0144czy\u0142y trzeci rok \u017cycia), jak i osoby starsze oraz u\u017cytkownicy aparat\u00f3w ortodontycznych, most\u00f3w, czy protez. Nic nie stoi r\u00f3wnie\u017c na przeszkodzie, by urz\u0105dzenia soniczne u\u017cytkowa\u0142y osoby posiadaj\u0105ce wszelkiego rodzaju nadwra\u017cliwo\u015bci dzi\u0105se\u0142 oraz braki w uz\u0119bieniu.<\/p>\n<p>Specjali\u015bci s\u0105 zgodni, \u017ce szczoteczki soniczne to obecnie najskuteczniejsze produkty s\u0142u\u017c\u0105ce do codziennej piel\u0119gnacji jamy ustnej. I najbezpieczniejsze. Wszystko dlatego, \u017ce zosta\u0142y zaprojektowane tak, aby zadba\u0107 o ka\u017cd\u0105 grup\u0119 os\u00f3b.<\/p>\n<p>Przyk\u0142adowo szczoteczki soniczne w wersji dla dzieci wyposa\u017cono w ko\u0144c\u00f3wki z delikatniejszym w\u0142osiem, zapewniaj\u0105cym skuteczne oczyszczenie mleczak\u00f3w i popraw\u0119 ukrwienia wra\u017cliwych dzi\u0105se\u0142 najm\u0142odszych. Produkty dedykowane u\u017cytkownikom aparat\u00f3w ortodontycznych, most\u00f3w, czy protez, posiadaj\u0105 za\u015b ko\u0144c\u00f3wki o d\u0142u\u017cszym w\u0142osiu, dzi\u0119ki kt\u00f3remu szczoteczka efektywnie obmywa z bakterii elementy wype\u0142nie\u0144 protetycznych, gwarantuj\u0105c nam w newralgicznych miejscach kompleksow\u0105 ochron\u0119 przed codziennymi nalotami.<\/p>\n<p>Rynek oferuje wiele zr\u00f3\u017cnicowanych ko\u0144c\u00f3wek do urz\u0105dze\u0144 sonicznych, kt\u00f3re s\u0105 dedykowane specjalnie dla wybranych grup os\u00f3b, dzi\u0119ki czemu szczoteczki soniczne mo\u017cna poleci\u0107 wszystkim, kt\u00f3rzy marz\u0105 o zdrowym i pi\u0119knym u\u015bmiechu.[\/vc_column_text][\/toggle][toggle color=&#8221;Default&#8221; title=&#8221;Jaka szczoteczka soniczna dla dziecka?&#8221;][vc_column_text]Rynek oferuje dzi\u015b wiele szczoteczek sonicznych przeznaczonych specjalnie dla najm\u0142odszych. Charakteryzuj\u0105 si\u0119 one mniejsz\u0105 liczb\u0105 drga\u0144 na minut\u0119, delikatniejszym w\u0142osiem oraz wieloma funkcjami usprawniaj\u0105cymi higien\u0119 jamy ustnej u dzieci. Mowa tu chocia\u017cby o specjalnym timerze, kt\u00f3ry odmierza za pociech\u0119 w\u0142a\u015bciwy czas szczotkowania, dzi\u0119ki czemu mo\u017cemy mie\u0107 pewno\u015b\u0107, \u017ce maluch zawsze doczy\u015bci swoje z\u0105bki w\u0142a\u015bciwie. Innym przyjemnym dla dzieci udogodnieniem s\u0105 kolorowe, przedstawiaj\u0105ce bajkowe postacie r\u0119koje\u015bci czy odgrywane podczas szczotkowania melodyjki.<\/p>\n<p>Wybieraj\u0105c produkt dla naszego dziecka, powinni\u015bmy zwr\u00f3ci\u0107 uwag\u0119, czy dana szczoteczka soniczna ma odpowiednio ma\u0142\u0105 g\u0142\u00f3wk\u0119 i mi\u0119kkie w\u0142osie, oraz czy zosta\u0142a wyposa\u017cona we wszystkie opisane wy\u017cej udogodnienia. Warto te\u017c dokonywa\u0107 zakup\u00f3w w konsultacji z maluchem i zdecydowa\u0107 si\u0119 na produkt, kt\u00f3ry b\u0119dzie mu si\u0119 zwyczajnie podoba\u0142; powszechnie wiadomo, \u017ce urz\u0105dzenia o przyjaznym dla dziecka wygl\u0105dzie sprawiaj\u0105, \u017ce znacznie ch\u0119tniej przyst\u0119puje ono ka\u017cdego dnia do szczotkowania.<\/p>\n<p>Ze szczoteczek sonicznych mog\u0105 korzysta\u0107 ju\u017c dzieci, kt\u00f3re uko\u0144czy\u0142y trzeci rok \u017cycia. Je\u015bli nasza pociecha jest odpowiednio dojrza\u0142a, by m\u00f3c \u015bwiadomie oczyszcza\u0107 swoje z\u0105bki, warto by\u015bmy wyposa\u017cyli j\u0105 w szczoteczk\u0119 soniczn\u0105, poniewa\u017c to produkt zapewniaj\u0105cy w pe\u0142ni bezpieczn\u0105 i skuteczn\u0105 higien\u0119 jamy ustnej.[\/vc_column_text][\/toggle][\/toggles][vc_column_text css=&#8221;.vc_custom_1571840323910{margin-top: 80px !important;}&#8221;]\n<h2>U\u017cytkowanie szczoteczki<\/h2>\n[\/vc_column_text][toggles style=&#8221;minimal&#8221;][toggle color=&#8221;Default&#8221; title=&#8221;Jak dzia\u0142a szczoteczka soniczna?&#8221;][vc_column_text]Spos\u00f3b dzia\u0142ania szczoteczki sonicznej opiera si\u0119 na emitowaniu fal d\u017awi\u0119kowych,\u00a0 kt\u00f3re wprawiaj\u0105 w\u0142osie urz\u0105dzenia w zalecany przez stomatolog\u00f3w ruch wymiataj\u0105cy. Od strony technicznej wygl\u0105da to nast\u0119puj\u0105co: w\u0142osie szczoteczki sonicznej zostaje wprawione przez specjalny silniczek w drgania, co sprawia, \u017ce fale d\u017awi\u0119kowe zaczynaj\u0105 rozchodzi\u0107 si\u0119 w p\u0142ynie, na kt\u00f3ry sk\u0142adaj\u0105 si\u0119 woda i \u015blina. W ten spos\u00f3b powstaj\u0105 tak zwane mikrob\u0105belki, kt\u00f3re skutecznie obmywaj\u0105 wszystkie zakamarki jamy ustnej z bakterii, p\u0142ytki naz\u0119bnej, oraz innych codzienny nalot\u00f3w.<\/p>\n<p>Za spraw\u0105 swojego specjalnego wyprofilowania, a tak\u017ce zalecanych przez specjalist\u00f3w ruch\u00f3w wymiataj\u0105cych, szczoteczki soniczne s\u0105 dzi\u015b uwa\u017cane za najbardziej zaawansowane urz\u0105dzenia do codziennej piel\u0119gnacji jamy ustnej. Potrafi\u0105 si\u0119 one porusza\u0107 z pr\u0119dko\u015bci\u0105 od 31\u00a0000 ruch\u00f3w na minut\u0119, do \u2013 w najnowszych modelach \u2013 nawet 96\u00a0000 ruch\u00f3w na minut\u0119. Czyni to je zdecydowanie najszybszymi urz\u0105dzeniami na rynku.<\/p>\n<p>Dzi\u0119ki zastosowanej technologii, szczoteczki soniczne s\u0105 bezpieczne i proste w obs\u0142udze.\u00a0 Mog\u0105 z nich korzysta\u0107 wszyscy \u2013 zar\u00f3wno dzieci, jak i osoby starsze, u\u017cytkownicy aparat\u00f3w ortodontycznych, most\u00f3w, koron, czy te\u017c konsumenci posiadaj\u0105cy braki w uz\u0119bieniu i problemy z nadwra\u017cliwo\u015bci\u0105.[\/vc_column_text][\/toggle][toggle color=&#8221;Default&#8221; title=&#8221;Jak my\u0107 z\u0119by szczoteczk\u0105 soniczn\u0105?&#8221;][vc_column_text]Spos\u00f3b obchodzenia si\u0119 ze szczoteczk\u0105 soniczn\u0105 jest analogiczny do rekomendowanego w trakcie u\u017cytkowania szczoteczki elektrycznej rotacyjnej.<\/p>\n<p>Przede wszystkim musimy pami\u0119ta\u0107, by tu\u017c przed rozpocz\u0119ciem oczyszczania jamy ustnej upewni\u0107 si\u0119, \u017ce produkt jest na\u0142adowany \u2013 w przeciwnym wypadku urz\u0105dzenie nie b\u0119dzie w\u0142a\u015bciwie spe\u0142nia\u0142o swojej funkcji, a stanie si\u0119 jedynie zwyk\u0142\u0105 szczoteczk\u0105 manualn\u0105.<\/p>\n<p>Tu\u017c przed rozpocz\u0119ciem szczotkowania, nale\u017cy namoczy\u0107 g\u0142\u00f3wk\u0119 szczoteczki sonicznej, a potem na\u0142o\u017cy\u0107 na ni\u0105 niewielk\u0105 ilo\u015b\u0107 pasty (najlepiej, by by\u0142a to pasta posiadaj\u0105ca niski wsp\u00f3\u0142czynnik \u015bcieralno\u015bci RDA, gdy\u017c mamy wtedy pewno\u015b\u0107, \u017ce nie podra\u017cnimy sobie ni\u0105 szkliwa). Urz\u0105dzenie nale\u017cy w\u0142\u0105czy\u0107 dopiero w momencie, gdy ju\u017c szczoteczka znajdzie si\u0119 w naszych ustach \u2013 w przeciwnym razie istnieje ryzyko, \u017ce pasta spadnie z w\u0142osia.<\/p>\n<p>W trakcie szczotkowania urz\u0105dzenie nale\u017cy trzyma\u0107 pod k\u0105tem 45 stopni, czyli tak samo jak podczas u\u017cytkowania szczoteczki manualnej. Nale\u017cy pami\u0119ta\u0107 o oczyszczaniu wszystkich czterech partii jamy ustnej, na ka\u017cd\u0105 z nich przeznaczaj\u0105c trzydzie\u015bci sekund. Ca\u0142y proces szczotkowania powinien trwa\u0107 zalecane przez stomatolog\u00f3w dwie minuty (pom\u00f3c w przestrzeganiu go mo\u017ce nam specjalnie wbudowany w ka\u017cdym urz\u0105dzeniu sonicznym timer).<\/p>\n<p>Po zako\u0144czonym szczotkowaniu warto wyci\u0105gn\u0105\u0107 g\u0142\u00f3wk\u0119 szczoteczki z r\u0105czki i przep\u0142uka\u0107 j\u0105 pod bie\u017c\u0105c\u0105 wod\u0105. Gdy ju\u017c produkt odpowiednio przeschnie, nale\u017cy z powrotem umie\u015bci\u0107 go w r\u0105czce i w\u0142o\u017cy\u0107 do \u0142adowarki.<\/p>\n<p>W celu uzupe\u0142nienia codziennej piel\u0119gnacji tu\u017c po wyszczotkowaniu z\u0119b\u00f3w szczoteczk\u0105 soniczn\u0105 zaleca si\u0119 najpierw przep\u0142uka\u0107 z\u0119by wod\u0105, a nast\u0119pnie specjalnym p\u0142ynem do p\u0142ukania ust.[\/vc_column_text][\/toggle][toggle color=&#8221;Default&#8221; title=&#8221;Jak cz\u0119sto trzeba wymienia\u0107 ko\u0144c\u00f3wki do szczoteczki sonicznej?&#8221;][vc_column_text]Wed\u0142ug zalece\u0144 ko\u0144c\u00f3wki do szczoteczki sonicznej powinno si\u0119 wymienia\u0107 co trzy miesi\u0105ce. Warto jednak pami\u0119ta\u0107, \u017ce w\u0142osie g\u0142\u00f3wki czyszcz\u0105cej zawsze bezwzgl\u0119dnie nale\u017cy zamieni\u0107 na nowe w momencie, gdy ulegnie one jakiejkolwiek deformacji \u2013 wszystko dlatego, \u017ce powyginane w\u0142\u00f3kna trac\u0105 swoje w\u0142a\u015bciwo\u015bci. Ko\u0144c\u00f3wki do szczoteczki sonicznej trzeba te\u017c wymienia\u0107 tu\u017c po przebyciu choroby typu przezi\u0119bienia czy grypy, poniewa\u017c schorzenia te mog\u0105 pozostawia\u0107 na produkcie bakterie, maj\u0105ce negatywny wp\u0142yw nie tylko na zdrowie naszej jamy ustnej, ale i ca\u0142ego organizmu.<\/p>\n<p>Na szcz\u0119\u015bcie dzi\u015b wi\u0119kszo\u015b\u0107 ko\u0144c\u00f3wek do szczoteczek sonicznych jest wyposa\u017cona w specjalny wska\u017anik zu\u017cycia w\u0142osia, dzi\u0119ki kt\u00f3remu nie musimy samodzielnie kontrolowa\u0107 terminu wymiany g\u0142\u00f3wki czyszcz\u0105cej, gdy\u017c robi to ona za nas; ko\u0144c\u00f3wka traci sw\u00f3j kolor wraz z wyeksploatowaniem, co jest dla nas jasnym sygna\u0142em, \u017ce nadszed\u0142 czas jej wymiany.[\/vc_column_text][\/toggle][toggle color=&#8221;Default&#8221; title=&#8221;Jaka pasta do szczoteczki sonicznej?&#8221;][vc_column_text]Zasadniczo nic nie stoi na przeszkodzie, by do oczyszczania jamy ustnej szczoteczk\u0105 soniczn\u0105 u\u017cywa\u0107 tradycyjnej pasty do z\u0119b\u00f3w, kt\u00f3r\u0105 stosowali\u015bmy jeszcze przed zakupem urz\u0105dzenia.<\/p>\n<p>Warto jednak zadba\u0107 o to, by wybrana przez nas pasta posiada\u0142a niski wska\u017anik \u015bcieralno\u015bci RDA \u2013 wszystko z uwagi na wysok\u0105 pr\u0119dko\u015b\u0107 pracy szczoteczek sonicznych, z uwagi na kt\u00f3r\u0105 szkliwo jest wyj\u0105tkowo nara\u017cone na mechaniczne uszkodzenia. Dobrze jest poszukiwa\u0107 na sklepowych p\u00f3\u0142kach past, kt\u00f3re w swoim sk\u0142adzie w\u0119glan wapnia zast\u0119puj\u0105 chocia\u017cby delikatnymi formami krzemionki.<\/p>\n<p>Zadbajmy r\u00f3wnie\u017c o to, by pasta do szczoteczki sonicznej mia\u0142a nieco g\u0119stsz\u0105 konsystencj\u0119 ni\u017c ta tradycyjna; uniemo\u017cliwi to jej sp\u0142ywanie z g\u0142\u00f3wki czyszcz\u0105cej, kt\u00f3re ma znacz\u0105cy wp\u0142yw na wydajno\u015b\u0107 preparatu. Istotne jest te\u017c dobranie produktu, kt\u00f3ry nie posiada wielu sk\u0142adnik\u00f3w pieni\u0105cych, kt\u00f3re mog\u0105 wyp\u0142ywa\u0107 zar\u00f3wno na komfort oczyszczania, jak i zbyt szybkie zako\u0144czenie mycia z\u0119b\u00f3w.<\/p>\n<p>Rynek oferuje dzi\u015b mn\u00f3stwo past do szczoteczek sonicznych i je\u015bli nie jeste\u015bmy zdecydowani, kt\u00f3ry produkt b\u0119dzie do naszego urz\u0105dzenia odpowiedni, tego typu pasta zawsze b\u0119dzie stanowi\u0142a bardzo dobre i bezpieczne rozwi\u0105zanie.[\/vc_column_text][\/toggle][\/toggles][\/vc_column][\/vc_row]\n","protected":false},"excerpt":{"rendered":"<p>[vc_row type=&#8221;full_width_background&#8221; full_screen_row_position=&#8221;middle&#8221; column_margin=&#8221;default&#8221; column_direction=&#8221;default&#8221; column_direction_tablet=&#8221;default&#8221; column_direction_phone=&#8221;default&#8221; scene_position=&#8221;center&#8221; text_color=&#8221;dark&#8221; text_align=&#8221;left&#8221; row_border_radius=&#8221;none&#8221; row_border_radius_applies=&#8221;bg&#8221; overlay_strength=&#8221;0.3&#8243; gradient_direction=&#8221;left_to_right&#8221; shape_divider_position=&#8221;bottom&#8221; bg_image_animation=&#8221;none&#8221; shape_type=&#8221;&#8221;][vc_column column_padding=&#8221;no-extra-padding&#8221; column_padding_tablet=&#8221;inherit&#8221; column_padding_phone=&#8221;inherit&#8221; column_padding_position=&#8221;all&#8221; background_color_opacity=&#8221;1&#8243; background_hover_color_opacity=&#8221;1&#8243; column_shadow=&#8221;none&#8221; column_border_radius=&#8221;none&#8221;&#8230;<\/p>\n","protected":false},"author":1,"featured_media":0,"parent":0,"menu_order":0,"comment_status":"closed","ping_status":"closed","template":"","meta":{"_acf_changed":false,"footnotes":""},"class_list":["post-363","page","type-page","status-publish"],"acf":[],"_links":{"self":[{"href":"https:\/\/smilesonic.com\/pl\/wp-json\/wp\/v2\/pages\/363","targetHints":{"allow":["GET"]}}],"collection":[{"href":"https:\/\/smilesonic.com\/pl\/wp-json\/wp\/v2\/pages"}],"about":[{"href":"https:\/\/smilesonic.com\/pl\/wp-json\/wp\/v2\/types\/page"}],"author":[{"embeddable":true,"href":"https:\/\/smilesonic.com\/pl\/wp-json\/wp\/v2\/users\/1"}],"replies":[{"embeddable":true,"href":"https:\/\/smilesonic.com\/pl\/wp-json\/wp\/v2\/comments?post=363"}],"version-history":[{"count":13,"href":"https:\/\/smilesonic.com\/pl\/wp-json\/wp\/v2\/pages\/363\/revisions"}],"predecessor-version":[{"id":75016,"href":"https:\/\/smilesonic.com\/pl\/wp-json\/wp\/v2\/pages\/363\/revisions\/75016"}],"wp:attachment":[{"href":"https:\/\/smilesonic.com\/pl\/wp-json\/wp\/v2\/media?parent=363"}],"curies":[{"name":"wp","href":"https:\/\/api.w.org\/{rel}","templated":true}]}}