{"id":15967,"date":"2019-07-19T12:43:05","date_gmt":"2019-07-19T10:43:05","guid":{"rendered":"https:\/\/smilesonic.com\/?post_type=product&#038;p=15967"},"modified":"2025-06-12T10:58:17","modified_gmt":"2025-06-12T08:58:17","slug":"puntas-orthoclean","status":"publish","type":"product","link":"https:\/\/smilesonic.com\/es\/producto\/puntas-orthoclean\/","title":{"rendered":"Puntas OrthoClean"},"content":{"rendered":"<p>Las puntas OrthoClean son ideales para todos los usuarios de brackets, puentes, implantes y otras pr\u00f3tesis. Gracias a que pueden limpiar lugares de dif\u00edcil acceso, tambi\u00e9n son perfectos para las personas a las que no les gusta usar el hilo dental. Gracias a sus cerdas especialmente dise\u00f1adas, pueden eliminar las bacterias de las zonas m\u00e1s problem\u00e1ticas de la cavidad bucal de forma eficaz y no invasiva.<\/p>\n<p><strong>M\u00e1s precisi\u00f3n a\u00fan<\/strong><\/p>\n<p>Las cerdas de DuPont, especialmente desarrolladas, permiten que las piezas de mano de OrthoClean eliminen la placa incluso en lugares a los que antes s\u00f3lo se pod\u00eda llegar con hilo dental o con un irrigador. Gracias a sus cerdas m\u00e1s largas, el cabezal de limpieza es capaz de eliminar eficazmente las acumulaciones en los aparatos de ortodoncia, puentes y pr\u00f3tesis dentales sin da\u00f1ar su estructura. OrthoClean es una pieza de mano de precisi\u00f3n que garantiza la total comodidad del cepillado.<\/p>\n<p><strong>La pieza de mano controla su fecha de caducidad para usted<\/strong><\/p>\n<p>\u00bfLe parece agotador seguir los intervalos de cambio de tres meses? Ahora puedes olvidarte de ello. El cabezal de limpieza OrthoClean est\u00e1 equipado con un indicador de desgaste de las cerdas. Su funcionamiento es muy sencillo: las cerdas de la pieza de mano cambian de color a medida que se desgastan, lo que le indica claramente que ha llegado el momento de sustituirlas. Sin embargo, si las cerdas de su cabezal de limpieza est\u00e1n deformadas o da\u00f1adas de cualquier otra forma, es imprescindible sustituirlas previamente. Lo mismo debe hacerse despu\u00e9s de una gripe o un resfriado.<\/p>\n<p><strong>Distinga f\u00e1cilmente su pieza de mano de las dem\u00e1s<\/strong><\/p>\n<p>Cada cabezal de cepillo OrthoClean tiene un s\u00edmbolo especial (c\u00edrculo o tri\u00e1ngulo), que permite distinguirlo f\u00e1cilmente de otros cepillos OrthoClean. Esto facilita que varias personas puedan utilizar el mismo cepillo dental s\u00f3nico Smilesonic.<\/p>\n<p><strong>Especificaci\u00f3n:<\/strong><\/p>\n<ul>\n<li>Para los modelos: Smilesonic UP, Smilesonic EX, Smilesonic GO<\/li>\n<li>Objetivo: Limpieza de los espacios interdentales y alrededor de los aparatos, puentes o coronas.<\/li>\n<li>N\u00famero de cabezas en el conjunto: 2<\/li>\n<\/ul>\n<p><u>Estas puntas est\u00e1n dise\u00f1adas exclusivamente para los modelos Smilesonic UP, Smilesonic EX y Smilesonic GO. No son compatibles con el cepillo dental Smilesonic PerfectClean.<\/u><\/p>\n","protected":false},"excerpt":{"rendered":"<p>Los cabezales OrthoClean se caracterizan por sus cerdas alargadas y de dureza media, lo que permite una limpieza exhaustiva de los aparatos de ortodoncia, puentes, pr\u00f3tesis y todas las zonas de dif\u00edcil acceso de la cavidad bucal. Podr\u00e1 limpiar lugares que est\u00e1n fuera del alcance de los cepillos de dientes convencionales. Los cabezales de limpieza OrthoClean tienen un indicador de desgaste, para que siempre sepas cu\u00e1ndo es el momento de cambiarlos. Se adaptan a los modelos de cepillo dental s\u00f3nico Smilesonic UP, Smilesonic EX y Smilesonic GO.<\/p>\n","protected":false},"featured_media":43088,"comment_status":"open","ping_status":"closed","template":"","meta":{"_acf_changed":false},"product_brand":[],"product_cat":[105],"product_tag":[],"class_list":{"0":"post-15967","1":"product","2":"type-product","3":"status-publish","4":"has-post-thumbnail","6":"product_cat-consejos-del-cepillo-dental-smilesonic","8":"first","9":"instock","10":"shipping-taxable","11":"purchasable","12":"product-type-variable","13":"has-default-attributes"},"acf":[],"_links":{"self":[{"href":"https:\/\/smilesonic.com\/es\/wp-json\/wp\/v2\/product\/15967","targetHints":{"allow":["GET"]}}],"collection":[{"href":"https:\/\/smilesonic.com\/es\/wp-json\/wp\/v2\/product"}],"about":[{"href":"https:\/\/smilesonic.com\/es\/wp-json\/wp\/v2\/types\/product"}],"replies":[{"embeddable":true,"href":"https:\/\/smilesonic.com\/es\/wp-json\/wp\/v2\/comments?post=15967"}],"wp:featuredmedia":[{"embeddable":true,"href":"https:\/\/smilesonic.com\/es\/wp-json\/wp\/v2\/media\/43088"}],"wp:attachment":[{"href":"https:\/\/smilesonic.com\/es\/wp-json\/wp\/v2\/media?parent=15967"}],"wp:term":[{"taxonomy":"product_brand","embeddable":true,"href":"https:\/\/smilesonic.com\/es\/wp-json\/wp\/v2\/product_brand?post=15967"},{"taxonomy":"product_cat","embeddable":true,"href":"https:\/\/smilesonic.com\/es\/wp-json\/wp\/v2\/product_cat?post=15967"},{"taxonomy":"product_tag","embeddable":true,"href":"https:\/\/smilesonic.com\/es\/wp-json\/wp\/v2\/product_tag?post=15967"}],"curies":[{"name":"wp","href":"https:\/\/api.w.org\/{rel}","templated":true}]}}