{"id":15966,"date":"2019-07-19T12:38:16","date_gmt":"2019-07-19T10:38:16","guid":{"rendered":"https:\/\/smilesonic.com\/?post_type=product&#038;p=15966"},"modified":"2025-04-12T10:41:16","modified_gmt":"2025-04-12T08:41:16","slug":"puntas-sensitouch","status":"publish","type":"product","link":"https:\/\/smilesonic.com\/es\/producto\/puntas-sensitouch\/","title":{"rendered":"Puntas SensiTouch"},"content":{"rendered":"<p>\u00bfEl dolor persistente al cepillarse los dientes le hace reticente a coger el cepillo? Ahora puedes olvidarte de todo. La punta del cepillo SensiTouch limpia la boca de forma eficaz y sin irritaciones. Se puede acoplar a los modelos de cepillo dental s\u00f3nico Smilesonic UP, Smilesonic EX y Smilesonic GO.<\/p>\n<p><strong>Eficaz contra la sensibilidad y las bacterias<\/strong><\/p>\n<p>Las suaves cerdas DuPont de alta calidad de las puntas SensiTouch limpian todos los rincones de los dientes sin irritar. Tanto si su sensibilidad est\u00e1 causada por una grieta en el esmalte como por un cuello de diente expuesto, SensiTouch le proporciona la comodidad que necesita para cepillarse con confianza, asegur\u00e1ndole que pronto se olvidar\u00e1. Elimina eficazmente las bacterias, la placa y otros restos cotidianos de la boca.<\/p>\n<p><strong>Indicador de desgaste de las cerdas<\/strong><\/p>\n<p>La boquilla SensiTouch tiene lo que se llama un indicador de desgaste de las cerdas. Su funcionamiento es sencillo: las cerdas del cabezal de limpieza cambian de color en funci\u00f3n del desgaste, lo que indica cu\u00e1ndo es el momento de sustituirlas. Normalmente, la \u00abvida \u00fatil\u00bb de los cabezales es de unos tres meses, pero es importante recordar que hay que sustituirlos en cuanto se note que est\u00e1n deformados. Los cabezales de limpieza tambi\u00e9n deben sustituirse despu\u00e9s de enfermedades como resfriados o gripe.<\/p>\n<p><strong>F\u00e1cil de distinguir entre las puntas<\/strong><\/p>\n<p>Las puntas SensiTouch tienen s\u00edmbolos especiales (c\u00edrculos o tri\u00e1ngulos) que ayudan a distinguirlas. Esto permite que incluso varias personas utilicen el mismo cepillo dental s\u00f3nico Smilesonic.<\/p>\n<p><strong>Especificaciones:<\/strong><\/p>\n<ul>\n<li>Para los modelos: Smilesonic UP, Smilesonic EX, Smilesonic GO<\/li>\n<li>Finalidad: Limpiar los dientes y enc\u00edas sensibles. Cuidado diario de las zonas sensibles.<\/li>\n<li>N\u00famero de cabezas en el conjunto: 2<\/li>\n<\/ul>\n<p><u>Cabezales destinados \u00fanicamente a los modelos Smilesonic UP, Smilesonic EX y Smilesonic GO. No son compatibles con el cepillo dental Smilesonic PerfectClean.<\/u><\/p>\n","protected":false},"excerpt":{"rendered":"<p>Los cabezales SensiTouch tienen cerdas ultrafinas y suaves que son ideales para eliminar las bacterias, especialmente para quienes sufren de sensibilidad dental. Su naturaleza no invasiva seguramente atraer\u00e1 a los usuarios que son nuevos en los aparatos s\u00f3nicos. Las puntas SensiTouch est\u00e1n equipadas con un sistema especial que cambia de color seg\u00fan el desgaste de las cerdas, para que siempre sepas cu\u00e1ndo es el momento de sustituir el cabezal del cepillo por uno nuevo.<\/p>\n","protected":false},"featured_media":43092,"comment_status":"open","ping_status":"closed","template":"","meta":{"_acf_changed":false},"product_brand":[],"product_cat":[105],"product_tag":[],"class_list":{"0":"post-15966","1":"product","2":"type-product","3":"status-publish","4":"has-post-thumbnail","6":"product_cat-consejos-del-cepillo-dental-smilesonic","8":"first","9":"instock","10":"shipping-taxable","11":"purchasable","12":"product-type-variable","13":"has-default-attributes"},"acf":[],"_links":{"self":[{"href":"https:\/\/smilesonic.com\/es\/wp-json\/wp\/v2\/product\/15966","targetHints":{"allow":["GET"]}}],"collection":[{"href":"https:\/\/smilesonic.com\/es\/wp-json\/wp\/v2\/product"}],"about":[{"href":"https:\/\/smilesonic.com\/es\/wp-json\/wp\/v2\/types\/product"}],"replies":[{"embeddable":true,"href":"https:\/\/smilesonic.com\/es\/wp-json\/wp\/v2\/comments?post=15966"}],"wp:featuredmedia":[{"embeddable":true,"href":"https:\/\/smilesonic.com\/es\/wp-json\/wp\/v2\/media\/43092"}],"wp:attachment":[{"href":"https:\/\/smilesonic.com\/es\/wp-json\/wp\/v2\/media?parent=15966"}],"wp:term":[{"taxonomy":"product_brand","embeddable":true,"href":"https:\/\/smilesonic.com\/es\/wp-json\/wp\/v2\/product_brand?post=15966"},{"taxonomy":"product_cat","embeddable":true,"href":"https:\/\/smilesonic.com\/es\/wp-json\/wp\/v2\/product_cat?post=15966"},{"taxonomy":"product_tag","embeddable":true,"href":"https:\/\/smilesonic.com\/es\/wp-json\/wp\/v2\/product_tag?post=15966"}],"curies":[{"name":"wp","href":"https:\/\/api.w.org\/{rel}","templated":true}]}}