{"id":15960,"date":"2019-07-19T12:34:21","date_gmt":"2019-07-19T10:34:21","guid":{"rendered":"https:\/\/smilesonic.com\/?post_type=product&#038;p=15960"},"modified":"2026-01-23T11:49:37","modified_gmt":"2026-01-23T10:49:37","slug":"puntas-shinywhite","status":"publish","type":"product","link":"https:\/\/smilesonic.com\/es\/producto\/puntas-shinywhite\/","title":{"rendered":"Puntas ShinyWhite"},"content":{"rendered":"<p>El cabezal de cepillado ShinyWhite es la soluci\u00f3n perfecta para quienes sue\u00f1an con una sonrisa blanca como la nieve en Hollywood. Gracias a sus cerdas especiales, elimina perfectamente la placa acumulada en la superficie del esmalte, devolviendo a los dientes su blancura natural.<\/p>\n<p><strong>Blanqueamiento dental eficaz en casa!<\/strong><\/p>\n<p>ShinyWhite es la punta que mejor funciona junto con el modo blanco del cepillo dental s\u00f3nico Smilesonic. Sus cerdas duras y densas de DuPont son excelentes para eliminar las bacterias que afectan al color de nuestros dientes. Deber\u00eda ver los resultados visibles de la limpieza de la boca con la punta ShinyWhite despu\u00e9s de unos pocos d\u00edas.<\/p>\n<p><strong>Sistema autom\u00e1tico de control de calidad de las cerdas<\/strong><\/p>\n<p>En el ajetreado mundo actual, todos intentamos quitarnos de encima el mayor n\u00famero posible de responsabilidades. \u00a1ShinyWhite Tip nos ayudar\u00e1 a hacerlo! El producto controla independientemente su fecha de caducidad gracias al indicador de desgaste de las cerdas instalado. Gracias a este indicador, las cerdas del cabezal de limpieza se desvanecen gradualmente con el uso. De este modo, ya no tenemos que cumplir el plazo de tres meses para sustituir las puntas, \u00a1porque ellos lo hacen por nosotros! Pero no te olvides de cambiar siempre el cabezal del cepillo si las cerdas se han doblado o si tienes una enfermedad gripal.<\/p>\n<p><strong>F\u00e1cil de distinguir entre las puntas<\/strong><\/p>\n<p>Las puntas ShinyWhite est\u00e1n marcadas con s\u00edmbolos especiales (una con un c\u00edrculo, la otra con un tri\u00e1ngulo), para que nunca tengamos problemas para distinguirlas. Esto ayuda cuando varias personas utilizan el mismo cepillo Smilesonic.<\/p>\n<p><strong>Especificaciones:<\/strong><\/p>\n<ul>\n<li>Para los modelos: Smilesonic UP, Smilesonic EX, Smilesonic GO<\/li>\n<li>Objetivo: Blanqueamiento dental y cepillado diario.<\/li>\n<li>N\u00famero de cabezas incluidas: 2<\/li>\n<\/ul>\n<p><u>Estas puntas est\u00e1n dise\u00f1adas exclusivamente para los modelos Smilesonic UP, Smilesonic EX y Smilesonic GO. No se ajustan al cepillo dental Smilesonic PerfectClean.<\/u><\/p>\n","protected":false},"excerpt":{"rendered":"<p>Los cabezales ShinyWhite tienen cerdas gruesas y duras dise\u00f1adas para eliminar las manchas m\u00e1s dif\u00edciles del esmalte. Gracias a ellos puedes hacer frente al dep\u00f3sito que provoca el consumo de caf\u00e9, t\u00e9 o vino tinto. Las puntas est\u00e1n equipadas con un indicador especial de desgaste de las cerdas que nos indica cu\u00e1ndo es el momento de sustituirlas. Los cabezales de limpieza ShinyWhite se adaptan a los cepillos dentales s\u00f3nicos Smilesonic UP, Smilesonic EX y Smilesonic GO.<\/p>\n","protected":false},"featured_media":43096,"comment_status":"open","ping_status":"closed","template":"","meta":{"_acf_changed":false},"product_brand":[],"product_cat":[105],"product_tag":[],"class_list":{"0":"post-15960","1":"product","2":"type-product","3":"status-publish","4":"has-post-thumbnail","6":"product_cat-consejos-del-cepillo-dental-smilesonic","8":"first","9":"instock","10":"shipping-taxable","11":"purchasable","12":"product-type-variable","13":"has-default-attributes"},"acf":[],"_links":{"self":[{"href":"https:\/\/smilesonic.com\/es\/wp-json\/wp\/v2\/product\/15960","targetHints":{"allow":["GET"]}}],"collection":[{"href":"https:\/\/smilesonic.com\/es\/wp-json\/wp\/v2\/product"}],"about":[{"href":"https:\/\/smilesonic.com\/es\/wp-json\/wp\/v2\/types\/product"}],"replies":[{"embeddable":true,"href":"https:\/\/smilesonic.com\/es\/wp-json\/wp\/v2\/comments?post=15960"}],"wp:featuredmedia":[{"embeddable":true,"href":"https:\/\/smilesonic.com\/es\/wp-json\/wp\/v2\/media\/43096"}],"wp:attachment":[{"href":"https:\/\/smilesonic.com\/es\/wp-json\/wp\/v2\/media?parent=15960"}],"wp:term":[{"taxonomy":"product_brand","embeddable":true,"href":"https:\/\/smilesonic.com\/es\/wp-json\/wp\/v2\/product_brand?post=15960"},{"taxonomy":"product_cat","embeddable":true,"href":"https:\/\/smilesonic.com\/es\/wp-json\/wp\/v2\/product_cat?post=15960"},{"taxonomy":"product_tag","embeddable":true,"href":"https:\/\/smilesonic.com\/es\/wp-json\/wp\/v2\/product_tag?post=15960"}],"curies":[{"name":"wp","href":"https:\/\/api.w.org\/{rel}","templated":true}]}}