{"id":15957,"date":"2019-07-19T12:28:02","date_gmt":"2019-07-19T10:28:02","guid":{"rendered":"https:\/\/smilesonic.com\/?post_type=product&#038;p=15957"},"modified":"2025-12-02T11:12:54","modified_gmt":"2025-12-02T10:12:54","slug":"puntas-dailycare","status":"publish","type":"product","link":"https:\/\/smilesonic.com\/es\/producto\/puntas-dailycare\/","title":{"rendered":"Puntas DailyCare"},"content":{"rendered":"<p>El cabezal de cepillado DailyCare es ideal para el cuidado bucal diario. Se recomienda cepillar los dientes al menos dos veces al d\u00eda y preferiblemente despu\u00e9s de cada comida. DailyCare es un cabezal de limpieza fabricado con materiales de alta calidad que elimina los g\u00e9rmenes indeseables de forma no invasiva para el esmalte.<\/p>\n<p><strong>Normas de limpieza a\u00fan m\u00e1s estrictas<\/strong><\/p>\n<p>Te recomendamos que utilices el cabezal DailyCare con el modo Limpio de tu cepillo Smilesonic, ya que es cuando m\u00e1s eficazmente funciona. El producto no s\u00f3lo funciona bien durante el cuidado bucal diario est\u00e1ndar, sino que, gracias a sus cerdas DuPont de alta calidad, tambi\u00e9n funciona muy bien para las personas que utilizan un modo de cepillado suave pero que tienen dientes sanos y no sensibles. Los expertos confirman que el uso de un cepillo DailyCare en su rutina diaria de cuidado bucal proporciona un resultado de limpieza significativamente mejor que un cepillo manual<\/p>\n<p><strong>Indicador de desgaste de las cerdas<\/strong><\/p>\n<p>A algunas personas les resulta inc\u00f3modo comprobar constantemente el intervalo de tres meses para sustituir el cabezal del cepillo. Ahora este problema desaparece, porque el cabezal del cepillo DailyCare ha sido dotado de una tecnolog\u00eda especial que cambia de color a medida que se desgasta. Cuando las cerdas se desvanecen, es una clara se\u00f1al de que ha llegado el momento de sustituir el cabezal del cepillo. Sin embargo, es imprescindible sustituir las cabezas cuando se deforman y despu\u00e9s de sufrir resfriados y gripes.<\/p>\n<p><strong>Marcas especiales para distinguir su broca de las dem\u00e1s<\/strong><\/p>\n<p>Cada punta de cepillo DailyCare est\u00e1 especialmente marcada (con un c\u00edrculo o tri\u00e1ngulo) para que sea imposible confundirla con otra. Esto facilita que varias personas puedan utilizar el mismo cepillo dental s\u00f3nico Smilesonic.<\/p>\n<p><strong>Especificaciones:<\/strong><\/p>\n<ul>\n<li>Para los modelos: Smilesonic UP, Smilesonic EX, Smilesonic GO<\/li>\n<li>Objetivo: Todos los d\u00edas &#8211; cepillado de dientes est\u00e1ndar<\/li>\n<li>N\u00famero de cabezas en el conjunto: 2<\/li>\n<\/ul>\n<p><u>Estas puntas est\u00e1n dise\u00f1adas exclusivamente para los modelos Smilesonic UP, Smilesonic EX y Smilesonic GO. No son compatibles con el cepillo dental Smilesonic PerfectClean.<\/u><\/p>\n","protected":false},"excerpt":{"rendered":"<p>Los cabezales DailyCare tienen cerdas de dureza media y est\u00e1n dedicadas a los cepillos dentales s\u00f3nicos Smilesonic UP, Smilesonic EX y Smilesonic GO. Garantizan una protecci\u00f3n eficaz contra las bacterias que infestan nuestra cavidad bucal cada d\u00eda. Est\u00e1n equipados con un indicador especial de desgaste de las cerdas, para que siempre sepa cu\u00e1ndo es el momento de sustituir el cabezal de limpieza por uno nuevo.<\/p>\n","protected":false},"featured_media":43100,"comment_status":"open","ping_status":"closed","template":"","meta":{"_acf_changed":false},"product_brand":[],"product_cat":[105],"product_tag":[],"class_list":{"0":"post-15957","1":"product","2":"type-product","3":"status-publish","4":"has-post-thumbnail","6":"product_cat-consejos-del-cepillo-dental-smilesonic","8":"first","9":"instock","10":"shipping-taxable","11":"purchasable","12":"product-type-variable","13":"has-default-attributes"},"acf":[],"_links":{"self":[{"href":"https:\/\/smilesonic.com\/es\/wp-json\/wp\/v2\/product\/15957","targetHints":{"allow":["GET"]}}],"collection":[{"href":"https:\/\/smilesonic.com\/es\/wp-json\/wp\/v2\/product"}],"about":[{"href":"https:\/\/smilesonic.com\/es\/wp-json\/wp\/v2\/types\/product"}],"replies":[{"embeddable":true,"href":"https:\/\/smilesonic.com\/es\/wp-json\/wp\/v2\/comments?post=15957"}],"wp:featuredmedia":[{"embeddable":true,"href":"https:\/\/smilesonic.com\/es\/wp-json\/wp\/v2\/media\/43100"}],"wp:attachment":[{"href":"https:\/\/smilesonic.com\/es\/wp-json\/wp\/v2\/media?parent=15957"}],"wp:term":[{"taxonomy":"product_brand","embeddable":true,"href":"https:\/\/smilesonic.com\/es\/wp-json\/wp\/v2\/product_brand?post=15957"},{"taxonomy":"product_cat","embeddable":true,"href":"https:\/\/smilesonic.com\/es\/wp-json\/wp\/v2\/product_cat?post=15957"},{"taxonomy":"product_tag","embeddable":true,"href":"https:\/\/smilesonic.com\/es\/wp-json\/wp\/v2\/product_tag?post=15957"}],"curies":[{"name":"wp","href":"https:\/\/api.w.org\/{rel}","templated":true}]}}