{"id":15947,"date":"2020-08-12T14:59:44","date_gmt":"2020-08-12T12:59:44","guid":{"rendered":"https:\/\/smilesonic.com\/?post_type=product&#038;p=15947"},"modified":"2026-04-11T22:47:07","modified_gmt":"2026-04-11T20:47:07","slug":"puntas-kids","status":"publish","type":"product","link":"https:\/\/smilesonic.com\/es\/producto\/puntas-kids\/","title":{"rendered":"Puntas KIDS"},"content":{"rendered":"<p>S\u00f3lo el cepillado regular de los dientes desde los primeros a\u00f1os de vida puede hacer que los futuros dientes permanentes de nuestro hijo sean bonitos y sanos. Desgraciadamente, muchos padres no se dan cuenta de esto, asumiendo err\u00f3neamente que, como los dientes de leche se van a caer de todos modos, no es necesario cuidarlos. Mientras tanto, los especialistas confirman que los problemas con los dientes de leche se traducen directamente en el estado futuro de los dientes permanentes. Estos consejos para el cepillo dental s\u00f3nico Smilesonic KIDS ayudar\u00e1n a tu hijo a cuidar su salud bucal y a prevenir enfermedades como la caries. Garantizan una limpieza no s\u00f3lo eficaz, sino tambi\u00e9n totalmente segura, gracias a su peque\u00f1o tama\u00f1o y a sus cerdas suaves y delicadas, que se adaptan a la boca de los ni\u00f1os.<\/p>\n<p><strong>La capacidad de maniobrar libremente la punta en la boca<\/strong><\/p>\n<p>La boca de los ni\u00f1os peque\u00f1os es mucho m\u00e1s peque\u00f1a que la de los adultos. Por lo tanto, es l\u00f3gico que los cabezales de los cepillos dentales s\u00f3nicos para ni\u00f1os sean adecuadamente m\u00e1s peque\u00f1os. Los cabezales Smilesonic KIDS tienen un tama\u00f1o ideal para satisfacer las necesidades de los ni\u00f1os peque\u00f1os, permiti\u00e9ndoles utilizar el cepillo de forma f\u00e1cil, segura y c\u00f3moda.<\/p>\n<p><strong>Cepillado de dientes sin irritaciones<\/strong><\/p>\n<p>Adem\u00e1s de su peque\u00f1o tama\u00f1o, las puntas de los cepillos Smilesonic KIDS se caracterizan tambi\u00e9n por sus cerdas extra suaves. Incluso si su hijo no sabe utilizar correctamente el cepillo de dientes, el riesgo de irritaci\u00f3n se reduce al m\u00ednimo.<\/p>\n<p>Especificaciones:<\/p>\n<ul>\n<li>Para el modelo: Smilesonic KIDS<\/li>\n<li>Finalidad: Cepillado diario de los dientes de los ni\u00f1os.<\/li>\n<li>N\u00famero de cabezales incluidos: 2.<\/li>\n<\/ul>\n<p>&nbsp;<\/p>\n<p><u>Nota: Estos cabezales est\u00e1n dise\u00f1ados exclusivamente para los cepillos Smilesonic KIDS, GO, EX y UP. Para garantizar un cepillado eficaz y seguro, los cabezales deben sustituirse cada tres meses y siempre que las cerdas se deformen.<\/u><\/p>\n","protected":false},"excerpt":{"rendered":"<p>Las puntas del cepillo dental Smilesonic KIDS son cabezales de limpieza especiales adaptados a las peque\u00f1as bocas y necesidades de nuestros hijos. Su peque\u00f1o tama\u00f1o y sus delicadas cerdas reducen el riesgo de irritaci\u00f3n, garantizando a nuestros hijos un cepillado de dientes seguro.<\/p>\n","protected":false},"featured_media":15956,"comment_status":"open","ping_status":"closed","template":"","meta":{"_acf_changed":false},"product_brand":[],"product_cat":[105],"product_tag":[],"class_list":{"0":"post-15947","1":"product","2":"type-product","3":"status-publish","4":"has-post-thumbnail","6":"product_cat-consejos-del-cepillo-dental-smilesonic","8":"first","9":"outofstock","10":"shipping-taxable","11":"purchasable","12":"product-type-variable","13":"has-default-attributes"},"acf":[],"_links":{"self":[{"href":"https:\/\/smilesonic.com\/es\/wp-json\/wp\/v2\/product\/15947","targetHints":{"allow":["GET"]}}],"collection":[{"href":"https:\/\/smilesonic.com\/es\/wp-json\/wp\/v2\/product"}],"about":[{"href":"https:\/\/smilesonic.com\/es\/wp-json\/wp\/v2\/types\/product"}],"replies":[{"embeddable":true,"href":"https:\/\/smilesonic.com\/es\/wp-json\/wp\/v2\/comments?post=15947"}],"wp:featuredmedia":[{"embeddable":true,"href":"https:\/\/smilesonic.com\/es\/wp-json\/wp\/v2\/media\/15956"}],"wp:attachment":[{"href":"https:\/\/smilesonic.com\/es\/wp-json\/wp\/v2\/media?parent=15947"}],"wp:term":[{"taxonomy":"product_brand","embeddable":true,"href":"https:\/\/smilesonic.com\/es\/wp-json\/wp\/v2\/product_brand?post=15947"},{"taxonomy":"product_cat","embeddable":true,"href":"https:\/\/smilesonic.com\/es\/wp-json\/wp\/v2\/product_cat?post=15947"},{"taxonomy":"product_tag","embeddable":true,"href":"https:\/\/smilesonic.com\/es\/wp-json\/wp\/v2\/product_tag?post=15947"}],"curies":[{"name":"wp","href":"https:\/\/api.w.org\/{rel}","templated":true}]}}