{"id":15937,"date":"2020-08-12T14:55:11","date_gmt":"2020-08-12T12:55:11","guid":{"rendered":"https:\/\/smilesonic.com\/?post_type=product&#038;p=15937"},"modified":"2026-03-06T14:19:16","modified_gmt":"2026-03-06T13:19:16","slug":"puntas-supremewhite","status":"publish","type":"product","link":"https:\/\/smilesonic.com\/es\/producto\/puntas-supremewhite\/","title":{"rendered":"Puntas SupremeWhite"},"content":{"rendered":"<p>Una bonita y blanca sonrisa es sin\u00f3nimo de prestigio y alto estatus social. No es de extra\u00f1ar que mucha gente se esfuerce desesperadamente por conseguirla. Las puntas SupremeWhite para los cepillos dentales s\u00f3nicos Smilesonic son ideales para aclarar el esmalte y devolverle su blancura natural. Los cabezales del cepillo tienen cerdas duras y extremadamente densas que ayudan a eliminar las manchas dif\u00edciles causadas por el consumo de caf\u00e9, t\u00e9 o vino tinto.<\/p>\n<p><strong>Resultados sorprendentemente r\u00e1pidos<\/strong><\/p>\n<p>Consumes muchos productos que manchan y como resultado tus dientes tienen un antiest\u00e9tico color amarillento? Entonces las puntas SupremeWhite son la opci\u00f3n perfecta para usted. Las cerdas duras y densas combinadas con los programas de blanqueamiento de los cepillos dentales s\u00f3nicos Smilesonic son muy eficaces para eliminar las manchas, y puedes ver los primeros resultados despu\u00e9s de unos pocos d\u00edas. Las manchas causadas por el caf\u00e9, el t\u00e9 o el vino tinto ya no le perseguir\u00e1n.<\/p>\n<p><strong>Comprobaci\u00f3n autom\u00e1tica de la vida \u00fatil<\/strong><\/p>\n<p>Deber\u00edas sustituir todos los cabezales de los cepillos el\u00e9ctricos al menos una vez cada tres meses. Es importante mantenerse dentro de este marco de tiempo porque despu\u00e9s de la fecha de caducidad el cabezal de limpieza no s\u00f3lo deja de limpiar sus dientes con eficacia, sino que tambi\u00e9n puede provocar irritaci\u00f3n. Las puntas SupremeWhite est\u00e1n equipadas con filamentos que controlan autom\u00e1ticamente su fecha de caducidad. Con el uso gradual, pierden poco a poco su color original hasta que se vuelven completamente blancas, lo que significa que debe comprar una nueva punta.<strong>\u00a0<\/strong><\/p>\n<p><strong>Marcado para evitar la confusi\u00f3n de puntas<\/strong><\/p>\n<p>Cuando tienes dos puntas de limpieza id\u00e9nticas en un juego, existe el riesgo de confundir una con la otra. Esto es una gran molestia cuando se piensa en comprar puntas para dos personas. Afortunadamente, los cabezales de limpieza SupremeWhite est\u00e1n cuidadosamente marcados con s\u00edmbolos distintivos (uno con un c\u00edrculo, el otro con un tri\u00e1ngulo) que hacen muy f\u00e1cil identificar cada punta.<\/p>\n<p>Especificaciones:<\/p>\n<ul>\n<li>Para los modelos: Smilesonic GO, Smilesonic EX, Smilesonic UP<\/li>\n<li>Finalidad: Cepillado diario, blanqueamiento dental.<\/li>\n<li>N\u00famero de puntasa incluidos: 2<\/li>\n<\/ul>\n<p><strong><u>Puntas dedicadas a los cepillos Smilesonic GO, Smilesonic EX y Smilesonic UP -no compatibles con el cepillo Smilesonic PerfectClean.<\/u><\/strong><\/p>\n","protected":false},"excerpt":{"rendered":"<p>Las puntas SupremeWhite han sido creadas para los amantes de la sonrisa blanca y brillante. Tienen cerdas duras y densas que permiten eliminar a\u00fan mejor las manchas del esmalte. Gracias a su uso, \u00a1nuestros dientes se vuelven visiblemente m\u00e1s blancos en pocos d\u00edas! Las cerdas de las puntas SupremeWhite est\u00e1n dotadas de una tecnolog\u00eda que las decolora con el desgaste gradual, lo que da al consumidor una clara se\u00f1al de cu\u00e1ndo hay que sustituir el cabezal del cepillo por uno nuevo. Las puntas est\u00e1n dedicadas a los cepillos Smilesonic GO, Smilesonic EX y Smilesonic UP. <\/p>\n","protected":false},"featured_media":15945,"comment_status":"open","ping_status":"closed","template":"","meta":{"_acf_changed":false},"product_brand":[],"product_cat":[105],"product_tag":[],"class_list":{"0":"post-15937","1":"product","2":"type-product","3":"status-publish","4":"has-post-thumbnail","6":"product_cat-consejos-del-cepillo-dental-smilesonic","8":"first","9":"instock","10":"shipping-taxable","11":"purchasable","12":"product-type-simple"},"acf":[],"_links":{"self":[{"href":"https:\/\/smilesonic.com\/es\/wp-json\/wp\/v2\/product\/15937","targetHints":{"allow":["GET"]}}],"collection":[{"href":"https:\/\/smilesonic.com\/es\/wp-json\/wp\/v2\/product"}],"about":[{"href":"https:\/\/smilesonic.com\/es\/wp-json\/wp\/v2\/types\/product"}],"replies":[{"embeddable":true,"href":"https:\/\/smilesonic.com\/es\/wp-json\/wp\/v2\/comments?post=15937"}],"wp:featuredmedia":[{"embeddable":true,"href":"https:\/\/smilesonic.com\/es\/wp-json\/wp\/v2\/media\/15945"}],"wp:attachment":[{"href":"https:\/\/smilesonic.com\/es\/wp-json\/wp\/v2\/media?parent=15937"}],"wp:term":[{"taxonomy":"product_brand","embeddable":true,"href":"https:\/\/smilesonic.com\/es\/wp-json\/wp\/v2\/product_brand?post=15937"},{"taxonomy":"product_cat","embeddable":true,"href":"https:\/\/smilesonic.com\/es\/wp-json\/wp\/v2\/product_cat?post=15937"},{"taxonomy":"product_tag","embeddable":true,"href":"https:\/\/smilesonic.com\/es\/wp-json\/wp\/v2\/product_tag?post=15937"}],"curies":[{"name":"wp","href":"https:\/\/api.w.org\/{rel}","templated":true}]}}