{"id":16545,"date":"2021-08-30T16:00:42","date_gmt":"2021-08-30T14:00:42","guid":{"rendered":"https:\/\/smilesonic.com\/?page_id=16545"},"modified":"2021-08-30T16:00:43","modified_gmt":"2021-08-30T14:00:43","slug":"preguntas-frecuentes","status":"publish","type":"page","link":"https:\/\/smilesonic.com\/es\/preguntas-frecuentes\/","title":{"rendered":"Preguntas frecuentes"},"content":{"rendered":"[vc_row type=\u00bbfull_width_background\u00bb full_screen_row_position=\u00bbmiddle\u00bb column_margin=\u00bbdefault\u00bb column_direction=\u00bbdefault\u00bb column_direction_tablet=\u00bbdefault\u00bb column_direction_phone=\u00bbdefault\u00bb scene_position=\u00bbcenter\u00bb text_color=\u00bbdark\u00bb text_align=\u00bbleft\u00bb row_border_radius=\u00bbnone\u00bb row_border_radius_applies=\u00bbbg\u00bb overlay_strength=\u00bb0.3&#8243; gradient_direction=\u00bbleft_to_right\u00bb shape_divider_position=\u00bbbottom\u00bb bg_image_animation=\u00bbnone\u00bb shape_type=\u00bb\u00bb][vc_column column_padding=\u00bbno-extra-padding\u00bb column_padding_tablet=\u00bbinherit\u00bb column_padding_phone=\u00bbinherit\u00bb column_padding_position=\u00bball\u00bb background_color_opacity=\u00bb1&#8243; background_hover_color_opacity=\u00bb1&#8243; column_shadow=\u00bbnone\u00bb column_border_radius=\u00bbnone\u00bb column_link_target=\u00bb_self\u00bb gradient_direction=\u00bbleft_to_right\u00bb overlay_strength=\u00bb0.3&#8243; width=\u00bb1\/1&#8243; tablet_width_inherit=\u00bbdefault\u00bb tablet_text_alignment=\u00bbdefault\u00bb phone_text_alignment=\u00bbdefault\u00bb column_border_width=\u00bbnone\u00bb column_border_style=\u00bbsolid\u00bb bg_image_animation=\u00bbnone\u00bb][vc_column_text css=\u00bb.vc_custom_1630331826142{padding-bottom: 45px !important;}\u00bb]\n<h1 style=\"font-weight: 300;\">Preguntas frecuentes<\/h1>\n[\/vc_column_text][\/vc_column][\/vc_row][vc_row type=\u00bbfull_width_background\u00bb full_screen_row_position=\u00bbmiddle\u00bb column_margin=\u00bbdefault\u00bb column_direction=\u00bbdefault\u00bb column_direction_tablet=\u00bbdefault\u00bb column_direction_phone=\u00bbdefault\u00bb bg_color=\u00bb#f7f7f7&#8243; scene_position=\u00bbcenter\u00bb top_padding=\u00bb100&#8243; bottom_padding=\u00bb100&#8243; text_color=\u00bbdark\u00bb text_align=\u00bbleft\u00bb row_border_radius=\u00bbnone\u00bb row_border_radius_applies=\u00bbbg\u00bb overlay_strength=\u00bb0.3&#8243; gradient_direction=\u00bbleft_to_right\u00bb shape_divider_position=\u00bbbottom\u00bb bg_image_animation=\u00bbnone\u00bb][vc_column column_padding=\u00bbno-extra-padding\u00bb column_padding_tablet=\u00bbinherit\u00bb column_padding_phone=\u00bbinherit\u00bb column_padding_position=\u00bball\u00bb background_color_opacity=\u00bb1&#8243; background_hover_color_opacity=\u00bb1&#8243; column_shadow=\u00bbnone\u00bb column_border_radius=\u00bbnone\u00bb column_link_target=\u00bb_self\u00bb gradient_direction=\u00bbleft_to_right\u00bb overlay_strength=\u00bb0.3&#8243; width=\u00bb1\/1&#8243; tablet_width_inherit=\u00bbdefault\u00bb tablet_text_alignment=\u00bbdefault\u00bb phone_text_alignment=\u00bbdefault\u00bb column_border_width=\u00bbnone\u00bb column_border_style=\u00bbsolid\u00bb bg_image_animation=\u00bbnone\u00bb][vc_column_text]\n<h2>Elegir un cepillo de dientes<\/h2>\n[\/vc_column_text][toggles style=\u00bbminimal\u00bb][toggle color=\u00bbDefault\u00bb title=\u00bb\u00bfC\u00f3mo elegir un cepillo dental s\u00f3nico?\u00bb][vc_column_text]En primer lugar, el cepillo dental s\u00f3nico debe seleccionarse en funci\u00f3n de las necesidades individuales. Por lo tanto, la selecci\u00f3n debe ir precedida de un an\u00e1lisis de su propia cavidad bucal y una consideraci\u00f3n de los efectos que le gustar\u00eda conseguir con el dispositivo.<br \/>\nLo primero a lo que debemos prestar atenci\u00f3n es a si tenemos problemas de hipersensibilidad, inflamaci\u00f3n de las enc\u00edas, aumento de la acumulaci\u00f3n de caries u otras enfermedades bucales. Si respondemos a estas preguntas, la tarea de tomar la decisi\u00f3n correcta ser\u00e1 mucho m\u00e1s f\u00e1cil.<\/p>\n<p>A la hora de elegir un producto, tambi\u00e9n hay que prestar atenci\u00f3n a sus par\u00e1metros, es decir, la velocidad de funcionamiento, los modos disponibles, las funciones, las comodidades y la duraci\u00f3n de la bater\u00eda. Todas estas opciones mejoran en gran medida la higiene bucal diaria, haci\u00e9ndola a\u00fan m\u00e1s eficaz y c\u00f3moda.<\/p>\n<p>Por ejemplo, si tiene un problema de acumulaci\u00f3n de placa o de decoloraci\u00f3n persistente, busque un aparato con los modos adecuados y un nivel de vibraci\u00f3n s\u00f3nica de entre 80.000 y 96.000 oscilaciones por minuto. Si tienes alguna sensibilidad o inflamaci\u00f3n, presta especial atenci\u00f3n a los productos con modos suaves para cepillar y masajear suavemente las enc\u00edas.<\/p>\n<p>Si buscas un cepillo dental s\u00f3nico para varias personas, vale la pena elegir un modelo con m\u00faltiples funciones y modos.[\/vc_column_text][\/toggle][toggle color=\u00bbDefault\u00bb title=\u00bb\u00bfCepillo de dientes s\u00f3nico o el\u00e9ctrico?\u00bb][vc_column_text]Todo depende de sus preferencias personales. Es importante recordar que los cepillos de dientes el\u00e9ctricos avanzados de hoy en d\u00eda (especialmente los que utilizan tecnolog\u00eda 3D) difieren poco en su eficacia de los cepillos de dientes s\u00f3nicos. Actualmente, las \u00fanicas diferencias entre ambos tipos de aparatos son el tipo de cabezal de limpieza, su funcionamiento y la velocidad m\u00e1xima que puede alcanzar.<\/p>\n<p>Los cepillos el\u00e9ctricos est\u00e1ndar tienen un cabezal redondo y son capaces de girar a una velocidad m\u00e1xima de 8800 por minuto y de pulsar a 40.000 por minuto. Eliminan la placa y las manchas de forma mec\u00e1nica, con mucha m\u00e1s eficacia que los cepillos manuales.<\/p>\n<p>Los cepillos dentales s\u00f3nicos, en cambio, tienen un cabezal alargado similar al de un cepillo tradicional. Para limpiar los dientes utilizan ultrasonidos, que son capaces de emitir a una frecuencia de hasta 96.000 vibraciones por minuto. Funcionan con la pasta de dientes y nuestra saliva, que crea microburbujas en la boca para eliminar eficazmente las bacterias. Los cepillos dentales s\u00f3nicos se mueven con el movimiento de barrido recomendado por los dentistas (hasta 48.000 barridos por minuto).<\/p>\n<p>Los cepillos de dientes s\u00f3nicos suelen ser ligeramente m\u00e1s caros que los el\u00e9ctricos, debido a su tecnolog\u00eda, pero no es una regla. De hecho, los rotativos m\u00e1s avanzados de la marca Oral-B pueden costar tanto como los cepillos de dientes s\u00f3nicos m\u00e1s caros.<\/p>\n<p>Es dif\u00edcil decir qu\u00e9 producto es mejor para ti. Tanto los cepillos el\u00e9ctricos como los s\u00f3nicos pueden limpiar tu boca a fondo de bacterias, mejorando significativamente el estado de tus dientes y enc\u00edas. A la hora de elegir un cepillo de dientes, debes pensar qu\u00e9 tipo de funcionamiento prefieres y qu\u00e9 cepillo tiene cerdas m\u00e1s amables con tu boca.[\/vc_column_text][\/toggle][toggle color=\u00bbDefault\u00bb title=\u00bb\u00bfPara qui\u00e9n es un cepillo de dientes s\u00f3nico? \u00bfQui\u00e9n puede utilizar un cepillo de dientes s\u00f3nico?\u00bb][vc_column_text]Los cepillos dentales s\u00f3nicos no son invasivos y son completamente seguros, lo que significa que pueden ser utilizados por casi todo el mundo, incluidos los ni\u00f1os (a partir de tres a\u00f1os), los ancianos y las personas con aparatos de ortodoncia, puentes o pr\u00f3tesis dentales. Nada se opone al uso de aparatos s\u00f3nicos por parte de personas con todo tipo de hipersensibilidad en las enc\u00edas o con falta de dientes.<\/p>\n<p>Los profesionales coinciden en que los cepillos dentales s\u00f3nicos son actualmente los productos m\u00e1s eficaces para el cuidado bucal diario. Y el m\u00e1s seguro. Eso es porque est\u00e1n dise\u00f1ados para atender a todos los grupos de personas.<\/p>\n<p>Los cepillos dentales s\u00f3nicos para ni\u00f1os, por ejemplo, tienen puntas con cerdas m\u00e1s finas para limpiar eficazmente los dientes de la dentici\u00f3n y mejorar el flujo sangu\u00edneo en las enc\u00edas sensibles de los ni\u00f1os peque\u00f1os. Los productos para portadores de ortodoncia, puentes y dentaduras postizas tienen puntas de cerdas m\u00e1s largas para eliminar eficazmente las bacterias de los empastes de las dentaduras, proporcionando una protecci\u00f3n completa contra la placa diaria en las zonas sensibles.<\/p>\n<p>El mercado ofrece una gran variedad de consejos para los aparatos s\u00f3nicos, que est\u00e1n especialmente dise\u00f1ados para determinados grupos de personas. Por ello, los cepillos s\u00f3nicos pueden recomendarse a todos los que sue\u00f1an con una sonrisa sana y bonita.[\/vc_column_text][\/toggle][toggle color=\u00bbDefault\u00bb title=\u00bb\u00bfQu\u00e9 cepillo dental s\u00f3nico para mi hijo?\u00bb][vc_column_text]Hoy en d\u00eda hay muchos cepillos dentales s\u00f3nicos en el mercado que est\u00e1n especialmente dise\u00f1ados para los beb\u00e9s. Se caracterizan por tener menos vibraciones por minuto, cerdas m\u00e1s delicadas y muchas caracter\u00edsticas que mejoran la higiene bucal de los ni\u00f1os. Estos incluyen un temporizador especial que le indica a su hijo el tiempo correcto para cepillarse los dientes, por lo que puede estar seguro de que su peque\u00f1o siempre se limpia los dientes correctamente. Otras instalaciones agradables para los ni\u00f1os son los mangos de colores que representan personajes de cuentos de hadas o las melod\u00edas que suenan durante el cepillado.<\/p>\n<p>A la hora de elegir un producto para su hijo, debe prestar atenci\u00f3n a si el cepillo dental s\u00f3nico tiene un cabezal adecuadamente peque\u00f1o y cerdas suaves, y si tiene todas las caracter\u00edsticas descritas anteriormente. Tambi\u00e9n es una buena idea comprar en consulta con tu hijo peque\u00f1o y elegir un producto que simplemente le guste.<\/p>\n<p>Los cepillos dentales s\u00f3nicos pueden ser utilizados por ni\u00f1os de hasta tres a\u00f1os de edad. Si tu hijo tiene la edad suficiente para limpiarse los dientes conscientemente, es una buena idea regalarle un cepillo dental s\u00f3nico, ya que proporciona un producto de higiene bucal seguro y eficaz.[\/vc_column_text][\/toggle][\/toggles][vc_column_text css=\u00bb.vc_custom_1630331940021{margin-top: 80px !important;}\u00bb]\n<h2>Uso del cepillo de dientes<\/h2>\n[\/vc_column_text][toggles style=\u00bbminimal\u00bb][toggle color=\u00bbDefault\u00bb title=\u00bb\u00bfC\u00f3mo funciona un cepillo de dientes s\u00f3nico?\u00bb][vc_column_text]El funcionamiento de un cepillo de dientes s\u00f3nico se basa en la emisi\u00f3n de ondas s\u00f3nicas que ponen las cerdas en un movimiento de barrido recomendado por los dentistas. En t\u00e9rminos t\u00e9cnicos, es lo siguiente: Un motor especial hace vibrar las cerdas del cepillo de dientes s\u00f3nico, lo que hace que las ondas sonoras se propaguen a trav\u00e9s del fluido, que consiste en agua y saliva. Esto crea las llamadas microburbujas que eliminan eficazmente las bacterias, la placa y otros residuos diarios de todos los rincones de la boca.<\/p>\n<p>Gracias a su dise\u00f1o especial y a la acci\u00f3n de barrido recomendada por los expertos, los cepillos dentales s\u00f3nicos est\u00e1n considerados como los dispositivos de cuidado bucal m\u00e1s avanzados de la actualidad. Pueden moverse a velocidades que van desde 31.000 golpes por minuto hasta 96.000 golpes por minuto en los modelos m\u00e1s nuevos. Esto los convierte en los m\u00e1s r\u00e1pidos del mercado.<\/p>\n<p>La tecnolog\u00eda hace que los cepillos dentales s\u00f3nicos sean seguros y f\u00e1ciles de usar. Pueden ser utilizados por todo el mundo, desde los ni\u00f1os hasta los ancianos, para los aparatos de ortodoncia, los puentes y las coronas, y para los consumidores con dientes perdidos y problemas de sensibilidad.[\/vc_column_text][\/toggle][toggle color=\u00bbDefault\u00bb title=\u00bb\u00bfC\u00f3mo me cepillo los dientes con un cepillo s\u00f3nico?\u00bb][vc_column_text]Se recomienda el mismo procedimiento para utilizar un cepillo dental s\u00f3nico que para un cepillo el\u00e9ctrico rotatorio.<br \/>\nEn primer lugar, hay que asegurarse de que el producto est\u00e1 cargado antes de empezar a limpiar la boca; de lo contrario, no funcionar\u00e1 correctamente y se convertir\u00e1 en nada m\u00e1s que un cepillo de dientes manual normal.<\/p>\n<p>Empapa el cabezal de tu cepillo de dientes s\u00f3nico y luego aplica una peque\u00f1a cantidad de pasta de dientes (preferiblemente una pasta de dientes con una baja RDA para asegurar que no irrita tu esmalte) justo antes de empezar a cepillarte. No encienda el aparato hasta que el cepillo de dientes est\u00e9 en la boca, ya que de lo contrario existe el riesgo de que la pasta de dientes se desprenda de las cerdas.<\/p>\n<p>Al cepillarse, sujete el dispositivo en un \u00e1ngulo de 45 grados, igual que cuando se utiliza un cepillo de dientes manual. Recuerda limpiar las cuatro zonas de la boca, dedicando treinta segundos a cada una. El proceso completo de cepillado debe durar dos minutos, tal y como recomiendan los dentistas (un temporizador integrado en cada dispositivo s\u00f3nico puede ayudarle a respetar este temporizador).<\/p>\n<p>Cuando termines de cepillarte, es conveniente que saques el cabezal del cepillo del mango y lo enjuagues bajo el grifo. Una vez que el producto se haya secado lo suficiente, vuelva a colocarlo en el mango y con\u00e9ctelo al cargador.<\/p>\n<p>Se recomienda enjuagar los dientes primero con agua y luego con un enjuague bucal especial para completar la rutina diaria de cuidado bucal despu\u00e9s del cepillado con un cepillo dental s\u00f3nico.[\/vc_column_text][\/toggle][toggle color=\u00bbDefault\u00bb title=\u00bb\u00bfCon qu\u00e9 frecuencia debo sustituir las puntas de mi cepillo dental s\u00f3nico?\u00bb][vc_column_text]Seg\u00fan las recomendaciones, los cabezales de los cepillos dentales s\u00f3nicos deben sustituirse cada tres meses. Sin embargo, es importante recordar que las cerdas del cabezal del cepillo deben sustituirse siempre si se deforman de alguna manera, ya que las cerdas dobladas pierden sus propiedades. Tambi\u00e9n debes reemplazar los cabezales del cepillo s\u00f3nico despu\u00e9s de haber tenido un resfriado o una gripe, ya que estas condiciones pueden dejar bacterias en el producto que pueden afectar no s\u00f3lo a tu salud bucal, sino a todo tu cuerpo.<\/p>\n<p>Afortunadamente, hoy en d\u00eda la mayor\u00eda de las puntas de los cepillos dentales s\u00f3nicos est\u00e1n equipadas con un indicador especial de desgaste de las cerdas, por lo que no tenemos que comprobar cu\u00e1ndo hay que sustituir el cabezal del cepillo, ya que \u00e9ste lo hace por nosotros.[\/vc_column_text][\/toggle][toggle color=\u00bbDefault\u00bb title=\u00bb\u00bfQu\u00e9 pasta de dientes para un cepillo s\u00f3nico?\u00bb][vc_column_text]En principio, nada le impide limpiarse la boca con un cepillo dental s\u00f3nico utilizando la pasta de dientes que usaba antes de comprar el aparato.<\/p>\n<p>Sin embargo, debe asegurarse de que la pasta de dientes que elija tenga un \u00edndice de abrasividad bajo (RDA) debido a la alta velocidad de los cepillos s\u00f3nicos, que hace que el esmalte sea especialmente vulnerable a los da\u00f1os mec\u00e1nicos. Es una buena idea buscar pastas de dientes que sustituyan el carbonato de calcio por formas delicadas de s\u00edlice.<\/p>\n<p>Tambi\u00e9n debemos asegurarnos de que la consistencia de la pasta de dientes para un cepillo s\u00f3nico es ligeramente m\u00e1s gruesa que la de uno tradicional; esto evitar\u00e1 que la pasta de dientes baje del cabezal de limpieza, lo que tiene un impacto significativo en la eficacia de la preparaci\u00f3n. Tambi\u00e9n es importante elegir un producto que no contenga muchos ingredientes espumosos, que pueden afectar tanto a la comodidad de la limpieza como a la posibilidad de terminar de cepillarse los dientes demasiado r\u00e1pido.<\/p>\n<p>El mercado actual ofrece multitud de pastas dentales para cepillos s\u00f3nicos y si est\u00e1s indeciso sobre qu\u00e9 producto es el adecuado para tu aparato, este tipo de pasta siempre ser\u00e1 una soluci\u00f3n muy buena y segura.[\/vc_column_text][\/toggle][\/toggles][\/vc_column][\/vc_row]\n","protected":false},"excerpt":{"rendered":"<p>[vc_row type=\u00bbfull_width_background\u00bb full_screen_row_position=\u00bbmiddle\u00bb column_margin=\u00bbdefault\u00bb column_direction=\u00bbdefault\u00bb column_direction_tablet=\u00bbdefault\u00bb column_direction_phone=\u00bbdefault\u00bb scene_position=\u00bbcenter\u00bb text_color=\u00bbdark\u00bb text_align=\u00bbleft\u00bb row_border_radius=\u00bbnone\u00bb row_border_radius_applies=\u00bbbg\u00bb overlay_strength=\u00bb0.3&#8243; gradient_direction=\u00bbleft_to_right\u00bb shape_divider_position=\u00bbbottom\u00bb bg_image_animation=\u00bbnone\u00bb shape_type=\u00bb\u00bb][vc_column column_padding=\u00bbno-extra-padding\u00bb column_padding_tablet=\u00bbinherit\u00bb column_padding_phone=\u00bbinherit\u00bb column_padding_position=\u00bball\u00bb background_color_opacity=\u00bb1&#8243; background_hover_color_opacity=\u00bb1&#8243; column_shadow=\u00bbnone\u00bb column_border_radius=\u00bbnone\u00bb&#8230;<\/p>\n","protected":false},"author":1,"featured_media":0,"parent":0,"menu_order":0,"comment_status":"closed","ping_status":"closed","template":"","meta":{"_acf_changed":false,"footnotes":""},"class_list":["post-16545","page","type-page","status-publish"],"acf":[],"_links":{"self":[{"href":"https:\/\/smilesonic.com\/es\/wp-json\/wp\/v2\/pages\/16545","targetHints":{"allow":["GET"]}}],"collection":[{"href":"https:\/\/smilesonic.com\/es\/wp-json\/wp\/v2\/pages"}],"about":[{"href":"https:\/\/smilesonic.com\/es\/wp-json\/wp\/v2\/types\/page"}],"author":[{"embeddable":true,"href":"https:\/\/smilesonic.com\/es\/wp-json\/wp\/v2\/users\/1"}],"replies":[{"embeddable":true,"href":"https:\/\/smilesonic.com\/es\/wp-json\/wp\/v2\/comments?post=16545"}],"version-history":[{"count":1,"href":"https:\/\/smilesonic.com\/es\/wp-json\/wp\/v2\/pages\/16545\/revisions"}],"predecessor-version":[{"id":16546,"href":"https:\/\/smilesonic.com\/es\/wp-json\/wp\/v2\/pages\/16545\/revisions\/16546"}],"wp:attachment":[{"href":"https:\/\/smilesonic.com\/es\/wp-json\/wp\/v2\/media?parent=16545"}],"curies":[{"name":"wp","href":"https:\/\/api.w.org\/{rel}","templated":true}]}}