{"id":51746,"date":"2024-03-07T12:11:44","date_gmt":"2024-03-07T11:11:44","guid":{"rendered":"https:\/\/smilesonic.com\/?post_type=product&#038;p=51746"},"modified":"2024-06-03T15:59:25","modified_gmt":"2024-06-03T13:59:25","slug":"smilesonic-aquaflow-kieferorthopaedische-irrigatorspitzen-2-stk-zur-reinigung-von-kieferorthopaedischen-geraeten-und-zahnersatz","status":"publish","type":"product","link":"https:\/\/smilesonic.com\/de\/produkt\/smilesonic-aquaflow-kieferorthopaedische-irrigatorspitzen-2-stk-zur-reinigung-von-kieferorthopaedischen-geraeten-und-zahnersatz\/","title":{"rendered":"Smilesonic Aquaflow Orthodontic Ersatzd\u00fcsen 2 Stk. &#8211; zur Reinigung von kieferorthop\u00e4dischen Ger\u00e4ten und Zahnersatz"},"content":{"rendered":"<p>Wer eine Zahnspange oder Zahnprothese tr\u00e4gt, muss besonders auf eine gr\u00fcndliche Mundhygiene achten. Es ist wichtig zu wissen, dass die Borsten einer Zahnb\u00fcrste die Bereiche um die Brackets (oder &#8222;Dr\u00e4hte&#8220;) und Ligaturen der Apparatur nicht erreichen k\u00f6nnen, weshalb es notwendig ist, zus\u00e4tzlich professionelle Ger\u00e4te zu verwenden. Die kieferorthop\u00e4dischen Handst\u00fccke von Smilesonic bilden ein harmonisches Duo mit dem Smilesonic Aquaflow Irrigator, der selbst hartn\u00e4ckige Verschmutzungen von Problemzonen im Mundraum m\u00fchelos entfernen kann. Sie bilden die Basis der Hygiene f\u00fcr alle, die ihren Biss mit einer Zahnspange korrigieren m\u00fcssen.<\/p>\n<p><strong>Effektive Pflege f\u00fcr den Bereich um Zahnspange und Zahnersatz<\/strong><\/p>\n<p>Die Filamente der kieferorthop\u00e4dischen Handst\u00fccke Smilesonic Aquaflow sind so geformt, dass der Wasserstrahl schwer zug\u00e4ngliche Stellen im Mundraum leichter erreicht. Sie erm\u00f6glichen es, nicht nur die Zahnzwischenr\u00e4ume, sondern auch die einzelnen Elemente der kieferorthop\u00e4dischen Apparatur und den Bereich um die Zahnprothese vollst\u00e4ndig von Schmutz zu befreien.<\/p>\n<p><strong>Einfache Anwendung und Entfernung der Handst\u00fccke<\/strong><\/p>\n<p>Ein wichtiger Vorteil der vorgestellten kieferorthop\u00e4dischen Spitzen f\u00fcr den Smilesonic Aquaflow Irrigator ist auch die m\u00fchelose Montage. Dazu wird zun\u00e4chst der Entriegelungsknopf f\u00fcr die Spitze gedr\u00fcckt, dann wird die Spitze eingesetzt, bis sie &#8222;einrastet&#8220;. Durch erneutes Dr\u00fccken des Ausl\u00f6seknopfes wird die Spitze wieder entfernt.<\/p>\n<p><strong>Technische Daten<\/strong><\/p>\n<p>F\u00fcr das Modell: Smilesonic Aquaflow.<\/p>\n<p>Zweck: Kieferorthop\u00e4disches Sp\u00fclhandst\u00fcck zur Reinigung von Zahnspangen und Zahnersatz.<\/p>\n<p>Anzahl der mitgelieferten K\u00f6pfe: 2 St\u00fcck.<\/p>\n<p><span style=\"color: #ff0000;\"><strong>Die Spitzen des Smilesonic Aquaflow Irrigators sind nicht mit dem Smilesonic H2O Irrigator kompatibel!<\/strong><\/span><\/p>\n","protected":false},"excerpt":{"rendered":"<p>Die kieferorthop\u00e4dischen Ersatzd\u00fcsen f\u00fcr die kabellose Zahnsp\u00fclung Smilesonic Aquaflow sind spezielle Reinigungsd\u00fcsen, die f\u00fcr Tr\u00e4ger von Zahnspangen und Zahnersatz entwickelt wurden. Der Wasserstrahl, den sie erzeugen, pflegt selbst die kleinsten Ecken und Winkel um die Zahnspange oder den Zahnersatz und entfernt gleichzeitig Bakterien, um Karies und Mundgeruch zu verhindern.<\/p>\n","protected":false},"featured_media":48738,"comment_status":"open","ping_status":"closed","template":"","meta":{"_acf_changed":false},"product_brand":[],"product_cat":[3113],"product_tag":[],"class_list":{"0":"post-51746","1":"product","2":"type-product","3":"status-publish","4":"has-post-thumbnail","6":"product_cat-ersatzduesen","8":"first","9":"instock","10":"shipping-taxable","11":"purchasable","12":"product-type-simple"},"acf":[],"_links":{"self":[{"href":"https:\/\/smilesonic.com\/de\/wp-json\/wp\/v2\/product\/51746","targetHints":{"allow":["GET"]}}],"collection":[{"href":"https:\/\/smilesonic.com\/de\/wp-json\/wp\/v2\/product"}],"about":[{"href":"https:\/\/smilesonic.com\/de\/wp-json\/wp\/v2\/types\/product"}],"replies":[{"embeddable":true,"href":"https:\/\/smilesonic.com\/de\/wp-json\/wp\/v2\/comments?post=51746"}],"wp:featuredmedia":[{"embeddable":true,"href":"https:\/\/smilesonic.com\/de\/wp-json\/wp\/v2\/media\/48738"}],"wp:attachment":[{"href":"https:\/\/smilesonic.com\/de\/wp-json\/wp\/v2\/media?parent=51746"}],"wp:term":[{"taxonomy":"product_brand","embeddable":true,"href":"https:\/\/smilesonic.com\/de\/wp-json\/wp\/v2\/product_brand?post=51746"},{"taxonomy":"product_cat","embeddable":true,"href":"https:\/\/smilesonic.com\/de\/wp-json\/wp\/v2\/product_cat?post=51746"},{"taxonomy":"product_tag","embeddable":true,"href":"https:\/\/smilesonic.com\/de\/wp-json\/wp\/v2\/product_tag?post=51746"}],"curies":[{"name":"wp","href":"https:\/\/api.w.org\/{rel}","templated":true}]}}