{"id":51745,"date":"2024-03-07T12:11:51","date_gmt":"2024-03-07T11:11:51","guid":{"rendered":"https:\/\/smilesonic.com\/?post_type=product&#038;p=51745"},"modified":"2025-08-03T14:41:08","modified_gmt":"2025-08-03T12:41:08","slug":"smilesonic-aquaflow-periodontal-ersatzduesen-2-stk-zur-linderung-von-entzuendungen-in-der-mundhoehle","status":"publish","type":"product","link":"https:\/\/smilesonic.com\/de\/produkt\/smilesonic-aquaflow-periodontal-ersatzduesen-2-stk-zur-linderung-von-entzuendungen-in-der-mundhoehle\/","title":{"rendered":"Smilesonic Aquaflow Periodontal Ersatzd\u00fcsen 2 Stk. &#8211; zur Linderung von Entz\u00fcndungen in der Mundh\u00f6hle"},"content":{"rendered":"<p>Mundentz\u00fcndungen k\u00f6nnen durch schlechte oder fehlende Mundhygiene, einen ungesunden Lebensstil, d.h. zu viel S\u00fc\u00dfigkeiten, Alkohol und Rauchen, sowie durch bestimmte chronische Krankheiten wie Diabetes verursacht werden. Zu den Hauptsymptomen geh\u00f6ren R\u00f6tungen, Blutungen, Schwellungen bis hin zu schmerzhaften Zahnfleischlockerungen oder unangenehmem Mundgeruch. Um ihnen wirksam vorzubeugen und bestehende zu lindern, lohnt sich die Anschaffung des vorgestellten Smilesonic Parodontal-Handst\u00fccks f\u00fcr die kabellose Aquaflow-Sp\u00fclung.<\/p>\n<p><strong>Wirksam gegen Entz\u00fcndungen<\/strong><\/p>\n<p>Das Smilesonic Parodontal-Handst\u00fcck fokussiert den Wasserstrahl der Sp\u00fclung auf die entz\u00fcndungsanf\u00e4lligen Zahnfleischbereiche. Auf diese Weise lassen sich Speisereste, Plaque und Ablagerungen, die sich in den tiefsten Vertiefungen des Mundes ablagern, leicht entfernen, was zu einer Verschlimmerung der Entz\u00fcndung und sogar zu einem sehr unangenehmen Zustand des Zahnhalses f\u00fchren kann. Diese D\u00fcse eignet sich hervorragend f\u00fcr die pr\u00e4zise Reinigung der Zahnzwischenr\u00e4ume von kari\u00f6sen Bakterien.<\/p>\n<p><strong>Einfache Installation<\/strong><\/p>\n<p>Die Spitze des Smilesonic Perio Irrigators f\u00fcr orale Entz\u00fcndungen wird einfach auf den Griff des kabellosen Smilesonic H2O Irrigators aufgesteckt. Dazu dr\u00fccken Sie zun\u00e4chst den Entriegelungsknopf f\u00fcr die Spitze und stecken dann die Spitze ein, bis es &#8222;klickt&#8220;. Durch erneutes Dr\u00fccken des Entriegelungsknopfes wird die Spitze wieder abgezogen.<\/p>\n<p><strong>Technische Daten<\/strong><\/p>\n<p>F\u00fcr Modell: Smilesonic Aquaflow.<\/p>\n<p>Zweck: Irrigatorspitze zur Linderung von Entz\u00fcndungen im Mund.<\/p>\n<p>Anzahl der enthaltenen K\u00f6pfe: 2 St\u00fcck.<\/p>\n<p><span style=\"color: #ff0000;\"><strong>Smilesonic Aquaflow Irrigatorspitzen sind nicht mit dem Smilesonic H2O Irrigator kompatibel!<\/strong><\/span><\/p>\n","protected":false},"excerpt":{"rendered":"<p>Ersatzspitzen zur Linderung von Entz\u00fcndungen im Mundraum f\u00fcr die kabellose Zahnsp\u00fclung Smilesonic Aquaflow. Sie sind f\u00fcr Menschen gedacht, die unter wundem, \u00fcberempfindlichem und blutendem Zahnfleisch leiden. Der von ihnen abgegebene Wasserstrahl konzentriert sich auf die pr\u00e4zise Reinigung der Zahnfleischbereiche und hemmt so die weitere Entwicklung von Entz\u00fcndungen. Das Anbringen der Smilesonic Parodontal-Handst\u00fccke ist denkbar einfach und bereitet keine Probleme.<\/p>\n","protected":false},"featured_media":48742,"comment_status":"open","ping_status":"closed","template":"","meta":{"_acf_changed":false},"product_brand":[],"product_cat":[3113],"product_tag":[],"class_list":{"0":"post-51745","1":"product","2":"type-product","3":"status-publish","4":"has-post-thumbnail","6":"product_cat-ersatzduesen","8":"first","9":"instock","10":"shipping-taxable","11":"purchasable","12":"product-type-simple"},"acf":[],"_links":{"self":[{"href":"https:\/\/smilesonic.com\/de\/wp-json\/wp\/v2\/product\/51745","targetHints":{"allow":["GET"]}}],"collection":[{"href":"https:\/\/smilesonic.com\/de\/wp-json\/wp\/v2\/product"}],"about":[{"href":"https:\/\/smilesonic.com\/de\/wp-json\/wp\/v2\/types\/product"}],"replies":[{"embeddable":true,"href":"https:\/\/smilesonic.com\/de\/wp-json\/wp\/v2\/comments?post=51745"}],"wp:featuredmedia":[{"embeddable":true,"href":"https:\/\/smilesonic.com\/de\/wp-json\/wp\/v2\/media\/48742"}],"wp:attachment":[{"href":"https:\/\/smilesonic.com\/de\/wp-json\/wp\/v2\/media?parent=51745"}],"wp:term":[{"taxonomy":"product_brand","embeddable":true,"href":"https:\/\/smilesonic.com\/de\/wp-json\/wp\/v2\/product_brand?post=51745"},{"taxonomy":"product_cat","embeddable":true,"href":"https:\/\/smilesonic.com\/de\/wp-json\/wp\/v2\/product_cat?post=51745"},{"taxonomy":"product_tag","embeddable":true,"href":"https:\/\/smilesonic.com\/de\/wp-json\/wp\/v2\/product_tag?post=51745"}],"curies":[{"name":"wp","href":"https:\/\/api.w.org\/{rel}","templated":true}]}}