{"id":51742,"date":"2024-03-07T12:11:30","date_gmt":"2024-03-07T11:11:30","guid":{"rendered":"https:\/\/smilesonic.com\/?post_type=product&#038;p=51742"},"modified":"2026-03-26T22:45:27","modified_gmt":"2026-03-26T21:45:27","slug":"smilesonic-aquaflow-standard-ersatzduesen-2-stk-fuer-die-taegliche-reinigung","status":"publish","type":"product","link":"https:\/\/smilesonic.com\/de\/produkt\/smilesonic-aquaflow-standard-ersatzduesen-2-stk-fuer-die-taegliche-reinigung\/","title":{"rendered":"Smilesonic Aquaflow Standard Ersatzd\u00fcsen 2 Stk. &#8211; f\u00fcr die t\u00e4gliche Reinigung"},"content":{"rendered":"<p>Der Mund ist der Ort, an dem sich die meisten pathogenen Bakterien, die Karies oder Zahnfleischentz\u00fcndungen verursachen, vermehren. Mit B\u00fcrsten allein l\u00e4sst sich dieses Problem nicht l\u00f6sen, und die Verwendung von Zahnseide nach jeder Mahlzeit kann m\u00fchsam sein. Aus diesem Grund lohnt sich die Anschaffung der Smilesonic Aquaflow Zahnsp\u00fclung. Die Smilesonic Standard-D\u00fcsen f\u00fcr die t\u00e4gliche Sp\u00fclung befreien die empfindlichen Bereiche des Mundes mit einem pulsierenden Wasserstrahl effektiv von Plaque und Speiseresten.<\/p>\n<p><strong>Vergessen Sie l\u00e4stige Plaqueansammlungen zwischen den Z\u00e4hnen<\/strong><\/p>\n<p>Mit dem klassischen pulsierenden Wasserstrahl der Standardd\u00fcse der Smilesonic Aquaflow-Sp\u00fclung lassen sich unsch\u00f6ne Ablagerungen in den tangentialen Bereichen der Z\u00e4hne leicht beseitigen. Es ist gut zu wissen, dass die D\u00fcse das Wasser so absaugt, dass es die Bakterien, die Hauptursache f\u00fcr Mundgeruch, vernichtet und selbst empfindliches Zahnfleisch nicht reizt.<\/p>\n<p><strong>Problemlose Installation des Handst\u00fccks<\/strong><\/p>\n<p>Wir waren bestrebt, das Einsetzen und Entfernen des Standard-Smilesonic-Sp\u00fclhandst\u00fccks so einfach wie m\u00f6glich zu gestalten. Dazu dr\u00fccken wir zun\u00e4chst den Knopf zum L\u00f6sen der Spitze und setzen dann die Spitze ein, bis sie mit einem Klick&#8220; einrastet. Anschlie\u00dfend wird die Spitze durch erneutes Dr\u00fccken des Entriegelungsknopfes abgezogen.<\/p>\n<p><strong>Technische Daten<\/strong><\/p>\n<p>F\u00fcr das Modell: Smilesonic Aquaflow.<\/p>\n<p>Zweck: Standard-Sp\u00fclerspitze f\u00fcr die t\u00e4gliche Interdentalpflege.<\/p>\n<p>Anzahl der enthaltenen K\u00f6pfe: 2 St\u00fcck.<\/p>\n<p><span style=\"color: #ff0000;\"><strong>Smilesonic Aquaflow Irrigatorspitzen sind nicht mit dem Smilesonic H2O Irrigator kompatibel!<\/strong><\/span><\/p>\n","protected":false},"excerpt":{"rendered":"<p>Standard-Ersatzspitzen f\u00fcr die kabellose Zahnsp\u00fclung Smilesonic Aquaflow. Sie werden verwendet, um unansehnliche Plaque und sch\u00e4dliche Ablagerungen aus schwer zug\u00e4nglichen Bereichen wie den Zahnzwischenr\u00e4umen zu entfernen. Sie verbessern deutlich den Gesamtzustand des Zahnfleisches, halten die gesamte Mundh\u00f6hle sauber und sorgen so f\u00fcr frischen Atem. Empfohlen f\u00fcr alle, die die Gesundheit ihres L\u00e4chelns wirksam pflegen wollen.<\/p>\n","protected":false},"featured_media":48734,"comment_status":"open","ping_status":"closed","template":"","meta":{"_acf_changed":false},"product_brand":[],"product_cat":[3113],"product_tag":[],"class_list":{"0":"post-51742","1":"product","2":"type-product","3":"status-publish","4":"has-post-thumbnail","6":"product_cat-ersatzduesen","8":"first","9":"instock","10":"shipping-taxable","11":"purchasable","12":"product-type-simple"},"acf":[],"_links":{"self":[{"href":"https:\/\/smilesonic.com\/de\/wp-json\/wp\/v2\/product\/51742","targetHints":{"allow":["GET"]}}],"collection":[{"href":"https:\/\/smilesonic.com\/de\/wp-json\/wp\/v2\/product"}],"about":[{"href":"https:\/\/smilesonic.com\/de\/wp-json\/wp\/v2\/types\/product"}],"replies":[{"embeddable":true,"href":"https:\/\/smilesonic.com\/de\/wp-json\/wp\/v2\/comments?post=51742"}],"wp:featuredmedia":[{"embeddable":true,"href":"https:\/\/smilesonic.com\/de\/wp-json\/wp\/v2\/media\/48734"}],"wp:attachment":[{"href":"https:\/\/smilesonic.com\/de\/wp-json\/wp\/v2\/media?parent=51742"}],"wp:term":[{"taxonomy":"product_brand","embeddable":true,"href":"https:\/\/smilesonic.com\/de\/wp-json\/wp\/v2\/product_brand?post=51742"},{"taxonomy":"product_cat","embeddable":true,"href":"https:\/\/smilesonic.com\/de\/wp-json\/wp\/v2\/product_cat?post=51742"},{"taxonomy":"product_tag","embeddable":true,"href":"https:\/\/smilesonic.com\/de\/wp-json\/wp\/v2\/product_tag?post=51742"}],"curies":[{"name":"wp","href":"https:\/\/api.w.org\/{rel}","templated":true}]}}