{"id":51741,"date":"2024-03-07T12:12:08","date_gmt":"2024-03-07T11:12:08","guid":{"rendered":"https:\/\/smilesonic.com\/?post_type=product&#038;p=51741"},"modified":"2024-06-03T15:52:35","modified_gmt":"2024-06-03T13:52:35","slug":"smilesonic-aquaflow-tongue-ersatzduesen-2-stk-zur-reinigung-der-zungenoberflaeche","status":"publish","type":"product","link":"https:\/\/smilesonic.com\/de\/produkt\/smilesonic-aquaflow-tongue-ersatzduesen-2-stk-zur-reinigung-der-zungenoberflaeche\/","title":{"rendered":"Smilesonic Aquaflow Tongue Ersatzd\u00fcsen 2 Stk. &#8211; zur Reinigung der Zungenoberfl\u00e4che"},"content":{"rendered":"<p>Die Zunge ist ein sehr wichtiger Teil der Mundh\u00f6hle, da sie viele wichtige Funktionen erf\u00fcllt. Dank ihr k\u00f6nnen wir bestimmte W\u00f6rter aussprechen, Geschm\u00e4cker unterscheiden oder Nahrung aufnehmen. Leider ist sie auch der Ort, an dem die meisten sch\u00e4dlichen Bakterien gedeihen. Mit der Zeit k\u00f6nnen Keime, die sich auf der Zunge befinden, tief in unseren K\u00f6rper eindringen und sehr negative Folgen verursachen. Die Smilesonic Zungenaufs\u00e4tze f\u00fcr den Aquaflow Irrigator l\u00f6sen dieses Problem und sorgen daf\u00fcr, dass die Zungenoberfl\u00e4che jeden Tag glatt und sauber ist und angenehm riecht.<\/p>\n<p><strong>Sprachliche Betreuung auf h\u00f6chstem Niveau<\/strong><\/p>\n<p>Die Smilesonic Zungenhygienespitzen f\u00fcr die Zungenhygiene haben keine \u00c4hnlichkeit mit den klassischen Reinigungsd\u00fcsen, die auf Irrigatoren angebracht sind. Sie sind oval und viel breiter, perfekt angepasst an die Form der Oberfl\u00e4che, die sie effektiv pflegen sollen. Sie entfernen den allt\u00e4glichen Zahnbelag und die Ablagerungen auf der Zunge, die die Ursache f\u00fcr die Beeintr\u00e4chtigung der Frische unseres Atems sind.<\/p>\n<p><strong>Problemlose Anwendung und Entfernung der Zungenreinigungsspitze<\/strong><\/p>\n<p>Die Zungenreinigungsspitzen von Smilesonic lassen sich ganz einfach am Griff der Smilesonic Aquaflow Zahnsp\u00fclung anbringen. Dazu dr\u00fccken Sie zun\u00e4chst den Knopf zum L\u00f6sen der Spitze und setzen dann die Spitze ein, bis es &#8222;klickt&#8220;. Durch erneutes Dr\u00fccken des Entriegelungsknopfes wird die Spitze wieder abgezogen.<\/p>\n<p><strong>Spezifikation<\/strong><\/p>\n<p>F\u00fcr das Modell: Smilesonic Aquaflow.<\/p>\n<p>Zweck: Irrigatorspitze zur Reinigung der Zungenoberfl\u00e4che.<\/p>\n<p>Anzahl der K\u00f6pfe enthalten: 2 St\u00fcck.<\/p>\n<p><span style=\"color: #ff0000;\"><strong>Smilesonic Aquaflow Irrigatorspitzen sind nicht mit dem Smilesonic H2O Irrigator kompatibel!<\/strong><\/span><\/p>\n","protected":false},"excerpt":{"rendered":"<p>Ersatzspitzen zur Reinigung der Zungenoberfl\u00e4che f\u00fcr die kabellose Zungensp\u00fclung Smilesonic Aquaflow. Mit ihrer ovalen Form entfernen sie effektiv alle Arten von Plaque auf der Zunge und beugen so Mundgeruch vor. Ein paar Tage regelm\u00e4\u00dfiger Gebrauch reichen aus, um die Zungenoberfl\u00e4che sauber, glatt und gepflegt zu machen.<\/p>\n","protected":false},"featured_media":48750,"comment_status":"open","ping_status":"closed","template":"","meta":{"_acf_changed":false},"product_brand":[],"product_cat":[3113],"product_tag":[],"class_list":{"0":"post-51741","1":"product","2":"type-product","3":"status-publish","4":"has-post-thumbnail","6":"product_cat-ersatzduesen","8":"first","9":"instock","10":"shipping-taxable","11":"purchasable","12":"product-type-simple"},"acf":[],"_links":{"self":[{"href":"https:\/\/smilesonic.com\/de\/wp-json\/wp\/v2\/product\/51741","targetHints":{"allow":["GET"]}}],"collection":[{"href":"https:\/\/smilesonic.com\/de\/wp-json\/wp\/v2\/product"}],"about":[{"href":"https:\/\/smilesonic.com\/de\/wp-json\/wp\/v2\/types\/product"}],"replies":[{"embeddable":true,"href":"https:\/\/smilesonic.com\/de\/wp-json\/wp\/v2\/comments?post=51741"}],"wp:featuredmedia":[{"embeddable":true,"href":"https:\/\/smilesonic.com\/de\/wp-json\/wp\/v2\/media\/48750"}],"wp:attachment":[{"href":"https:\/\/smilesonic.com\/de\/wp-json\/wp\/v2\/media?parent=51741"}],"wp:term":[{"taxonomy":"product_brand","embeddable":true,"href":"https:\/\/smilesonic.com\/de\/wp-json\/wp\/v2\/product_brand?post=51741"},{"taxonomy":"product_cat","embeddable":true,"href":"https:\/\/smilesonic.com\/de\/wp-json\/wp\/v2\/product_cat?post=51741"},{"taxonomy":"product_tag","embeddable":true,"href":"https:\/\/smilesonic.com\/de\/wp-json\/wp\/v2\/product_tag?post=51741"}],"curies":[{"name":"wp","href":"https:\/\/api.w.org\/{rel}","templated":true}]}}