{"id":51732,"date":"2024-03-07T12:11:58","date_gmt":"2024-03-07T11:11:58","guid":{"rendered":"https:\/\/smilesonic.com\/?post_type=product&#038;p=51732"},"modified":"2024-06-03T15:56:06","modified_gmt":"2024-06-03T13:56:06","slug":"smilesonic-aquaflow-toothbrush-ersatzduesen-2-stk-fuer-die-reinigung-der-interdentalraeume","status":"publish","type":"product","link":"https:\/\/smilesonic.com\/de\/produkt\/smilesonic-aquaflow-toothbrush-ersatzduesen-2-stk-fuer-die-reinigung-der-interdentalraeume\/","title":{"rendered":"Smilesonic Aquaflow Toothbrush Ersatzd\u00fcsen 2 Stk. &#8211; f\u00fcr die Reinigung der Interdentalr\u00e4ume"},"content":{"rendered":"<p>Zahnimplantate sind kleine Titanschrauben, die, wenn sie in den Kieferknochen eingepflanzt werden, die Zahnwurzeln ersetzen sollen. Damit dies m\u00f6glich ist, m\u00fcssen sie jedoch richtig gepflegt werden. In der N\u00e4he von Implantaten sammeln sich h\u00e4ufig Bakterien an, die einen unangenehmen Mundgeruch und Entz\u00fcndungen im Mund verursachen. Die Smilesonic-Zahnb\u00fcrstenaufs\u00e4tze f\u00fcr die Smilesonic-Aquaflow-Sp\u00fclung erm\u00f6glichen eine pr\u00e4zise Reinigung der Bereiche um prothetische Versorgungen und dort, wo die Borsten einer Zahnb\u00fcrste nicht hinkommen.<\/p>\n<p><strong>Vergessen Sie problematische Ablagerungen zwischen den Z\u00e4hnen<\/strong><\/p>\n<p>Mit dem klassischen pulsierenden Wasserstrahl der Smilesonic Standard-Sp\u00fcld\u00fcse k\u00f6nnen Sie problemlos Ablagerungen in den tangentialen Bereichen Ihrer Z\u00e4hne beseitigen. Dar\u00fcber hinaus leitet die D\u00fcse das Wasser so, dass es sich positiv auf Ihr Zahnfleisch auswirkt und Bakterien, die Mundgeruch verursachen k\u00f6nnen, beseitigt.<\/p>\n<p><strong>Einfache Bedienung<\/strong><\/p>\n<p>Jetzt m\u00fcssen Sie nicht mehr mit der Spitze &#8222;ringen&#8220;, um sie auf den Irrigatorgriff zu schieben! Die Montage der Smilesonic Plaque Interdentalreinigungsspitzen ist trivial. Dr\u00fccken Sie dazu zuerst den Entriegelungsknopf f\u00fcr die Spitze, dann setzen Sie die Spitze ein, bis sie einrastet&#8220;. Durch erneutes Dr\u00fccken des Entriegelungsknopfes wird die Spitze wieder entfernt.<\/p>\n<p><strong>Spezifikationen<\/strong><\/p>\n<p>F\u00fcr das Modell: Smilesonic Aquaflow.<\/p>\n<p>Zweck: Irrigatorspitze zur Reinigung der Zahnzwischenr\u00e4ume.<\/p>\n<p>Anzahl der enthaltenen K\u00f6pfe: 2 St\u00fcck.<\/p>\n<p><span style=\"color: #ff0000;\"><strong>Smilesonic Aquaflow Irrigatorspitzen sind nicht mit dem Smilesonic H2O Irrigator kompatibel!<\/strong><\/span><\/p>\n","protected":false},"excerpt":{"rendered":"<p>Auswechselbare Interdentalreinigungsd\u00fcsen f\u00fcr die kabellose Sp\u00fclung Smilesonic Aquaflow. Diese Reinigungsd\u00fcsen sind vor allem f\u00fcr die Pflege von Zahnimplantaten und -br\u00fccken konzipiert. Sie zeichnen sich durch einen speziellen Borstentyp aus, mit dem die problematischsten Bereiche rund um die prothetische Versorgung erreicht werden k\u00f6nnen. Die Smilesonic-Zahnb\u00fcrste l\u00e4sst sich leicht anbringen und abnehmen, so dass die Verwendung der Smilesonic-Zahnb\u00fcrste f\u00fcr Aquaflow-Sp\u00fclger\u00e4te ein Vergn\u00fcgen ist.<\/p>\n","protected":false},"featured_media":48746,"comment_status":"open","ping_status":"closed","template":"","meta":{"_acf_changed":false},"product_brand":[],"product_cat":[3113],"product_tag":[],"class_list":{"0":"post-51732","1":"product","2":"type-product","3":"status-publish","4":"has-post-thumbnail","6":"product_cat-ersatzduesen","8":"first","9":"instock","10":"shipping-taxable","11":"purchasable","12":"product-type-simple"},"acf":[],"_links":{"self":[{"href":"https:\/\/smilesonic.com\/de\/wp-json\/wp\/v2\/product\/51732","targetHints":{"allow":["GET"]}}],"collection":[{"href":"https:\/\/smilesonic.com\/de\/wp-json\/wp\/v2\/product"}],"about":[{"href":"https:\/\/smilesonic.com\/de\/wp-json\/wp\/v2\/types\/product"}],"replies":[{"embeddable":true,"href":"https:\/\/smilesonic.com\/de\/wp-json\/wp\/v2\/comments?post=51732"}],"wp:featuredmedia":[{"embeddable":true,"href":"https:\/\/smilesonic.com\/de\/wp-json\/wp\/v2\/media\/48746"}],"wp:attachment":[{"href":"https:\/\/smilesonic.com\/de\/wp-json\/wp\/v2\/media?parent=51732"}],"wp:term":[{"taxonomy":"product_brand","embeddable":true,"href":"https:\/\/smilesonic.com\/de\/wp-json\/wp\/v2\/product_brand?post=51732"},{"taxonomy":"product_cat","embeddable":true,"href":"https:\/\/smilesonic.com\/de\/wp-json\/wp\/v2\/product_cat?post=51732"},{"taxonomy":"product_tag","embeddable":true,"href":"https:\/\/smilesonic.com\/de\/wp-json\/wp\/v2\/product_tag?post=51732"}],"curies":[{"name":"wp","href":"https:\/\/api.w.org\/{rel}","templated":true}]}}