{"id":51725,"date":"2021-11-09T14:46:42","date_gmt":"2021-11-09T13:46:42","guid":{"rendered":"https:\/\/smilesonic.com\/?post_type=product&#038;p=51725"},"modified":"2026-02-20T20:04:38","modified_gmt":"2026-02-20T19:04:38","slug":"smilesonic-sensitive-zahnpasta-fuer-ueberempfindliche-zaehne-und-zahnfleisch","status":"publish","type":"product","link":"https:\/\/smilesonic.com\/de\/produkt\/smilesonic-sensitive-zahnpasta-fuer-ueberempfindliche-zaehne-und-zahnfleisch\/","title":{"rendered":"Smilesonic Sensitive Zahnpasta &#8211; f\u00fcr \u00fcberempfindliche Z\u00e4hne und Zahnfleisch"},"content":{"rendered":"[vc_row type=&#8220;full_width_content&#8220; full_screen_row_position=&#8220;middle&#8220; column_margin=&#8220;default&#8220; equal_height=&#8220;yes&#8220; content_placement=&#8220;middle&#8220; column_direction=&#8220;default&#8220; column_direction_tablet=&#8220;default&#8220; column_direction_phone=&#8220;default&#8220; scene_position=&#8220;center&#8220; text_color=&#8220;dark&#8220; text_align=&#8220;left&#8220; row_border_radius=&#8220;none&#8220; row_border_radius_applies=&#8220;bg&#8220; overlay_strength=&#8220;0.3&#8243; gradient_direction=&#8220;left_to_right&#8220; shape_divider_position=&#8220;bottom&#8220; bg_image_animation=&#8220;none&#8220; shape_type=&#8220;&#8220;][vc_column column_padding=&#8220;no-extra-padding&#8220; column_padding_tablet=&#8220;inherit&#8220; column_padding_phone=&#8220;inherit&#8220; column_padding_position=&#8220;all&#8220; background_color_opacity=&#8220;1&#8243; background_hover_color_opacity=&#8220;1&#8243; column_shadow=&#8220;none&#8220; column_border_radius=&#8220;none&#8220; column_link_target=&#8220;_self&#8220; gradient_direction=&#8220;left_to_right&#8220; overlay_strength=&#8220;0.3&#8243; width=&#8220;1\/2&#8243; tablet_width_inherit=&#8220;default&#8220; tablet_text_alignment=&#8220;default&#8220; phone_text_alignment=&#8220;default&#8220; column_border_width=&#8220;none&#8220; column_border_style=&#8220;solid&#8220; bg_image_animation=&#8220;none&#8220;][image_with_animation image_url=&#8220;17815&#8243; animation=&#8220;Fade In&#8220; hover_animation=&#8220;none&#8220; alignment=&#8220;&#8220; border_radius=&#8220;none&#8220; box_shadow=&#8220;none&#8220; image_loading=&#8220;default&#8220; max_width=&#8220;100%&#8220; max_width_mobile=&#8220;default&#8220;][\/vc_column][vc_column column_padding=&#8220;padding-5-percent&#8220; column_padding_tablet=&#8220;inherit&#8220; column_padding_phone=&#8220;inherit&#8220; column_padding_position=&#8220;left-right&#8220; top_margin_tablet=&#8220;45&#8243; top_margin_phone=&#8220;30&#8243; background_color_opacity=&#8220;1&#8243; background_hover_color_opacity=&#8220;1&#8243; column_shadow=&#8220;none&#8220; column_border_radius=&#8220;none&#8220; column_link_target=&#8220;_self&#8220; gradient_direction=&#8220;left_to_right&#8220; overlay_strength=&#8220;0.3&#8243; width=&#8220;1\/2&#8243; tablet_width_inherit=&#8220;default&#8220; tablet_text_alignment=&#8220;default&#8220; phone_text_alignment=&#8220;default&#8220; column_border_width=&#8220;none&#8220; column_border_style=&#8220;solid&#8220; bg_image_animation=&#8220;none&#8220;][vc_custom_heading text=&#8220;Smilesonic Sensitive&#8220; google_fonts=&#8220;font_family:Open%20Sans%3A300%2C300italic%2Cregular%2Citalic%2C600%2C600italic%2C700%2C700italic%2C800%2C800italic|font_style:700%20bold%20regular%3A700%3Anormal&#8220; css=&#8220;.vc_custom_1638274278327{padding-bottom: 15px !important;}&#8220;][vc_column_text]Sch\u00e4tzungen zufolge haben bis zu 15 % der Bev\u00f6lkerung regelm\u00e4\u00dfig mit empfindlichen Z\u00e4hnen und empfindlichem Zahnfleisch zu k\u00e4mpfen. Das Problem tritt als Folge schlechter Mundhygiene, mechanischer Sch\u00e4den oder unzureichender Ern\u00e4hrung auf. Sie ist leicht zu erkennen &#8211; ihr charakteristisches Merkmal ist ein starker, pulsierender Schmerz beim Verzehr von hei\u00dfen, kalten, sauren oder s\u00fc\u00dfen Produkten. Mit der Zahnpasta Smilesonic Sensitive k\u00f6nnen Sie die \u00dcberempfindlichkeit wirksam bek\u00e4mpfen. Die Zahnpasta enth\u00e4lt alle Inhaltsstoffe, die notwendig sind, um den Fl\u00fcssigkeitsstrom in den Dentinkan\u00e4lchen, der die Schmerzimpulse weiterleitet, zu schlie\u00dfen und zu blockieren.[\/vc_column_text][\/vc_column][\/vc_row][vc_row type=&#8220;full_width_content&#8220; full_screen_row_position=&#8220;middle&#8220; column_margin=&#8220;default&#8220; equal_height=&#8220;yes&#8220; content_placement=&#8220;middle&#8220; column_direction=&#8220;default&#8220; column_direction_tablet=&#8220;default&#8220; column_direction_phone=&#8220;default&#8220; scene_position=&#8220;center&#8220; text_color=&#8220;dark&#8220; text_align=&#8220;left&#8220; row_border_radius=&#8220;none&#8220; row_border_radius_applies=&#8220;bg&#8220; overlay_strength=&#8220;0.3&#8243; gradient_direction=&#8220;left_to_right&#8220; shape_divider_position=&#8220;bottom&#8220; bg_image_animation=&#8220;none&#8220; shape_type=&#8220;&#8220;][vc_column column_padding=&#8220;padding-5-percent&#8220; column_padding_tablet=&#8220;inherit&#8220; column_padding_phone=&#8220;inherit&#8220; column_padding_position=&#8220;all&#8220; top_margin_tablet=&#8220;0&#8243; bottom_margin_tablet=&#8220;45&#8243; top_margin_phone=&#8220;0&#8243; bottom_margin_phone=&#8220;30&#8243; background_color_opacity=&#8220;1&#8243; background_hover_color_opacity=&#8220;1&#8243; column_shadow=&#8220;none&#8220; column_border_radius=&#8220;none&#8220; column_link_target=&#8220;_self&#8220; gradient_direction=&#8220;left_to_right&#8220; overlay_strength=&#8220;0.3&#8243; width=&#8220;1\/2&#8243; tablet_width_inherit=&#8220;default&#8220; tablet_text_alignment=&#8220;default&#8220; phone_text_alignment=&#8220;default&#8220; column_border_width=&#8220;none&#8220; column_border_style=&#8220;solid&#8220; bg_image_animation=&#8220;none&#8220;][vc_custom_heading text=&#8220;Inhaltsstoffe, die den Schmerz wirksam stoppen&#8220; google_fonts=&#8220;font_family:Open%20Sans%3A300%2C300italic%2Cregular%2Citalic%2C600%2C600italic%2C700%2C700italic%2C800%2C800italic|font_style:700%20bold%20regular%3A700%3Anormal&#8220; css=&#8220;.vc_custom_1716809023319{padding-bottom: 15px !important;}&#8220;][vc_column_text]Drei Hauptbestandteile sind f\u00fcr die Wirksamkeit von Smilesonic Sensitive Zahnpasta f\u00fcr empfindliche Z\u00e4hne verantwortlich:<\/p>\n<ul>\n<li>Natriumfluorid (1450 ppm) &#8211; st\u00e4rkt die Oberfl\u00e4che des Zahnschmelzes und sch\u00fctzt ihn vor Karies.<\/li>\n<li>Xylitol &#8211; ist ein nat\u00fcrlicher Zucker, der die Wirkung von Natriumfluorid bei der St\u00e4rkung des Zahnschmelzes unterst\u00fctzt. Dar\u00fcber hinaus gleicht dieser Wirkstoff den pH-Wert im Mund aus und reduziert das Wachstum sch\u00e4dlicher Bakterien.<\/li>\n<li>Hydroxylapatit &#8211; seine Funktion besteht darin, den Fl\u00fcssigkeitsfluss in den Kan\u00e4lchen zu hemmen und so Schmerzreize zu stoppen.<\/li>\n<\/ul>\n[\/vc_column_text][vc_custom_heading text=&#8220;Wiederherstellung von besch\u00e4digtem Zahnschmelz&#8220; google_fonts=&#8220;font_family:Open%20Sans%3A300%2C300italic%2Cregular%2Citalic%2C600%2C600italic%2C700%2C700italic%2C800%2C800italic|font_style:700%20bold%20regular%3A700%3Anormal&#8220; css=&#8220;.vc_custom_1716809113200{padding-bottom: 15px !important;}&#8220;][vc_column_text]Mit Smilesonic Sensitive Zahnpasta f\u00fcr \u00dcberempfindlichkeit haben Sie die M\u00f6glichkeit, nicht nur die mit \u00dcberempfindlichkeit verbundenen Schmerzen loszuwerden, sondern auch eine wirksame Remineralisierung Ihrer Z\u00e4hne durchzuf\u00fchren. Diese Funktion wird durch das Pr\u00e4parat mit dem bereits erw\u00e4hnten Hydroxylapatit gew\u00e4hrleistet. Dieses Mineral baut Hohlr\u00e4ume wieder auf und legt au\u00dferdem eine spezielle Schutzschicht \u00fcber den Zahnschmelz, die kari\u00f6se Ver\u00e4nderungen und \u00fcberempfindliche Z\u00e4hne verhindert.[\/vc_column_text][\/vc_column][vc_column column_padding=&#8220;no-extra-padding&#8220; column_padding_tablet=&#8220;inherit&#8220; column_padding_phone=&#8220;inherit&#8220; column_padding_position=&#8220;left-right&#8220; background_color_opacity=&#8220;1&#8243; background_hover_color_opacity=&#8220;1&#8243; column_shadow=&#8220;none&#8220; column_border_radius=&#8220;none&#8220; column_link_target=&#8220;_self&#8220; gradient_direction=&#8220;left_to_right&#8220; overlay_strength=&#8220;0.3&#8243; width=&#8220;1\/2&#8243; tablet_width_inherit=&#8220;default&#8220; tablet_text_alignment=&#8220;default&#8220; phone_text_alignment=&#8220;default&#8220; column_border_width=&#8220;none&#8220; column_border_style=&#8220;solid&#8220; bg_image_animation=&#8220;none&#8220;][image_with_animation image_url=&#8220;17819&#8243; animation=&#8220;Fade In&#8220; hover_animation=&#8220;none&#8220; alignment=&#8220;&#8220; border_radius=&#8220;none&#8220; box_shadow=&#8220;none&#8220; image_loading=&#8220;default&#8220; max_width=&#8220;100%&#8220; max_width_mobile=&#8220;default&#8220;][\/vc_column][\/vc_row][vc_row type=&#8220;full_width_content&#8220; full_screen_row_position=&#8220;middle&#8220; column_margin=&#8220;default&#8220; equal_height=&#8220;yes&#8220; content_placement=&#8220;middle&#8220; column_direction=&#8220;default&#8220; column_direction_tablet=&#8220;default&#8220; column_direction_phone=&#8220;default&#8220; scene_position=&#8220;center&#8220; text_color=&#8220;dark&#8220; text_align=&#8220;left&#8220; row_border_radius=&#8220;none&#8220; row_border_radius_applies=&#8220;bg&#8220; overlay_strength=&#8220;0.3&#8243; gradient_direction=&#8220;left_to_right&#8220; shape_divider_position=&#8220;bottom&#8220; bg_image_animation=&#8220;none&#8220; shape_type=&#8220;&#8220;][vc_column column_padding=&#8220;no-extra-padding&#8220; column_padding_tablet=&#8220;inherit&#8220; column_padding_phone=&#8220;inherit&#8220; column_padding_position=&#8220;all&#8220; background_color_opacity=&#8220;1&#8243; background_hover_color_opacity=&#8220;1&#8243; column_shadow=&#8220;none&#8220; column_border_radius=&#8220;none&#8220; column_link_target=&#8220;_self&#8220; gradient_direction=&#8220;left_to_right&#8220; overlay_strength=&#8220;0.3&#8243; width=&#8220;1\/2&#8243; tablet_width_inherit=&#8220;default&#8220; tablet_text_alignment=&#8220;default&#8220; phone_text_alignment=&#8220;default&#8220; column_border_width=&#8220;none&#8220; column_border_style=&#8220;solid&#8220; bg_image_animation=&#8220;none&#8220;][image_with_animation image_url=&#8220;17823&#8243; animation=&#8220;Fade In&#8220; hover_animation=&#8220;none&#8220; alignment=&#8220;&#8220; border_radius=&#8220;none&#8220; box_shadow=&#8220;none&#8220; image_loading=&#8220;default&#8220; max_width=&#8220;100%&#8220; max_width_mobile=&#8220;default&#8220;][\/vc_column][vc_column column_padding=&#8220;padding-5-percent&#8220; column_padding_tablet=&#8220;inherit&#8220; column_padding_phone=&#8220;inherit&#8220; column_padding_position=&#8220;left-right&#8220; top_margin_tablet=&#8220;45&#8243; top_margin_phone=&#8220;30&#8243; background_color_opacity=&#8220;1&#8243; background_hover_color_opacity=&#8220;1&#8243; column_shadow=&#8220;none&#8220; column_border_radius=&#8220;none&#8220; column_link_target=&#8220;_self&#8220; gradient_direction=&#8220;left_to_right&#8220; overlay_strength=&#8220;0.3&#8243; width=&#8220;1\/2&#8243; tablet_width_inherit=&#8220;default&#8220; tablet_text_alignment=&#8220;default&#8220; phone_text_alignment=&#8220;default&#8220; column_border_width=&#8220;none&#8220; column_border_style=&#8220;solid&#8220; bg_image_animation=&#8220;none&#8220;][vc_custom_heading text=&#8220;Sch\u00f6ner Atem f\u00fcr l\u00e4nger&#8220; google_fonts=&#8220;font_family:Open%20Sans%3A300%2C300italic%2Cregular%2Citalic%2C600%2C600italic%2C700%2C700italic%2C800%2C800italic|font_style:700%20bold%20regular%3A700%3Anormal&#8220; css=&#8220;.vc_custom_1716809140992{padding-bottom: 15px !important;}&#8220;][vc_column_text]Die Zahnpasta f\u00fcr \u00fcberempfindliche Z\u00e4hne Smilesonic Sensitive enth\u00e4lt Menthol, das dem Pr\u00e4parat einen erfrischenden Nachgeschmack verleiht. Dank ihm bleibt das angenehme Aroma noch lange nach dem Z\u00e4hneputzen im Mund.[\/vc_column_text][vc_custom_heading text=&#8220;Empfohlen f\u00fcr Benutzer von Schallzahnb\u00fcrsten&#8220; google_fonts=&#8220;font_family:Open%20Sans%3A300%2C300italic%2Cregular%2Citalic%2C600%2C600italic%2C700%2C700italic%2C800%2C800italic|font_style:700%20bold%20regular%3A700%3Anormal&#8220; css=&#8220;.vc_custom_1716809163304{padding-bottom: 15px !important;}&#8220;][vc_column_text]Die Konsistenz der Zahnpasta Smilesonic Sensitive wurde f\u00fcr die Verwendung mit Schallzahnb\u00fcrsten angepasst. Das Produkt ist ausreichend dickfl\u00fcssig, so dass es auch bei den schnellen Putzbewegungen der modernen Mundhygieneger\u00e4te nicht von den Borsten abl\u00e4uft. Smilesonic Sensitive Zahnpasta sch\u00e4umt auch nicht \u00fcberm\u00e4\u00dfig (anstelle von SLS enth\u00e4lt die Zahnpasta Cocamidopropylbetain, das eine subtile Wirkung hat). Smilesonic Sensitive Zahnpasta f\u00fcr \u00dcberempfindliche sollte nicht von Kindern unter sieben Jahren verwendet werden.<\/p>\n<p><strong>Zusammensetzung<\/strong>: Glycerin, Wasser, hydratisiertes Siliziumdioxid, Kaliumcitrat, Pentanatriumtriphosphat, Xylit, Cellulosegummi, Cocamidopropylbetain, Mentha Arvensis Blatt\u00f6l, Natriumfluorid, Steviosid, Menthol, Natriumchlorid, Mentha Piperita \u00d6l, Aloe Barbadensis Blattsaftpulver, Hydroxyapatit, CI 77891.<\/p>\n<p><strong>Natriumfluoridgehalt<\/strong>: 1450 ppm F.<\/p>\n<p><strong>Fassungsverm\u00f6gen<\/strong>: 75 ml.[\/vc_column_text][\/vc_column][\/vc_row]\n","protected":false},"excerpt":{"rendered":"<p>Smilesonic Sensitive Zahnpasta bietet eine L\u00f6sung f\u00fcr alle, die mit empfindlichen Z\u00e4hnen und Zahnfleisch zu k\u00e4mpfen haben. Das Produkt st\u00e4rkt den geschw\u00e4chten Zahnschmelz und f\u00fcllt seine Hohlr\u00e4ume dank der drei wichtigsten Wirkstoffe &#8211; Natriumfluorid, Xylit und Hydroxylapatit &#8211; wieder auf. Smilesonic Sensitive Zahnpasta f\u00fcr \u00dcberempfindliche hat einen niedrigen Abrasivit\u00e4tsfaktor, der f\u00fcr empfindliche Z\u00e4hne sicher ist. Dank ihrer speziellen, dickfl\u00fcssigen Konsistenz funktioniert sie am besten beim Putzen mit einer Schallzahnb\u00fcrste.<\/p>\n","protected":false},"featured_media":17731,"comment_status":"open","ping_status":"closed","template":"","meta":{"_acf_changed":false},"product_brand":[],"product_cat":[3112],"product_tag":[],"class_list":{"0":"post-51725","1":"product","2":"type-product","3":"status-publish","4":"has-post-thumbnail","6":"product_cat-schallzahnbuerstenpasten","8":"first","9":"instock","10":"shipping-taxable","11":"purchasable","12":"product-type-simple"},"acf":[],"_links":{"self":[{"href":"https:\/\/smilesonic.com\/de\/wp-json\/wp\/v2\/product\/51725","targetHints":{"allow":["GET"]}}],"collection":[{"href":"https:\/\/smilesonic.com\/de\/wp-json\/wp\/v2\/product"}],"about":[{"href":"https:\/\/smilesonic.com\/de\/wp-json\/wp\/v2\/types\/product"}],"replies":[{"embeddable":true,"href":"https:\/\/smilesonic.com\/de\/wp-json\/wp\/v2\/comments?post=51725"}],"wp:featuredmedia":[{"embeddable":true,"href":"https:\/\/smilesonic.com\/de\/wp-json\/wp\/v2\/media\/17731"}],"wp:attachment":[{"href":"https:\/\/smilesonic.com\/de\/wp-json\/wp\/v2\/media?parent=51725"}],"wp:term":[{"taxonomy":"product_brand","embeddable":true,"href":"https:\/\/smilesonic.com\/de\/wp-json\/wp\/v2\/product_brand?post=51725"},{"taxonomy":"product_cat","embeddable":true,"href":"https:\/\/smilesonic.com\/de\/wp-json\/wp\/v2\/product_cat?post=51725"},{"taxonomy":"product_tag","embeddable":true,"href":"https:\/\/smilesonic.com\/de\/wp-json\/wp\/v2\/product_tag?post=51725"}],"curies":[{"name":"wp","href":"https:\/\/api.w.org\/{rel}","templated":true}]}}