{"id":51722,"date":"2021-11-09T14:27:50","date_gmt":"2021-11-09T13:27:50","guid":{"rendered":"https:\/\/smilesonic.com\/?post_type=product&#038;p=51722"},"modified":"2025-11-16T16:55:56","modified_gmt":"2025-11-16T15:55:56","slug":"smilesonic-paste-carbon-white-mit-aktivkohle","status":"publish","type":"product","link":"https:\/\/smilesonic.com\/de\/produkt\/smilesonic-paste-carbon-white-mit-aktivkohle\/","title":{"rendered":"Smilesonic Paste Carbon White &#8211; mit Aktivkohle"},"content":{"rendered":"[vc_row type=&#8220;full_width_content&#8220; full_screen_row_position=&#8220;middle&#8220; column_margin=&#8220;default&#8220; equal_height=&#8220;yes&#8220; content_placement=&#8220;middle&#8220; column_direction=&#8220;default&#8220; column_direction_tablet=&#8220;default&#8220; column_direction_phone=&#8220;default&#8220; scene_position=&#8220;center&#8220; text_color=&#8220;dark&#8220; text_align=&#8220;left&#8220; row_border_radius=&#8220;none&#8220; row_border_radius_applies=&#8220;bg&#8220; overlay_strength=&#8220;0.3&#8243; gradient_direction=&#8220;left_to_right&#8220; shape_divider_position=&#8220;bottom&#8220; bg_image_animation=&#8220;none&#8220; shape_type=&#8220;&#8220;][vc_column column_padding=&#8220;no-extra-padding&#8220; column_padding_tablet=&#8220;inherit&#8220; column_padding_phone=&#8220;inherit&#8220; column_padding_position=&#8220;all&#8220; background_color_opacity=&#8220;1&#8243; background_hover_color_opacity=&#8220;1&#8243; column_shadow=&#8220;none&#8220; column_border_radius=&#8220;none&#8220; column_link_target=&#8220;_self&#8220; gradient_direction=&#8220;left_to_right&#8220; overlay_strength=&#8220;0.3&#8243; width=&#8220;1\/2&#8243; tablet_width_inherit=&#8220;default&#8220; tablet_text_alignment=&#8220;default&#8220; phone_text_alignment=&#8220;default&#8220; column_border_width=&#8220;none&#8220; column_border_style=&#8220;solid&#8220; bg_image_animation=&#8220;none&#8220;][image_with_animation image_url=&#8220;17839&#8243; animation=&#8220;Fade In&#8220; hover_animation=&#8220;none&#8220; alignment=&#8220;&#8220; border_radius=&#8220;none&#8220; box_shadow=&#8220;none&#8220; image_loading=&#8220;default&#8220; max_width=&#8220;100%&#8220; max_width_mobile=&#8220;default&#8220;][\/vc_column][vc_column column_padding=&#8220;padding-5-percent&#8220; column_padding_tablet=&#8220;inherit&#8220; column_padding_phone=&#8220;inherit&#8220; column_padding_position=&#8220;left-right&#8220; top_margin_tablet=&#8220;45&#8243; top_margin_phone=&#8220;30&#8243; background_color_opacity=&#8220;1&#8243; background_hover_color_opacity=&#8220;1&#8243; column_shadow=&#8220;none&#8220; column_border_radius=&#8220;none&#8220; column_link_target=&#8220;_self&#8220; gradient_direction=&#8220;left_to_right&#8220; overlay_strength=&#8220;0.3&#8243; width=&#8220;1\/2&#8243; tablet_width_inherit=&#8220;default&#8220; tablet_text_alignment=&#8220;default&#8220; phone_text_alignment=&#8220;default&#8220; column_border_width=&#8220;none&#8220; column_border_style=&#8220;solid&#8220; bg_image_animation=&#8220;none&#8220;][vc_custom_heading text=&#8220;Smilesonic Carbon White&#8220; google_fonts=&#8220;font_family:Open%20Sans%3A300%2C300italic%2Cregular%2Citalic%2C600%2C600italic%2C700%2C700italic%2C800%2C800italic|font_style:700%20bold%20regular%3A700%3Anormal&#8220; css=&#8220;.vc_custom_1638275537512{padding-bottom: 15px !important;}&#8220;][vc_column_text]Aktivkohle besteht aus unregelm\u00e4\u00dfig angeordneten Kohlenstoffatomen, wodurch sie eine por\u00f6se Struktur erh\u00e4lt. Dadurch ist sie in der Lage, Ablagerungen aus Kaffee, Tee, Rotwein, S\u00e4ften oder Zigaretten von der Oberfl\u00e4che der Z\u00e4hne zu entfernen. Die gesundheitsf\u00f6rdernde und aufhellende Wirkung der Aktivkohle hat die Wissenschaftler in den Labors von Smilesonic dazu inspiriert, eine einzigartige schwarze Aktivkohlezahnpasta zu entwickeln. Die Smilesonic Carbon White Aktivkohlezahnpasta wurde entwickelt, um die Z\u00e4hne nicht nur effektiv aufzuhellen, sondern auch den Zahnschmelz vor Karies zu sch\u00fctzen und den Anwendern \u00fcber Stunden hinweg einen sch\u00f6nen, frischen Atem zu verleihen. Das Produkt wurde so formuliert, dass es am besten mit den sanften Bewegungen der Schallzahnb\u00fcrsten funktioniert.[\/vc_column_text][\/vc_column][\/vc_row][vc_row type=&#8220;full_width_content&#8220; full_screen_row_position=&#8220;middle&#8220; column_margin=&#8220;default&#8220; equal_height=&#8220;yes&#8220; content_placement=&#8220;middle&#8220; column_direction=&#8220;default&#8220; column_direction_tablet=&#8220;default&#8220; column_direction_phone=&#8220;default&#8220; scene_position=&#8220;center&#8220; text_color=&#8220;dark&#8220; text_align=&#8220;left&#8220; row_border_radius=&#8220;none&#8220; row_border_radius_applies=&#8220;bg&#8220; overlay_strength=&#8220;0.3&#8243; gradient_direction=&#8220;left_to_right&#8220; shape_divider_position=&#8220;bottom&#8220; bg_image_animation=&#8220;none&#8220; shape_type=&#8220;&#8220;][vc_column column_padding=&#8220;padding-5-percent&#8220; column_padding_tablet=&#8220;inherit&#8220; column_padding_phone=&#8220;inherit&#8220; column_padding_position=&#8220;all&#8220; top_margin_tablet=&#8220;0&#8243; bottom_margin_tablet=&#8220;45&#8243; top_margin_phone=&#8220;0&#8243; bottom_margin_phone=&#8220;30&#8243; background_color_opacity=&#8220;1&#8243; background_hover_color_opacity=&#8220;1&#8243; column_shadow=&#8220;none&#8220; column_border_radius=&#8220;none&#8220; column_link_target=&#8220;_self&#8220; gradient_direction=&#8220;left_to_right&#8220; overlay_strength=&#8220;0.3&#8243; width=&#8220;1\/2&#8243; tablet_width_inherit=&#8220;default&#8220; tablet_text_alignment=&#8220;default&#8220; phone_text_alignment=&#8220;default&#8220; column_border_width=&#8220;none&#8220; column_border_style=&#8220;solid&#8220; bg_image_animation=&#8220;none&#8220;][vc_custom_heading text=&#8220;Den Zahnschmelz wirksam und sicher aufhellen&#8220; google_fonts=&#8220;font_family:Open%20Sans%3A300%2C300italic%2Cregular%2Citalic%2C600%2C600italic%2C700%2C700italic%2C800%2C800italic|font_style:700%20bold%20regular%3A700%3Anormal&#8220; css=&#8220;.vc_custom_1716807913432{padding-bottom: 15px !important;}&#8220;][vc_column_text]Zahnaufhellung mit schwarzer Zahnpasta? Warum nicht! Die Experten aus den Smilesonic-Labors haben in die Zusammensetzung des vorgestellten Pr\u00e4parats geschickt Aktivkohle eingearbeitet, dank derer es regelm\u00e4\u00dfig und effektiv unansehnliche Ablagerungen vom Zahnschmelz entfernt. Dar\u00fcber hinaus hat die Zahnpasta Smilesonic Carbon mit Aktivkohle keine invasive Wirkung &#8211; dank ihres niedrigen RDA-Abriebkoeffizienten.[\/vc_column_text][vc_custom_heading text=&#8220;St\u00e4rken Sie Ihre Z\u00e4hne&#8220; google_fonts=&#8220;font_family:Open%20Sans%3A300%2C300italic%2Cregular%2Citalic%2C600%2C600italic%2C700%2C700italic%2C800%2C800italic|font_style:700%20bold%20regular%3A700%3Anormal&#8220; css=&#8220;.vc_custom_1716807941047{padding-bottom: 15px !important;}&#8220;][vc_column_text]Die Gesundheit Ihrer Z\u00e4hne ist noch wichtiger als ihr Aussehen. Deshalb ist die Zahnpasta Smilesonic Carbon White mit 1450 ppm Natriumfluorid ausgestattet. Das ist eine Dosis, die bei der empfohlenen zwei- bis dreimaligen Anwendung pro Tag eine \u00dcberdosierung von Fluorid verhindert und gleichzeitig sicherstellt, dass die Z\u00e4hne ausreichend gegen Karies gesch\u00fctzt sind.[\/vc_column_text][\/vc_column][vc_column column_padding=&#8220;no-extra-padding&#8220; column_padding_tablet=&#8220;inherit&#8220; column_padding_phone=&#8220;inherit&#8220; column_padding_position=&#8220;left-right&#8220; background_color_opacity=&#8220;1&#8243; background_hover_color_opacity=&#8220;1&#8243; column_shadow=&#8220;none&#8220; column_border_radius=&#8220;none&#8220; column_link_target=&#8220;_self&#8220; gradient_direction=&#8220;left_to_right&#8220; overlay_strength=&#8220;0.3&#8243; width=&#8220;1\/2&#8243; tablet_width_inherit=&#8220;default&#8220; tablet_text_alignment=&#8220;default&#8220; phone_text_alignment=&#8220;default&#8220; column_border_width=&#8220;none&#8220; column_border_style=&#8220;solid&#8220; bg_image_animation=&#8220;none&#8220;][image_with_animation image_url=&#8220;17843&#8243; animation=&#8220;Fade In&#8220; hover_animation=&#8220;none&#8220; alignment=&#8220;&#8220; border_radius=&#8220;none&#8220; box_shadow=&#8220;none&#8220; image_loading=&#8220;default&#8220; max_width=&#8220;100%&#8220; max_width_mobile=&#8220;default&#8220;][\/vc_column][\/vc_row][vc_row type=&#8220;full_width_content&#8220; full_screen_row_position=&#8220;middle&#8220; column_margin=&#8220;default&#8220; equal_height=&#8220;yes&#8220; content_placement=&#8220;middle&#8220; column_direction=&#8220;default&#8220; column_direction_tablet=&#8220;default&#8220; column_direction_phone=&#8220;default&#8220; scene_position=&#8220;center&#8220; text_color=&#8220;dark&#8220; text_align=&#8220;left&#8220; row_border_radius=&#8220;none&#8220; row_border_radius_applies=&#8220;bg&#8220; overlay_strength=&#8220;0.3&#8243; gradient_direction=&#8220;left_to_right&#8220; shape_divider_position=&#8220;bottom&#8220; bg_image_animation=&#8220;none&#8220; shape_type=&#8220;&#8220;][vc_column column_padding=&#8220;no-extra-padding&#8220; column_padding_tablet=&#8220;inherit&#8220; column_padding_phone=&#8220;inherit&#8220; column_padding_position=&#8220;all&#8220; background_color_opacity=&#8220;1&#8243; background_hover_color_opacity=&#8220;1&#8243; column_shadow=&#8220;none&#8220; column_border_radius=&#8220;none&#8220; column_link_target=&#8220;_self&#8220; gradient_direction=&#8220;left_to_right&#8220; overlay_strength=&#8220;0.3&#8243; width=&#8220;1\/2&#8243; tablet_width_inherit=&#8220;default&#8220; tablet_text_alignment=&#8220;default&#8220; phone_text_alignment=&#8220;default&#8220; column_border_width=&#8220;none&#8220; column_border_style=&#8220;solid&#8220; bg_image_animation=&#8220;none&#8220;][image_with_animation image_url=&#8220;17847&#8243; animation=&#8220;Fade In&#8220; hover_animation=&#8220;none&#8220; alignment=&#8220;&#8220; border_radius=&#8220;none&#8220; box_shadow=&#8220;none&#8220; image_loading=&#8220;default&#8220; max_width=&#8220;100%&#8220; max_width_mobile=&#8220;default&#8220;][\/vc_column][vc_column column_padding=&#8220;padding-5-percent&#8220; column_padding_tablet=&#8220;inherit&#8220; column_padding_phone=&#8220;inherit&#8220; column_padding_position=&#8220;left-right&#8220; top_margin_tablet=&#8220;45&#8243; top_margin_phone=&#8220;30&#8243; background_color_opacity=&#8220;1&#8243; background_hover_color_opacity=&#8220;1&#8243; column_shadow=&#8220;none&#8220; column_border_radius=&#8220;none&#8220; column_link_target=&#8220;_self&#8220; gradient_direction=&#8220;left_to_right&#8220; overlay_strength=&#8220;0.3&#8243; width=&#8220;1\/2&#8243; tablet_width_inherit=&#8220;default&#8220; tablet_text_alignment=&#8220;default&#8220; phone_text_alignment=&#8220;default&#8220; column_border_width=&#8220;none&#8220; column_border_style=&#8220;solid&#8220; bg_image_animation=&#8220;none&#8220;][vc_custom_heading text=&#8220;Sorgt f\u00fcr langanhaltend sch\u00f6nen Atem&#8220; google_fonts=&#8220;font_family:Open%20Sans%3A300%2C300italic%2Cregular%2Citalic%2C600%2C600italic%2C700%2C700italic%2C800%2C800italic|font_style:700%20bold%20regular%3A700%3Anormal&#8220; css=&#8220;.vc_custom_1716808408792{padding-bottom: 15px !important;}&#8220;][vc_column_text]Wir putzen unsere Z\u00e4hne auch, um einen frischen, angenehmen Atem zu haben. In der Zahnpasta Smilesonic Carbon White sorgt Menthol f\u00fcr diesen Effekt. Dank ihm kann das Gef\u00fchl der Mundfrische Sie den ganzen Tag \u00fcber begleiten![\/vc_column_text][vc_custom_heading text=&#8220;Holen Sie noch mehr aus Ihrer Schallzahnb\u00fcrste heraus&#8220; google_fonts=&#8220;font_family:Open%20Sans%3A300%2C300italic%2Cregular%2Citalic%2C600%2C600italic%2C700%2C700italic%2C800%2C800italic|font_style:700%20bold%20regular%3A700%3Anormal&#8220; css=&#8220;.vc_custom_1716808429358{padding-bottom: 15px !important;}&#8220;][vc_column_text]Smilesonic Carbon White Zahnpasta mit Aktivkohle hat eine gelartige, dicke Konsistenz, die verhindert, dass das Pr\u00e4parat beim Putzen &#8222;spritzt&#8220; und von den Borsten der Zahnb\u00fcrste abl\u00e4uft. Durch die spezielle Formulierung erreichen die Wirkstoffe auch leichter alle notwendigen Stellen im Mund. Smilesonic Carbon White Zahnpasta ist ideal f\u00fcr die Verwendung mit allen Smilesonic Schallzahnb\u00fcrsten.<\/p>\n<p>Die Zahnpasta wird nicht f\u00fcr Kinder unter sieben Jahren empfohlen.<\/p>\n<p><strong>Zusammensetzung<\/strong>: Glycerin, hydratisiertes Siliziumdioxid, Wasser, Pentadosiumtriphosphat, PVP, Cellulosegummi, Holzkohlepulver, Cocamidopropylbetain, Mentha Arvenesis Blatt\u00f6l, Natriumfluorid, Natriumsaccharin, Menthol, Natriumchlorid, Mentha Piperita \u00d6l.<br \/>\n<strong>Gehalt an Natriumfluorid<\/strong>: 1450 ppm F.<br \/>\n<strong>Inhalt<\/strong>: 75 ml.[\/vc_column_text][\/vc_column][\/vc_row]\n","protected":false},"excerpt":{"rendered":"<p>Die Smilesonic Carbon White Zahnpasta ist die einzige schwarze Zahnpasta in unserem Sortiment. Ihre einzigartige Farbe verdankt sie dem Zusatz von Aktivkohle &#8211; einer speziellen Substanz, die Verunreinigungen, Bakterien und Toxine wirksam aus dem Zahnschmelz entfernt und den Z\u00e4hnen ihr nat\u00fcrliches Wei\u00df zur\u00fcckgibt. Das Produkt sch\u00fctzt den Zahnschmelz vor Karies und sorgt f\u00fcr lang anhaltenden frischen Atem. Es ist die perfekte Erg\u00e4nzung zur Reinigung der Z\u00e4hne mit einer der Smilesonic-Schallzahnb\u00fcrsten.<\/p>\n","protected":false},"featured_media":17739,"comment_status":"open","ping_status":"closed","template":"","meta":{"_acf_changed":false},"product_brand":[],"product_cat":[3112],"product_tag":[],"class_list":{"0":"post-51722","1":"product","2":"type-product","3":"status-publish","4":"has-post-thumbnail","6":"product_cat-schallzahnbuerstenpasten","8":"first","9":"instock","10":"shipping-taxable","11":"purchasable","12":"product-type-simple"},"acf":[],"_links":{"self":[{"href":"https:\/\/smilesonic.com\/de\/wp-json\/wp\/v2\/product\/51722","targetHints":{"allow":["GET"]}}],"collection":[{"href":"https:\/\/smilesonic.com\/de\/wp-json\/wp\/v2\/product"}],"about":[{"href":"https:\/\/smilesonic.com\/de\/wp-json\/wp\/v2\/types\/product"}],"replies":[{"embeddable":true,"href":"https:\/\/smilesonic.com\/de\/wp-json\/wp\/v2\/comments?post=51722"}],"wp:featuredmedia":[{"embeddable":true,"href":"https:\/\/smilesonic.com\/de\/wp-json\/wp\/v2\/media\/17739"}],"wp:attachment":[{"href":"https:\/\/smilesonic.com\/de\/wp-json\/wp\/v2\/media?parent=51722"}],"wp:term":[{"taxonomy":"product_brand","embeddable":true,"href":"https:\/\/smilesonic.com\/de\/wp-json\/wp\/v2\/product_brand?post=51722"},{"taxonomy":"product_cat","embeddable":true,"href":"https:\/\/smilesonic.com\/de\/wp-json\/wp\/v2\/product_cat?post=51722"},{"taxonomy":"product_tag","embeddable":true,"href":"https:\/\/smilesonic.com\/de\/wp-json\/wp\/v2\/product_tag?post=51722"}],"curies":[{"name":"wp","href":"https:\/\/api.w.org\/{rel}","templated":true}]}}