{"id":51721,"date":"2021-11-09T14:41:54","date_gmt":"2021-11-09T13:41:54","guid":{"rendered":"https:\/\/smilesonic.com\/?post_type=product&#038;p=51721"},"modified":"2026-01-02T14:19:14","modified_gmt":"2026-01-02T13:19:14","slug":"smilesonic-premium-white-paste-intensiv-aufhellend","status":"publish","type":"product","link":"https:\/\/smilesonic.com\/de\/produkt\/smilesonic-premium-white-paste-intensiv-aufhellend\/","title":{"rendered":"Smilesonic Premium White Paste &#8211; intensiv aufhellend"},"content":{"rendered":"[vc_row type=&#8220;full_width_content&#8220; full_screen_row_position=&#8220;middle&#8220; column_margin=&#8220;default&#8220; equal_height=&#8220;yes&#8220; content_placement=&#8220;middle&#8220; column_direction=&#8220;default&#8220; column_direction_tablet=&#8220;default&#8220; column_direction_phone=&#8220;default&#8220; scene_position=&#8220;center&#8220; text_color=&#8220;dark&#8220; text_align=&#8220;left&#8220; row_border_radius=&#8220;none&#8220; row_border_radius_applies=&#8220;bg&#8220; overlay_strength=&#8220;0.3&#8243; gradient_direction=&#8220;left_to_right&#8220; shape_divider_position=&#8220;bottom&#8220; bg_image_animation=&#8220;none&#8220; shape_type=&#8220;&#8220;][vc_column column_padding=&#8220;no-extra-padding&#8220; column_padding_tablet=&#8220;inherit&#8220; column_padding_phone=&#8220;inherit&#8220; column_padding_position=&#8220;all&#8220; background_color_opacity=&#8220;1&#8243; background_hover_color_opacity=&#8220;1&#8243; column_shadow=&#8220;none&#8220; column_border_radius=&#8220;none&#8220; column_link_target=&#8220;_self&#8220; gradient_direction=&#8220;left_to_right&#8220; overlay_strength=&#8220;0.3&#8243; width=&#8220;1\/2&#8243; tablet_width_inherit=&#8220;default&#8220; tablet_text_alignment=&#8220;default&#8220; phone_text_alignment=&#8220;default&#8220; column_border_width=&#8220;none&#8220; column_border_style=&#8220;solid&#8220; bg_image_animation=&#8220;none&#8220;][image_with_animation image_url=&#8220;17827&#8243; animation=&#8220;Fade In&#8220; hover_animation=&#8220;none&#8220; alignment=&#8220;&#8220; border_radius=&#8220;none&#8220; box_shadow=&#8220;none&#8220; image_loading=&#8220;default&#8220; max_width=&#8220;100%&#8220; max_width_mobile=&#8220;default&#8220;][\/vc_column][vc_column column_padding=&#8220;padding-5-percent&#8220; column_padding_tablet=&#8220;inherit&#8220; column_padding_phone=&#8220;inherit&#8220; column_padding_position=&#8220;left-right&#8220; top_margin_tablet=&#8220;45&#8243; top_margin_phone=&#8220;30&#8243; background_color_opacity=&#8220;1&#8243; background_hover_color_opacity=&#8220;1&#8243; column_shadow=&#8220;none&#8220; column_border_radius=&#8220;none&#8220; column_link_target=&#8220;_self&#8220; gradient_direction=&#8220;left_to_right&#8220; overlay_strength=&#8220;0.3&#8243; width=&#8220;1\/2&#8243; tablet_width_inherit=&#8220;default&#8220; tablet_text_alignment=&#8220;default&#8220; phone_text_alignment=&#8220;default&#8220; column_border_width=&#8220;none&#8220; column_border_style=&#8220;solid&#8220; bg_image_animation=&#8220;none&#8220;][vc_custom_heading text=&#8220;Smilesonic Premium White&#8220; google_fonts=&#8220;font_family:Open%20Sans%3A300%2C300italic%2Cregular%2Citalic%2C600%2C600italic%2C700%2C700italic%2C800%2C800italic|font_style:700%20bold%20regular%3A700%3Anormal&#8220; css=&#8220;.vc_custom_1638274915194{padding-bottom: 15px !important;}&#8220;][vc_column_text]Die intensiv aufhellende Zahnpasta Smilesonic Premium White wurde f\u00fcr Anwender entwickelt, die besonders viel Wert auf ein wei\u00dfes, sch\u00f6nes L\u00e4cheln legen. Das Produkt ist das Ergebnis jahrelanger Arbeit anerkannter Experten aus der Dentalbranche, die eine aufhellende Zahnpasta entwickeln wollten, die den Zahnschmelz fast so effektiv aufhellt wie Bleichstreifen oder -gels und gleichzeitig wirksam vor Karies sch\u00fctzt. Dies wurde durch die Kombination von hydratisierter Kiesels\u00e4ure, Papain und Natriumfluorid erreicht. Die besondere Beschaffenheit der aufhellenden Zahnpasta Smilesonic erleichtert den Benutzern von Schallzahnb\u00fcrsten das Putzen ihrer Z\u00e4hne.[\/vc_column_text][\/vc_column][\/vc_row][vc_row type=&#8220;full_width_content&#8220; full_screen_row_position=&#8220;middle&#8220; column_margin=&#8220;default&#8220; equal_height=&#8220;yes&#8220; content_placement=&#8220;middle&#8220; column_direction=&#8220;default&#8220; column_direction_tablet=&#8220;default&#8220; column_direction_phone=&#8220;default&#8220; scene_position=&#8220;center&#8220; text_color=&#8220;dark&#8220; text_align=&#8220;left&#8220; row_border_radius=&#8220;none&#8220; row_border_radius_applies=&#8220;bg&#8220; overlay_strength=&#8220;0.3&#8243; gradient_direction=&#8220;left_to_right&#8220; shape_divider_position=&#8220;bottom&#8220; bg_image_animation=&#8220;none&#8220; shape_type=&#8220;&#8220;][vc_column column_padding=&#8220;padding-5-percent&#8220; column_padding_tablet=&#8220;inherit&#8220; column_padding_phone=&#8220;inherit&#8220; column_padding_position=&#8220;all&#8220; top_margin_tablet=&#8220;0&#8243; bottom_margin_tablet=&#8220;45&#8243; top_margin_phone=&#8220;0&#8243; bottom_margin_phone=&#8220;30&#8243; background_color_opacity=&#8220;1&#8243; background_hover_color_opacity=&#8220;1&#8243; column_shadow=&#8220;none&#8220; column_border_radius=&#8220;none&#8220; column_link_target=&#8220;_self&#8220; gradient_direction=&#8220;left_to_right&#8220; overlay_strength=&#8220;0.3&#8243; width=&#8220;1\/2&#8243; tablet_width_inherit=&#8220;default&#8220; tablet_text_alignment=&#8220;default&#8220; phone_text_alignment=&#8220;default&#8220; column_border_width=&#8220;none&#8220; column_border_style=&#8220;solid&#8220; bg_image_animation=&#8220;none&#8220;][vc_custom_heading text=&#8220;Entscheiden Sie sich f\u00fcr ein sch\u00f6nes wei\u00dfes L\u00e4cheln&#8220; google_fonts=&#8220;font_family:Open%20Sans%3A300%2C300italic%2Cregular%2Citalic%2C600%2C600italic%2C700%2C700italic%2C800%2C800italic|font_style:700%20bold%20regular%3A700%3Anormal&#8220; css=&#8220;.vc_custom_1716806019817{padding-bottom: 15px !important;}&#8220;][vc_column_text]M\u00f6chten Sie Ihre Z\u00e4hne aufhellen, aber die von den Zahnarztpraxen angebotenen Bleaching-Behandlungen erscheinen Ihnen zu teuer? Suchen Sie nach einer M\u00f6glichkeit, Ihren Zahnschmelz aufzuhellen, ohne das Haus zu verlassen? Dann ist die Zahnwei\u00dfpaste Smilesonic Premium White genau das Richtige f\u00fcr Sie! Dank der starken abrasiven Eigenschaften der hydratisierten Kiesels\u00e4ure und des Papains, das die Entfernung von Ablagerungen auf dem Zahnschmelz erleichtert, war die Aufhellung mit der Zahnpasta noch nie so effektiv. Dar\u00fcber hinaus hat die Zahnwei\u00dfpaste Smilesonic Premium White einen niedrigen Abriebkoeffizienten (RDA), der eine nicht-invasive Reinigung garantiert.[\/vc_column_text][vc_custom_heading text=&#8220;Nehmen Sie den Kampf gegen Karies auf&#8220; google_fonts=&#8220;font_family:Open%20Sans%3A300%2C300italic%2Cregular%2Citalic%2C600%2C600italic%2C700%2C700italic%2C800%2C800italic|font_style:700%20bold%20regular%3A700%3Anormal&#8220; css=&#8220;.vc_custom_1716806039647{padding-bottom: 15px !important;}&#8220;][vc_column_text]Die intensiv aufhellende Zahnpasta Smilesonic Premium White hellt nicht nur die Z\u00e4hne auf, sondern beugt auch Karies vor. Das verdankt sie ihrem Natriumfluorid-Gehalt von 1450 ppm. Diese Verbindung bildet eine Schutzbarriere auf der Oberfl\u00e4che des Zahnschmelzes gegen die Angriffe sch\u00e4dlicher Bakterien. Dank des bereits erw\u00e4hnten Papains hat das Pr\u00e4parat auch eine antiseptische und antibakterielle Wirkung.[\/vc_column_text][\/vc_column][vc_column column_padding=&#8220;no-extra-padding&#8220; column_padding_tablet=&#8220;inherit&#8220; column_padding_phone=&#8220;inherit&#8220; column_padding_position=&#8220;left-right&#8220; background_color_opacity=&#8220;1&#8243; background_hover_color_opacity=&#8220;1&#8243; column_shadow=&#8220;none&#8220; column_border_radius=&#8220;none&#8220; column_link_target=&#8220;_self&#8220; gradient_direction=&#8220;left_to_right&#8220; overlay_strength=&#8220;0.3&#8243; width=&#8220;1\/2&#8243; tablet_width_inherit=&#8220;default&#8220; tablet_text_alignment=&#8220;default&#8220; phone_text_alignment=&#8220;default&#8220; column_border_width=&#8220;none&#8220; column_border_style=&#8220;solid&#8220; bg_image_animation=&#8220;none&#8220;][image_with_animation image_url=&#8220;17831&#8243; animation=&#8220;Fade In&#8220; hover_animation=&#8220;none&#8220; alignment=&#8220;&#8220; border_radius=&#8220;none&#8220; box_shadow=&#8220;none&#8220; image_loading=&#8220;default&#8220; max_width=&#8220;100%&#8220; max_width_mobile=&#8220;default&#8220;][\/vc_column][\/vc_row][vc_row type=&#8220;full_width_content&#8220; full_screen_row_position=&#8220;middle&#8220; column_margin=&#8220;default&#8220; equal_height=&#8220;yes&#8220; content_placement=&#8220;middle&#8220; column_direction=&#8220;default&#8220; column_direction_tablet=&#8220;default&#8220; column_direction_phone=&#8220;default&#8220; scene_position=&#8220;center&#8220; text_color=&#8220;dark&#8220; text_align=&#8220;left&#8220; row_border_radius=&#8220;none&#8220; row_border_radius_applies=&#8220;bg&#8220; overlay_strength=&#8220;0.3&#8243; gradient_direction=&#8220;left_to_right&#8220; shape_divider_position=&#8220;bottom&#8220; bg_image_animation=&#8220;none&#8220; shape_type=&#8220;&#8220;][vc_column column_padding=&#8220;no-extra-padding&#8220; column_padding_tablet=&#8220;inherit&#8220; column_padding_phone=&#8220;inherit&#8220; column_padding_position=&#8220;all&#8220; background_color_opacity=&#8220;1&#8243; background_hover_color_opacity=&#8220;1&#8243; column_shadow=&#8220;none&#8220; column_border_radius=&#8220;none&#8220; column_link_target=&#8220;_self&#8220; gradient_direction=&#8220;left_to_right&#8220; overlay_strength=&#8220;0.3&#8243; width=&#8220;1\/2&#8243; tablet_width_inherit=&#8220;default&#8220; tablet_text_alignment=&#8220;default&#8220; phone_text_alignment=&#8220;default&#8220; column_border_width=&#8220;none&#8220; column_border_style=&#8220;solid&#8220; bg_image_animation=&#8220;none&#8220;][image_with_animation image_url=&#8220;17835&#8243; animation=&#8220;Fade In&#8220; hover_animation=&#8220;none&#8220; alignment=&#8220;&#8220; border_radius=&#8220;none&#8220; box_shadow=&#8220;none&#8220; image_loading=&#8220;default&#8220; max_width=&#8220;100%&#8220; max_width_mobile=&#8220;default&#8220;][\/vc_column][vc_column column_padding=&#8220;padding-5-percent&#8220; column_padding_tablet=&#8220;inherit&#8220; column_padding_phone=&#8220;inherit&#8220; column_padding_position=&#8220;left-right&#8220; top_margin_tablet=&#8220;45&#8243; top_margin_phone=&#8220;30&#8243; background_color_opacity=&#8220;1&#8243; background_hover_color_opacity=&#8220;1&#8243; column_shadow=&#8220;none&#8220; column_border_radius=&#8220;none&#8220; column_link_target=&#8220;_self&#8220; gradient_direction=&#8220;left_to_right&#8220; overlay_strength=&#8220;0.3&#8243; width=&#8220;1\/2&#8243; tablet_width_inherit=&#8220;default&#8220; tablet_text_alignment=&#8220;default&#8220; phone_text_alignment=&#8220;default&#8220; column_border_width=&#8220;none&#8220; column_border_style=&#8220;solid&#8220; bg_image_animation=&#8220;none&#8220;][vc_custom_heading text=&#8220;Frischen Atem genie\u00dfen&#8220; google_fonts=&#8220;font_family:Open%20Sans%3A300%2C300italic%2Cregular%2Citalic%2C600%2C600italic%2C700%2C700italic%2C800%2C800italic|font_style:700%20bold%20regular%3A700%3Anormal&#8220; css=&#8220;.vc_custom_1716806064055{padding-bottom: 15px !important;}&#8220;][vc_column_text]Ein wesentlicher Vorteil der zahnaufhellenden Zahnpasta Smilesonic Premium White ist auch ihre erfrischende Wirkung. Jedes Mal, wenn Sie Ihre Z\u00e4hne damit putzen, ist ein attraktiver Mundgeruch \u00fcber viele Stunden hinweg garantiert. Dies ist auf den Zusatz von Menthol zur\u00fcckzuf\u00fchren.[\/vc_column_text][vc_custom_heading text=&#8220;Mit einer Schallzahnb\u00fcrste macht das Z\u00e4hneputzen noch mehr Spa\u00df&#8220; google_fonts=&#8220;font_family:Open%20Sans%3A300%2C300italic%2Cregular%2Citalic%2C600%2C600italic%2C700%2C700italic%2C800%2C800italic|font_style:700%20bold%20regular%3A700%3Anormal&#8220; css=&#8220;.vc_custom_1716806087351{padding-bottom: 15px !important;}&#8220;][vc_column_text]Die Whitening-Zahnpasta Smilesonic Premium White hat eine spezielle, dicke Konsistenz, die verhindert, dass die Paste beim Putzen spritzt. SLS wurde in der Formulierung durch das wesentlich subtilere Cocamidopropylbetain ersetzt, das daf\u00fcr sorgt, dass das Produkt in Verbindung mit den intensiven Bewegungen einer Schallzahnb\u00fcrste nicht \u00fcberm\u00e4\u00dfig sch\u00e4umt.<\/p>\n<p>Es wird nicht empfohlen, die Zahnpasta bei Kindern unter sieben Jahren zu verwenden.<\/p>\n<p><strong>Zusammensetzung<\/strong>: Glycerin, Wasser, hydratisiertes Siliziumdioxid, Pentanatriumtripsophat, Cellulosegummi, Cocamidopropylbetain, Papain, Mentha, Arvensis Blatt\u00f6l, Natriumfluorid, Steviosid, Menthol, Natriumchlorid, Mentha Piperita \u00d6l, Tocopherylacetat, CI 77891.<br \/>\n<strong>Gehalt an Natriumfluorid<\/strong>: 1450 ppm F.<br \/>\n<strong>Fassungsverm\u00f6gen<\/strong>: 75 ml.[\/vc_column_text][\/vc_column][\/vc_row]\n","protected":false},"excerpt":{"rendered":"<p>Smilesonic Premium White ist eine aufhellende Zahnpasta, die sich an die anspruchsvollsten Benutzer richtet. In nur wenigen Tagen hellt die Zahnpasta den Zahnschmelz sp\u00fcrbar auf und hat zudem eine antimikrobielle und erfrischende Wirkung. In ihrer Zusammensetzung spielen Elemente wie hydratisierte Kiesels\u00e4ure, Papain und Natriumfluorid die wichtigste Rolle. Die Konsistenz der Zahnpasta wurde f\u00fcr die bequeme Anwendung mit Schallzahnb\u00fcrsten angepasst.<\/p>\n","protected":false},"featured_media":17735,"comment_status":"open","ping_status":"closed","template":"","meta":{"_acf_changed":false},"product_brand":[],"product_cat":[3112],"product_tag":[],"class_list":{"0":"post-51721","1":"product","2":"type-product","3":"status-publish","4":"has-post-thumbnail","6":"product_cat-schallzahnbuerstenpasten","8":"first","9":"instock","10":"shipping-taxable","11":"purchasable","12":"product-type-simple"},"acf":[],"_links":{"self":[{"href":"https:\/\/smilesonic.com\/de\/wp-json\/wp\/v2\/product\/51721","targetHints":{"allow":["GET"]}}],"collection":[{"href":"https:\/\/smilesonic.com\/de\/wp-json\/wp\/v2\/product"}],"about":[{"href":"https:\/\/smilesonic.com\/de\/wp-json\/wp\/v2\/types\/product"}],"replies":[{"embeddable":true,"href":"https:\/\/smilesonic.com\/de\/wp-json\/wp\/v2\/comments?post=51721"}],"wp:featuredmedia":[{"embeddable":true,"href":"https:\/\/smilesonic.com\/de\/wp-json\/wp\/v2\/media\/17735"}],"wp:attachment":[{"href":"https:\/\/smilesonic.com\/de\/wp-json\/wp\/v2\/media?parent=51721"}],"wp:term":[{"taxonomy":"product_brand","embeddable":true,"href":"https:\/\/smilesonic.com\/de\/wp-json\/wp\/v2\/product_brand?post=51721"},{"taxonomy":"product_cat","embeddable":true,"href":"https:\/\/smilesonic.com\/de\/wp-json\/wp\/v2\/product_cat?post=51721"},{"taxonomy":"product_tag","embeddable":true,"href":"https:\/\/smilesonic.com\/de\/wp-json\/wp\/v2\/product_tag?post=51721"}],"curies":[{"name":"wp","href":"https:\/\/api.w.org\/{rel}","templated":true}]}}